{"id":1681,"date":"2012-04-26T11:34:55","date_gmt":"2012-04-26T10:34:55","guid":{"rendered":"http:\/\/engelgibtesueberall.de\/blog\/?page_id=1681"},"modified":"2025-01-14T11:51:23","modified_gmt":"2025-01-14T10:51:23","slug":"helfende-haende","status":"publish","type":"page","link":"https:\/\/engelgibtesueberall.de\/blog\/helfende-haende\/","title":{"rendered":"M\u00f6chten Sie uns helfen?"},"content":{"rendered":"<h1>M\u00f6glichkeiten den Verein zu unterst\u00fctzen:<\/h1>\n<p><a href=\"#helfer\">ehrenamtlicher Helfer werden<\/a><br \/>\n<a href=\"#geldspenden\">Geld- und Sachspenden<\/a><\/p>\n<hr \/>\n<h2 id=\"helfer\">Braucht der Verein noch Helfer f\u00fcr den Ausbau eines Netzwerkes?<\/h2>\n<p>Nat\u00fcrlich braucht der Verein weitere fachkundige Unterst\u00fctzung durch Fachleute aus den unterschiedlichsten Bereichen, denn je dichter und professioneller das Netzwerk ist, umso effizienter und erfolgreicher wird die F\u00f6rderung der Kinder und Jugendlichen sein.<\/p>\n<p>Wenn auch Sie sich als <strong>ehrenamtlicher Helfer \/ ehrenamtliche Helferin<\/strong>\u00a0 unserer Netzwerkgrupppe anschlie\u00dfen wollen, sind Sie bei uns<\/p>\n<h3 style=\"text-align: center;\"><img decoding=\"async\" class=\"alignnone wp-image-20827\" src=\"https:\/\/engelgibtesueberall.de\/wp-content\/uploads\/2019\/11\/Herzlich-Willkommen.jpg\" alt=\"\" width=\"83\" height=\"83\" srcset=\"https:\/\/engelgibtesueberall.de\/wp-content\/uploads\/2019\/11\/Herzlich-Willkommen.jpg 2268w, https:\/\/engelgibtesueberall.de\/wp-content\/uploads\/2019\/11\/Herzlich-Willkommen-241x240.jpg 241w, https:\/\/engelgibtesueberall.de\/wp-content\/uploads\/2019\/11\/Herzlich-Willkommen-768x766.jpg 768w, https:\/\/engelgibtesueberall.de\/wp-content\/uploads\/2019\/11\/Herzlich-Willkommen-481x480.jpg 481w\" sizes=\"(max-width: 83px) 100vw, 83px\" \/>\u00a0WILLKOMMEN.<\/h3>\n<p>Unser Traum w\u00e4re es, verbunden mit einer immensen Arbeitserleichterung, wenn wir im Bedarfsfall auf gelistete Helfer -nat\u00fcrlich nach vorheriger Absprache und mit einem \u00fcberschaubaren Zeitfenster- zur\u00fcckgreifen k\u00f6nnten.<\/p>\n<p><strong>Dankbar w\u00e4ren wir\u00a0 f\u00fcr\u00a0 Hilfe bei:<\/strong><\/p>\n<ul>\n<li>Auf- und Abbauarbeiten bei den Charity Kunst-Ausstellungen<\/li>\n<li>Aufsicht in den Charity Kunst-Ausstellungen<\/li>\n<li>Beratung bei Rechtsfragen f\u00fcr betroffene Familien<\/li>\n<li>und viele weitere Arbeiten<\/li>\n<\/ul>\n<p>Wir w\u00fcrden uns freuen, wenn wir auch <strong><span style=\"color: #ff0000;\">Sie<\/span><\/strong> als &#8222;Engel&#8220; f\u00fcr unser Projekte gewinnen k\u00f6nnen.<\/p>\n<p>\u00dcber Ihre Kontaktaufnahme w\u00fcrden wir uns riesig freuen.<\/p>\n<hr \/>\n<h2 id=\"geldspenden\">Geld- und Sachspenden<\/h2>\n<p>Seit 2011 ist &#8222;Engel gibt es \u00fcberall&#8220; ein eingetragener Verein. Er ist vom Finanzamt als gemeinn\u00fctzig anerkannt und berechtigt Spendenquittungen auszustellen, die Sie steuerlich geltend machen k\u00f6nnen. Bitte unterst\u00fctzen auch Sie unseren Verein durch eine Spende.<\/p>\n<h3>Spendenkonten &#8222;Engel gibt es \u00fcberall e.V.&#8220;:<\/h3>\n<p>Volksbank an der Niers eG<\/p>\n<p>IBAN: DE27320613844504540010<\/p>\n<p>BIC: GENODED1GDL<\/p>\n<p>&nbsp;<\/p>\n<p>Sparkasse Krefeld<\/p>\n<p>IBAN: DE27320500000000082206<\/p>\n<p>BIC: SPKRDE33XXX<\/p>\n<p>&nbsp;<\/p>\n<p>Sparkasse Duisburg<\/p>\n<p>IBAN: DE85 3505 0000 0200 4527 12<\/p>\n<p>BIC: DUISDE33XXX<\/p>\n<p>&nbsp;<\/p>\n<p>Wir investieren Ihre Spende zu 100 % f\u00fcr das Wohlergehen und in die Zukunft hilfsbed\u00fcrftiger Kinder.<\/p>\n<h2><span style=\"font-size: 18px;\">Sachspenden: <\/span><\/h2>\n<p>Nach dem Motto &#8222;Jeder Cent z\u00e4hlt&#8220; gehen wir sehr behutsam mit den uns zur Verf\u00fcgung stehenden Geldern um. Aus diesem Grund haben wir uns dazu enschlossen, keinen Lageraum anzumieten, in dem wir Sachspenden bevorraten. Wenn Sie uns eine Sachspende zukommen lassen m\u00f6chten, nehmen Sie bitte Kontakt zu uns auf, damit wir dieses im Einzelfall besprechen k\u00f6nnen.<\/p>\n<p>&nbsp;<\/p>\n<p>&nbsp;<\/p>\n<p>&nbsp;<\/p>\n<p>&nbsp;<\/p>\n<p>&nbsp;<\/p>\n<p>&nbsp;<\/p>\n","protected":false},"excerpt":{"rendered":"<p>M\u00f6glichkeiten den Verein zu unterst\u00fctzen: ehrenamtlicher Helfer werden Geld- und Sachspenden Braucht der Verein noch Helfer f\u00fcr den Ausbau eines Netzwerkes? Nat\u00fcrlich braucht der Verein weitere fachkundige Unterst\u00fctzung durch Fachleute aus den unterschiedlichsten Bereichen, denn je dichter und professioneller das Netzwerk ist, umso effizienter und erfolgreicher wird die F\u00f6rderung der Kinder und Jugendlichen sein. Wenn [&hellip;]<\/p>\n","protected":false},"author":6,"featured_media":0,"parent":0,"menu_order":0,"comment_status":"closed","ping_status":"closed","template":"","meta":{"_exactmetrics_skip_tracking":false,"_exactmetrics_sitenote_active":false,"_exactmetrics_sitenote_note":"","_exactmetrics_sitenote_category":0,"footnotes":""},"class_list":["post-1681","page","type-page","status-publish","hentry"],"_links":{"self":[{"href":"https:\/\/engelgibtesueberall.de\/blog\/wp-json\/wp\/v2\/pages\/1681","targetHints":{"allow":["GET"]}}],"collection":[{"href":"https:\/\/engelgibtesueberall.de\/blog\/wp-json\/wp\/v2\/pages"}],"about":[{"href":"https:\/\/engelgibtesueberall.de\/blog\/wp-json\/wp\/v2\/types\/page"}],"author":[{"embeddable":true,"href":"https:\/\/engelgibtesueberall.de\/blog\/wp-json\/wp\/v2\/users\/6"}],"replies":[{"embeddable":true,"href":"https:\/\/engelgibtesueberall.de\/blog\/wp-json\/wp\/v2\/comments?post=1681"}],"version-history":[{"count":39,"href":"https:\/\/engelgibtesueberall.de\/blog\/wp-json\/wp\/v2\/pages\/1681\/revisions"}],"predecessor-version":[{"id":28469,"href":"https:\/\/engelgibtesueberall.de\/blog\/wp-json\/wp\/v2\/pages\/1681\/revisions\/28469"}],"wp:attachment":[{"href":"https:\/\/engelgibtesueberall.de\/blog\/wp-json\/wp\/v2\/media?parent=1681"}],"curies":[{"name":"wp","href":"https:\/\/api.w.org\/{rel}","templated":true}]}}