{"id":20865,"date":"2019-11-25T12:10:05","date_gmt":"2019-11-25T11:10:05","guid":{"rendered":"https:\/\/engelgibtesueberall.de\/blog\/?page_id=20865"},"modified":"2020-01-06T16:59:58","modified_gmt":"2020-01-06T15:59:58","slug":"mitteleinsatz-2008-bis-2019","status":"publish","type":"page","link":"https:\/\/engelgibtesueberall.de\/blog\/mitteleinsatz-2008-bis-2019\/","title":{"rendered":"Mittelbeschaffung 2008 bis 2019"},"content":{"rendered":"\r\n<p><strong>\u00a0Mittelbeschaffung 2008 bis 2019<\/strong><\/p>\r\n\r\n\r\n\r\n<p>Gr\u00fcndung Engel gibt es \u00fcberall als Privatinitiative 2008, mit Leistungsabrechnung \u00fcber Lions Hilfswerk<\/p>\r\n\r\n\r\n\r\n<p><strong>Hilfsvolumen f\u00fcr die Jahre 2008 bis 2010 =\u00a0 ca.\u00a0\u00a0\u00a0\u00a0\u00a0\u00a0\u00a0\u00a0\u00a0\u00a0\u00a0\u00a0\u00a0\u00a0\u00a0\u00a0\u00a0\u00a0\u00a0\u00a0\u00a0\u00a0\u00a0\u00a0\u00a0\u00a0\u00a0\u00a0\u00a0\u00a0\u00a0\u00a0\u00a0\u00a0\u00a0\u00a0\u00a0\u00a0\u00a0\u00a0\u00a0\u00a0\u00a0\u00a0\u00a0\u00a0\u00a0\u00a0\u00a0\u00a0\u00a0\u00a0\u00a0\u00a0\u00a0\u00a0\u00a0\u00a0\u00a0\u00a0\u00a0\u00a0\u00a0\u00a0\u00a0\u00a0\u00a0\u00a0\u00a0\u00a0\u00a0\u00a0\u00a0\u00a0\u00a0\u00a0\u00a0\u00a0\u00a0\u00a0\u00a0\u00a0\u00a0\u00a0\u00a0\u00a0 40.000,00 Euro<\/strong><\/p>\r\n\r\n\r\n\r\n<p>Umwandlung in e.V. und Anerkennung der Gemeinn\u00fctzigkeit (Wichtig f\u00fcr Spendenbescheinigungen) im Jahr 2011<\/p>\r\n\r\n\r\n\r\n<p>Seither Leistungsabrechnung selbst<\/p>\r\n\r\n\r\n\r\n<p><strong>Hilfsvolumen f\u00fcr die Jahre 2011 bis 2019 = \u00a0\u00a0\u00a0\u00a0\u00a0\u00a0\u00a0\u00a0\u00a0\u00a0\u00a0\u00a0\u00a0\u00a0\u00a0\u00a0\u00a0\u00a0\u00a0\u00a0\u00a0\u00a0\u00a0\u00a0\u00a0\u00a0\u00a0\u00a0\u00a0\u00a0\u00a0\u00a0\u00a0\u00a0\u00a0\u00a0\u00a0\u00a0\u00a0\u00a0\u00a0\u00a0\u00a0\u00a0\u00a0\u00a0\u00a0\u00a0\u00a0\u00a0\u00a0\u00a0\u00a0\u00a0\u00a0\u00a0\u00a0\u00a0\u00a0\u00a0\u00a0\u00a0\u00a0\u00a0\u00a0\u00a0\u00a0\u00a0\u00a0\u00a0\u00a0\u00a0\u00a0\u00a0\u00a0\u00a0\u00a0\u00a0\u00a0\u00a0\u00a0\u00a0\u00a0\u00a0\u00a0\u00a0\u00a0\u00a0\u00a0\u00a0\u00a0\u00a0\u00a0 185.000,00 Euro<\/strong><\/p>\r\n\r\n\r\n\r\n<p>Zuz\u00fcglich mehrmalige Spenden von Kunstobjekte\u00a0 f\u00fcr Kunstversteigerungen an die Lions Clubs:<\/p>\r\n\r\n\r\n\r\n<p>Duisburg-Mercator, Datteln, Leverkusen, \u2026.. im Gesamtwert von <strong>ca. \u00a0\u00a0\u00a0\u00a0\u00a0\u00a0\u00a0\u00a0\u00a0\u00a0\u00a0\u00a0\u00a0\u00a0\u00a0\u00a0\u00a0\u00a0\u00a0\u00a0\u00a0\u00a0\u00a0\u00a0\u00a0\u00a0\u00a0\u00a0\u00a0\u00a0\u00a0\u00a0\u00a0\u00a0\u00a0\u00a0\u00a0\u00a0\u00a0\u00a0\u00a0\u00a0\u00a0\u00a0\u00a0 \u00a0\u00a0\u00a010.000,00 Euro<\/strong><\/p>\r\n\r\n\r\n\r\n<p><strong>Wie hatten\/haben wir die ben\u00f6tigten Gelder generiert:<\/strong><\/p>\r\n\r\n\r\n\r\n<ul class=\"wp-block-list\">\r\n<li>Durch Kunstausstellungen (seit 5 Jahren) \u201eKunst hilft Kindern\u201c (finden im 2-Jahres-Rhythmus statt)<\/li>\r\n<li>Spendengelder von Privatpersonen, Firmen, Belegschaftsmitgliedern, Geldinstituten, Geburtstags- Jubil\u00e4ums- und Trauergeldern.<\/li>\r\n<li>Osterei-Tombola-Aktion 2017, 2018, 2019, 2020 <\/li>\r\n<li>Suche nach Sponsoren f\u00fcr Sachleistungen<\/li>\r\n<li>Durch Kalenderverk\u00e4ufe aus Malwettbewerben Kinder helfen Kindern (2017 aufgrund geringer Nachfrage eingestellt)<\/li>\r\n<li>Verk\u00e4ufe von handgefertigten Pantoffel aus Nepal (vom VK-Erl\u00f6s geht 50 % an die Kinder aus Nepal) (eingestellt, da keine Pantoffeln mehr lieferbar sind)<\/li>\r\n<li>Handgefertigte Marmeladen, Deko-Gegenst\u00e4nde, etc. etc. auf Sommer- und Weihnachtsm\u00e4rkten (Novemberleuchten, Rosenfestival 4 Jahre hintereinander) (aufgrund des zu hohen Aufwandes zum Ertrag eingestellt)<\/li>\r\n<li>Marmeladenverk\u00e4ufe via Postversand (als Test nur 1 Jahr durchgef\u00fchrt. Aufwand und Kosten waren zu gro\u00df) <\/li>\r\n<\/ul>\r\n\r\n<p><a href=\"https:\/\/engelgibtesueberall.de\/blog\/foerderungen-hilfen-2008-2019\/\">Was haben wir im Einzelnen umgesetzt?\u00a0(bitte anklicken)<\/a><\/p>","protected":false},"excerpt":{"rendered":"<p>\u00a0Mittelbeschaffung 2008 bis 2019 Gr\u00fcndung Engel gibt es \u00fcberall als Privatinitiative 2008, mit Leistungsabrechnung \u00fcber Lions Hilfswerk Hilfsvolumen f\u00fcr die Jahre 2008 bis 2010 =\u00a0 ca.\u00a0\u00a0\u00a0\u00a0\u00a0\u00a0\u00a0\u00a0\u00a0\u00a0\u00a0\u00a0\u00a0\u00a0\u00a0\u00a0\u00a0\u00a0\u00a0\u00a0\u00a0\u00a0\u00a0\u00a0\u00a0\u00a0\u00a0\u00a0\u00a0\u00a0\u00a0\u00a0\u00a0\u00a0\u00a0\u00a0\u00a0\u00a0\u00a0\u00a0\u00a0\u00a0\u00a0\u00a0\u00a0\u00a0\u00a0\u00a0\u00a0\u00a0\u00a0\u00a0\u00a0\u00a0\u00a0\u00a0\u00a0\u00a0\u00a0\u00a0\u00a0\u00a0\u00a0\u00a0\u00a0\u00a0\u00a0\u00a0\u00a0\u00a0\u00a0\u00a0\u00a0\u00a0\u00a0\u00a0\u00a0\u00a0\u00a0\u00a0\u00a0\u00a0\u00a0\u00a0\u00a0\u00a0 40.000,00 Euro Umwandlung in e.V. und Anerkennung der Gemeinn\u00fctzigkeit (Wichtig f\u00fcr Spendenbescheinigungen) im Jahr 2011 Seither Leistungsabrechnung selbst Hilfsvolumen f\u00fcr die Jahre 2011 bis 2019 = \u00a0\u00a0\u00a0\u00a0\u00a0\u00a0\u00a0\u00a0\u00a0\u00a0\u00a0\u00a0\u00a0\u00a0\u00a0\u00a0\u00a0\u00a0\u00a0\u00a0\u00a0\u00a0\u00a0\u00a0\u00a0\u00a0\u00a0\u00a0\u00a0\u00a0\u00a0\u00a0\u00a0\u00a0\u00a0\u00a0\u00a0\u00a0\u00a0\u00a0\u00a0\u00a0\u00a0\u00a0\u00a0\u00a0\u00a0\u00a0\u00a0\u00a0\u00a0\u00a0\u00a0\u00a0\u00a0\u00a0\u00a0\u00a0\u00a0\u00a0\u00a0\u00a0\u00a0\u00a0\u00a0\u00a0\u00a0\u00a0\u00a0\u00a0\u00a0\u00a0\u00a0\u00a0\u00a0\u00a0\u00a0\u00a0\u00a0\u00a0\u00a0\u00a0\u00a0\u00a0\u00a0\u00a0\u00a0\u00a0\u00a0\u00a0\u00a0\u00a0\u00a0 185.000,00 Euro [&hellip;]<\/p>\n","protected":false},"author":6,"featured_media":0,"parent":0,"menu_order":0,"comment_status":"closed","ping_status":"closed","template":"","meta":{"_exactmetrics_skip_tracking":false,"_exactmetrics_sitenote_active":false,"_exactmetrics_sitenote_note":"","_exactmetrics_sitenote_category":0,"footnotes":""},"class_list":["post-20865","page","type-page","status-publish","hentry"],"_links":{"self":[{"href":"https:\/\/engelgibtesueberall.de\/blog\/wp-json\/wp\/v2\/pages\/20865","targetHints":{"allow":["GET"]}}],"collection":[{"href":"https:\/\/engelgibtesueberall.de\/blog\/wp-json\/wp\/v2\/pages"}],"about":[{"href":"https:\/\/engelgibtesueberall.de\/blog\/wp-json\/wp\/v2\/types\/page"}],"author":[{"embeddable":true,"href":"https:\/\/engelgibtesueberall.de\/blog\/wp-json\/wp\/v2\/users\/6"}],"replies":[{"embeddable":true,"href":"https:\/\/engelgibtesueberall.de\/blog\/wp-json\/wp\/v2\/comments?post=20865"}],"version-history":[{"count":5,"href":"https:\/\/engelgibtesueberall.de\/blog\/wp-json\/wp\/v2\/pages\/20865\/revisions"}],"predecessor-version":[{"id":21334,"href":"https:\/\/engelgibtesueberall.de\/blog\/wp-json\/wp\/v2\/pages\/20865\/revisions\/21334"}],"wp:attachment":[{"href":"https:\/\/engelgibtesueberall.de\/blog\/wp-json\/wp\/v2\/media?parent=20865"}],"curies":[{"name":"wp","href":"https:\/\/api.w.org\/{rel}","templated":true}]}}