{"id":20867,"date":"2019-11-25T10:11:06","date_gmt":"2019-11-25T09:11:06","guid":{"rendered":"https:\/\/engelgibtesueberall.de\/blog\/?page_id=20867"},"modified":"2025-02-26T19:45:05","modified_gmt":"2025-02-26T18:45:05","slug":"foerderungen-hilfen","status":"publish","type":"page","link":"https:\/\/engelgibtesueberall.de\/blog\/foerderungen-hilfen\/","title":{"rendered":"F\u00f6rderungen\/Hilfen"},"content":{"rendered":"\t\t<div data-elementor-type=\"wp-page\" data-elementor-id=\"20867\" class=\"elementor elementor-20867\" data-elementor-post-type=\"page\">\n\t\t\t\t<div class=\"elementor-element elementor-element-15e69a7 e-flex e-con-boxed e-con e-parent\" data-id=\"15e69a7\" data-element_type=\"container\">\n\t\t\t\t\t<div class=\"e-con-inner\">\n\t\t<div class=\"elementor-element elementor-element-33715e0 e-con-full e-flex e-con e-child\" data-id=\"33715e0\" data-element_type=\"container\" data-settings=\"{&quot;background_background&quot;:&quot;classic&quot;}\">\n\t\t\t\t<div class=\"elementor-element elementor-element-9549fd6 elementor-widget elementor-widget-heading\" data-id=\"9549fd6\" data-element_type=\"widget\" data-widget_type=\"heading.default\">\n\t\t\t\t<div class=\"elementor-widget-container\">\n\t\t\t\t\t<h2 class=\"elementor-heading-title elementor-size-default\">Finanzielle Hilfen und Anschaffungen (A-Z):<\/h2>\t\t\t\t<\/div>\n\t\t\t\t<\/div>\n\t\t\t\t<\/div>\n\t\t<div class=\"elementor-element elementor-element-2e7c051 e-con-full e-flex e-con e-child\" data-id=\"2e7c051\" data-element_type=\"container\">\n\t\t\t\t<div class=\"elementor-element elementor-element-5f22c3c elementor-widget elementor-widget-text-editor\" data-id=\"5f22c3c\" data-element_type=\"widget\" data-widget_type=\"text-editor.default\">\n\t\t\t\t<div class=\"elementor-widget-container\">\n\t\t\t\t\t\t\t\t\t<p>Neben Geldspenden, Zuwendungen und bedarfsgerechten Spenden, veranstalten wir die Ausstellung &#8222;Kunst hilft Kindern&#8220;, bei der sozial engagierte K\u00fcnstlerinnen und K\u00fcnstler 50% ihres Verkaufserl\u00f6ses f\u00fcr den guten Zweck Spenden.<\/p>\n<p>Wir f\u00f6rdern\/unterst\u00fctzen grunds\u00e4tzlich nichts durch Bargeldleistungen an die Familien.<\/p>\t\t\t\t\t\t\t\t<\/div>\n\t\t\t\t<\/div>\n\t\t\t\t<\/div>\n\t\t\t\t\t<\/div>\n\t\t\t\t<\/div>\n\t\t<div class=\"elementor-element elementor-element-2420c492 e-flex e-con-boxed e-con e-parent\" data-id=\"2420c492\" data-element_type=\"container\">\n\t\t\t\t\t<div class=\"e-con-inner\">\n\t\t\t\t<div class=\"elementor-element elementor-element-26d7ba2a elementor-widget elementor-widget-text-editor\" data-id=\"26d7ba2a\" data-element_type=\"widget\" data-widget_type=\"text-editor.default\">\n\t\t\t\t<div class=\"elementor-widget-container\">\n\t\t\t\t\t\t\t\t\t\n<ul>\n<li>Babyausstattungen<\/li>\n<li>Bekleidung und Schuhe (immer wieder Jahreszeitenbedingte Antr\u00e4ge)<\/li>\n<li>B\u00fccher, CD`s, DVD`s\u00a0 f\u00fcr Schule und Freizeit<\/li>\n<li>Computer, Tablets<\/li>\n<li>Kinderb\u00fcchern f\u00fcr einen zertifizierten Buch-Kindergarten<\/li>\n<li>Klassenfahrten<\/li>\n<li>Kuschelb\u00e4ren f\u00fcr Seniorinnen und Senioren<\/li>\n<li>Fahrr\u00e4der<\/li>\n<li>Fahrscheine (Bahn, Bus)<\/li>\n<li>Ferien-Workshops (Schreibwerkstatt in Duisburg)<\/li>\n<li>F\u00f6rderunterrichte im Bereich Kunst<\/li>\n<li>F\u00f6rderunterrichte bei Musikschulen in den Bereichen: Gesang, Klavier, Saxophon, Bl\u00e4ser und Gitarrenunterricht<\/li>\n<li>F\u00f6rderunterrichte im Bereich Schule<\/li>\n<li>F\u00f6rderunterrichte im Bereich Weiterbildung<\/li>\n<li>Freizeitgestaltungen, Ferienma\u00dfnahmen,<\/li>\n<li>F\u00fchrerschein (Einzelfall)<\/li>\n<li>Hausrat wie Bettw\u00e4sche, Handt\u00fccher, Geschirr, T\u00f6pfe etc.<\/li>\n<li>Hygiene und K\u00f6rperartikel<\/li>\n<li>Jugendgruppenarbeit im Bereich Anti-Stress-Training<\/li>\n<li>Lebensmittel<\/li>\n<li>Lehr-\/Schul- und Fr\u00fcherziehungsmaterialien<\/li>\n<li>M\u00f6bel wie Schreibtische, Betent, Jugendzimmer, Kleiderschr\u00e4nke etc.<\/li>\n<li>Musikinstrumente<\/li>\n<li>Nachhilfen in den Schulf\u00e4chern Deutsch, Franz\u00f6sisch, Mathematik<\/li>\n<li>Schul-Erstbedarfe\u00a0 (komplett)<\/li>\n<li>Sportbekleidungen und Sportartikel<\/li>\n<li>Spielsachen\/Kuscheltiere<\/li>\n<li>Therapeutische Spielmaterialien<\/li>\n<li>Talentf\u00f6rderungen \u00a0 im Bereich Sport<\/li>\n<li>Urlaub (Einzelfall)<\/li>\n<li>Verdienstausf\u00e4lle (vor\u00fcbergehende Unterst\u00fctzung der Familie bei sehr kranken Kindern)<\/li>\n<li>Vereinsbeitr\u00e4ge<\/li>\n<li>Voltigier-Pferd f\u00fcr 30 Kinder (f\u00fcr gesundheits- und leistungsorientiertes Training) (Einzelfall)<\/li>\n<li>Weihnachtsgeschenke (2.500 St\u00fcck) (pers\u00f6nliche W\u00fcnsche, die realisiert wurden im Wert von je 20 -30\u20ac)<\/li>\n<li>Zahnersatz\/Zahnspangen (Differenzbetr\u00e4ge zu Krankenkassenbeteiligungen)<\/li>\n<\/ul>\n\n<p>Ausnahme: finanzielle Unterst\u00fctzungen von 2 Kinderheimen im Einzelabrechnungsverfahren<\/p>\n\n<h2><strong>unz\u00e4hlige Sachleistungen (teils aus Spenden)<\/strong><strong>: (A-Z)<\/strong><\/h2>\n\n<ul>\n<li>Babybekleidung<\/li>\n<li>B\u00fccher<\/li>\n<li>Computer, Bildschirme, Tastatur<\/li>\n<li>Fahrr\u00e4der<\/li>\n<li>Hausrat und M\u00f6bel<\/li>\n<li>Hygiene- und K\u00f6rperartikel<\/li>\n<li>Kleidung und Schuhe<\/li>\n<li>Lebensmittel<\/li>\n<li>Spiele, Spielsachen<\/li>\n<\/ul>\n<h2>\u00a0<\/h2>\n\t\t\t\t\t\t\t\t<\/div>\n\t\t\t\t<\/div>\n\t\t\t\t\t<\/div>\n\t\t\t\t<\/div>\n\t\t\t\t<\/div>\n\t\t","protected":false},"excerpt":{"rendered":"<p>Finanzielle Hilfen und Anschaffungen (A-Z): Neben Geldspenden, Zuwendungen und bedarfsgerechten Spenden, veranstalten wir die Ausstellung &#8222;Kunst hilft Kindern&#8220;, bei der sozial engagierte K\u00fcnstlerinnen und K\u00fcnstler 50% ihres Verkaufserl\u00f6ses f\u00fcr den guten Zweck Spenden. Wir f\u00f6rdern\/unterst\u00fctzen grunds\u00e4tzlich nichts durch Bargeldleistungen an die Familien. Babyausstattungen Bekleidung und Schuhe (immer wieder Jahreszeitenbedingte Antr\u00e4ge) B\u00fccher, CD`s, DVD`s\u00a0 f\u00fcr Schule [&hellip;]<\/p>\n","protected":false},"author":6,"featured_media":0,"parent":0,"menu_order":0,"comment_status":"closed","ping_status":"closed","template":"","meta":{"_exactmetrics_skip_tracking":false,"_exactmetrics_sitenote_active":false,"_exactmetrics_sitenote_note":"","_exactmetrics_sitenote_category":0,"footnotes":""},"class_list":["post-20867","page","type-page","status-publish","hentry"],"_links":{"self":[{"href":"https:\/\/engelgibtesueberall.de\/blog\/wp-json\/wp\/v2\/pages\/20867","targetHints":{"allow":["GET"]}}],"collection":[{"href":"https:\/\/engelgibtesueberall.de\/blog\/wp-json\/wp\/v2\/pages"}],"about":[{"href":"https:\/\/engelgibtesueberall.de\/blog\/wp-json\/wp\/v2\/types\/page"}],"author":[{"embeddable":true,"href":"https:\/\/engelgibtesueberall.de\/blog\/wp-json\/wp\/v2\/users\/6"}],"replies":[{"embeddable":true,"href":"https:\/\/engelgibtesueberall.de\/blog\/wp-json\/wp\/v2\/comments?post=20867"}],"version-history":[{"count":12,"href":"https:\/\/engelgibtesueberall.de\/blog\/wp-json\/wp\/v2\/pages\/20867\/revisions"}],"predecessor-version":[{"id":28734,"href":"https:\/\/engelgibtesueberall.de\/blog\/wp-json\/wp\/v2\/pages\/20867\/revisions\/28734"}],"wp:attachment":[{"href":"https:\/\/engelgibtesueberall.de\/blog\/wp-json\/wp\/v2\/media?parent=20867"}],"curies":[{"name":"wp","href":"https:\/\/api.w.org\/{rel}","templated":true}]}}