{"id":20869,"date":"2019-11-25T12:10:59","date_gmt":"2019-11-25T11:10:59","guid":{"rendered":"https:\/\/engelgibtesueberall.de\/blog\/?page_id=20869"},"modified":"2025-02-14T14:32:32","modified_gmt":"2025-02-14T13:32:32","slug":"unsere-arbeit-auch-hinter-den-kulissen","status":"publish","type":"page","link":"https:\/\/engelgibtesueberall.de\/blog\/unsere-arbeit-auch-hinter-den-kulissen\/","title":{"rendered":"Unsere Arbeit (auch hinter den Kulissen)"},"content":{"rendered":"\t\t<div data-elementor-type=\"wp-page\" data-elementor-id=\"20869\" class=\"elementor elementor-20869\" data-elementor-post-type=\"page\">\n\t\t\t\t<div class=\"elementor-element elementor-element-54fa86f e-flex e-con-boxed e-con e-parent\" data-id=\"54fa86f\" data-element_type=\"container\">\n\t\t\t\t\t<div class=\"e-con-inner\">\n\t\t<div class=\"elementor-element elementor-element-c366f25 e-con-full e-flex e-con e-child\" data-id=\"c366f25\" data-element_type=\"container\" data-settings=\"{&quot;background_background&quot;:&quot;classic&quot;}\">\n\t\t\t\t<div class=\"elementor-element elementor-element-97b8ce0 elementor-widget elementor-widget-heading\" data-id=\"97b8ce0\" data-element_type=\"widget\" data-widget_type=\"heading.default\">\n\t\t\t\t<div class=\"elementor-widget-container\">\n\t\t\t\t\t<h2 class=\"elementor-heading-title elementor-size-default\">Was leisten wir?<\/h2>\t\t\t\t<\/div>\n\t\t\t\t<\/div>\n\t\t\t\t<\/div>\n\t\t\t\t\t<\/div>\n\t\t\t\t<\/div>\n\t\t<div class=\"elementor-element elementor-element-2999152 e-flex e-con-boxed e-con e-parent\" data-id=\"2999152\" data-element_type=\"container\">\n\t\t\t\t\t<div class=\"e-con-inner\">\n\t\t\t\t<div class=\"elementor-element elementor-element-10482dc4 elementor-widget elementor-widget-text-editor\" data-id=\"10482dc4\" data-element_type=\"widget\" data-widget_type=\"text-editor.default\">\n\t\t\t\t<div class=\"elementor-widget-container\">\n\t\t\t\t\t\t\t\t\t\n<h2>\u00a0<\/h2>\n\n<ul>\n<li><strong>Unz\u00e4hlige Telefonate, Sorgentelefongespr\u00e4che, Hausbesuche<\/strong><\/li>\n<\/ul>\n\n<ul>\n<li><strong>Aufbau, Pflege und Zusammenarbeit mit <\/strong>\n<ul>\n<li>Jugend\u00e4mtern verschiedenster St\u00e4dte in unserem Einzugsbereich<\/li>\n<li>B\u00fcrgermeistern verschiedenster St\u00e4dte in unserem Einzugsbereich<\/li>\n<li>Alten- und Pflegeheimen<\/li>\n<li>Behinderteneinrichtungen<\/li>\n<li>Kindertagesgruppen<\/li>\n<li>Kinder-\/Jugendheimen<\/li>\n<li>Kitas<\/li>\n<li>3 Jahre Betreuung Kindermorgen in Duisburg<span style=\"color: #0000ff;\"> (eingestellt)<\/span><\/li>\n<li>Musikschulen in Moers, Kamp-Lintfort, Geldern, Duisburg, M\u00fclheim a.d.Ruhr<\/li>\n<li>Nachhilfeeinrichtungen in Moers, Kamp-Lintfort, Geldern, Duisburg<\/li>\n<li>Privaten Informanten<\/li>\n<li>Schulen<\/li>\n<li>Kirchenvertretern<\/li>\n<li>Serviceorganisationen wie Lions-Clubs, Rotarier, Zontas<\/li>\n<li>Handwerksbetrieben f\u00fcr Praktika- und Lehrstellen<\/li>\n<li>K\u00fcnstlern f\u00fcr die Teilnahme an den Kunstausstellungen (Kunst hilft Kindern)<\/li>\n<\/ul>\n<\/li>\n<\/ul>\n<p>\u00a0<\/p>\n\n<ul class=\"wp-block-list\">\n<li><strong>Seniorinnen und Senioren:<br \/><\/strong>Seit 2023 \u00fcbergeben wir Kuschelb\u00e4ren als treue Begleiter gegen Einsamkeit an alleinstehende Menschen in Alters- und Seniorenheimen.<\/li>\n<\/ul>\n\n<ul>\n<li><strong>Kindermalwettbewerbe: <\/strong>\n<ul>\n<li>Organisation und Durchf\u00fchrung von Kinder-Malwettbewerben aus jeweils 6 Kitas <span style=\"color: #0000ff;\">(nach 7 Jahren eingestellt)<\/span><br \/>\n<ul>\n<li>inkl. K\u00fcnstlerausstattung mit allen Materialien\/Kita\u00a0<\/li>\n<\/ul>\n<\/li>\n<li>Organisation von Ausstellungen und Pr\u00e4mierung der Sieger aus den Malwettbewerben <span style=\"color: #0000ff;\">(nach 7 Jahren eingestellt)<\/span><\/li>\n<\/ul>\n<\/li>\n<\/ul>\n\n<ul>\n<li><strong>Weihnachtsaktionen:<\/strong>\n<ul>\n<li>Von 2008 bis 2017 ca. 2.500 individuelle Weihnachtsgeschenke eingekauft, verpackt und an die Eltern ausgeliefert.<span style=\"color: #0000ff;\"> (nach 10 Jahren eingestellt)<\/span><\/li>\n<\/ul>\n<\/li>\n<\/ul>\n\n<ul>\n<li><strong>Osteraktionen:<\/strong>\n<ul>\n<li>Seit 2017 Einf\u00fchrung, Organisation und Durchf\u00fchrung von Tombola-Osterei-Aktionen <span style=\"color: #0000ff;\">(nach 4 Jahren eingestellt und \u00dcbergabe an Lions Club Moers)<\/span><\/li>\n<\/ul>\n<\/li>\n<\/ul>\n\n<ul class=\"wp-block-list\">\n<li style=\"list-style-type: none;\">\u00a0<\/li>\n<\/ul>\n\n<ul>\n<li><strong>Vermittlung von Ausbildungspl\u00e4tzen<\/strong><\/li>\n<li><strong>Vermittlung von Praktikantenpl\u00e4tzen<\/strong><\/li>\n<li><strong>Hilfe bei der Wohnungssuche<\/strong><\/li>\n<li><strong>Hilfe bei der Stellensuche zur Wiedereingliederung<\/strong><\/li>\n<li><strong>Anwaltliche Hilfe bei Rechts- und Familienfragen<\/strong><\/li>\n<li><strong>St\u00e4ndiger Auf- und Ausbau und nachhaltige Pflege der Personen eines Netzwerks<\/strong><\/li>\n<li><strong>St\u00e4ndiger Auf- und Ausbau und nachhaltige Pflege zu Presse-, Radio-, TV-Vertretern\u00a0 f\u00fcr die\u00a0 \u00d6ffentlichkeitsarbeit<\/strong><\/li>\n<li><strong>Gastredner bei Unternehmerverb\u00e4nden, Vereinen etc. zur Vorstellung des Vereins und unserer Arbeit<\/strong><\/li>\n<\/ul>\n\t\t\t\t\t\t\t\t<\/div>\n\t\t\t\t<\/div>\n\t\t\t\t\t<\/div>\n\t\t\t\t<\/div>\n\t\t\t\t<\/div>\n\t\t","protected":false},"excerpt":{"rendered":"<p>Was leisten wir? \u00a0 Unz\u00e4hlige Telefonate, Sorgentelefongespr\u00e4che, Hausbesuche Aufbau, Pflege und Zusammenarbeit mit Jugend\u00e4mtern verschiedenster St\u00e4dte in unserem Einzugsbereich B\u00fcrgermeistern verschiedenster St\u00e4dte in unserem Einzugsbereich Alten- und Pflegeheimen Behinderteneinrichtungen Kindertagesgruppen Kinder-\/Jugendheimen Kitas 3 Jahre Betreuung Kindermorgen in Duisburg (eingestellt) Musikschulen in Moers, Kamp-Lintfort, Geldern, Duisburg, M\u00fclheim a.d.Ruhr Nachhilfeeinrichtungen in Moers, Kamp-Lintfort, Geldern, Duisburg Privaten Informanten [&hellip;]<\/p>\n","protected":false},"author":6,"featured_media":0,"parent":0,"menu_order":0,"comment_status":"closed","ping_status":"closed","template":"","meta":{"_exactmetrics_skip_tracking":false,"_exactmetrics_sitenote_active":false,"_exactmetrics_sitenote_note":"","_exactmetrics_sitenote_category":0,"footnotes":""},"class_list":["post-20869","page","type-page","status-publish","hentry"],"_links":{"self":[{"href":"https:\/\/engelgibtesueberall.de\/blog\/wp-json\/wp\/v2\/pages\/20869","targetHints":{"allow":["GET"]}}],"collection":[{"href":"https:\/\/engelgibtesueberall.de\/blog\/wp-json\/wp\/v2\/pages"}],"about":[{"href":"https:\/\/engelgibtesueberall.de\/blog\/wp-json\/wp\/v2\/types\/page"}],"author":[{"embeddable":true,"href":"https:\/\/engelgibtesueberall.de\/blog\/wp-json\/wp\/v2\/users\/6"}],"replies":[{"embeddable":true,"href":"https:\/\/engelgibtesueberall.de\/blog\/wp-json\/wp\/v2\/comments?post=20869"}],"version-history":[{"count":9,"href":"https:\/\/engelgibtesueberall.de\/blog\/wp-json\/wp\/v2\/pages\/20869\/revisions"}],"predecessor-version":[{"id":28723,"href":"https:\/\/engelgibtesueberall.de\/blog\/wp-json\/wp\/v2\/pages\/20869\/revisions\/28723"}],"wp:attachment":[{"href":"https:\/\/engelgibtesueberall.de\/blog\/wp-json\/wp\/v2\/media?parent=20869"}],"curies":[{"name":"wp","href":"https:\/\/api.w.org\/{rel}","templated":true}]}}