{"id":20873,"date":"2019-11-25T12:30:02","date_gmt":"2019-11-25T11:30:02","guid":{"rendered":"https:\/\/engelgibtesueberall.de\/blog\/?page_id=20873"},"modified":"2025-03-06T18:39:15","modified_gmt":"2025-03-06T17:39:15","slug":"neues","status":"publish","type":"page","link":"https:\/\/engelgibtesueberall.de\/blog\/neues\/","title":{"rendered":"Neues"},"content":{"rendered":"\t\t<div data-elementor-type=\"wp-page\" data-elementor-id=\"20873\" class=\"elementor elementor-20873\" data-elementor-post-type=\"page\">\n\t\t\t\t<div class=\"elementor-element elementor-element-a00d320 e-flex e-con-boxed e-con e-parent\" data-id=\"a00d320\" data-element_type=\"container\">\n\t\t\t\t\t<div class=\"e-con-inner\">\n\t\t\t\t\t<\/div>\n\t\t\t\t<\/div>\n\t\t<div class=\"elementor-element elementor-element-a0bfd09 e-flex e-con-boxed e-con e-parent\" data-id=\"a0bfd09\" data-element_type=\"container\">\n\t\t\t\t\t<div class=\"e-con-inner\">\n\t\t\t\t<div class=\"elementor-element elementor-element-7e99ccc elementor-grid-4 elementor-grid-tablet-2 elementor-grid-mobile-1 elementor-posts--thumbnail-top elementor-card-shadow-yes elementor-posts__hover-gradient elementor-widget elementor-widget-posts\" data-id=\"7e99ccc\" data-element_type=\"widget\" data-settings=\"{&quot;pagination_type&quot;:&quot;prev_next&quot;,&quot;cards_columns&quot;:&quot;4&quot;,&quot;cards_columns_tablet&quot;:&quot;2&quot;,&quot;cards_columns_mobile&quot;:&quot;1&quot;,&quot;cards_row_gap&quot;:{&quot;unit&quot;:&quot;px&quot;,&quot;size&quot;:35,&quot;sizes&quot;:[]},&quot;cards_row_gap_tablet&quot;:{&quot;unit&quot;:&quot;px&quot;,&quot;size&quot;:&quot;&quot;,&quot;sizes&quot;:[]},&quot;cards_row_gap_mobile&quot;:{&quot;unit&quot;:&quot;px&quot;,&quot;size&quot;:&quot;&quot;,&quot;sizes&quot;:[]}}\" data-widget_type=\"posts.cards\">\n\t\t\t\t<div class=\"elementor-widget-container\">\n\t\t\t\t\t\t\t<div class=\"elementor-posts-container elementor-posts elementor-posts--skin-cards elementor-grid\">\n\t\t\t\t<article class=\"elementor-post elementor-grid-item post-29200 post type-post status-publish format-standard has-post-thumbnail hentry category-neues category-spenden\">\n\t\t\t<div class=\"elementor-post__card\">\n\t\t\t\t<a class=\"elementor-post__thumbnail__link\" href=\"https:\/\/engelgibtesueberall.de\/blog\/spende-der-altweiberfastnacht-feier\/\" tabindex=\"-1\" target=\"_blank\"><div class=\"elementor-post__thumbnail\"><img fetchpriority=\"high\" decoding=\"async\" width=\"240\" height=\"240\" src=\"https:\/\/engelgibtesueberall.de\/wp-content\/uploads\/2026\/04\/IMG-20260330-WA0001-240x240.jpg\" class=\"attachment-medium size-medium wp-image-29201\" alt=\"\" srcset=\"https:\/\/engelgibtesueberall.de\/wp-content\/uploads\/2026\/04\/IMG-20260330-WA0001-240x240.jpg 240w, https:\/\/engelgibtesueberall.de\/wp-content\/uploads\/2026\/04\/IMG-20260330-WA0001-480x480.jpg 480w, https:\/\/engelgibtesueberall.de\/wp-content\/uploads\/2026\/04\/IMG-20260330-WA0001-768x768.jpg 768w, https:\/\/engelgibtesueberall.de\/wp-content\/uploads\/2026\/04\/IMG-20260330-WA0001-1536x1536.jpg 1536w, https:\/\/engelgibtesueberall.de\/wp-content\/uploads\/2026\/04\/IMG-20260330-WA0001-2048x2048.jpg 2048w\" sizes=\"(max-width: 240px) 100vw, 240px\" \/><\/div><\/a>\n\t\t\t\t<div class=\"elementor-post__badge\">Neues<\/div>\n\t\t\t\t<div class=\"elementor-post__text\">\n\t\t\t\t<h4 class=\"elementor-post__title\">\n\t\t\t<a href=\"https:\/\/engelgibtesueberall.de\/blog\/spende-der-altweiberfastnacht-feier\/\" target=&quot;_blank&quot;>\n\t\t\t\tSpende der &#8222;Altweiberfastnacht-Feier&#8220;\t\t\t<\/a>\n\t\t<\/h4>\n\t\t\t\t<div class=\"elementor-post__excerpt\">\n\t\t\t<p>Vielen Dank f\u00fcr eure Unterst\u00fctzung! Heute d\u00fcrfen wir uns \u00fcber eine gro\u00dfz\u00fcgige Spende in H\u00f6he von 250 \u20ac freuen, die unserem Verein \u201eEngel gibt es<\/p>\n\t\t<\/div>\n\t\t\t\t\t<div class=\"elementor-post__read-more-wrapper\">\n\t\t\n\t\t<a class=\"elementor-post__read-more\" href=\"https:\/\/engelgibtesueberall.de\/blog\/spende-der-altweiberfastnacht-feier\/\" aria-label=\"Mehr \u00fcber Spende der &#8222;Altweiberfastnacht-Feier&#8220;\" tabindex=\"-1\" target=\"_blank\">\n\t\t\tWeiterlesen \u00bb\t\t<\/a>\n\n\t\t\t\t\t<\/div>\n\t\t\t\t<\/div>\n\t\t\t\t<div class=\"elementor-post__meta-data\">\n\t\t\t\t\t<span class=\"elementor-post-date\">\n\t\t\t8. April 2026\t\t<\/span>\n\t\t\t\t<\/div>\n\t\t\t\t\t<\/div>\n\t\t<\/article>\n\t\t\t\t<article class=\"elementor-post elementor-grid-item post-29196 post type-post status-publish format-standard has-post-thumbnail hentry category-allgemein category-neues\">\n\t\t\t<div class=\"elementor-post__card\">\n\t\t\t\t<a class=\"elementor-post__thumbnail__link\" href=\"https:\/\/engelgibtesueberall.de\/blog\/ostergruesse-vom-verein-engel-gibt-es-ueberall\/\" tabindex=\"-1\" target=\"_blank\"><div class=\"elementor-post__thumbnail\"><img decoding=\"async\" width=\"320\" height=\"200\" src=\"https:\/\/engelgibtesueberall.de\/wp-content\/uploads\/2026\/04\/hudsoncrafted-eggs-4916430_1920-320x200.jpg\" class=\"attachment-medium size-medium wp-image-29197\" alt=\"\" srcset=\"https:\/\/engelgibtesueberall.de\/wp-content\/uploads\/2026\/04\/hudsoncrafted-eggs-4916430_1920-320x200.jpg 320w, https:\/\/engelgibtesueberall.de\/wp-content\/uploads\/2026\/04\/hudsoncrafted-eggs-4916430_1920-640x400.jpg 640w, https:\/\/engelgibtesueberall.de\/wp-content\/uploads\/2026\/04\/hudsoncrafted-eggs-4916430_1920-768x480.jpg 768w, https:\/\/engelgibtesueberall.de\/wp-content\/uploads\/2026\/04\/hudsoncrafted-eggs-4916430_1920-1536x960.jpg 1536w, https:\/\/engelgibtesueberall.de\/wp-content\/uploads\/2026\/04\/hudsoncrafted-eggs-4916430_1920.jpg 1920w\" sizes=\"(max-width: 320px) 100vw, 320px\" \/><\/div><\/a>\n\t\t\t\t<div class=\"elementor-post__badge\">Allgemein<\/div>\n\t\t\t\t<div class=\"elementor-post__text\">\n\t\t\t\t<h4 class=\"elementor-post__title\">\n\t\t\t<a href=\"https:\/\/engelgibtesueberall.de\/blog\/ostergruesse-vom-verein-engel-gibt-es-ueberall\/\" target=&quot;_blank&quot;>\n\t\t\t\tOstergr\u00fc\u00dfe vom Verein \u201eEngel gibt es \u00fcberall\u201c\t\t\t<\/a>\n\t\t<\/h4>\n\t\t\t\t<div class=\"elementor-post__excerpt\">\n\t\t\t<p>Frohe Ostern an alle Freunde, Familien und Unterst\u00fctzer! Wir w\u00fcnschen euch sch\u00f6ne Feiertage, etwas Ruhe und viele gute Momente mit euren Liebsten. Danke, dass ihr<\/p>\n\t\t<\/div>\n\t\t\t\t\t<div class=\"elementor-post__read-more-wrapper\">\n\t\t\n\t\t<a class=\"elementor-post__read-more\" href=\"https:\/\/engelgibtesueberall.de\/blog\/ostergruesse-vom-verein-engel-gibt-es-ueberall\/\" aria-label=\"Mehr \u00fcber Ostergr\u00fc\u00dfe vom Verein \u201eEngel gibt es \u00fcberall\u201c\" tabindex=\"-1\" target=\"_blank\">\n\t\t\tWeiterlesen \u00bb\t\t<\/a>\n\n\t\t\t\t\t<\/div>\n\t\t\t\t<\/div>\n\t\t\t\t<div class=\"elementor-post__meta-data\">\n\t\t\t\t\t<span class=\"elementor-post-date\">\n\t\t\t4. April 2026\t\t<\/span>\n\t\t\t\t<\/div>\n\t\t\t\t\t<\/div>\n\t\t<\/article>\n\t\t\t\t<article class=\"elementor-post elementor-grid-item post-29193 post type-post status-publish format-standard has-post-thumbnail hentry category-neues category-spenden\">\n\t\t\t<div class=\"elementor-post__card\">\n\t\t\t\t<a class=\"elementor-post__thumbnail__link\" href=\"https:\/\/engelgibtesueberall.de\/blog\/spendenuebergabe-der-sparkasse\/\" tabindex=\"-1\" target=\"_blank\"><div class=\"elementor-post__thumbnail\"><img decoding=\"async\" width=\"240\" height=\"240\" src=\"https:\/\/engelgibtesueberall.de\/wp-content\/uploads\/2026\/03\/IMG-20260327-WA0008-240x240.jpg\" class=\"attachment-medium size-medium wp-image-29194\" alt=\"\" srcset=\"https:\/\/engelgibtesueberall.de\/wp-content\/uploads\/2026\/03\/IMG-20260327-WA0008-240x240.jpg 240w, https:\/\/engelgibtesueberall.de\/wp-content\/uploads\/2026\/03\/IMG-20260327-WA0008-480x480.jpg 480w, https:\/\/engelgibtesueberall.de\/wp-content\/uploads\/2026\/03\/IMG-20260327-WA0008-768x768.jpg 768w, https:\/\/engelgibtesueberall.de\/wp-content\/uploads\/2026\/03\/IMG-20260327-WA0008.jpg 1395w\" sizes=\"(max-width: 240px) 100vw, 240px\" \/><\/div><\/a>\n\t\t\t\t<div class=\"elementor-post__badge\">Neues<\/div>\n\t\t\t\t<div class=\"elementor-post__text\">\n\t\t\t\t<h4 class=\"elementor-post__title\">\n\t\t\t<a href=\"https:\/\/engelgibtesueberall.de\/blog\/spendenuebergabe-der-sparkasse\/\" target=&quot;_blank&quot;>\n\t\t\t\tSpenden\u00fcbergabe der Sparkasse\t\t\t<\/a>\n\t\t<\/h4>\n\t\t\t\t<div class=\"elementor-post__excerpt\">\n\t\t\t<p>Am 25.03. fand im Adler Saal in Nieukerk eine besondere Spenden\u00fcbergabe statt. In feierlichem Rahmen wurden zahlreiche gemeinn\u00fctzige Vereine aus dem Einzugsgebiet der Sparkasse Krefeld<\/p>\n\t\t<\/div>\n\t\t\t\t\t<div class=\"elementor-post__read-more-wrapper\">\n\t\t\n\t\t<a class=\"elementor-post__read-more\" href=\"https:\/\/engelgibtesueberall.de\/blog\/spendenuebergabe-der-sparkasse\/\" aria-label=\"Mehr \u00fcber Spenden\u00fcbergabe der Sparkasse\" tabindex=\"-1\" target=\"_blank\">\n\t\t\tWeiterlesen \u00bb\t\t<\/a>\n\n\t\t\t\t\t<\/div>\n\t\t\t\t<\/div>\n\t\t\t\t<div class=\"elementor-post__meta-data\">\n\t\t\t\t\t<span class=\"elementor-post-date\">\n\t\t\t31. M\u00e4rz 2026\t\t<\/span>\n\t\t\t\t<\/div>\n\t\t\t\t\t<\/div>\n\t\t<\/article>\n\t\t\t\t<article class=\"elementor-post elementor-grid-item post-29189 post type-post status-publish format-standard has-post-thumbnail hentry category-kinder-und-familienhilfe category-neues\">\n\t\t\t<div class=\"elementor-post__card\">\n\t\t\t\t<a class=\"elementor-post__thumbnail__link\" href=\"https:\/\/engelgibtesueberall.de\/blog\/29189-2\/\" tabindex=\"-1\" target=\"_blank\"><div class=\"elementor-post__thumbnail\"><img loading=\"lazy\" decoding=\"async\" width=\"160\" height=\"240\" src=\"https:\/\/engelgibtesueberall.de\/wp-content\/uploads\/2026\/03\/kaboompics-old-791938_1920-160x240.jpg\" class=\"attachment-medium size-medium wp-image-29190\" alt=\"\" srcset=\"https:\/\/engelgibtesueberall.de\/wp-content\/uploads\/2026\/03\/kaboompics-old-791938_1920-160x240.jpg 160w, https:\/\/engelgibtesueberall.de\/wp-content\/uploads\/2026\/03\/kaboompics-old-791938_1920-321x480.jpg 321w, https:\/\/engelgibtesueberall.de\/wp-content\/uploads\/2026\/03\/kaboompics-old-791938_1920-768x1150.jpg 768w, https:\/\/engelgibtesueberall.de\/wp-content\/uploads\/2026\/03\/kaboompics-old-791938_1920-1026x1536.jpg 1026w, https:\/\/engelgibtesueberall.de\/wp-content\/uploads\/2026\/03\/kaboompics-old-791938_1920.jpg 1282w\" sizes=\"(max-width: 160px) 100vw, 160px\" \/><\/div><\/a>\n\t\t\t\t<div class=\"elementor-post__badge\">Kinder- und Familienhilfe<\/div>\n\t\t\t\t<div class=\"elementor-post__text\">\n\t\t\t\t<h4 class=\"elementor-post__title\">\n\t\t\t<a href=\"https:\/\/engelgibtesueberall.de\/blog\/29189-2\/\" target=&quot;_blank&quot;>\n\t\t\t\t\t\t\t<\/a>\n\t\t<\/h4>\n\t\t\t\t<div class=\"elementor-post__excerpt\">\n\t\t\t<p>Uns hat eine Anfrage erreicht: F\u00fcr ein Jugendzimmer wurde dringend ein Schubladenschrank ben\u00f6tigt. Gerade f\u00fcr Kinder und Jugendliche kann ein aufger\u00e4umter Raum viel bewirken \u2013<\/p>\n\t\t<\/div>\n\t\t\t\t\t<div class=\"elementor-post__read-more-wrapper\">\n\t\t\n\t\t<a class=\"elementor-post__read-more\" href=\"https:\/\/engelgibtesueberall.de\/blog\/29189-2\/\" aria-label=\"Mehr \u00fcber \" tabindex=\"-1\" target=\"_blank\">\n\t\t\tWeiterlesen \u00bb\t\t<\/a>\n\n\t\t\t\t\t<\/div>\n\t\t\t\t<\/div>\n\t\t\t\t<div class=\"elementor-post__meta-data\">\n\t\t\t\t\t<span class=\"elementor-post-date\">\n\t\t\t8. M\u00e4rz 2026\t\t<\/span>\n\t\t\t\t<\/div>\n\t\t\t\t\t<\/div>\n\t\t<\/article>\n\t\t\t\t<article class=\"elementor-post elementor-grid-item post-29185 post type-post status-publish format-standard has-post-thumbnail hentry category-kinder-und-familienhilfe category-neues\">\n\t\t\t<div class=\"elementor-post__card\">\n\t\t\t\t<a class=\"elementor-post__thumbnail__link\" href=\"https:\/\/engelgibtesueberall.de\/blog\/kreativitaet-foerdern-von-anfang-an\/\" tabindex=\"-1\" target=\"_blank\"><div class=\"elementor-post__thumbnail\"><img loading=\"lazy\" decoding=\"async\" width=\"320\" height=\"160\" src=\"https:\/\/engelgibtesueberall.de\/wp-content\/uploads\/2026\/03\/roszie-day-care-center-7355024_1920-320x160.jpg\" class=\"attachment-medium size-medium wp-image-29186\" alt=\"\" srcset=\"https:\/\/engelgibtesueberall.de\/wp-content\/uploads\/2026\/03\/roszie-day-care-center-7355024_1920-320x160.jpg 320w, https:\/\/engelgibtesueberall.de\/wp-content\/uploads\/2026\/03\/roszie-day-care-center-7355024_1920-640x320.jpg 640w, https:\/\/engelgibtesueberall.de\/wp-content\/uploads\/2026\/03\/roszie-day-care-center-7355024_1920-768x384.jpg 768w, https:\/\/engelgibtesueberall.de\/wp-content\/uploads\/2026\/03\/roszie-day-care-center-7355024_1920-1536x768.jpg 1536w, https:\/\/engelgibtesueberall.de\/wp-content\/uploads\/2026\/03\/roszie-day-care-center-7355024_1920.jpg 1920w\" sizes=\"(max-width: 320px) 100vw, 320px\" \/><\/div><\/a>\n\t\t\t\t<div class=\"elementor-post__badge\">Kinder- und Familienhilfe<\/div>\n\t\t\t\t<div class=\"elementor-post__text\">\n\t\t\t\t<h4 class=\"elementor-post__title\">\n\t\t\t<a href=\"https:\/\/engelgibtesueberall.de\/blog\/kreativitaet-foerdern-von-anfang-an\/\" target=&quot;_blank&quot;>\n\t\t\t\tKreativit\u00e4t f\u00f6rdern \u2013 von Anfang an!\t\t\t<\/a>\n\t\t<\/h4>\n\t\t\t\t<div class=\"elementor-post__excerpt\">\n\t\t\t<p>Ein Kindergarten hat uns gefragt, ob wir ihre kleinen K\u00fcnstler mit Mal- und Bastelschablonen unterst\u00fctzen k\u00f6nnen. F\u00fcr uns war sofort klar: Nat\u00fcrlich machen wir das!<\/p>\n\t\t<\/div>\n\t\t\t\t\t<div class=\"elementor-post__read-more-wrapper\">\n\t\t\n\t\t<a class=\"elementor-post__read-more\" href=\"https:\/\/engelgibtesueberall.de\/blog\/kreativitaet-foerdern-von-anfang-an\/\" aria-label=\"Mehr \u00fcber Kreativit\u00e4t f\u00f6rdern \u2013 von Anfang an!\" tabindex=\"-1\" target=\"_blank\">\n\t\t\tWeiterlesen \u00bb\t\t<\/a>\n\n\t\t\t\t\t<\/div>\n\t\t\t\t<\/div>\n\t\t\t\t<div class=\"elementor-post__meta-data\">\n\t\t\t\t\t<span class=\"elementor-post-date\">\n\t\t\t1. M\u00e4rz 2026\t\t<\/span>\n\t\t\t\t<\/div>\n\t\t\t\t\t<\/div>\n\t\t<\/article>\n\t\t\t\t<article class=\"elementor-post elementor-grid-item post-29181 post type-post status-publish format-standard has-post-thumbnail hentry category-allgemein category-neues\">\n\t\t\t<div class=\"elementor-post__card\">\n\t\t\t\t<a class=\"elementor-post__thumbnail__link\" href=\"https:\/\/engelgibtesueberall.de\/blog\/weihnachtsgruesse\/\" tabindex=\"-1\" target=\"_blank\"><div class=\"elementor-post__thumbnail\"><img loading=\"lazy\" decoding=\"async\" width=\"320\" height=\"226\" src=\"https:\/\/engelgibtesueberall.de\/wp-content\/uploads\/2025\/12\/christmas-1869533_1920-320x226.png\" class=\"attachment-medium size-medium wp-image-29182\" alt=\"\" srcset=\"https:\/\/engelgibtesueberall.de\/wp-content\/uploads\/2025\/12\/christmas-1869533_1920-320x226.png 320w, https:\/\/engelgibtesueberall.de\/wp-content\/uploads\/2025\/12\/christmas-1869533_1920-640x453.png 640w, https:\/\/engelgibtesueberall.de\/wp-content\/uploads\/2025\/12\/christmas-1869533_1920-768x543.png 768w, https:\/\/engelgibtesueberall.de\/wp-content\/uploads\/2025\/12\/christmas-1869533_1920-1536x1086.png 1536w, https:\/\/engelgibtesueberall.de\/wp-content\/uploads\/2025\/12\/christmas-1869533_1920.png 1920w\" sizes=\"(max-width: 320px) 100vw, 320px\" \/><\/div><\/a>\n\t\t\t\t<div class=\"elementor-post__badge\">Allgemein<\/div>\n\t\t\t\t<div class=\"elementor-post__text\">\n\t\t\t\t<h4 class=\"elementor-post__title\">\n\t\t\t<a href=\"https:\/\/engelgibtesueberall.de\/blog\/weihnachtsgruesse\/\" target=&quot;_blank&quot;>\n\t\t\t\tWeihnachtsgr\u00fc\u00dfe\t\t\t<\/a>\n\t\t<\/h4>\n\t\t\t\t<div class=\"elementor-post__excerpt\">\n\t\t\t<p>Weihnachten ist eine Zeit des Innehaltens. Eine Zeit, um dankbar zur\u00fcckzublicken auf all die kleinen und gro\u00dfen Momente, die uns in diesem Jahr begleitet haben<\/p>\n\t\t<\/div>\n\t\t\t\t\t<div class=\"elementor-post__read-more-wrapper\">\n\t\t\n\t\t<a class=\"elementor-post__read-more\" href=\"https:\/\/engelgibtesueberall.de\/blog\/weihnachtsgruesse\/\" aria-label=\"Mehr \u00fcber Weihnachtsgr\u00fc\u00dfe\" tabindex=\"-1\" target=\"_blank\">\n\t\t\tWeiterlesen \u00bb\t\t<\/a>\n\n\t\t\t\t\t<\/div>\n\t\t\t\t<\/div>\n\t\t\t\t<div class=\"elementor-post__meta-data\">\n\t\t\t\t\t<span class=\"elementor-post-date\">\n\t\t\t22. Dezember 2025\t\t<\/span>\n\t\t\t\t<\/div>\n\t\t\t\t\t<\/div>\n\t\t<\/article>\n\t\t\t\t<article class=\"elementor-post elementor-grid-item post-29177 post type-post status-publish format-standard has-post-thumbnail hentry category-allgemein category-neues category-sonstige-hilfen\">\n\t\t\t<div class=\"elementor-post__card\">\n\t\t\t\t<a class=\"elementor-post__thumbnail__link\" href=\"https:\/\/engelgibtesueberall.de\/blog\/teil-zwei-der-ehrung-der-kuenstler\/\" tabindex=\"-1\" target=\"_blank\"><div class=\"elementor-post__thumbnail\"><img loading=\"lazy\" decoding=\"async\" width=\"320\" height=\"240\" src=\"https:\/\/engelgibtesueberall.de\/wp-content\/uploads\/2025\/11\/IMG-20251117-WA0001-320x240.jpg\" class=\"attachment-medium size-medium wp-image-29178\" alt=\"\" srcset=\"https:\/\/engelgibtesueberall.de\/wp-content\/uploads\/2025\/11\/IMG-20251117-WA0001-320x240.jpg 320w, https:\/\/engelgibtesueberall.de\/wp-content\/uploads\/2025\/11\/IMG-20251117-WA0001-640x480.jpg 640w, https:\/\/engelgibtesueberall.de\/wp-content\/uploads\/2025\/11\/IMG-20251117-WA0001-138x104.jpg 138w, https:\/\/engelgibtesueberall.de\/wp-content\/uploads\/2025\/11\/IMG-20251117-WA0001-768x576.jpg 768w, https:\/\/engelgibtesueberall.de\/wp-content\/uploads\/2025\/11\/IMG-20251117-WA0001-1536x1152.jpg 1536w, https:\/\/engelgibtesueberall.de\/wp-content\/uploads\/2025\/11\/IMG-20251117-WA0001.jpg 2048w\" sizes=\"(max-width: 320px) 100vw, 320px\" \/><\/div><\/a>\n\t\t\t\t<div class=\"elementor-post__badge\">Allgemein<\/div>\n\t\t\t\t<div class=\"elementor-post__text\">\n\t\t\t\t<h4 class=\"elementor-post__title\">\n\t\t\t<a href=\"https:\/\/engelgibtesueberall.de\/blog\/teil-zwei-der-ehrung-der-kuenstler\/\" target=&quot;_blank&quot;>\n\t\t\t\tTeil zwei der Ehrung der K\u00fcnstler\t\t\t<\/a>\n\t\t<\/h4>\n\t\t\t\t<div class=\"elementor-post__excerpt\">\n\t\t\t<p>Vergangenen Montag war Teil zwei der Ehrung der K\u00fcnstler von den Heilp\u00e4dagogischen Werkst\u00e4tten. Eine sehr sch\u00f6ne Feier mit vielen stolzen und gl\u00fccklichen Gesichtern.<\/p>\n\t\t<\/div>\n\t\t\t\t\t<div class=\"elementor-post__read-more-wrapper\">\n\t\t\n\t\t<a class=\"elementor-post__read-more\" href=\"https:\/\/engelgibtesueberall.de\/blog\/teil-zwei-der-ehrung-der-kuenstler\/\" aria-label=\"Mehr \u00fcber Teil zwei der Ehrung der K\u00fcnstler\" tabindex=\"-1\" target=\"_blank\">\n\t\t\tWeiterlesen \u00bb\t\t<\/a>\n\n\t\t\t\t\t<\/div>\n\t\t\t\t<\/div>\n\t\t\t\t<div class=\"elementor-post__meta-data\">\n\t\t\t\t\t<span class=\"elementor-post-date\">\n\t\t\t20. November 2025\t\t<\/span>\n\t\t\t\t<\/div>\n\t\t\t\t\t<\/div>\n\t\t<\/article>\n\t\t\t\t<article class=\"elementor-post elementor-grid-item post-29171 post type-post status-publish format-standard has-post-thumbnail hentry category-allgemein category-neues category-sonstige-hilfen\">\n\t\t\t<div class=\"elementor-post__card\">\n\t\t\t\t<a class=\"elementor-post__thumbnail__link\" href=\"https:\/\/engelgibtesueberall.de\/blog\/berichterstattung-extra-tipp-am-sonntag\/\" tabindex=\"-1\" target=\"_blank\"><div class=\"elementor-post__thumbnail\"><img loading=\"lazy\" decoding=\"async\" width=\"240\" height=\"240\" src=\"https:\/\/engelgibtesueberall.de\/wp-content\/uploads\/2025\/11\/bdd6c670-c2d4-11f0-8129-bf13e20c31a1-240x240.jpg\" class=\"attachment-medium size-medium wp-image-29172\" alt=\"\" srcset=\"https:\/\/engelgibtesueberall.de\/wp-content\/uploads\/2025\/11\/bdd6c670-c2d4-11f0-8129-bf13e20c31a1-240x240.jpg 240w, https:\/\/engelgibtesueberall.de\/wp-content\/uploads\/2025\/11\/bdd6c670-c2d4-11f0-8129-bf13e20c31a1-480x480.jpg 480w, https:\/\/engelgibtesueberall.de\/wp-content\/uploads\/2025\/11\/bdd6c670-c2d4-11f0-8129-bf13e20c31a1-768x768.jpg 768w, https:\/\/engelgibtesueberall.de\/wp-content\/uploads\/2025\/11\/bdd6c670-c2d4-11f0-8129-bf13e20c31a1-1536x1536.jpg 1536w, https:\/\/engelgibtesueberall.de\/wp-content\/uploads\/2025\/11\/bdd6c670-c2d4-11f0-8129-bf13e20c31a1.jpg 1662w\" sizes=\"(max-width: 240px) 100vw, 240px\" \/><\/div><\/a>\n\t\t\t\t<div class=\"elementor-post__badge\">Allgemein<\/div>\n\t\t\t\t<div class=\"elementor-post__text\">\n\t\t\t\t<h4 class=\"elementor-post__title\">\n\t\t\t<a href=\"https:\/\/engelgibtesueberall.de\/blog\/berichterstattung-extra-tipp-am-sonntag\/\" target=&quot;_blank&quot;>\n\t\t\t\tBerichterstattung &#8222;Extra Tipp am Sonntag&#8220;\t\t\t<\/a>\n\t\t<\/h4>\n\t\t\t\t<div class=\"elementor-post__excerpt\">\n\t\t\t<p>Vielen Dank an &#8222;Extra Tipp am Sonntag&#8220; f\u00fcr den herzlichen Bericht! &nbsp; Den Artikel k\u00f6nnt ihr zudem unter diesem Link finden: https:\/\/www.extra-tipp-am-sonntag.de\/moers-niederrhein\/kunstpreis-fuer-menschen-mit-behinderung-inklusion-mal-andersherum_aid-138910673<\/p>\n\t\t<\/div>\n\t\t\t\t\t<div class=\"elementor-post__read-more-wrapper\">\n\t\t\n\t\t<a class=\"elementor-post__read-more\" href=\"https:\/\/engelgibtesueberall.de\/blog\/berichterstattung-extra-tipp-am-sonntag\/\" aria-label=\"Mehr \u00fcber Berichterstattung &#8222;Extra Tipp am Sonntag&#8220;\" tabindex=\"-1\" target=\"_blank\">\n\t\t\tWeiterlesen \u00bb\t\t<\/a>\n\n\t\t\t\t\t<\/div>\n\t\t\t\t<\/div>\n\t\t\t\t<div class=\"elementor-post__meta-data\">\n\t\t\t\t\t<span class=\"elementor-post-date\">\n\t\t\t16. November 2025\t\t<\/span>\n\t\t\t\t<\/div>\n\t\t\t\t\t<\/div>\n\t\t<\/article>\n\t\t\t\t<\/div>\n\t\t\n\t\t\t\t<div class=\"e-load-more-anchor\" data-page=\"1\" data-max-page=\"3\" data-next-page=\"https:\/\/engelgibtesueberall.de\/blog\/wp-json\/wp\/v2\/pages\/20873\/page\/2\/\"><\/div>\n\t\t\t\t<nav class=\"elementor-pagination\" aria-label=\"Seitennummerierung\">\n\t\t\t<span class=\"page-numbers prev\">&laquo; Voriger<\/span>\n<a class=\"page-numbers next\" href=\"https:\/\/engelgibtesueberall.de\/blog\/wp-json\/wp\/v2\/pages\/20873\/page\/2\/\">N\u00e4chster &raquo;<\/a>\t\t<\/nav>\n\t\t\t\t\t\t<\/div>\n\t\t\t\t<\/div>\n\t\t\t\t\t<\/div>\n\t\t\t\t<\/div>\n\t\t\t\t<\/div>\n\t\t","protected":false},"excerpt":{"rendered":"","protected":false},"author":6,"featured_media":0,"parent":0,"menu_order":0,"comment_status":"closed","ping_status":"closed","template":"","meta":{"_exactmetrics_skip_tracking":false,"_exactmetrics_sitenote_active":false,"_exactmetrics_sitenote_note":"","_exactmetrics_sitenote_category":0,"footnotes":""},"class_list":["post-20873","page","type-page","status-publish","hentry"],"_links":{"self":[{"href":"https:\/\/engelgibtesueberall.de\/blog\/wp-json\/wp\/v2\/pages\/20873","targetHints":{"allow":["GET"]}}],"collection":[{"href":"https:\/\/engelgibtesueberall.de\/blog\/wp-json\/wp\/v2\/pages"}],"about":[{"href":"https:\/\/engelgibtesueberall.de\/blog\/wp-json\/wp\/v2\/types\/page"}],"author":[{"embeddable":true,"href":"https:\/\/engelgibtesueberall.de\/blog\/wp-json\/wp\/v2\/users\/6"}],"replies":[{"embeddable":true,"href":"https:\/\/engelgibtesueberall.de\/blog\/wp-json\/wp\/v2\/comments?post=20873"}],"version-history":[{"count":35,"href":"https:\/\/engelgibtesueberall.de\/blog\/wp-json\/wp\/v2\/pages\/20873\/revisions"}],"predecessor-version":[{"id":28973,"href":"https:\/\/engelgibtesueberall.de\/blog\/wp-json\/wp\/v2\/pages\/20873\/revisions\/28973"}],"wp:attachment":[{"href":"https:\/\/engelgibtesueberall.de\/blog\/wp-json\/wp\/v2\/media?parent=20873"}],"curies":[{"name":"wp","href":"https:\/\/api.w.org\/{rel}","templated":true}]}}