{"id":20879,"date":"2019-11-25T11:53:59","date_gmt":"2019-11-25T10:53:59","guid":{"rendered":"https:\/\/engelgibtesueberall.de\/blog\/?page_id=20879"},"modified":"2019-11-25T18:50:23","modified_gmt":"2019-11-25T17:50:23","slug":"resuemee-osterei-tombola-aktionen-2017-2019","status":"publish","type":"page","link":"https:\/\/engelgibtesueberall.de\/blog\/resuemee-osterei-tombola-aktionen-2017-2019\/","title":{"rendered":"Res\u00fcmee Osterei-Tombola-Aktionen 2017-2019"},"content":{"rendered":"\r\n<p>Wir m\u00f6chten uns bei allen Personen sowie Institutionen bedanken, die uneren Verein immateriell, materiell und finanziell bei den Osterei-Tombola-Aktionen unterst\u00fctzt haben.<\/p>\r\n\r\n\r\n\r\n<p>Kein Weg war uns zu weit und keine Stunde zu viel, sich f\u00fcr die Kinder und Jugendlichen mit Aufmerksamkeit, W\u00e4rme und Wertsch\u00e4tzung einzusetzen, um ihnen eine nachhaltige Hilfe f\u00fcr ihren weiteren Werdegang\/Lebensweg zu erm\u00f6glichen.<\/p>\r\n\r\n\r\n\r\n<p>So kann ich nach Abschluss jeden Jahres mit fester \u00dcberzeugung und aus tiefstem Herzen feststellen: <strong>&#8222;Engel gibt es \u00fcberall&#8220;<\/strong>. Und <span style=\"color: #ff0000;\"><strong>SIE<\/strong><\/span> geh\u00f6ren dazu! Danke f\u00fcr Ihre Unterst\u00fctzung und Hilfe in jeglicher Art und Weise.<\/p>\r\n\r\n\r\n\r\n<p>Mit dem Start unserer Tombola-Osterei-Aktion mit 3.000 Eiern konnten wir auch in den Folgejahren noch vor Beendigung des Verkaufszeitraumes &#8222;ausverkauft&#8220; vermelden, und dass, obwohl wir die Menge der Tombola-Eier j\u00e4hrlich um 1.000 St\u00fcck erh\u00f6ht haben. Die \u00fcberaus gro\u00dfe Nachfrage freut uns nat\u00fcrlich sehr und zeigt deutlich, welchen Stellenwert wir mit dieser Aktion und unserer Arbeit in der \u00d6ffentlichkeit erreicht haben.<\/p>\r\n\r\n\r\n\r\n<p>An dieser Stelle gilt mein besonderer Dank unseren <a href=\"https:\/\/engelgibtesueberall.de\/blog\/oster-aktion-foerderer-2017-2019\/\" rel=\"noreferrer noopener\" aria-label=\"Hauptsponsoren (\u00f6ffnet in neuem Tab)\">Hauptsponsoren<\/a>, die uns gemeinsam mit ihren Mitarbeiter\/innen tatkr\u00e4ftig unterst\u00fctzt haben. Ein weiterer Dank gilt den Pressevertretern, die uns w\u00e4hrend der Aktionszeitr\u00e4ume begleiten.<\/p>\r\n\r\n\r\n\r\n<p>Die Gewinner freuten sich ihre Gewinne entgegen nehmen zu k\u00f6nnen. Nicht eingel\u00f6ste Gewinne wurden gem\u00e4\u00df dem Ausspielungszweck zu Gunsten sozial schwacher Familien verteilt. Einige Gewinner teilten uns mit, dass sie ihren Preis gerne an eine bed\u00fcrftige Familie spenden m\u00f6chten. Diesen W\u00fcnschen sind wir sehr gerne nachgekommen und konnten viel Freude und leuchtende Augen bei den Beschenkten sehen.<\/p>\r\n<p>Durch die verkauften Tombola-Eier konnten wir nachhaltige Hilfe und F\u00f6derung von Kindern und Jugendlichen umsetzen. Antr\u00e4ge und Nachfragen zur Hilfe und Unterst\u00fctzung erreichen uns \u00fcber Schulen, Kinderheime, Jugendbetreuer, Vereine, Kirchenvertreter etc. und durch Anfragen aus dem Freundeskreis oder den Familien selbst.<\/p>\r\n<p>Alle zwei Monate tagt ein f\u00fcnfk\u00f6pfiges Kompetenzteam und pr\u00fcft, ber\u00e4t und entscheidet \u00fcber die Anfragen. Es sei nochmals erw\u00e4hnt, dass der Verein nach wie vor kein Bargeld, sondern nur Sachleistungen, Auftr\u00e4ge und Bestellungen vergibt. Nat\u00fcrlich stehen wir im st\u00e4ndigen Dialog mit den Empf\u00e4ngern und informieren uns bei den beauftragten Schulen, Institutionen, Trainern, Heimleitungen und Eltern \u00fcber den Fortschritt der Ausbildung\/Nachhilfe.<\/p>\r\n<p>\u00dcber die Verwendung der Gelder informieren Sie sich bitte in der Gesamtliste <a href=\"https:\/\/engelgibtesueberall.de\/blog\/mitteleinsatz-2008-bis-2019\/\">&#8222;Mitteleinsatz 2008 bis 2019&#8220;<\/a><\/p>\r\n<p>Die umfangreiche Hilfe und F\u00f6rderung der Kinder und Jugendlichen ist nur m\u00f6glich, weil wir <span style=\"color: #ff0000;\"><strong>SIE<\/strong><\/span> an unserer Seiten haben\/hatten.<\/p>\r\n","protected":false},"excerpt":{"rendered":"<p>Wir m\u00f6chten uns bei allen Personen sowie Institutionen bedanken, die uneren Verein immateriell, materiell und finanziell bei den Osterei-Tombola-Aktionen unterst\u00fctzt haben. Kein Weg war uns zu weit und keine Stunde zu viel, sich f\u00fcr die Kinder und Jugendlichen mit Aufmerksamkeit, W\u00e4rme und Wertsch\u00e4tzung einzusetzen, um ihnen eine nachhaltige Hilfe f\u00fcr ihren weiteren Werdegang\/Lebensweg zu erm\u00f6glichen. [&hellip;]<\/p>\n","protected":false},"author":6,"featured_media":0,"parent":0,"menu_order":0,"comment_status":"closed","ping_status":"closed","template":"","meta":{"_exactmetrics_skip_tracking":false,"_exactmetrics_sitenote_active":false,"_exactmetrics_sitenote_note":"","_exactmetrics_sitenote_category":0,"footnotes":""},"class_list":["post-20879","page","type-page","status-publish","hentry"],"_links":{"self":[{"href":"https:\/\/engelgibtesueberall.de\/blog\/wp-json\/wp\/v2\/pages\/20879","targetHints":{"allow":["GET"]}}],"collection":[{"href":"https:\/\/engelgibtesueberall.de\/blog\/wp-json\/wp\/v2\/pages"}],"about":[{"href":"https:\/\/engelgibtesueberall.de\/blog\/wp-json\/wp\/v2\/types\/page"}],"author":[{"embeddable":true,"href":"https:\/\/engelgibtesueberall.de\/blog\/wp-json\/wp\/v2\/users\/6"}],"replies":[{"embeddable":true,"href":"https:\/\/engelgibtesueberall.de\/blog\/wp-json\/wp\/v2\/comments?post=20879"}],"version-history":[{"count":11,"href":"https:\/\/engelgibtesueberall.de\/blog\/wp-json\/wp\/v2\/pages\/20879\/revisions"}],"predecessor-version":[{"id":21204,"href":"https:\/\/engelgibtesueberall.de\/blog\/wp-json\/wp\/v2\/pages\/20879\/revisions\/21204"}],"wp:attachment":[{"href":"https:\/\/engelgibtesueberall.de\/blog\/wp-json\/wp\/v2\/media?parent=20879"}],"curies":[{"name":"wp","href":"https:\/\/api.w.org\/{rel}","templated":true}]}}