{"id":28851,"date":"2025-03-01T19:45:50","date_gmt":"2025-03-01T18:45:50","guid":{"rendered":"https:\/\/engelgibtesueberall.de\/blog\/?page_id=28851"},"modified":"2025-03-01T20:02:11","modified_gmt":"2025-03-01T19:02:11","slug":"oster-aktion","status":"publish","type":"page","link":"https:\/\/engelgibtesueberall.de\/blog\/oster-aktion\/","title":{"rendered":"Oster-Aktion"},"content":{"rendered":"\t\t<div data-elementor-type=\"wp-page\" data-elementor-id=\"28851\" class=\"elementor elementor-28851\" data-elementor-post-type=\"page\">\n\t\t\t\t<div class=\"elementor-element elementor-element-2b2616a e-flex e-con-boxed e-con e-parent\" data-id=\"2b2616a\" data-element_type=\"container\">\n\t\t\t\t\t<div class=\"e-con-inner\">\n\t\t\t\t<div class=\"elementor-element elementor-element-d3beef9 elementor-grid-3 elementor-grid-tablet-2 elementor-grid-mobile-1 elementor-posts--thumbnail-top elementor-widget elementor-widget-posts\" data-id=\"d3beef9\" data-element_type=\"widget\" data-settings=\"{&quot;pagination_type&quot;:&quot;numbers_and_prev_next&quot;,&quot;classic_columns&quot;:&quot;3&quot;,&quot;classic_columns_tablet&quot;:&quot;2&quot;,&quot;classic_columns_mobile&quot;:&quot;1&quot;,&quot;classic_row_gap&quot;:{&quot;unit&quot;:&quot;px&quot;,&quot;size&quot;:35,&quot;sizes&quot;:[]},&quot;classic_row_gap_tablet&quot;:{&quot;unit&quot;:&quot;px&quot;,&quot;size&quot;:&quot;&quot;,&quot;sizes&quot;:[]},&quot;classic_row_gap_mobile&quot;:{&quot;unit&quot;:&quot;px&quot;,&quot;size&quot;:&quot;&quot;,&quot;sizes&quot;:[]}}\" data-widget_type=\"posts.classic\">\n\t\t\t\t<div class=\"elementor-widget-container\">\n\t\t\t\t\t\t\t<div class=\"elementor-posts-container elementor-posts elementor-posts--skin-classic elementor-grid\">\n\t\t\t\t<article class=\"elementor-post elementor-grid-item post-27909 post type-post status-publish format-standard has-post-thumbnail hentry category-oster-aktion\">\n\t\t\t\t<a class=\"elementor-post__thumbnail__link\" href=\"https:\/\/engelgibtesueberall.de\/blog\/das-tombola-osterei-ist-wieder-da\/\" tabindex=\"-1\" >\n\t\t\t<div class=\"elementor-post__thumbnail\"><img decoding=\"async\" width=\"320\" height=\"155\" src=\"https:\/\/engelgibtesueberall.de\/wp-content\/uploads\/2022\/02\/Titelbild-Facebook2-320x155.png\" class=\"attachment-medium size-medium wp-image-27910\" alt=\"\" srcset=\"https:\/\/engelgibtesueberall.de\/wp-content\/uploads\/2022\/02\/Titelbild-Facebook2-320x155.png 320w, https:\/\/engelgibtesueberall.de\/wp-content\/uploads\/2022\/02\/Titelbild-Facebook2-640x310.png 640w, https:\/\/engelgibtesueberall.de\/wp-content\/uploads\/2022\/02\/Titelbild-Facebook2-768x373.png 768w, https:\/\/engelgibtesueberall.de\/wp-content\/uploads\/2022\/02\/Titelbild-Facebook2-1536x745.png 1536w, https:\/\/engelgibtesueberall.de\/wp-content\/uploads\/2022\/02\/Titelbild-Facebook2.png 1738w\" sizes=\"(max-width: 320px) 100vw, 320px\" \/><\/div>\n\t\t<\/a>\n\t\t\t\t<div class=\"elementor-post__text\">\n\t\t\t\t<h3 class=\"elementor-post__title\">\n\t\t\t<a href=\"https:\/\/engelgibtesueberall.de\/blog\/das-tombola-osterei-ist-wieder-da\/\" >\n\t\t\t\tDas Tombola-Osterei ist wieder da!\t\t\t<\/a>\n\t\t<\/h3>\n\t\t\t\t<div class=\"elementor-post__meta-data\">\n\t\t\t\t\t<span class=\"elementor-post-date\">\n\t\t\t26. Februar 2022\t\t<\/span>\n\t\t\t\t<\/div>\n\t\t\t\t<div class=\"elementor-post__excerpt\">\n\t\t\t<p>Es ist so einfach: Gutes tun und gewinnen! Und so geht es: Kauft in einem der unten aufgelisteten Verkaufsstellen ein (oder mehrere) Tombola-Ostereier zum Preis von je 5 Euro. Dieses Geld ist eine Spende f\u00fcr den Lions Club Moers und den Verein Engel gibt es \u00fcberall e.V. Mit Euren Spenden<\/p>\n\t\t<\/div>\n\t\t\t\t\t<div class=\"elementor-post__read-more-wrapper\">\n\t\t\n\t\t<a class=\"elementor-post__read-more\" href=\"https:\/\/engelgibtesueberall.de\/blog\/das-tombola-osterei-ist-wieder-da\/\" aria-label=\"Mehr \u00fcber Das Tombola-Osterei ist wieder da!\" tabindex=\"-1\" >\n\t\t\tWeiterlesen \u00bb\t\t<\/a>\n\n\t\t\t\t\t<\/div>\n\t\t\t\t<\/div>\n\t\t\t\t<\/article>\n\t\t\t\t<article class=\"elementor-post elementor-grid-item post-27753 post type-post status-publish format-standard has-post-thumbnail hentry category-oster-aktion\">\n\t\t\t\t<a class=\"elementor-post__thumbnail__link\" href=\"https:\/\/engelgibtesueberall.de\/blog\/jedes-10-ei-gewinnt-pressebericht\/\" tabindex=\"-1\" >\n\t\t\t<div class=\"elementor-post__thumbnail\"><img fetchpriority=\"high\" decoding=\"async\" width=\"320\" height=\"177\" src=\"https:\/\/engelgibtesueberall.de\/wp-content\/uploads\/2021\/02\/w1200_h664_x638_y437_Lions_Ostereier_0121-Presse-47507d78624b7670-320x177.jpg\" class=\"attachment-medium size-medium wp-image-27754\" alt=\"\" srcset=\"https:\/\/engelgibtesueberall.de\/wp-content\/uploads\/2021\/02\/w1200_h664_x638_y437_Lions_Ostereier_0121-Presse-47507d78624b7670-320x177.jpg 320w, https:\/\/engelgibtesueberall.de\/wp-content\/uploads\/2021\/02\/w1200_h664_x638_y437_Lions_Ostereier_0121-Presse-47507d78624b7670-640x354.jpg 640w, https:\/\/engelgibtesueberall.de\/wp-content\/uploads\/2021\/02\/w1200_h664_x638_y437_Lions_Ostereier_0121-Presse-47507d78624b7670-768x425.jpg 768w, https:\/\/engelgibtesueberall.de\/wp-content\/uploads\/2021\/02\/w1200_h664_x638_y437_Lions_Ostereier_0121-Presse-47507d78624b7670.jpg 1200w\" sizes=\"(max-width: 320px) 100vw, 320px\" \/><\/div>\n\t\t<\/a>\n\t\t\t\t<div class=\"elementor-post__text\">\n\t\t\t\t<h3 class=\"elementor-post__title\">\n\t\t\t<a href=\"https:\/\/engelgibtesueberall.de\/blog\/jedes-10-ei-gewinnt-pressebericht\/\" >\n\t\t\t\tJedes 10. Ei gewinnt! &#8211; Pressebericht\t\t\t<\/a>\n\t\t<\/h3>\n\t\t\t\t<div class=\"elementor-post__meta-data\">\n\t\t\t\t\t<span class=\"elementor-post-date\">\n\t\t\t13. Februar 2021\t\t<\/span>\n\t\t\t\t<\/div>\n\t\t\t\t<div class=\"elementor-post__excerpt\">\n\t\t\t<p>Habt ihr schon den sch\u00f6nen Presseartikel (Extra-Tipp am Sonntag) \u00fcber uns gelesen? \u00a0 4.000 Eier, 400 Gewinne im Gesamtwert von fast 19.000 Euro &#8211; und das alles f\u00fcr den guten Zweck. Das ist die Ostereier-Tombola, mit der der Lions Club Moers und der gemeinn\u00fctzige Verein \u201eEngel gibt es \u00fcberall\u201c soziale<\/p>\n\t\t<\/div>\n\t\t\t\t\t<div class=\"elementor-post__read-more-wrapper\">\n\t\t\n\t\t<a class=\"elementor-post__read-more\" href=\"https:\/\/engelgibtesueberall.de\/blog\/jedes-10-ei-gewinnt-pressebericht\/\" aria-label=\"Mehr \u00fcber Jedes 10. Ei gewinnt! &#8211; Pressebericht\" tabindex=\"-1\" >\n\t\t\tWeiterlesen \u00bb\t\t<\/a>\n\n\t\t\t\t\t<\/div>\n\t\t\t\t<\/div>\n\t\t\t\t<\/article>\n\t\t\t\t<article class=\"elementor-post elementor-grid-item post-27747 post type-post status-publish format-standard has-post-thumbnail hentry category-oster-aktion\">\n\t\t\t\t<a class=\"elementor-post__thumbnail__link\" href=\"https:\/\/engelgibtesueberall.de\/blog\/osterei-tombola-aktion-2021-startet-morgen\/\" tabindex=\"-1\" >\n\t\t\t<div class=\"elementor-post__thumbnail\"><img decoding=\"async\" width=\"240\" height=\"240\" src=\"https:\/\/engelgibtesueberall.de\/wp-content\/uploads\/2021\/02\/IMG-20210206-WA0005-240x240.jpg\" class=\"attachment-medium size-medium wp-image-27748\" alt=\"\" srcset=\"https:\/\/engelgibtesueberall.de\/wp-content\/uploads\/2021\/02\/IMG-20210206-WA0005-240x240.jpg 240w, https:\/\/engelgibtesueberall.de\/wp-content\/uploads\/2021\/02\/IMG-20210206-WA0005-480x480.jpg 480w, https:\/\/engelgibtesueberall.de\/wp-content\/uploads\/2021\/02\/IMG-20210206-WA0005-768x768.jpg 768w, https:\/\/engelgibtesueberall.de\/wp-content\/uploads\/2021\/02\/IMG-20210206-WA0005-1536x1536.jpg 1536w, https:\/\/engelgibtesueberall.de\/wp-content\/uploads\/2021\/02\/IMG-20210206-WA0005.jpg 1599w\" sizes=\"(max-width: 240px) 100vw, 240px\" \/><\/div>\n\t\t<\/a>\n\t\t\t\t<div class=\"elementor-post__text\">\n\t\t\t\t<h3 class=\"elementor-post__title\">\n\t\t\t<a href=\"https:\/\/engelgibtesueberall.de\/blog\/osterei-tombola-aktion-2021-startet-morgen\/\" >\n\t\t\t\tOsterei-Tombola-Aktion 2021 startet morgen!\t\t\t<\/a>\n\t\t<\/h3>\n\t\t\t\t<div class=\"elementor-post__meta-data\">\n\t\t\t\t\t<span class=\"elementor-post-date\">\n\t\t\t7. Februar 2021\t\t<\/span>\n\t\t\t\t<\/div>\n\t\t\t\t<div class=\"elementor-post__excerpt\">\n\t\t\t<p>Wie bereits nach der letzten Osteraktion angek\u00fcndigt, haben wir zu unserer Entlastung nach einer M\u00f6glichkeit gesucht, die Osterei-Tombola-Aktion an einen Partner abzugeben, der mit genau so viel Herzblut und Engagement die Aktion in unserem Sinne weiterf\u00fchrt. Wir haben diesen Partner gefunden! Der Lions Club Moers, der im Jahr 1979 gegr\u00fcndet<\/p>\n\t\t<\/div>\n\t\t\t\t\t<div class=\"elementor-post__read-more-wrapper\">\n\t\t\n\t\t<a class=\"elementor-post__read-more\" href=\"https:\/\/engelgibtesueberall.de\/blog\/osterei-tombola-aktion-2021-startet-morgen\/\" aria-label=\"Mehr \u00fcber Osterei-Tombola-Aktion 2021 startet morgen!\" tabindex=\"-1\" >\n\t\t\tWeiterlesen \u00bb\t\t<\/a>\n\n\t\t\t\t\t<\/div>\n\t\t\t\t<\/div>\n\t\t\t\t<\/article>\n\t\t\t\t<article class=\"elementor-post elementor-grid-item post-27657 post type-post status-publish format-standard has-post-thumbnail hentry category-oster-aktion\">\n\t\t\t\t<a class=\"elementor-post__thumbnail__link\" href=\"https:\/\/engelgibtesueberall.de\/blog\/26-500-euro-fuer-den-guten-zweck\/\" tabindex=\"-1\" >\n\t\t\t<div class=\"elementor-post__thumbnail\"><img loading=\"lazy\" decoding=\"async\" width=\"320\" height=\"180\" src=\"https:\/\/engelgibtesueberall.de\/wp-content\/uploads\/2020\/09\/26500-Euro-320x180.jpg\" class=\"attachment-medium size-medium wp-image-27659\" alt=\"\" srcset=\"https:\/\/engelgibtesueberall.de\/wp-content\/uploads\/2020\/09\/26500-Euro-320x180.jpg 320w, https:\/\/engelgibtesueberall.de\/wp-content\/uploads\/2020\/09\/26500-Euro-640x360.jpg 640w, https:\/\/engelgibtesueberall.de\/wp-content\/uploads\/2020\/09\/26500-Euro-768x432.jpg 768w, https:\/\/engelgibtesueberall.de\/wp-content\/uploads\/2020\/09\/26500-Euro.jpg 1280w\" sizes=\"(max-width: 320px) 100vw, 320px\" \/><\/div>\n\t\t<\/a>\n\t\t\t\t<div class=\"elementor-post__text\">\n\t\t\t\t<h3 class=\"elementor-post__title\">\n\t\t\t<a href=\"https:\/\/engelgibtesueberall.de\/blog\/26-500-euro-fuer-den-guten-zweck\/\" >\n\t\t\t\t26.500 Euro f\u00fcr den guten Zweck\t\t\t<\/a>\n\t\t<\/h3>\n\t\t\t\t<div class=\"elementor-post__meta-data\">\n\t\t\t\t\t<span class=\"elementor-post-date\">\n\t\t\t7. September 2020\t\t<\/span>\n\t\t\t\t<\/div>\n\t\t\t\t<div class=\"elementor-post__excerpt\">\n\t\t\t<p>Wie Ihr bereits auch schon im Stadt-Panorama lesen konntet, haben wir unseren Abschlussbericht unserer Osterei-Tombola ver\u00f6ffentlicht. \u00a0Ostern ist zwar schon etwas l\u00e4nger her, doch Corona wirbelte auch unsere Pl\u00e4ne m\u00e4chtig durcheinander. Da viele unserer Einzelh\u00e4ndler vom Lockdown betroffen waren, mussten wir unsere Tombola vorzeitig beenden. Wir freuen uns jedoch, dass<\/p>\n\t\t<\/div>\n\t\t\t\t\t<div class=\"elementor-post__read-more-wrapper\">\n\t\t\n\t\t<a class=\"elementor-post__read-more\" href=\"https:\/\/engelgibtesueberall.de\/blog\/26-500-euro-fuer-den-guten-zweck\/\" aria-label=\"Mehr \u00fcber 26.500 Euro f\u00fcr den guten Zweck\" tabindex=\"-1\" >\n\t\t\tWeiterlesen \u00bb\t\t<\/a>\n\n\t\t\t\t\t<\/div>\n\t\t\t\t<\/div>\n\t\t\t\t<\/article>\n\t\t\t\t<article class=\"elementor-post elementor-grid-item post-27628 post type-post status-publish format-standard has-post-thumbnail hentry category-oster-aktion\">\n\t\t\t\t<a class=\"elementor-post__thumbnail__link\" href=\"https:\/\/engelgibtesueberall.de\/blog\/keine-osterei-tombola-aktion-in-2021\/\" tabindex=\"-1\" >\n\t\t\t<div class=\"elementor-post__thumbnail\"><img loading=\"lazy\" decoding=\"async\" width=\"320\" height=\"180\" src=\"https:\/\/engelgibtesueberall.de\/wp-content\/uploads\/2020\/07\/keine-Tombola-in-2021-320x180.jpg\" class=\"attachment-medium size-medium wp-image-27629\" alt=\"\" srcset=\"https:\/\/engelgibtesueberall.de\/wp-content\/uploads\/2020\/07\/keine-Tombola-in-2021-320x180.jpg 320w, https:\/\/engelgibtesueberall.de\/wp-content\/uploads\/2020\/07\/keine-Tombola-in-2021-640x360.jpg 640w, https:\/\/engelgibtesueberall.de\/wp-content\/uploads\/2020\/07\/keine-Tombola-in-2021-768x432.jpg 768w, https:\/\/engelgibtesueberall.de\/wp-content\/uploads\/2020\/07\/keine-Tombola-in-2021.jpg 1280w\" sizes=\"(max-width: 320px) 100vw, 320px\" \/><\/div>\n\t\t<\/a>\n\t\t\t\t<div class=\"elementor-post__text\">\n\t\t\t\t<h3 class=\"elementor-post__title\">\n\t\t\t<a href=\"https:\/\/engelgibtesueberall.de\/blog\/keine-osterei-tombola-aktion-in-2021\/\" >\n\t\t\t\tkeine Osterei-Tombola-Aktion in 2021\t\t\t<\/a>\n\t\t<\/h3>\n\t\t\t\t<div class=\"elementor-post__meta-data\">\n\t\t\t\t\t<span class=\"elementor-post-date\">\n\t\t\t20. Juli 2020\t\t<\/span>\n\t\t\t\t<\/div>\n\t\t\t\t<div class=\"elementor-post__excerpt\">\n\t\t\t<p>Trotz Corona konnten wir dieses Jahr einen Gro\u00dfteil unserer Tombola-Eier bei unserer Osterei-Tombola-Aktion f\u00fcr den guten Zweck verkaufen. Nach ausgiebiger \u00dcberlegung steht fest, dass wir f\u00fcr das Jahr 2021 keine Osterei-Tombola planen werden. Dabei denken wir nicht nur an die Familien, die wir unterst\u00fctzen, sondern auch an unsere vielen Partner<\/p>\n\t\t<\/div>\n\t\t\t\t\t<div class=\"elementor-post__read-more-wrapper\">\n\t\t\n\t\t<a class=\"elementor-post__read-more\" href=\"https:\/\/engelgibtesueberall.de\/blog\/keine-osterei-tombola-aktion-in-2021\/\" aria-label=\"Mehr \u00fcber keine Osterei-Tombola-Aktion in 2021\" tabindex=\"-1\" >\n\t\t\tWeiterlesen \u00bb\t\t<\/a>\n\n\t\t\t\t\t<\/div>\n\t\t\t\t<\/div>\n\t\t\t\t<\/article>\n\t\t\t\t<article class=\"elementor-post elementor-grid-item post-27619 post type-post status-publish format-standard has-post-thumbnail hentry category-oster-aktion\">\n\t\t\t\t<a class=\"elementor-post__thumbnail__link\" href=\"https:\/\/engelgibtesueberall.de\/blog\/osterei-tombola-nach-verlaengerung-beendet\/\" tabindex=\"-1\" >\n\t\t\t<div class=\"elementor-post__thumbnail\"><img loading=\"lazy\" decoding=\"async\" width=\"320\" height=\"180\" src=\"https:\/\/engelgibtesueberall.de\/wp-content\/uploads\/2020\/07\/Tombola-beendet-320x180.jpg\" class=\"attachment-medium size-medium wp-image-27620\" alt=\"\" srcset=\"https:\/\/engelgibtesueberall.de\/wp-content\/uploads\/2020\/07\/Tombola-beendet-320x180.jpg 320w, https:\/\/engelgibtesueberall.de\/wp-content\/uploads\/2020\/07\/Tombola-beendet-640x360.jpg 640w, https:\/\/engelgibtesueberall.de\/wp-content\/uploads\/2020\/07\/Tombola-beendet-768x432.jpg 768w, https:\/\/engelgibtesueberall.de\/wp-content\/uploads\/2020\/07\/Tombola-beendet.jpg 1280w\" sizes=\"(max-width: 320px) 100vw, 320px\" \/><\/div>\n\t\t<\/a>\n\t\t\t\t<div class=\"elementor-post__text\">\n\t\t\t\t<h3 class=\"elementor-post__title\">\n\t\t\t<a href=\"https:\/\/engelgibtesueberall.de\/blog\/osterei-tombola-nach-verlaengerung-beendet\/\" >\n\t\t\t\tOsterei-Tombola nach Verl\u00e4ngerung beendet\t\t\t<\/a>\n\t\t<\/h3>\n\t\t\t\t<div class=\"elementor-post__meta-data\">\n\t\t\t\t\t<span class=\"elementor-post-date\">\n\t\t\t5. Juli 2020\t\t<\/span>\n\t\t\t\t<\/div>\n\t\t\t\t<div class=\"elementor-post__excerpt\">\n\t\t\t<p>Die Osterei-Tombola 2020 ist nun beendet. Bedingt durch Corona hatten wir die Abholfrist der Gewinne bis Ende Juni verl\u00e4ngert. Nicht abgeholte Gewinne werden nun gespendet und kommen dem Ausspielungszweck zugute. An dieser Stelle m\u00f6chten wir nochmals allen Unterst\u00fctzern, Verkaufsstellen und nat\u00fcrlich den K\u00e4ufern der Tombola-Eier ganz herzlich danken.\u00a0<\/p>\n\t\t<\/div>\n\t\t\t\t\t<div class=\"elementor-post__read-more-wrapper\">\n\t\t\n\t\t<a class=\"elementor-post__read-more\" href=\"https:\/\/engelgibtesueberall.de\/blog\/osterei-tombola-nach-verlaengerung-beendet\/\" aria-label=\"Mehr \u00fcber Osterei-Tombola nach Verl\u00e4ngerung beendet\" tabindex=\"-1\" >\n\t\t\tWeiterlesen \u00bb\t\t<\/a>\n\n\t\t\t\t\t<\/div>\n\t\t\t\t<\/div>\n\t\t\t\t<\/article>\n\t\t\t\t<\/div>\n\t\t\n\t\t\t\t<div class=\"e-load-more-anchor\" data-page=\"1\" data-max-page=\"14\" data-next-page=\"https:\/\/engelgibtesueberall.de\/blog\/wp-json\/wp\/v2\/pages\/28851\/page\/2\/\"><\/div>\n\t\t\t\t<nav class=\"elementor-pagination\" aria-label=\"Seitennummerierung\">\n\t\t\t<span class=\"page-numbers prev\">&laquo; Voriger<\/span>\n<span aria-current=\"page\" class=\"page-numbers current\"><span class=\"elementor-screen-only\">Seite<\/span>1<\/span>\n<a class=\"page-numbers\" href=\"https:\/\/engelgibtesueberall.de\/blog\/wp-json\/wp\/v2\/pages\/28851\/page\/2\/\"><span class=\"elementor-screen-only\">Seite<\/span>2<\/a>\n<a class=\"page-numbers\" href=\"https:\/\/engelgibtesueberall.de\/blog\/wp-json\/wp\/v2\/pages\/28851\/page\/3\/\"><span class=\"elementor-screen-only\">Seite<\/span>3<\/a>\n<a class=\"page-numbers\" href=\"https:\/\/engelgibtesueberall.de\/blog\/wp-json\/wp\/v2\/pages\/28851\/page\/4\/\"><span class=\"elementor-screen-only\">Seite<\/span>4<\/a>\n<a class=\"page-numbers\" href=\"https:\/\/engelgibtesueberall.de\/blog\/wp-json\/wp\/v2\/pages\/28851\/page\/5\/\"><span class=\"elementor-screen-only\">Seite<\/span>5<\/a>\n<a class=\"page-numbers next\" href=\"https:\/\/engelgibtesueberall.de\/blog\/wp-json\/wp\/v2\/pages\/28851\/page\/2\/\">N\u00e4chster &raquo;<\/a>\t\t<\/nav>\n\t\t\t\t\t\t<\/div>\n\t\t\t\t<\/div>\n\t\t\t\t\t<\/div>\n\t\t\t\t<\/div>\n\t\t\t\t<\/div>\n\t\t","protected":false},"excerpt":{"rendered":"","protected":false},"author":6,"featured_media":0,"parent":0,"menu_order":0,"comment_status":"closed","ping_status":"closed","template":"","meta":{"_exactmetrics_skip_tracking":false,"_exactmetrics_sitenote_active":false,"_exactmetrics_sitenote_note":"","_exactmetrics_sitenote_category":0,"footnotes":""},"class_list":["post-28851","page","type-page","status-publish","hentry"],"_links":{"self":[{"href":"https:\/\/engelgibtesueberall.de\/blog\/wp-json\/wp\/v2\/pages\/28851","targetHints":{"allow":["GET"]}}],"collection":[{"href":"https:\/\/engelgibtesueberall.de\/blog\/wp-json\/wp\/v2\/pages"}],"about":[{"href":"https:\/\/engelgibtesueberall.de\/blog\/wp-json\/wp\/v2\/types\/page"}],"author":[{"embeddable":true,"href":"https:\/\/engelgibtesueberall.de\/blog\/wp-json\/wp\/v2\/users\/6"}],"replies":[{"embeddable":true,"href":"https:\/\/engelgibtesueberall.de\/blog\/wp-json\/wp\/v2\/comments?post=28851"}],"version-history":[{"count":10,"href":"https:\/\/engelgibtesueberall.de\/blog\/wp-json\/wp\/v2\/pages\/28851\/revisions"}],"predecessor-version":[{"id":28876,"href":"https:\/\/engelgibtesueberall.de\/blog\/wp-json\/wp\/v2\/pages\/28851\/revisions\/28876"}],"wp:attachment":[{"href":"https:\/\/engelgibtesueberall.de\/blog\/wp-json\/wp\/v2\/media?parent=28851"}],"curies":[{"name":"wp","href":"https:\/\/api.w.org\/{rel}","templated":true}]}}