{"id":28959,"date":"2025-03-06T18:20:28","date_gmt":"2025-03-06T17:20:28","guid":{"rendered":"https:\/\/engelgibtesueberall.de\/blog\/?page_id=28959"},"modified":"2025-03-06T18:22:18","modified_gmt":"2025-03-06T17:22:18","slug":"kinder-und-jugendhilfe","status":"publish","type":"page","link":"https:\/\/engelgibtesueberall.de\/blog\/kinder-und-jugendhilfe\/","title":{"rendered":"Kinder- und Jugendhilfe"},"content":{"rendered":"\t\t<div data-elementor-type=\"wp-page\" data-elementor-id=\"28959\" class=\"elementor elementor-28959\" data-elementor-post-type=\"page\">\n\t\t\t\t<div class=\"elementor-element elementor-element-2276a76 e-flex e-con-boxed e-con e-parent\" data-id=\"2276a76\" data-element_type=\"container\">\n\t\t\t\t\t<div class=\"e-con-inner\">\n\t\t\t\t<div class=\"elementor-element elementor-element-2131cbe elementor-grid-3 elementor-grid-tablet-2 elementor-grid-mobile-1 elementor-posts--thumbnail-top elementor-widget elementor-widget-posts\" data-id=\"2131cbe\" data-element_type=\"widget\" data-settings=\"{&quot;pagination_type&quot;:&quot;numbers_and_prev_next&quot;,&quot;classic_columns&quot;:&quot;3&quot;,&quot;classic_columns_tablet&quot;:&quot;2&quot;,&quot;classic_columns_mobile&quot;:&quot;1&quot;,&quot;classic_row_gap&quot;:{&quot;unit&quot;:&quot;px&quot;,&quot;size&quot;:35,&quot;sizes&quot;:[]},&quot;classic_row_gap_tablet&quot;:{&quot;unit&quot;:&quot;px&quot;,&quot;size&quot;:&quot;&quot;,&quot;sizes&quot;:[]},&quot;classic_row_gap_mobile&quot;:{&quot;unit&quot;:&quot;px&quot;,&quot;size&quot;:&quot;&quot;,&quot;sizes&quot;:[]}}\" data-widget_type=\"posts.classic\">\n\t\t\t\t<div class=\"elementor-widget-container\">\n\t\t\t\t\t\t\t<div class=\"elementor-posts-container elementor-posts elementor-posts--skin-classic elementor-grid\">\n\t\t\t\t<article class=\"elementor-post elementor-grid-item post-29189 post type-post status-publish format-standard has-post-thumbnail hentry category-kinder-und-familienhilfe category-neues\">\n\t\t\t\t<a class=\"elementor-post__thumbnail__link\" href=\"https:\/\/engelgibtesueberall.de\/blog\/29189-2\/\" tabindex=\"-1\" >\n\t\t\t<div class=\"elementor-post__thumbnail\"><img decoding=\"async\" width=\"160\" height=\"240\" src=\"https:\/\/engelgibtesueberall.de\/wp-content\/uploads\/2026\/03\/kaboompics-old-791938_1920-160x240.jpg\" class=\"attachment-medium size-medium wp-image-29190\" alt=\"\" srcset=\"https:\/\/engelgibtesueberall.de\/wp-content\/uploads\/2026\/03\/kaboompics-old-791938_1920-160x240.jpg 160w, https:\/\/engelgibtesueberall.de\/wp-content\/uploads\/2026\/03\/kaboompics-old-791938_1920-321x480.jpg 321w, https:\/\/engelgibtesueberall.de\/wp-content\/uploads\/2026\/03\/kaboompics-old-791938_1920-768x1150.jpg 768w, https:\/\/engelgibtesueberall.de\/wp-content\/uploads\/2026\/03\/kaboompics-old-791938_1920-1026x1536.jpg 1026w, https:\/\/engelgibtesueberall.de\/wp-content\/uploads\/2026\/03\/kaboompics-old-791938_1920.jpg 1282w\" sizes=\"(max-width: 160px) 100vw, 160px\" \/><\/div>\n\t\t<\/a>\n\t\t\t\t<div class=\"elementor-post__text\">\n\t\t\t\t<h3 class=\"elementor-post__title\">\n\t\t\t<a href=\"https:\/\/engelgibtesueberall.de\/blog\/29189-2\/\" >\n\t\t\t\t\t\t\t<\/a>\n\t\t<\/h3>\n\t\t\t\t<div class=\"elementor-post__meta-data\">\n\t\t\t\t\t<span class=\"elementor-post-date\">\n\t\t\t8. M\u00e4rz 2026\t\t<\/span>\n\t\t\t\t<\/div>\n\t\t\t\t<div class=\"elementor-post__excerpt\">\n\t\t\t<p>Uns hat eine Anfrage erreicht: F\u00fcr ein Jugendzimmer wurde dringend ein Schubladenschrank ben\u00f6tigt. Gerade f\u00fcr Kinder und Jugendliche kann ein aufger\u00e4umter Raum viel bewirken \u2013<\/p>\n\t\t<\/div>\n\t\t\t\t\t<div class=\"elementor-post__read-more-wrapper\">\n\t\t\n\t\t<a class=\"elementor-post__read-more\" href=\"https:\/\/engelgibtesueberall.de\/blog\/29189-2\/\" aria-label=\"Mehr \u00fcber \" tabindex=\"-1\" >\n\t\t\tWeiterlesen \u00bb\t\t<\/a>\n\n\t\t\t\t\t<\/div>\n\t\t\t\t<\/div>\n\t\t\t\t<\/article>\n\t\t\t\t<article class=\"elementor-post elementor-grid-item post-29185 post type-post status-publish format-standard has-post-thumbnail hentry category-kinder-und-familienhilfe category-neues\">\n\t\t\t\t<a class=\"elementor-post__thumbnail__link\" href=\"https:\/\/engelgibtesueberall.de\/blog\/kreativitaet-foerdern-von-anfang-an\/\" tabindex=\"-1\" >\n\t\t\t<div class=\"elementor-post__thumbnail\"><img fetchpriority=\"high\" decoding=\"async\" width=\"320\" height=\"160\" src=\"https:\/\/engelgibtesueberall.de\/wp-content\/uploads\/2026\/03\/roszie-day-care-center-7355024_1920-320x160.jpg\" class=\"attachment-medium size-medium wp-image-29186\" alt=\"\" srcset=\"https:\/\/engelgibtesueberall.de\/wp-content\/uploads\/2026\/03\/roszie-day-care-center-7355024_1920-320x160.jpg 320w, https:\/\/engelgibtesueberall.de\/wp-content\/uploads\/2026\/03\/roszie-day-care-center-7355024_1920-640x320.jpg 640w, https:\/\/engelgibtesueberall.de\/wp-content\/uploads\/2026\/03\/roszie-day-care-center-7355024_1920-768x384.jpg 768w, https:\/\/engelgibtesueberall.de\/wp-content\/uploads\/2026\/03\/roszie-day-care-center-7355024_1920-1536x768.jpg 1536w, https:\/\/engelgibtesueberall.de\/wp-content\/uploads\/2026\/03\/roszie-day-care-center-7355024_1920.jpg 1920w\" sizes=\"(max-width: 320px) 100vw, 320px\" \/><\/div>\n\t\t<\/a>\n\t\t\t\t<div class=\"elementor-post__text\">\n\t\t\t\t<h3 class=\"elementor-post__title\">\n\t\t\t<a href=\"https:\/\/engelgibtesueberall.de\/blog\/kreativitaet-foerdern-von-anfang-an\/\" >\n\t\t\t\tKreativit\u00e4t f\u00f6rdern \u2013 von Anfang an!\t\t\t<\/a>\n\t\t<\/h3>\n\t\t\t\t<div class=\"elementor-post__meta-data\">\n\t\t\t\t\t<span class=\"elementor-post-date\">\n\t\t\t1. M\u00e4rz 2026\t\t<\/span>\n\t\t\t\t<\/div>\n\t\t\t\t<div class=\"elementor-post__excerpt\">\n\t\t\t<p>Ein Kindergarten hat uns gefragt, ob wir ihre kleinen K\u00fcnstler mit Mal- und Bastelschablonen unterst\u00fctzen k\u00f6nnen. F\u00fcr uns war sofort klar: Nat\u00fcrlich machen wir das!<\/p>\n\t\t<\/div>\n\t\t\t\t\t<div class=\"elementor-post__read-more-wrapper\">\n\t\t\n\t\t<a class=\"elementor-post__read-more\" href=\"https:\/\/engelgibtesueberall.de\/blog\/kreativitaet-foerdern-von-anfang-an\/\" aria-label=\"Mehr \u00fcber Kreativit\u00e4t f\u00f6rdern \u2013 von Anfang an!\" tabindex=\"-1\" >\n\t\t\tWeiterlesen \u00bb\t\t<\/a>\n\n\t\t\t\t\t<\/div>\n\t\t\t\t<\/div>\n\t\t\t\t<\/article>\n\t\t\t\t<article class=\"elementor-post elementor-grid-item post-29158 post type-post status-publish format-standard has-post-thumbnail hentry category-kinder-und-familienhilfe category-neues\">\n\t\t\t\t<a class=\"elementor-post__thumbnail__link\" href=\"https:\/\/engelgibtesueberall.de\/blog\/danke-von-den-kiebitzmuehlen-kindern\/\" tabindex=\"-1\" >\n\t\t\t<div class=\"elementor-post__thumbnail\"><img decoding=\"async\" width=\"284\" height=\"240\" src=\"https:\/\/engelgibtesueberall.de\/wp-content\/uploads\/2025\/10\/Danke-der-Kiebitzmuehlen-Kinder1-284x240.jpg\" class=\"attachment-medium size-medium wp-image-29159\" alt=\"\" srcset=\"https:\/\/engelgibtesueberall.de\/wp-content\/uploads\/2025\/10\/Danke-der-Kiebitzmuehlen-Kinder1-284x240.jpg 284w, https:\/\/engelgibtesueberall.de\/wp-content\/uploads\/2025\/10\/Danke-der-Kiebitzmuehlen-Kinder1-567x480.jpg 567w, https:\/\/engelgibtesueberall.de\/wp-content\/uploads\/2025\/10\/Danke-der-Kiebitzmuehlen-Kinder1-768x650.jpg 768w, https:\/\/engelgibtesueberall.de\/wp-content\/uploads\/2025\/10\/Danke-der-Kiebitzmuehlen-Kinder1-1536x1300.jpg 1536w, https:\/\/engelgibtesueberall.de\/wp-content\/uploads\/2025\/10\/Danke-der-Kiebitzmuehlen-Kinder1-2048x1734.jpg 2048w\" sizes=\"(max-width: 284px) 100vw, 284px\" \/><\/div>\n\t\t<\/a>\n\t\t\t\t<div class=\"elementor-post__text\">\n\t\t\t\t<h3 class=\"elementor-post__title\">\n\t\t\t<a href=\"https:\/\/engelgibtesueberall.de\/blog\/danke-von-den-kiebitzmuehlen-kindern\/\" >\n\t\t\t\tDANKE von den Kiebitzm\u00fchlen-Kindern\t\t\t<\/a>\n\t\t<\/h3>\n\t\t\t\t<div class=\"elementor-post__meta-data\">\n\t\t\t\t\t<span class=\"elementor-post-date\">\n\t\t\t25. Oktober 2025\t\t<\/span>\n\t\t\t\t<\/div>\n\t\t\t\t<div class=\"elementor-post__excerpt\">\n\t\t\t<p>Vor einiger Zeit haben wir euch bereits unser Projekt mit zehn Auff\u00fchrungen des \u201eTheater Petersilie\u201c vorgestellt. In den Kinderg\u00e4rten werden dabei Geschichten gespielt, die den<\/p>\n\t\t<\/div>\n\t\t\t\t\t<div class=\"elementor-post__read-more-wrapper\">\n\t\t\n\t\t<a class=\"elementor-post__read-more\" href=\"https:\/\/engelgibtesueberall.de\/blog\/danke-von-den-kiebitzmuehlen-kindern\/\" aria-label=\"Mehr \u00fcber DANKE von den Kiebitzm\u00fchlen-Kindern\" tabindex=\"-1\" >\n\t\t\tWeiterlesen \u00bb\t\t<\/a>\n\n\t\t\t\t\t<\/div>\n\t\t\t\t<\/div>\n\t\t\t\t<\/article>\n\t\t\t\t<article class=\"elementor-post elementor-grid-item post-29150 post type-post status-publish format-standard has-post-thumbnail hentry category-ferien-freizeitangebote category-kinder-und-familienhilfe category-neues category-spenden\">\n\t\t\t\t<a class=\"elementor-post__thumbnail__link\" href=\"https:\/\/engelgibtesueberall.de\/blog\/mit-respekt-ins-leben-starten\/\" tabindex=\"-1\" >\n\t\t\t<div class=\"elementor-post__thumbnail\"><img loading=\"lazy\" decoding=\"async\" width=\"320\" height=\"167\" src=\"https:\/\/engelgibtesueberall.de\/wp-content\/uploads\/2025\/08\/limit_1240x646_6fd69d35-1600-4fb9-ac8d-84c5261ac560-320x167.jpg\" class=\"attachment-medium size-medium wp-image-29151\" alt=\"\" srcset=\"https:\/\/engelgibtesueberall.de\/wp-content\/uploads\/2025\/08\/limit_1240x646_6fd69d35-1600-4fb9-ac8d-84c5261ac560-320x167.jpg 320w, https:\/\/engelgibtesueberall.de\/wp-content\/uploads\/2025\/08\/limit_1240x646_6fd69d35-1600-4fb9-ac8d-84c5261ac560-640x333.jpg 640w, https:\/\/engelgibtesueberall.de\/wp-content\/uploads\/2025\/08\/limit_1240x646_6fd69d35-1600-4fb9-ac8d-84c5261ac560-768x400.jpg 768w, https:\/\/engelgibtesueberall.de\/wp-content\/uploads\/2025\/08\/limit_1240x646_6fd69d35-1600-4fb9-ac8d-84c5261ac560.jpg 1240w\" sizes=\"(max-width: 320px) 100vw, 320px\" \/><\/div>\n\t\t<\/a>\n\t\t\t\t<div class=\"elementor-post__text\">\n\t\t\t\t<h3 class=\"elementor-post__title\">\n\t\t\t<a href=\"https:\/\/engelgibtesueberall.de\/blog\/mit-respekt-ins-leben-starten\/\" >\n\t\t\t\tMit Respekt ins Leben starten.\t\t\t<\/a>\n\t\t<\/h3>\n\t\t\t\t<div class=\"elementor-post__meta-data\">\n\t\t\t\t\t<span class=\"elementor-post-date\">\n\t\t\t19. August 2025\t\t<\/span>\n\t\t\t\t<\/div>\n\t\t\t\t<div class=\"elementor-post__excerpt\">\n\t\t\t<p>Mit gro\u00dfer Freuede wollen wir euch hier unser neues Projekt vorstellen: &#8222;Mit Respekt ins Leben starten.&#8220; Wir schenken Jugendlichen aus Familien ohne Ressourcen die Chance,<\/p>\n\t\t<\/div>\n\t\t\t\t\t<div class=\"elementor-post__read-more-wrapper\">\n\t\t\n\t\t<a class=\"elementor-post__read-more\" href=\"https:\/\/engelgibtesueberall.de\/blog\/mit-respekt-ins-leben-starten\/\" aria-label=\"Mehr \u00fcber Mit Respekt ins Leben starten.\" tabindex=\"-1\" >\n\t\t\tWeiterlesen \u00bb\t\t<\/a>\n\n\t\t\t\t\t<\/div>\n\t\t\t\t<\/div>\n\t\t\t\t<\/article>\n\t\t\t\t<article class=\"elementor-post elementor-grid-item post-29134 post type-post status-publish format-standard has-post-thumbnail hentry category-kinder-und-familienhilfe category-neues category-sonstige-hilfen\">\n\t\t\t\t<a class=\"elementor-post__thumbnail__link\" href=\"https:\/\/engelgibtesueberall.de\/blog\/projekt-theater-petersilie\/\" tabindex=\"-1\" >\n\t\t\t<div class=\"elementor-post__thumbnail\"><img loading=\"lazy\" decoding=\"async\" width=\"320\" height=\"160\" src=\"https:\/\/engelgibtesueberall.de\/wp-content\/uploads\/2025\/04\/day-care-center-7355022_1280-320x160.jpg\" class=\"attachment-medium size-medium wp-image-29135\" alt=\"\" srcset=\"https:\/\/engelgibtesueberall.de\/wp-content\/uploads\/2025\/04\/day-care-center-7355022_1280-320x160.jpg 320w, https:\/\/engelgibtesueberall.de\/wp-content\/uploads\/2025\/04\/day-care-center-7355022_1280-640x320.jpg 640w, https:\/\/engelgibtesueberall.de\/wp-content\/uploads\/2025\/04\/day-care-center-7355022_1280-768x384.jpg 768w, https:\/\/engelgibtesueberall.de\/wp-content\/uploads\/2025\/04\/day-care-center-7355022_1280.jpg 1280w\" sizes=\"(max-width: 320px) 100vw, 320px\" \/><\/div>\n\t\t<\/a>\n\t\t\t\t<div class=\"elementor-post__text\">\n\t\t\t\t<h3 class=\"elementor-post__title\">\n\t\t\t<a href=\"https:\/\/engelgibtesueberall.de\/blog\/projekt-theater-petersilie\/\" >\n\t\t\t\tProjekt Theater Petersilie\t\t\t<\/a>\n\t\t<\/h3>\n\t\t\t\t<div class=\"elementor-post__meta-data\">\n\t\t\t\t\t<span class=\"elementor-post-date\">\n\t\t\t10. April 2025\t\t<\/span>\n\t\t\t\t<\/div>\n\t\t\t\t<div class=\"elementor-post__excerpt\">\n\t\t\t<p>&nbsp; Ein weiteres tolles Projekt, welches wir in und mit Kinderg\u00e4rten umsetzen, wollen wir euch nat\u00fcrlich nicht vorenthalten! &nbsp; Das Theater Petersilie spielt Geschichten, die<\/p>\n\t\t<\/div>\n\t\t\t\t\t<div class=\"elementor-post__read-more-wrapper\">\n\t\t\n\t\t<a class=\"elementor-post__read-more\" href=\"https:\/\/engelgibtesueberall.de\/blog\/projekt-theater-petersilie\/\" aria-label=\"Mehr \u00fcber Projekt Theater Petersilie\" tabindex=\"-1\" >\n\t\t\tWeiterlesen \u00bb\t\t<\/a>\n\n\t\t\t\t\t<\/div>\n\t\t\t\t<\/div>\n\t\t\t\t<\/article>\n\t\t\t\t<article class=\"elementor-post elementor-grid-item post-28904 post type-post status-publish format-standard has-post-thumbnail hentry category-kinder-und-familienhilfe category-neues\">\n\t\t\t\t<a class=\"elementor-post__thumbnail__link\" href=\"https:\/\/engelgibtesueberall.de\/blog\/unterstuetzung-fuer-ein-jugendzimmer\/\" tabindex=\"-1\" >\n\t\t\t<div class=\"elementor-post__thumbnail\"><img loading=\"lazy\" decoding=\"async\" width=\"240\" height=\"240\" src=\"https:\/\/engelgibtesueberall.de\/wp-content\/uploads\/2025\/03\/FB_IMG_1740940760706-240x240.jpg\" class=\"attachment-medium size-medium wp-image-28905\" alt=\"\" \/><\/div>\n\t\t<\/a>\n\t\t\t\t<div class=\"elementor-post__text\">\n\t\t\t\t<h3 class=\"elementor-post__title\">\n\t\t\t<a href=\"https:\/\/engelgibtesueberall.de\/blog\/unterstuetzung-fuer-ein-jugendzimmer\/\" >\n\t\t\t\tUnterst\u00fctzung f\u00fcr ein Jugendzimmer\t\t\t<\/a>\n\t\t<\/h3>\n\t\t\t\t<div class=\"elementor-post__meta-data\">\n\t\t\t\t\t<span class=\"elementor-post-date\">\n\t\t\t2. M\u00e4rz 2025\t\t<\/span>\n\t\t\t\t<\/div>\n\t\t\t\t<div class=\"elementor-post__excerpt\">\n\t\t\t<p>Uns erreichte ein Hilferuf einer Familie zur Unterst\u00fctzung der Renovierungsarbeiten eines Jugendzimmers. Die dortigen R\u00e4umlichkeiten entsprachen nicht mehr dem Alter des Kindes und boten keine<\/p>\n\t\t<\/div>\n\t\t\t\t\t<div class=\"elementor-post__read-more-wrapper\">\n\t\t\n\t\t<a class=\"elementor-post__read-more\" href=\"https:\/\/engelgibtesueberall.de\/blog\/unterstuetzung-fuer-ein-jugendzimmer\/\" aria-label=\"Mehr \u00fcber Unterst\u00fctzung f\u00fcr ein Jugendzimmer\" tabindex=\"-1\" >\n\t\t\tWeiterlesen \u00bb\t\t<\/a>\n\n\t\t\t\t\t<\/div>\n\t\t\t\t<\/div>\n\t\t\t\t<\/article>\n\t\t\t\t<\/div>\n\t\t\n\t\t\t\t<div class=\"e-load-more-anchor\" data-page=\"1\" data-max-page=\"6\" data-next-page=\"https:\/\/engelgibtesueberall.de\/blog\/wp-json\/wp\/v2\/pages\/28959\/page\/2\/\"><\/div>\n\t\t\t\t<nav class=\"elementor-pagination\" aria-label=\"Seitennummerierung\">\n\t\t\t<span class=\"page-numbers prev\">&laquo; Voriger<\/span>\n<span aria-current=\"page\" class=\"page-numbers current\"><span class=\"elementor-screen-only\">Seite<\/span>1<\/span>\n<a class=\"page-numbers\" href=\"https:\/\/engelgibtesueberall.de\/blog\/wp-json\/wp\/v2\/pages\/28959\/page\/2\/\"><span class=\"elementor-screen-only\">Seite<\/span>2<\/a>\n<a class=\"page-numbers\" href=\"https:\/\/engelgibtesueberall.de\/blog\/wp-json\/wp\/v2\/pages\/28959\/page\/3\/\"><span class=\"elementor-screen-only\">Seite<\/span>3<\/a>\n<a class=\"page-numbers\" href=\"https:\/\/engelgibtesueberall.de\/blog\/wp-json\/wp\/v2\/pages\/28959\/page\/4\/\"><span class=\"elementor-screen-only\">Seite<\/span>4<\/a>\n<a class=\"page-numbers\" href=\"https:\/\/engelgibtesueberall.de\/blog\/wp-json\/wp\/v2\/pages\/28959\/page\/5\/\"><span class=\"elementor-screen-only\">Seite<\/span>5<\/a>\n<a class=\"page-numbers next\" href=\"https:\/\/engelgibtesueberall.de\/blog\/wp-json\/wp\/v2\/pages\/28959\/page\/2\/\">N\u00e4chster &raquo;<\/a>\t\t<\/nav>\n\t\t\t\t\t\t<\/div>\n\t\t\t\t<\/div>\n\t\t\t\t\t<\/div>\n\t\t\t\t<\/div>\n\t\t\t\t<\/div>\n\t\t","protected":false},"excerpt":{"rendered":"","protected":false},"author":6,"featured_media":0,"parent":0,"menu_order":0,"comment_status":"closed","ping_status":"closed","template":"","meta":{"_exactmetrics_skip_tracking":false,"_exactmetrics_sitenote_active":false,"_exactmetrics_sitenote_note":"","_exactmetrics_sitenote_category":0,"footnotes":""},"class_list":["post-28959","page","type-page","status-publish","hentry"],"_links":{"self":[{"href":"https:\/\/engelgibtesueberall.de\/blog\/wp-json\/wp\/v2\/pages\/28959","targetHints":{"allow":["GET"]}}],"collection":[{"href":"https:\/\/engelgibtesueberall.de\/blog\/wp-json\/wp\/v2\/pages"}],"about":[{"href":"https:\/\/engelgibtesueberall.de\/blog\/wp-json\/wp\/v2\/types\/page"}],"author":[{"embeddable":true,"href":"https:\/\/engelgibtesueberall.de\/blog\/wp-json\/wp\/v2\/users\/6"}],"replies":[{"embeddable":true,"href":"https:\/\/engelgibtesueberall.de\/blog\/wp-json\/wp\/v2\/comments?post=28959"}],"version-history":[{"count":3,"href":"https:\/\/engelgibtesueberall.de\/blog\/wp-json\/wp\/v2\/pages\/28959\/revisions"}],"predecessor-version":[{"id":28962,"href":"https:\/\/engelgibtesueberall.de\/blog\/wp-json\/wp\/v2\/pages\/28959\/revisions\/28962"}],"wp:attachment":[{"href":"https:\/\/engelgibtesueberall.de\/blog\/wp-json\/wp\/v2\/media?parent=28959"}],"curies":[{"name":"wp","href":"https:\/\/api.w.org\/{rel}","templated":true}]}}