{"id":28985,"date":"2025-03-07T14:40:00","date_gmt":"2025-03-07T13:40:00","guid":{"rendered":"https:\/\/engelgibtesueberall.de\/blog\/?page_id=28985"},"modified":"2025-03-07T15:54:07","modified_gmt":"2025-03-07T14:54:07","slug":"abschied","status":"publish","type":"page","link":"https:\/\/engelgibtesueberall.de\/blog\/abschied\/","title":{"rendered":"Abschied"},"content":{"rendered":"\t\t<div data-elementor-type=\"wp-page\" data-elementor-id=\"28985\" class=\"elementor elementor-28985\" data-elementor-post-type=\"page\">\n\t\t\t\t<div class=\"elementor-element elementor-element-f80cb4c e-flex e-con-boxed e-con e-parent\" data-id=\"f80cb4c\" data-element_type=\"container\">\n\t\t\t\t\t<div class=\"e-con-inner\">\n\t\t\t\t<div class=\"elementor-element elementor-element-a24d96c elementor-grid-3 elementor-grid-tablet-2 elementor-grid-mobile-1 elementor-posts--thumbnail-top elementor-widget elementor-widget-posts\" data-id=\"a24d96c\" data-element_type=\"widget\" data-settings=\"{&quot;pagination_type&quot;:&quot;numbers_and_prev_next&quot;,&quot;classic_columns&quot;:&quot;3&quot;,&quot;classic_columns_tablet&quot;:&quot;2&quot;,&quot;classic_columns_mobile&quot;:&quot;1&quot;,&quot;classic_row_gap&quot;:{&quot;unit&quot;:&quot;px&quot;,&quot;size&quot;:35,&quot;sizes&quot;:[]},&quot;classic_row_gap_tablet&quot;:{&quot;unit&quot;:&quot;px&quot;,&quot;size&quot;:&quot;&quot;,&quot;sizes&quot;:[]},&quot;classic_row_gap_mobile&quot;:{&quot;unit&quot;:&quot;px&quot;,&quot;size&quot;:&quot;&quot;,&quot;sizes&quot;:[]}}\" data-widget_type=\"posts.classic\">\n\t\t\t\t<div class=\"elementor-widget-container\">\n\t\t\t\t\t\t\t<div class=\"elementor-posts-container elementor-posts elementor-posts--skin-classic elementor-grid\">\n\t\t\t\t<article class=\"elementor-post elementor-grid-item post-28310 post type-post status-publish format-standard has-post-thumbnail hentry category-abschied\">\n\t\t\t\t<a class=\"elementor-post__thumbnail__link\" href=\"https:\/\/engelgibtesueberall.de\/blog\/nachruf-fuer-willi-stenmans\/\" tabindex=\"-1\" >\n\t\t\t<div class=\"elementor-post__thumbnail\"><img decoding=\"async\" width=\"138\" height=\"240\" src=\"https:\/\/engelgibtesueberall.de\/wp-content\/uploads\/2024\/03\/FB_IMG_1710176553756-138x240.jpg\" class=\"attachment-medium size-medium wp-image-28311\" alt=\"\" srcset=\"https:\/\/engelgibtesueberall.de\/wp-content\/uploads\/2024\/03\/FB_IMG_1710176553756-138x240.jpg 138w, https:\/\/engelgibtesueberall.de\/wp-content\/uploads\/2024\/03\/FB_IMG_1710176553756-276x480.jpg 276w, https:\/\/engelgibtesueberall.de\/wp-content\/uploads\/2024\/03\/FB_IMG_1710176553756-768x1334.jpg 768w, https:\/\/engelgibtesueberall.de\/wp-content\/uploads\/2024\/03\/FB_IMG_1710176553756-884x1536.jpg 884w, https:\/\/engelgibtesueberall.de\/wp-content\/uploads\/2024\/03\/FB_IMG_1710176553756.jpg 1080w\" sizes=\"(max-width: 138px) 100vw, 138px\" \/><\/div>\n\t\t<\/a>\n\t\t\t\t<div class=\"elementor-post__text\">\n\t\t\t\t<h3 class=\"elementor-post__title\">\n\t\t\t<a href=\"https:\/\/engelgibtesueberall.de\/blog\/nachruf-fuer-willi-stenmans\/\" >\n\t\t\t\tNachruf f\u00fcr Willi Stenmans\t\t\t<\/a>\n\t\t<\/h3>\n\t\t\t\t<div class=\"elementor-post__meta-data\">\n\t\t\t\t\t<span class=\"elementor-post-date\">\n\t\t\t11. M\u00e4rz 2024\t\t<\/span>\n\t\t\t\t<\/div>\n\t\t\t\t<div class=\"elementor-post__excerpt\">\n\t\t\t<p>Mit schwerem Herzen nehmen wir Abschied von unserem gesch\u00e4tzten Vereinsmitglied Willi Stenmans, der uns am 06.03.2024 f\u00fcr immer verlassen hat. Willi war nicht nur ein<\/p>\n\t\t<\/div>\n\t\t\t\t\t<div class=\"elementor-post__read-more-wrapper\">\n\t\t\n\t\t<a class=\"elementor-post__read-more\" href=\"https:\/\/engelgibtesueberall.de\/blog\/nachruf-fuer-willi-stenmans\/\" aria-label=\"Mehr \u00fcber Nachruf f\u00fcr Willi Stenmans\" tabindex=\"-1\" >\n\t\t\tWeiterlesen \u00bb\t\t<\/a>\n\n\t\t\t\t\t<\/div>\n\t\t\t\t<\/div>\n\t\t\t\t<\/article>\n\t\t\t\t<article class=\"elementor-post elementor-grid-item post-28235 post type-post status-publish format-standard has-post-thumbnail hentry category-abschied\">\n\t\t\t\t<a class=\"elementor-post__thumbnail__link\" href=\"https:\/\/engelgibtesueberall.de\/blog\/nachruf-fuer-gerd-stiepel\/\" tabindex=\"-1\" >\n\t\t\t<div class=\"elementor-post__thumbnail\"><img fetchpriority=\"high\" decoding=\"async\" width=\"320\" height=\"180\" src=\"https:\/\/engelgibtesueberall.de\/wp-content\/uploads\/2024\/01\/man-5640540_1280-320x180.webp\" class=\"attachment-medium size-medium wp-image-28236\" alt=\"\" srcset=\"https:\/\/engelgibtesueberall.de\/wp-content\/uploads\/2024\/01\/man-5640540_1280-320x180.webp 320w, https:\/\/engelgibtesueberall.de\/wp-content\/uploads\/2024\/01\/man-5640540_1280-640x360.webp 640w, https:\/\/engelgibtesueberall.de\/wp-content\/uploads\/2024\/01\/man-5640540_1280-768x432.webp 768w, https:\/\/engelgibtesueberall.de\/wp-content\/uploads\/2024\/01\/man-5640540_1280.webp 1280w\" sizes=\"(max-width: 320px) 100vw, 320px\" \/><\/div>\n\t\t<\/a>\n\t\t\t\t<div class=\"elementor-post__text\">\n\t\t\t\t<h3 class=\"elementor-post__title\">\n\t\t\t<a href=\"https:\/\/engelgibtesueberall.de\/blog\/nachruf-fuer-gerd-stiepel\/\" >\n\t\t\t\tNachruf f\u00fcr Gerd Stiepel\t\t\t<\/a>\n\t\t<\/h3>\n\t\t\t\t<div class=\"elementor-post__meta-data\">\n\t\t\t\t\t<span class=\"elementor-post-date\">\n\t\t\t8. Januar 2024\t\t<\/span>\n\t\t\t\t<\/div>\n\t\t\t\t<div class=\"elementor-post__excerpt\">\n\t\t\t<p>Mit tiefer Trauer und Best\u00fcrzung teilen wir heute den Verlust unseres gesch\u00e4tzten Freundes Gerd Stiepel, Mitglied des Kompetenzteams, mit. Gerd war seit den Anf\u00e4ngen unseres<\/p>\n\t\t<\/div>\n\t\t\t\t\t<div class=\"elementor-post__read-more-wrapper\">\n\t\t\n\t\t<a class=\"elementor-post__read-more\" href=\"https:\/\/engelgibtesueberall.de\/blog\/nachruf-fuer-gerd-stiepel\/\" aria-label=\"Mehr \u00fcber Nachruf f\u00fcr Gerd Stiepel\" tabindex=\"-1\" >\n\t\t\tWeiterlesen \u00bb\t\t<\/a>\n\n\t\t\t\t\t<\/div>\n\t\t\t\t<\/div>\n\t\t\t\t<\/article>\n\t\t\t\t<article class=\"elementor-post elementor-grid-item post-20806 post type-post status-publish format-standard has-post-thumbnail hentry category-abschied tag-beerdigung tag-spende tag-spenden tag-todesfall\">\n\t\t\t\t<a class=\"elementor-post__thumbnail__link\" href=\"https:\/\/engelgibtesueberall.de\/blog\/und-ploetzlich-war-der-weg-zu-ende-aber-die-erinnerung-die-bleibt\/\" tabindex=\"-1\" >\n\t\t\t<div class=\"elementor-post__thumbnail\"><img decoding=\"async\" width=\"320\" height=\"207\" src=\"https:\/\/engelgibtesueberall.de\/wp-content\/uploads\/2019\/11\/broken-bridge-320x207.jpg\" class=\"attachment-medium size-medium wp-image-20807\" alt=\"\" srcset=\"https:\/\/engelgibtesueberall.de\/wp-content\/uploads\/2019\/11\/broken-bridge-320x207.jpg 320w, https:\/\/engelgibtesueberall.de\/wp-content\/uploads\/2019\/11\/broken-bridge-768x497.jpg 768w, https:\/\/engelgibtesueberall.de\/wp-content\/uploads\/2019\/11\/broken-bridge-640x414.jpg 640w\" sizes=\"(max-width: 320px) 100vw, 320px\" \/><\/div>\n\t\t<\/a>\n\t\t\t\t<div class=\"elementor-post__text\">\n\t\t\t\t<h3 class=\"elementor-post__title\">\n\t\t\t<a href=\"https:\/\/engelgibtesueberall.de\/blog\/und-ploetzlich-war-der-weg-zu-ende-aber-die-erinnerung-die-bleibt\/\" >\n\t\t\t\tUnd pl\u00f6tzlich war der Weg zu Ende, aber die Erinnerung, die bleibt.\t\t\t<\/a>\n\t\t<\/h3>\n\t\t\t\t<div class=\"elementor-post__meta-data\">\n\t\t\t\t\t<span class=\"elementor-post-date\">\n\t\t\t21. November 2019\t\t<\/span>\n\t\t\t\t<\/div>\n\t\t\t\t<div class=\"elementor-post__excerpt\">\n\t\t\t<p>Vor einigen Wochen bekam ich einen Anruf, von einer Dame, die eine liebe Freundin pl\u00f6tzlich und unerwartet verloren hat. Statt Blumen und Kr\u00e4nze zur Beerdigung<\/p>\n\t\t<\/div>\n\t\t\t\t\t<div class=\"elementor-post__read-more-wrapper\">\n\t\t\n\t\t<a class=\"elementor-post__read-more\" href=\"https:\/\/engelgibtesueberall.de\/blog\/und-ploetzlich-war-der-weg-zu-ende-aber-die-erinnerung-die-bleibt\/\" aria-label=\"Mehr \u00fcber Und pl\u00f6tzlich war der Weg zu Ende, aber die Erinnerung, die bleibt.\" tabindex=\"-1\" >\n\t\t\tWeiterlesen \u00bb\t\t<\/a>\n\n\t\t\t\t\t<\/div>\n\t\t\t\t<\/div>\n\t\t\t\t<\/article>\n\t\t\t\t<article class=\"elementor-post elementor-grid-item post-20733 post type-post status-publish format-standard has-post-thumbnail hentry category-abschied tag-blumen tag-spende tag-trauer\">\n\t\t\t\t<a class=\"elementor-post__thumbnail__link\" href=\"https:\/\/engelgibtesueberall.de\/blog\/wir-sind-tief-bewegt-ueber-diese-grosszuegigkeit-in-der-groessten-trauer\/\" tabindex=\"-1\" >\n\t\t\t<div class=\"elementor-post__thumbnail\"><img loading=\"lazy\" decoding=\"async\" width=\"259\" height=\"194\" src=\"https:\/\/engelgibtesueberall.de\/wp-content\/uploads\/2019\/07\/Calla.jpg\" class=\"attachment-medium size-medium wp-image-20735\" alt=\"\" srcset=\"https:\/\/engelgibtesueberall.de\/wp-content\/uploads\/2019\/07\/Calla.jpg 259w, https:\/\/engelgibtesueberall.de\/wp-content\/uploads\/2019\/07\/Calla-138x104.jpg 138w\" sizes=\"(max-width: 259px) 100vw, 259px\" \/><\/div>\n\t\t<\/a>\n\t\t\t\t<div class=\"elementor-post__text\">\n\t\t\t\t<h3 class=\"elementor-post__title\">\n\t\t\t<a href=\"https:\/\/engelgibtesueberall.de\/blog\/wir-sind-tief-bewegt-ueber-diese-grosszuegigkeit-in-der-groessten-trauer\/\" >\n\t\t\t\tWir sind tief bewegt \u00fcber diese Gro\u00dfz\u00fcgigkeit in der gr\u00f6\u00dften Trauer.\t\t\t<\/a>\n\t\t<\/h3>\n\t\t\t\t<div class=\"elementor-post__meta-data\">\n\t\t\t\t\t<span class=\"elementor-post-date\">\n\t\t\t1. Juli 2019\t\t<\/span>\n\t\t\t\t<\/div>\n\t\t\t\t<div class=\"elementor-post__excerpt\">\n\t\t\t<p>Bei der Durchsicht unserer Kontoausz\u00fcge traute ich meinen Augen kaum. Ich habe eine Menge \u00dcberweisungen vorgefunden (insgesamt fast 1000 Euro!!!) gespendet aus einem traurigen Anlass<\/p>\n\t\t<\/div>\n\t\t\t\t\t<div class=\"elementor-post__read-more-wrapper\">\n\t\t\n\t\t<a class=\"elementor-post__read-more\" href=\"https:\/\/engelgibtesueberall.de\/blog\/wir-sind-tief-bewegt-ueber-diese-grosszuegigkeit-in-der-groessten-trauer\/\" aria-label=\"Mehr \u00fcber Wir sind tief bewegt \u00fcber diese Gro\u00dfz\u00fcgigkeit in der gr\u00f6\u00dften Trauer.\" tabindex=\"-1\" >\n\t\t\tWeiterlesen \u00bb\t\t<\/a>\n\n\t\t\t\t\t<\/div>\n\t\t\t\t<\/div>\n\t\t\t\t<\/article>\n\t\t\t\t<article class=\"elementor-post elementor-grid-item post-3180 post type-post status-publish format-standard has-post-thumbnail hentry category-abschied\">\n\t\t\t\t<a class=\"elementor-post__thumbnail__link\" href=\"https:\/\/engelgibtesueberall.de\/blog\/wir-haben-einen-engagierten-forderer-und-sehr-guten-freund-verloren\/\" tabindex=\"-1\" >\n\t\t\t<div class=\"elementor-post__thumbnail\"><img loading=\"lazy\" decoding=\"async\" width=\"1\" height=\"1\" src=\"https:\/\/engelgibtesueberall.de\/wp-content\/uploads\/2013\/09\/Artikelbild.jpg\" class=\"attachment-medium size-medium wp-image-3188\" alt=\"\" \/><\/div>\n\t\t<\/a>\n\t\t\t\t<div class=\"elementor-post__text\">\n\t\t\t\t<h3 class=\"elementor-post__title\">\n\t\t\t<a href=\"https:\/\/engelgibtesueberall.de\/blog\/wir-haben-einen-engagierten-forderer-und-sehr-guten-freund-verloren\/\" >\n\t\t\t\tWir haben einen engagierten F\u00f6rderer und sehr guten Freund verloren\t\t\t<\/a>\n\t\t<\/h3>\n\t\t\t\t<div class=\"elementor-post__meta-data\">\n\t\t\t\t\t<span class=\"elementor-post-date\">\n\t\t\t23. September 2013\t\t<\/span>\n\t\t\t\t<\/div>\n\t\t\t\t<div class=\"elementor-post__excerpt\">\n\t\t\t<p>Von der ersten Stunde an war der Grafiker Axel Krause ein engagierter F&ouml;rderer des Vereins &bdquo;Engel gibt es &uuml;berall e.V.&ldquo; Doch er war f&uuml;r uns<\/p>\n\t\t<\/div>\n\t\t\t\t\t<div class=\"elementor-post__read-more-wrapper\">\n\t\t\n\t\t<a class=\"elementor-post__read-more\" href=\"https:\/\/engelgibtesueberall.de\/blog\/wir-haben-einen-engagierten-forderer-und-sehr-guten-freund-verloren\/\" aria-label=\"Mehr \u00fcber Wir haben einen engagierten F\u00f6rderer und sehr guten Freund verloren\" tabindex=\"-1\" >\n\t\t\tWeiterlesen \u00bb\t\t<\/a>\n\n\t\t\t\t\t<\/div>\n\t\t\t\t<\/div>\n\t\t\t\t<\/article>\n\t\t\t\t<\/div>\n\t\t\n\t\t\t\t\t\t<\/div>\n\t\t\t\t<\/div>\n\t\t\t\t\t<\/div>\n\t\t\t\t<\/div>\n\t\t\t\t<\/div>\n\t\t","protected":false},"excerpt":{"rendered":"","protected":false},"author":6,"featured_media":0,"parent":0,"menu_order":0,"comment_status":"closed","ping_status":"closed","template":"","meta":{"_exactmetrics_skip_tracking":false,"_exactmetrics_sitenote_active":false,"_exactmetrics_sitenote_note":"","_exactmetrics_sitenote_category":0,"footnotes":""},"class_list":["post-28985","page","type-page","status-publish","hentry"],"_links":{"self":[{"href":"https:\/\/engelgibtesueberall.de\/blog\/wp-json\/wp\/v2\/pages\/28985","targetHints":{"allow":["GET"]}}],"collection":[{"href":"https:\/\/engelgibtesueberall.de\/blog\/wp-json\/wp\/v2\/pages"}],"about":[{"href":"https:\/\/engelgibtesueberall.de\/blog\/wp-json\/wp\/v2\/types\/page"}],"author":[{"embeddable":true,"href":"https:\/\/engelgibtesueberall.de\/blog\/wp-json\/wp\/v2\/users\/6"}],"replies":[{"embeddable":true,"href":"https:\/\/engelgibtesueberall.de\/blog\/wp-json\/wp\/v2\/comments?post=28985"}],"version-history":[{"count":4,"href":"https:\/\/engelgibtesueberall.de\/blog\/wp-json\/wp\/v2\/pages\/28985\/revisions"}],"predecessor-version":[{"id":29094,"href":"https:\/\/engelgibtesueberall.de\/blog\/wp-json\/wp\/v2\/pages\/28985\/revisions\/29094"}],"wp:attachment":[{"href":"https:\/\/engelgibtesueberall.de\/blog\/wp-json\/wp\/v2\/media?parent=28985"}],"curies":[{"name":"wp","href":"https:\/\/api.w.org\/{rel}","templated":true}]}}