{"id":28987,"date":"2025-03-07T14:40:16","date_gmt":"2025-03-07T13:40:16","guid":{"rendered":"https:\/\/engelgibtesueberall.de\/blog\/?page_id=28987"},"modified":"2025-03-07T15:55:13","modified_gmt":"2025-03-07T14:55:13","slug":"ehrungen-danke","status":"publish","type":"page","link":"https:\/\/engelgibtesueberall.de\/blog\/ehrungen-danke\/","title":{"rendered":"Ehrungen\/Danke"},"content":{"rendered":"\t\t<div data-elementor-type=\"wp-page\" data-elementor-id=\"28987\" class=\"elementor elementor-28987\" data-elementor-post-type=\"page\">\n\t\t\t\t<div class=\"elementor-element elementor-element-aebdfb4 e-flex e-con-boxed e-con e-parent\" data-id=\"aebdfb4\" data-element_type=\"container\">\n\t\t\t\t\t<div class=\"e-con-inner\">\n\t\t\t\t<div class=\"elementor-element elementor-element-312de1c elementor-grid-3 elementor-grid-tablet-2 elementor-grid-mobile-1 elementor-posts--thumbnail-top elementor-widget elementor-widget-posts\" data-id=\"312de1c\" data-element_type=\"widget\" data-settings=\"{&quot;pagination_type&quot;:&quot;numbers_and_prev_next&quot;,&quot;classic_columns&quot;:&quot;3&quot;,&quot;classic_columns_tablet&quot;:&quot;2&quot;,&quot;classic_columns_mobile&quot;:&quot;1&quot;,&quot;classic_row_gap&quot;:{&quot;unit&quot;:&quot;px&quot;,&quot;size&quot;:35,&quot;sizes&quot;:[]},&quot;classic_row_gap_tablet&quot;:{&quot;unit&quot;:&quot;px&quot;,&quot;size&quot;:&quot;&quot;,&quot;sizes&quot;:[]},&quot;classic_row_gap_mobile&quot;:{&quot;unit&quot;:&quot;px&quot;,&quot;size&quot;:&quot;&quot;,&quot;sizes&quot;:[]}}\" data-widget_type=\"posts.classic\">\n\t\t\t\t<div class=\"elementor-widget-container\">\n\t\t\t\t\t\t\t<div class=\"elementor-posts-container elementor-posts elementor-posts--skin-classic elementor-grid\">\n\t\t\t\t<article class=\"elementor-post elementor-grid-item post-28035 post type-post status-publish format-standard has-post-thumbnail hentry category-ehrungen\">\n\t\t\t\t<a class=\"elementor-post__thumbnail__link\" href=\"https:\/\/engelgibtesueberall.de\/blog\/wir-sagen-danke\/\" tabindex=\"-1\" >\n\t\t\t<div class=\"elementor-post__thumbnail\"><img decoding=\"async\" width=\"320\" height=\"146\" src=\"https:\/\/engelgibtesueberall.de\/wp-content\/uploads\/2022\/12\/IMG-20221215-WA0001-320x146.jpg\" class=\"attachment-medium size-medium wp-image-28037\" alt=\"\" srcset=\"https:\/\/engelgibtesueberall.de\/wp-content\/uploads\/2022\/12\/IMG-20221215-WA0001-320x146.jpg 320w, https:\/\/engelgibtesueberall.de\/wp-content\/uploads\/2022\/12\/IMG-20221215-WA0001-640x292.jpg 640w, https:\/\/engelgibtesueberall.de\/wp-content\/uploads\/2022\/12\/IMG-20221215-WA0001-768x351.jpg 768w, https:\/\/engelgibtesueberall.de\/wp-content\/uploads\/2022\/12\/IMG-20221215-WA0001-1536x701.jpg 1536w, https:\/\/engelgibtesueberall.de\/wp-content\/uploads\/2022\/12\/IMG-20221215-WA0001.jpg 2048w\" sizes=\"(max-width: 320px) 100vw, 320px\" \/><\/div>\n\t\t<\/a>\n\t\t\t\t<div class=\"elementor-post__text\">\n\t\t\t\t<h3 class=\"elementor-post__title\">\n\t\t\t<a href=\"https:\/\/engelgibtesueberall.de\/blog\/wir-sagen-danke\/\" >\n\t\t\t\tWir sagen DANKE!\t\t\t<\/a>\n\t\t<\/h3>\n\t\t\t\t<div class=\"elementor-post__meta-data\">\n\t\t\t\t\t<span class=\"elementor-post-date\">\n\t\t\t17. Dezember 2022\t\t<\/span>\n\t\t\t\t<\/div>\n\t\t\t\t<div class=\"elementor-post__excerpt\">\n\t\t\t<p>Liebe Freunde und Unterst\u00fctzer, das Jahr neigt sich mit gro\u00dfen Schritten dem Ende entgegen und in wenigen Tagen ist schon Weihnachten. Dies nehmen wir zum<\/p>\n\t\t<\/div>\n\t\t\t\t\t<div class=\"elementor-post__read-more-wrapper\">\n\t\t\n\t\t<a class=\"elementor-post__read-more\" href=\"https:\/\/engelgibtesueberall.de\/blog\/wir-sagen-danke\/\" aria-label=\"Mehr \u00fcber Wir sagen DANKE!\" tabindex=\"-1\" >\n\t\t\tWeiterlesen \u00bb\t\t<\/a>\n\n\t\t\t\t\t<\/div>\n\t\t\t\t<\/div>\n\t\t\t\t<\/article>\n\t\t\t\t<article class=\"elementor-post elementor-grid-item post-27961 post type-post status-publish format-standard has-post-thumbnail hentry category-ehrungen category-fluechtlingshilfen\">\n\t\t\t\t<a class=\"elementor-post__thumbnail__link\" href=\"https:\/\/engelgibtesueberall.de\/blog\/unterstuetzung-fuer-unseren-silber-engel\/\" tabindex=\"-1\" >\n\t\t\t<div class=\"elementor-post__thumbnail\"><img fetchpriority=\"high\" decoding=\"async\" width=\"247\" height=\"240\" src=\"https:\/\/engelgibtesueberall.de\/wp-content\/uploads\/2022\/06\/FB_IMG_1655752810838-247x240.jpg\" class=\"attachment-medium size-medium wp-image-27962\" alt=\"\" srcset=\"https:\/\/engelgibtesueberall.de\/wp-content\/uploads\/2022\/06\/FB_IMG_1655752810838-247x240.jpg 247w, https:\/\/engelgibtesueberall.de\/wp-content\/uploads\/2022\/06\/FB_IMG_1655752810838-494x480.jpg 494w, https:\/\/engelgibtesueberall.de\/wp-content\/uploads\/2022\/06\/FB_IMG_1655752810838.jpg 639w\" sizes=\"(max-width: 247px) 100vw, 247px\" \/><\/div>\n\t\t<\/a>\n\t\t\t\t<div class=\"elementor-post__text\">\n\t\t\t\t<h3 class=\"elementor-post__title\">\n\t\t\t<a href=\"https:\/\/engelgibtesueberall.de\/blog\/unterstuetzung-fuer-unseren-silber-engel\/\" >\n\t\t\t\tUnterst\u00fctzung f\u00fcr unseren &#8222;Silber-Engel&#8220;\t\t\t<\/a>\n\t\t<\/h3>\n\t\t\t\t<div class=\"elementor-post__meta-data\">\n\t\t\t\t\t<span class=\"elementor-post-date\">\n\t\t\t20. Juni 2022\t\t<\/span>\n\t\t\t\t<\/div>\n\t\t\t\t<div class=\"elementor-post__excerpt\">\n\t\t\t<p>Klaus-Uwe Dommert hat bereits f\u00fcr sein besonderes Engagement einen &#8222;Silber-Engel&#8220; von uns verliehen bekommen. Dabei k\u00fcmmert er sich um Fl\u00fcchtlingsfamilien in Kevelaer und hilft ihnen,<\/p>\n\t\t<\/div>\n\t\t\t\t\t<div class=\"elementor-post__read-more-wrapper\">\n\t\t\n\t\t<a class=\"elementor-post__read-more\" href=\"https:\/\/engelgibtesueberall.de\/blog\/unterstuetzung-fuer-unseren-silber-engel\/\" aria-label=\"Mehr \u00fcber Unterst\u00fctzung f\u00fcr unseren &#8222;Silber-Engel&#8220;\" tabindex=\"-1\" >\n\t\t\tWeiterlesen \u00bb\t\t<\/a>\n\n\t\t\t\t\t<\/div>\n\t\t\t\t<\/div>\n\t\t\t\t<\/article>\n\t\t\t\t<article class=\"elementor-post elementor-grid-item post-27904 post type-post status-publish format-standard has-post-thumbnail hentry category-ehrungen category-presse\">\n\t\t\t\t<a class=\"elementor-post__thumbnail__link\" href=\"https:\/\/engelgibtesueberall.de\/blog\/berichterstattungen-zu-der-verleihung-von-silberengeln\/\" tabindex=\"-1\" >\n\t\t\t<div class=\"elementor-post__thumbnail\"><img decoding=\"async\" width=\"272\" height=\"240\" src=\"https:\/\/engelgibtesueberall.de\/wp-content\/uploads\/2021\/12\/FB_IMG_1640276285546-272x240.jpg\" class=\"attachment-medium size-medium wp-image-27897\" alt=\"\" srcset=\"https:\/\/engelgibtesueberall.de\/wp-content\/uploads\/2021\/12\/FB_IMG_1640276285546-272x240.jpg 272w, https:\/\/engelgibtesueberall.de\/wp-content\/uploads\/2021\/12\/FB_IMG_1640276285546-545x480.jpg 545w, https:\/\/engelgibtesueberall.de\/wp-content\/uploads\/2021\/12\/FB_IMG_1640276285546-768x677.jpg 768w, https:\/\/engelgibtesueberall.de\/wp-content\/uploads\/2021\/12\/FB_IMG_1640276285546.jpg 1080w\" sizes=\"(max-width: 272px) 100vw, 272px\" \/><\/div>\n\t\t<\/a>\n\t\t\t\t<div class=\"elementor-post__text\">\n\t\t\t\t<h3 class=\"elementor-post__title\">\n\t\t\t<a href=\"https:\/\/engelgibtesueberall.de\/blog\/berichterstattungen-zu-der-verleihung-von-silberengeln\/\" >\n\t\t\t\tBerichterstattungen zu der Verleihung von Silberengeln\t\t\t<\/a>\n\t\t<\/h3>\n\t\t\t\t<div class=\"elementor-post__meta-data\">\n\t\t\t\t\t<span class=\"elementor-post-date\">\n\t\t\t7. Januar 2022\t\t<\/span>\n\t\t\t\t<\/div>\n\t\t\t\t<div class=\"elementor-post__excerpt\">\n\t\t\t<p>Die Verleihung der Silberengel war f\u00fcr die Empf\u00e4nger etwas ganz besonderes! Hier erhaltet Ihr eine \u00dcbersicht der Berichterstattungen: Ursprungsbericht zu der Verleihung der Silberengel Beitrag<\/p>\n\t\t<\/div>\n\t\t\t\t\t<div class=\"elementor-post__read-more-wrapper\">\n\t\t\n\t\t<a class=\"elementor-post__read-more\" href=\"https:\/\/engelgibtesueberall.de\/blog\/berichterstattungen-zu-der-verleihung-von-silberengeln\/\" aria-label=\"Mehr \u00fcber Berichterstattungen zu der Verleihung von Silberengeln\" tabindex=\"-1\" >\n\t\t\tWeiterlesen \u00bb\t\t<\/a>\n\n\t\t\t\t\t<\/div>\n\t\t\t\t<\/div>\n\t\t\t\t<\/article>\n\t\t\t\t<article class=\"elementor-post elementor-grid-item post-27893 post type-post status-publish format-standard has-post-thumbnail hentry category-ehrungen\">\n\t\t\t\t<a class=\"elementor-post__thumbnail__link\" href=\"https:\/\/engelgibtesueberall.de\/blog\/verleihung-von-silberengeln\/\" tabindex=\"-1\" >\n\t\t\t<div class=\"elementor-post__thumbnail\"><img loading=\"lazy\" decoding=\"async\" width=\"240\" height=\"240\" src=\"https:\/\/engelgibtesueberall.de\/wp-content\/uploads\/2021\/12\/20211223_172017-240x240.jpg\" class=\"attachment-medium size-medium wp-image-27898\" alt=\"\" srcset=\"https:\/\/engelgibtesueberall.de\/wp-content\/uploads\/2021\/12\/20211223_172017-240x240.jpg 240w, https:\/\/engelgibtesueberall.de\/wp-content\/uploads\/2021\/12\/20211223_172017-480x480.jpg 480w, https:\/\/engelgibtesueberall.de\/wp-content\/uploads\/2021\/12\/20211223_172017-768x768.jpg 768w, https:\/\/engelgibtesueberall.de\/wp-content\/uploads\/2021\/12\/20211223_172017.jpg 1080w\" sizes=\"(max-width: 240px) 100vw, 240px\" \/><\/div>\n\t\t<\/a>\n\t\t\t\t<div class=\"elementor-post__text\">\n\t\t\t\t<h3 class=\"elementor-post__title\">\n\t\t\t<a href=\"https:\/\/engelgibtesueberall.de\/blog\/verleihung-von-silberengeln\/\" >\n\t\t\t\tVerleihung von Silberengeln\t\t\t<\/a>\n\t\t<\/h3>\n\t\t\t\t<div class=\"elementor-post__meta-data\">\n\t\t\t\t\t<span class=\"elementor-post-date\">\n\t\t\t23. Dezember 2021\t\t<\/span>\n\t\t\t\t<\/div>\n\t\t\t\t<div class=\"elementor-post__excerpt\">\n\t\t\t<p>&nbsp; &nbsp; &nbsp; Ein etwas anderes Weihnachtsgeschenk &#8230; aber dennoch voller \u00dcberraschungen &#8230;. &nbsp; Unsere besondere Wertsch\u00e4tzung wollten wir sichtbar machen und haben in limitierter<\/p>\n\t\t<\/div>\n\t\t\t\t\t<div class=\"elementor-post__read-more-wrapper\">\n\t\t\n\t\t<a class=\"elementor-post__read-more\" href=\"https:\/\/engelgibtesueberall.de\/blog\/verleihung-von-silberengeln\/\" aria-label=\"Mehr \u00fcber Verleihung von Silberengeln\" tabindex=\"-1\" >\n\t\t\tWeiterlesen \u00bb\t\t<\/a>\n\n\t\t\t\t\t<\/div>\n\t\t\t\t<\/div>\n\t\t\t\t<\/article>\n\t\t\t\t<article class=\"elementor-post elementor-grid-item post-27856 post type-post status-publish format-standard has-post-thumbnail hentry category-ehrungen category-presse\">\n\t\t\t\t<a class=\"elementor-post__thumbnail__link\" href=\"https:\/\/engelgibtesueberall.de\/blog\/rheinische-post-berichtet-ueber-langjaehrige-ehrenamtlichen-taetigkeiten-von-ingrid-stermann\/\" tabindex=\"-1\" >\n\t\t\t<div class=\"elementor-post__thumbnail\"><img loading=\"lazy\" decoding=\"async\" width=\"240\" height=\"240\" src=\"https:\/\/engelgibtesueberall.de\/wp-content\/uploads\/2021\/11\/IMG_20211123_202820_265-240x240.jpg\" class=\"attachment-medium size-medium wp-image-27858\" alt=\"\" srcset=\"https:\/\/engelgibtesueberall.de\/wp-content\/uploads\/2021\/11\/IMG_20211123_202820_265-240x240.jpg 240w, https:\/\/engelgibtesueberall.de\/wp-content\/uploads\/2021\/11\/IMG_20211123_202820_265-480x480.jpg 480w, https:\/\/engelgibtesueberall.de\/wp-content\/uploads\/2021\/11\/IMG_20211123_202820_265-768x768.jpg 768w, https:\/\/engelgibtesueberall.de\/wp-content\/uploads\/2021\/11\/IMG_20211123_202820_265.jpg 1055w\" sizes=\"(max-width: 240px) 100vw, 240px\" \/><\/div>\n\t\t<\/a>\n\t\t\t\t<div class=\"elementor-post__text\">\n\t\t\t\t<h3 class=\"elementor-post__title\">\n\t\t\t<a href=\"https:\/\/engelgibtesueberall.de\/blog\/rheinische-post-berichtet-ueber-langjaehrige-ehrenamtlichen-taetigkeiten-von-ingrid-stermann\/\" >\n\t\t\t\tRheinische Post berichtet \u00fcber langj\u00e4hrige ehrenamtliche T\u00e4tigkeiten von Ingrid Stermann\t\t\t<\/a>\n\t\t<\/h3>\n\t\t\t\t<div class=\"elementor-post__meta-data\">\n\t\t\t\t\t<span class=\"elementor-post-date\">\n\t\t\t23. November 2021\t\t<\/span>\n\t\t\t\t<\/div>\n\t\t\t\t<div class=\"elementor-post__excerpt\">\n\t\t\t<p>Einen tollen Beitrag \u00fcber die langj\u00e4hrigen ehrenamtlichen T\u00e4tigkeiten unserer Vorsitzenden Ingrid Stermann k\u00f6nnt ihr hier in der RP lesen. Es ist einfach Klasse auf welche<\/p>\n\t\t<\/div>\n\t\t\t\t\t<div class=\"elementor-post__read-more-wrapper\">\n\t\t\n\t\t<a class=\"elementor-post__read-more\" href=\"https:\/\/engelgibtesueberall.de\/blog\/rheinische-post-berichtet-ueber-langjaehrige-ehrenamtlichen-taetigkeiten-von-ingrid-stermann\/\" aria-label=\"Mehr \u00fcber Rheinische Post berichtet \u00fcber langj\u00e4hrige ehrenamtliche T\u00e4tigkeiten von Ingrid Stermann\" tabindex=\"-1\" >\n\t\t\tWeiterlesen \u00bb\t\t<\/a>\n\n\t\t\t\t\t<\/div>\n\t\t\t\t<\/div>\n\t\t\t\t<\/article>\n\t\t\t\t<article class=\"elementor-post elementor-grid-item post-27730 post type-post status-publish format-standard has-post-thumbnail hentry category-ehrungen\">\n\t\t\t\t<a class=\"elementor-post__thumbnail__link\" href=\"https:\/\/engelgibtesueberall.de\/blog\/ein-dank-zum-jahresende\/\" tabindex=\"-1\" >\n\t\t\t<div class=\"elementor-post__thumbnail\"><img loading=\"lazy\" decoding=\"async\" width=\"320\" height=\"213\" src=\"https:\/\/engelgibtesueberall.de\/wp-content\/uploads\/2021\/01\/IMG_20210104_183135_330-320x213.jpg\" class=\"attachment-medium size-medium wp-image-27731\" alt=\"\" srcset=\"https:\/\/engelgibtesueberall.de\/wp-content\/uploads\/2021\/01\/IMG_20210104_183135_330-320x213.jpg 320w, https:\/\/engelgibtesueberall.de\/wp-content\/uploads\/2021\/01\/IMG_20210104_183135_330.jpg 640w\" sizes=\"(max-width: 320px) 100vw, 320px\" \/><\/div>\n\t\t<\/a>\n\t\t\t\t<div class=\"elementor-post__text\">\n\t\t\t\t<h3 class=\"elementor-post__title\">\n\t\t\t<a href=\"https:\/\/engelgibtesueberall.de\/blog\/ein-dank-zum-jahresende\/\" >\n\t\t\t\tEin Dank zum Jahresende!\t\t\t<\/a>\n\t\t<\/h3>\n\t\t\t\t<div class=\"elementor-post__meta-data\">\n\t\t\t\t\t<span class=\"elementor-post-date\">\n\t\t\t4. Januar 2021\t\t<\/span>\n\t\t\t\t<\/div>\n\t\t\t\t<div class=\"elementor-post__excerpt\">\n\t\t\t<p>Ein ereignisreiches und arbeitsintensives Jahr neigt sich dem Ende entgegen. Dies m\u00f6chte ich zum Anlass nehmen um mich bei einem ganz besonderen Menschen zu bedanken,<\/p>\n\t\t<\/div>\n\t\t\t\t\t<div class=\"elementor-post__read-more-wrapper\">\n\t\t\n\t\t<a class=\"elementor-post__read-more\" href=\"https:\/\/engelgibtesueberall.de\/blog\/ein-dank-zum-jahresende\/\" aria-label=\"Mehr \u00fcber Ein Dank zum Jahresende!\" tabindex=\"-1\" >\n\t\t\tWeiterlesen \u00bb\t\t<\/a>\n\n\t\t\t\t\t<\/div>\n\t\t\t\t<\/div>\n\t\t\t\t<\/article>\n\t\t\t\t<\/div>\n\t\t\n\t\t\t\t<div class=\"e-load-more-anchor\" data-page=\"1\" data-max-page=\"3\" data-next-page=\"https:\/\/engelgibtesueberall.de\/blog\/wp-json\/wp\/v2\/pages\/28987\/page\/2\/\"><\/div>\n\t\t\t\t<nav class=\"elementor-pagination\" aria-label=\"Seitennummerierung\">\n\t\t\t<span class=\"page-numbers prev\">&laquo; Voriger<\/span>\n<span aria-current=\"page\" class=\"page-numbers current\"><span class=\"elementor-screen-only\">Seite<\/span>1<\/span>\n<a class=\"page-numbers\" href=\"https:\/\/engelgibtesueberall.de\/blog\/wp-json\/wp\/v2\/pages\/28987\/page\/2\/\"><span class=\"elementor-screen-only\">Seite<\/span>2<\/a>\n<a class=\"page-numbers\" href=\"https:\/\/engelgibtesueberall.de\/blog\/wp-json\/wp\/v2\/pages\/28987\/page\/3\/\"><span class=\"elementor-screen-only\">Seite<\/span>3<\/a>\n<a class=\"page-numbers next\" href=\"https:\/\/engelgibtesueberall.de\/blog\/wp-json\/wp\/v2\/pages\/28987\/page\/2\/\">N\u00e4chster &raquo;<\/a>\t\t<\/nav>\n\t\t\t\t\t\t<\/div>\n\t\t\t\t<\/div>\n\t\t\t\t\t<\/div>\n\t\t\t\t<\/div>\n\t\t\t\t<\/div>\n\t\t","protected":false},"excerpt":{"rendered":"","protected":false},"author":6,"featured_media":0,"parent":0,"menu_order":0,"comment_status":"closed","ping_status":"closed","template":"","meta":{"_exactmetrics_skip_tracking":false,"_exactmetrics_sitenote_active":false,"_exactmetrics_sitenote_note":"","_exactmetrics_sitenote_category":0,"footnotes":""},"class_list":["post-28987","page","type-page","status-publish","hentry"],"_links":{"self":[{"href":"https:\/\/engelgibtesueberall.de\/blog\/wp-json\/wp\/v2\/pages\/28987","targetHints":{"allow":["GET"]}}],"collection":[{"href":"https:\/\/engelgibtesueberall.de\/blog\/wp-json\/wp\/v2\/pages"}],"about":[{"href":"https:\/\/engelgibtesueberall.de\/blog\/wp-json\/wp\/v2\/types\/page"}],"author":[{"embeddable":true,"href":"https:\/\/engelgibtesueberall.de\/blog\/wp-json\/wp\/v2\/users\/6"}],"replies":[{"embeddable":true,"href":"https:\/\/engelgibtesueberall.de\/blog\/wp-json\/wp\/v2\/comments?post=28987"}],"version-history":[{"count":4,"href":"https:\/\/engelgibtesueberall.de\/blog\/wp-json\/wp\/v2\/pages\/28987\/revisions"}],"predecessor-version":[{"id":29097,"href":"https:\/\/engelgibtesueberall.de\/blog\/wp-json\/wp\/v2\/pages\/28987\/revisions\/29097"}],"wp:attachment":[{"href":"https:\/\/engelgibtesueberall.de\/blog\/wp-json\/wp\/v2\/media?parent=28987"}],"curies":[{"name":"wp","href":"https:\/\/api.w.org\/{rel}","templated":true}]}}