{"id":28989,"date":"2025-03-07T14:40:45","date_gmt":"2025-03-07T13:40:45","guid":{"rendered":"https:\/\/engelgibtesueberall.de\/blog\/?page_id=28989"},"modified":"2025-03-07T15:58:06","modified_gmt":"2025-03-07T14:58:06","slug":"presse","status":"publish","type":"page","link":"https:\/\/engelgibtesueberall.de\/blog\/presse\/","title":{"rendered":"Presse"},"content":{"rendered":"\t\t<div data-elementor-type=\"wp-page\" data-elementor-id=\"28989\" class=\"elementor elementor-28989\" data-elementor-post-type=\"page\">\n\t\t\t\t<div class=\"elementor-element elementor-element-e0f9593 e-flex e-con-boxed e-con e-parent\" data-id=\"e0f9593\" data-element_type=\"container\">\n\t\t\t\t\t<div class=\"e-con-inner\">\n\t\t\t\t<div class=\"elementor-element elementor-element-935ad9a elementor-grid-3 elementor-grid-tablet-2 elementor-grid-mobile-1 elementor-posts--thumbnail-top elementor-widget elementor-widget-posts\" data-id=\"935ad9a\" data-element_type=\"widget\" data-settings=\"{&quot;pagination_type&quot;:&quot;numbers_and_prev_next&quot;,&quot;classic_columns&quot;:&quot;3&quot;,&quot;classic_columns_tablet&quot;:&quot;2&quot;,&quot;classic_columns_mobile&quot;:&quot;1&quot;,&quot;classic_row_gap&quot;:{&quot;unit&quot;:&quot;px&quot;,&quot;size&quot;:35,&quot;sizes&quot;:[]},&quot;classic_row_gap_tablet&quot;:{&quot;unit&quot;:&quot;px&quot;,&quot;size&quot;:&quot;&quot;,&quot;sizes&quot;:[]},&quot;classic_row_gap_mobile&quot;:{&quot;unit&quot;:&quot;px&quot;,&quot;size&quot;:&quot;&quot;,&quot;sizes&quot;:[]}}\" data-widget_type=\"posts.classic\">\n\t\t\t\t<div class=\"elementor-widget-container\">\n\t\t\t\t\t\t\t<div class=\"elementor-posts-container elementor-posts elementor-posts--skin-classic elementor-grid\">\n\t\t\t\t<article class=\"elementor-post elementor-grid-item post-28455 post type-post status-publish format-standard has-post-thumbnail hentry category-kulturkirche-liebfrauen-2024 category-presse\">\n\t\t\t\t<a class=\"elementor-post__thumbnail__link\" href=\"https:\/\/engelgibtesueberall.de\/blog\/28455-2\/\" tabindex=\"-1\" >\n\t\t\t<div class=\"elementor-post__thumbnail\"><img fetchpriority=\"high\" decoding=\"async\" width=\"240\" height=\"240\" src=\"https:\/\/engelgibtesueberall.de\/wp-content\/uploads\/2024\/11\/Screenshot_20241122_193017_Samsung-Notes-240x240.jpg\" class=\"attachment-medium size-medium wp-image-28456\" alt=\"\" srcset=\"https:\/\/engelgibtesueberall.de\/wp-content\/uploads\/2024\/11\/Screenshot_20241122_193017_Samsung-Notes-240x240.jpg 240w, https:\/\/engelgibtesueberall.de\/wp-content\/uploads\/2024\/11\/Screenshot_20241122_193017_Samsung-Notes-480x480.jpg 480w, https:\/\/engelgibtesueberall.de\/wp-content\/uploads\/2024\/11\/Screenshot_20241122_193017_Samsung-Notes-768x768.jpg 768w, https:\/\/engelgibtesueberall.de\/wp-content\/uploads\/2024\/11\/Screenshot_20241122_193017_Samsung-Notes.jpg 1080w\" sizes=\"(max-width: 240px) 100vw, 240px\" \/><\/div>\n\t\t<\/a>\n\t\t\t\t<div class=\"elementor-post__text\">\n\t\t\t\t<h3 class=\"elementor-post__title\">\n\t\t\t<a href=\"https:\/\/engelgibtesueberall.de\/blog\/28455-2\/\" >\n\t\t\t\tNachbericht von Extra-Tipp am Sonntag\t\t\t<\/a>\n\t\t<\/h3>\n\t\t\t\t<div class=\"elementor-post__meta-data\">\n\t\t\t\t\t<span class=\"elementor-post-date\">\n\t\t\t22. November 2024\t\t<\/span>\n\t\t\t\t<\/div>\n\t\t\t\t<div class=\"elementor-post__excerpt\">\n\t\t\t<p>Eine super Nachberichterstattung von unserer Charity-Ausstellung. Vielen lieben Dank Extra-Tipp am Sonntag &nbsp; Den ganzen Artikel findet ihr unter https:\/\/www.extra-tipp-am-sonntag.de\/moers-niederrhein\/charity-ausstellung-kunst-hilft-kindern-von-engel-gibt-es-ueberall_aid-121146927<\/p>\n\t\t<\/div>\n\t\t\t\t\t<div class=\"elementor-post__read-more-wrapper\">\n\t\t\n\t\t<a class=\"elementor-post__read-more\" href=\"https:\/\/engelgibtesueberall.de\/blog\/28455-2\/\" aria-label=\"Mehr \u00fcber Nachbericht von Extra-Tipp am Sonntag\" tabindex=\"-1\" >\n\t\t\tWeiterlesen \u00bb\t\t<\/a>\n\n\t\t\t\t\t<\/div>\n\t\t\t\t<\/div>\n\t\t\t\t<\/article>\n\t\t\t\t<article class=\"elementor-post elementor-grid-item post-28448 post type-post status-publish format-standard has-post-thumbnail hentry category-kulturkirche-liebfrauen-2024 category-presse\">\n\t\t\t\t<a class=\"elementor-post__thumbnail__link\" href=\"https:\/\/engelgibtesueberall.de\/blog\/bericht-der-rheinischen-post\/\" tabindex=\"-1\" >\n\t\t\t<div class=\"elementor-post__thumbnail\"><img decoding=\"async\" width=\"320\" height=\"144\" src=\"https:\/\/engelgibtesueberall.de\/wp-content\/uploads\/2024\/11\/IMG-20241109-WA0022-320x144.jpg\" class=\"attachment-medium size-medium wp-image-28449\" alt=\"\" srcset=\"https:\/\/engelgibtesueberall.de\/wp-content\/uploads\/2024\/11\/IMG-20241109-WA0022-320x144.jpg 320w, https:\/\/engelgibtesueberall.de\/wp-content\/uploads\/2024\/11\/IMG-20241109-WA0022-640x288.jpg 640w, https:\/\/engelgibtesueberall.de\/wp-content\/uploads\/2024\/11\/IMG-20241109-WA0022-768x346.jpg 768w, https:\/\/engelgibtesueberall.de\/wp-content\/uploads\/2024\/11\/IMG-20241109-WA0022-1536x691.jpg 1536w, https:\/\/engelgibtesueberall.de\/wp-content\/uploads\/2024\/11\/IMG-20241109-WA0022.jpg 2000w\" sizes=\"(max-width: 320px) 100vw, 320px\" \/><\/div>\n\t\t<\/a>\n\t\t\t\t<div class=\"elementor-post__text\">\n\t\t\t\t<h3 class=\"elementor-post__title\">\n\t\t\t<a href=\"https:\/\/engelgibtesueberall.de\/blog\/bericht-der-rheinischen-post\/\" >\n\t\t\t\tBericht der Rheinischen Post\t\t\t<\/a>\n\t\t<\/h3>\n\t\t\t\t<div class=\"elementor-post__meta-data\">\n\t\t\t\t\t<span class=\"elementor-post-date\">\n\t\t\t13. November 2024\t\t<\/span>\n\t\t\t\t<\/div>\n\t\t\t\t<div class=\"elementor-post__excerpt\">\n\t\t\t<p>Und hier findet ihr noch einen tollen Artikel zu unserer Ausstellung am vergangenen Wochenende. Vielen Dank der Rheinischen Post! https:\/\/rp-online.de\/nrw\/staedte\/duisburg\/charity-aktion-in-duisburg-kunstausstellung-mit-fast-200-exponaten_aid-120829309 &nbsp;<\/p>\n\t\t<\/div>\n\t\t\t\t\t<div class=\"elementor-post__read-more-wrapper\">\n\t\t\n\t\t<a class=\"elementor-post__read-more\" href=\"https:\/\/engelgibtesueberall.de\/blog\/bericht-der-rheinischen-post\/\" aria-label=\"Mehr \u00fcber Bericht der Rheinischen Post\" tabindex=\"-1\" >\n\t\t\tWeiterlesen \u00bb\t\t<\/a>\n\n\t\t\t\t\t<\/div>\n\t\t\t\t<\/div>\n\t\t\t\t<\/article>\n\t\t\t\t<article class=\"elementor-post elementor-grid-item post-28444 post type-post status-publish format-standard has-post-thumbnail hentry category-kulturkirche-liebfrauen-2024 category-presse\">\n\t\t\t\t<a class=\"elementor-post__thumbnail__link\" href=\"https:\/\/engelgibtesueberall.de\/blog\/berichterstattung-von-studio-47-2\/\" tabindex=\"-1\" >\n\t\t\t<div class=\"elementor-post__thumbnail\"><img decoding=\"async\" width=\"111\" height=\"240\" src=\"https:\/\/engelgibtesueberall.de\/wp-content\/uploads\/2024\/11\/20241110_111658-111x240.jpg\" class=\"attachment-medium size-medium wp-image-28445\" alt=\"\" srcset=\"https:\/\/engelgibtesueberall.de\/wp-content\/uploads\/2024\/11\/20241110_111658-111x240.jpg 111w, https:\/\/engelgibtesueberall.de\/wp-content\/uploads\/2024\/11\/20241110_111658-222x480.jpg 222w, https:\/\/engelgibtesueberall.de\/wp-content\/uploads\/2024\/11\/20241110_111658-768x1662.jpg 768w, https:\/\/engelgibtesueberall.de\/wp-content\/uploads\/2024\/11\/20241110_111658-710x1536.jpg 710w, https:\/\/engelgibtesueberall.de\/wp-content\/uploads\/2024\/11\/20241110_111658-946x2048.jpg 946w, https:\/\/engelgibtesueberall.de\/wp-content\/uploads\/2024\/11\/20241110_111658-scaled.jpg 1183w\" sizes=\"(max-width: 111px) 100vw, 111px\" \/><\/div>\n\t\t<\/a>\n\t\t\t\t<div class=\"elementor-post__text\">\n\t\t\t\t<h3 class=\"elementor-post__title\">\n\t\t\t<a href=\"https:\/\/engelgibtesueberall.de\/blog\/berichterstattung-von-studio-47-2\/\" >\n\t\t\t\tBerichterstattung von Studio 47\t\t\t<\/a>\n\t\t<\/h3>\n\t\t\t\t<div class=\"elementor-post__meta-data\">\n\t\t\t\t\t<span class=\"elementor-post-date\">\n\t\t\t12. November 2024\t\t<\/span>\n\t\t\t\t<\/div>\n\t\t\t\t<div class=\"elementor-post__excerpt\">\n\t\t\t<p>Was war das f\u00fcr ein Wochenende?! Was war das f\u00fcr eine tolle Ausstellung?! Wir sind total platt und \u00fcberw\u00e4ltigt von diesen sch\u00f6nen Tagen. Vielen Dank<\/p>\n\t\t<\/div>\n\t\t\t\t\t<div class=\"elementor-post__read-more-wrapper\">\n\t\t\n\t\t<a class=\"elementor-post__read-more\" href=\"https:\/\/engelgibtesueberall.de\/blog\/berichterstattung-von-studio-47-2\/\" aria-label=\"Mehr \u00fcber Berichterstattung von Studio 47\" tabindex=\"-1\" >\n\t\t\tWeiterlesen \u00bb\t\t<\/a>\n\n\t\t\t\t\t<\/div>\n\t\t\t\t<\/div>\n\t\t\t\t<\/article>\n\t\t\t\t<article class=\"elementor-post elementor-grid-item post-28434 post type-post status-publish format-standard has-post-thumbnail hentry category-kulturkirche-liebfrauen-2024 category-presse\">\n\t\t\t\t<a class=\"elementor-post__thumbnail__link\" href=\"https:\/\/engelgibtesueberall.de\/blog\/radiobeitrag-von-antenne-niederrhein\/\" tabindex=\"-1\" >\n\t\t\t<div class=\"elementor-post__thumbnail\"><img loading=\"lazy\" decoding=\"async\" width=\"240\" height=\"240\" src=\"https:\/\/engelgibtesueberall.de\/wp-content\/uploads\/2024\/11\/InFrame_1731001035190-240x240.jpg\" class=\"attachment-medium size-medium wp-image-28436\" alt=\"\" srcset=\"https:\/\/engelgibtesueberall.de\/wp-content\/uploads\/2024\/11\/InFrame_1731001035190-240x240.jpg 240w, https:\/\/engelgibtesueberall.de\/wp-content\/uploads\/2024\/11\/InFrame_1731001035190-480x480.jpg 480w, https:\/\/engelgibtesueberall.de\/wp-content\/uploads\/2024\/11\/InFrame_1731001035190-768x768.jpg 768w, https:\/\/engelgibtesueberall.de\/wp-content\/uploads\/2024\/11\/InFrame_1731001035190-1536x1536.jpg 1536w, https:\/\/engelgibtesueberall.de\/wp-content\/uploads\/2024\/11\/InFrame_1731001035190.jpg 2048w\" sizes=\"(max-width: 240px) 100vw, 240px\" \/><\/div>\n\t\t<\/a>\n\t\t\t\t<div class=\"elementor-post__text\">\n\t\t\t\t<h3 class=\"elementor-post__title\">\n\t\t\t<a href=\"https:\/\/engelgibtesueberall.de\/blog\/radiobeitrag-von-antenne-niederrhein\/\" >\n\t\t\t\tRadiobeitrag von Antenne Niederrhein\t\t\t<\/a>\n\t\t<\/h3>\n\t\t\t\t<div class=\"elementor-post__meta-data\">\n\t\t\t\t\t<span class=\"elementor-post-date\">\n\t\t\t7. November 2024\t\t<\/span>\n\t\t\t\t<\/div>\n\t\t\t\t<div class=\"elementor-post__excerpt\">\n\t\t\t<p>Hier findet ihr den Radiobeitrag von Antenne Niederrhein zu unserer Charity-Ausstellung am Wochenende. Vielen Dank f\u00fcr den so sch\u00f6nen Beitrag! H\u00f6rt ihn euch an. &nbsp;<\/p>\n\t\t<\/div>\n\t\t\t\t\t<div class=\"elementor-post__read-more-wrapper\">\n\t\t\n\t\t<a class=\"elementor-post__read-more\" href=\"https:\/\/engelgibtesueberall.de\/blog\/radiobeitrag-von-antenne-niederrhein\/\" aria-label=\"Mehr \u00fcber Radiobeitrag von Antenne Niederrhein\" tabindex=\"-1\" >\n\t\t\tWeiterlesen \u00bb\t\t<\/a>\n\n\t\t\t\t\t<\/div>\n\t\t\t\t<\/div>\n\t\t\t\t<\/article>\n\t\t\t\t<article class=\"elementor-post elementor-grid-item post-28431 post type-post status-publish format-standard has-post-thumbnail hentry category-kulturkirche-liebfrauen-2024 category-presse\">\n\t\t\t\t<a class=\"elementor-post__thumbnail__link\" href=\"https:\/\/engelgibtesueberall.de\/blog\/berichterstattung-von-studio-47\/\" tabindex=\"-1\" >\n\t\t\t<div class=\"elementor-post__thumbnail\"><img loading=\"lazy\" decoding=\"async\" width=\"240\" height=\"240\" src=\"https:\/\/engelgibtesueberall.de\/wp-content\/uploads\/2024\/11\/Screenshot_20241105_222521_WhatsApp-240x240.jpg\" class=\"attachment-medium size-medium wp-image-28432\" alt=\"\" srcset=\"https:\/\/engelgibtesueberall.de\/wp-content\/uploads\/2024\/11\/Screenshot_20241105_222521_WhatsApp-240x240.jpg 240w, https:\/\/engelgibtesueberall.de\/wp-content\/uploads\/2024\/11\/Screenshot_20241105_222521_WhatsApp-480x480.jpg 480w, https:\/\/engelgibtesueberall.de\/wp-content\/uploads\/2024\/11\/Screenshot_20241105_222521_WhatsApp-768x768.jpg 768w, https:\/\/engelgibtesueberall.de\/wp-content\/uploads\/2024\/11\/Screenshot_20241105_222521_WhatsApp-1536x1536.jpg 1536w, https:\/\/engelgibtesueberall.de\/wp-content\/uploads\/2024\/11\/Screenshot_20241105_222521_WhatsApp-2048x2048.jpg 2048w\" sizes=\"(max-width: 240px) 100vw, 240px\" \/><\/div>\n\t\t<\/a>\n\t\t\t\t<div class=\"elementor-post__text\">\n\t\t\t\t<h3 class=\"elementor-post__title\">\n\t\t\t<a href=\"https:\/\/engelgibtesueberall.de\/blog\/berichterstattung-von-studio-47\/\" >\n\t\t\t\tBerichterstattung von STUDIO 47\t\t\t<\/a>\n\t\t<\/h3>\n\t\t\t\t<div class=\"elementor-post__meta-data\">\n\t\t\t\t\t<span class=\"elementor-post-date\">\n\t\t\t5. November 2024\t\t<\/span>\n\t\t\t\t<\/div>\n\t\t\t\t<div class=\"elementor-post__excerpt\">\n\t\t\t<p>Heute fand unsere gro\u00dfe Pressekonferenz statt. Hier findet ihr einen Beitrag vom STUDIO 47 . Vielen Dank f\u00fcr die sch\u00f6ne Berichterstattung. https:\/\/youtu.be\/qvLxmN3JSQ4?feature=shared &nbsp; &nbsp;<\/p>\n\t\t<\/div>\n\t\t\t\t\t<div class=\"elementor-post__read-more-wrapper\">\n\t\t\n\t\t<a class=\"elementor-post__read-more\" href=\"https:\/\/engelgibtesueberall.de\/blog\/berichterstattung-von-studio-47\/\" aria-label=\"Mehr \u00fcber Berichterstattung von STUDIO 47\" tabindex=\"-1\" >\n\t\t\tWeiterlesen \u00bb\t\t<\/a>\n\n\t\t\t\t\t<\/div>\n\t\t\t\t<\/div>\n\t\t\t\t<\/article>\n\t\t\t\t<article class=\"elementor-post elementor-grid-item post-28302 post type-post status-publish format-standard has-post-thumbnail hentry category-kuschelbaeren-2024 category-presse\">\n\t\t\t\t<a class=\"elementor-post__thumbnail__link\" href=\"https:\/\/engelgibtesueberall.de\/blog\/studio-47-begleitete-uns-bei-der-uebergabe-unserer-kuschel\/\" tabindex=\"-1\" >\n\t\t\t<div class=\"elementor-post__thumbnail\"><img loading=\"lazy\" decoding=\"async\" width=\"320\" height=\"213\" src=\"https:\/\/engelgibtesueberall.de\/wp-content\/uploads\/2024\/03\/camera-3633075_1280-320x213.jpg\" class=\"attachment-medium size-medium wp-image-28303\" alt=\"\" srcset=\"https:\/\/engelgibtesueberall.de\/wp-content\/uploads\/2024\/03\/camera-3633075_1280-320x213.jpg 320w, https:\/\/engelgibtesueberall.de\/wp-content\/uploads\/2024\/03\/camera-3633075_1280-640x427.jpg 640w, https:\/\/engelgibtesueberall.de\/wp-content\/uploads\/2024\/03\/camera-3633075_1280-768x512.jpg 768w, https:\/\/engelgibtesueberall.de\/wp-content\/uploads\/2024\/03\/camera-3633075_1280.jpg 1280w\" sizes=\"(max-width: 320px) 100vw, 320px\" \/><\/div>\n\t\t<\/a>\n\t\t\t\t<div class=\"elementor-post__text\">\n\t\t\t\t<h3 class=\"elementor-post__title\">\n\t\t\t<a href=\"https:\/\/engelgibtesueberall.de\/blog\/studio-47-begleitete-uns-bei-der-uebergabe-unserer-kuschel\/\" >\n\t\t\t\tSTUDIO 47 begleitete uns bei der \u00dcbergabe unserer Kuschel\t\t\t<\/a>\n\t\t<\/h3>\n\t\t\t\t<div class=\"elementor-post__meta-data\">\n\t\t\t\t\t<span class=\"elementor-post-date\">\n\t\t\t10. M\u00e4rz 2024\t\t<\/span>\n\t\t\t\t<\/div>\n\t\t\t\t<div class=\"elementor-post__excerpt\">\n\t\t\t<p>STUDIO 47 begleitete uns bei der \u00dcbergabe unserer Kuschel mit anschlie\u00dfem Interview im Studio. Herzlichen Dank f\u00fcr den sch\u00f6nen Beitrag! Schaut rein! Es lohnt sich,<\/p>\n\t\t<\/div>\n\t\t\t\t\t<div class=\"elementor-post__read-more-wrapper\">\n\t\t\n\t\t<a class=\"elementor-post__read-more\" href=\"https:\/\/engelgibtesueberall.de\/blog\/studio-47-begleitete-uns-bei-der-uebergabe-unserer-kuschel\/\" aria-label=\"Mehr \u00fcber STUDIO 47 begleitete uns bei der \u00dcbergabe unserer Kuschel\" tabindex=\"-1\" >\n\t\t\tWeiterlesen \u00bb\t\t<\/a>\n\n\t\t\t\t\t<\/div>\n\t\t\t\t<\/div>\n\t\t\t\t<\/article>\n\t\t\t\t<\/div>\n\t\t\n\t\t\t\t<div class=\"e-load-more-anchor\" data-page=\"1\" data-max-page=\"5\" data-next-page=\"https:\/\/engelgibtesueberall.de\/blog\/wp-json\/wp\/v2\/pages\/28989\/page\/2\/\"><\/div>\n\t\t\t\t<nav class=\"elementor-pagination\" aria-label=\"Seitennummerierung\">\n\t\t\t<span class=\"page-numbers prev\">&laquo; Voriger<\/span>\n<span aria-current=\"page\" class=\"page-numbers current\"><span class=\"elementor-screen-only\">Seite<\/span>1<\/span>\n<a class=\"page-numbers\" href=\"https:\/\/engelgibtesueberall.de\/blog\/wp-json\/wp\/v2\/pages\/28989\/page\/2\/\"><span class=\"elementor-screen-only\">Seite<\/span>2<\/a>\n<a class=\"page-numbers\" href=\"https:\/\/engelgibtesueberall.de\/blog\/wp-json\/wp\/v2\/pages\/28989\/page\/3\/\"><span class=\"elementor-screen-only\">Seite<\/span>3<\/a>\n<a class=\"page-numbers\" href=\"https:\/\/engelgibtesueberall.de\/blog\/wp-json\/wp\/v2\/pages\/28989\/page\/4\/\"><span class=\"elementor-screen-only\">Seite<\/span>4<\/a>\n<a class=\"page-numbers\" href=\"https:\/\/engelgibtesueberall.de\/blog\/wp-json\/wp\/v2\/pages\/28989\/page\/5\/\"><span class=\"elementor-screen-only\">Seite<\/span>5<\/a>\n<a class=\"page-numbers next\" href=\"https:\/\/engelgibtesueberall.de\/blog\/wp-json\/wp\/v2\/pages\/28989\/page\/2\/\">N\u00e4chster &raquo;<\/a>\t\t<\/nav>\n\t\t\t\t\t\t<\/div>\n\t\t\t\t<\/div>\n\t\t\t\t\t<\/div>\n\t\t\t\t<\/div>\n\t\t\t\t<\/div>\n\t\t","protected":false},"excerpt":{"rendered":"","protected":false},"author":6,"featured_media":0,"parent":0,"menu_order":0,"comment_status":"closed","ping_status":"closed","template":"","meta":{"_exactmetrics_skip_tracking":false,"_exactmetrics_sitenote_active":false,"_exactmetrics_sitenote_note":"","_exactmetrics_sitenote_category":0,"footnotes":""},"class_list":["post-28989","page","type-page","status-publish","hentry"],"_links":{"self":[{"href":"https:\/\/engelgibtesueberall.de\/blog\/wp-json\/wp\/v2\/pages\/28989","targetHints":{"allow":["GET"]}}],"collection":[{"href":"https:\/\/engelgibtesueberall.de\/blog\/wp-json\/wp\/v2\/pages"}],"about":[{"href":"https:\/\/engelgibtesueberall.de\/blog\/wp-json\/wp\/v2\/types\/page"}],"author":[{"embeddable":true,"href":"https:\/\/engelgibtesueberall.de\/blog\/wp-json\/wp\/v2\/users\/6"}],"replies":[{"embeddable":true,"href":"https:\/\/engelgibtesueberall.de\/blog\/wp-json\/wp\/v2\/comments?post=28989"}],"version-history":[{"count":4,"href":"https:\/\/engelgibtesueberall.de\/blog\/wp-json\/wp\/v2\/pages\/28989\/revisions"}],"predecessor-version":[{"id":29106,"href":"https:\/\/engelgibtesueberall.de\/blog\/wp-json\/wp\/v2\/pages\/28989\/revisions\/29106"}],"wp:attachment":[{"href":"https:\/\/engelgibtesueberall.de\/blog\/wp-json\/wp\/v2\/media?parent=28989"}],"curies":[{"name":"wp","href":"https:\/\/api.w.org\/{rel}","templated":true}]}}