{"id":28993,"date":"2025-03-07T14:41:19","date_gmt":"2025-03-07T13:41:19","guid":{"rendered":"https:\/\/engelgibtesueberall.de\/blog\/?page_id=28993"},"modified":"2025-03-07T14:46:16","modified_gmt":"2025-03-07T13:46:16","slug":"fluechtlingshilfe","status":"publish","type":"page","link":"https:\/\/engelgibtesueberall.de\/blog\/fluechtlingshilfe\/","title":{"rendered":"Fl\u00fcchtlingshilfe"},"content":{"rendered":"\t\t<div data-elementor-type=\"wp-page\" data-elementor-id=\"28993\" class=\"elementor elementor-28993\" data-elementor-post-type=\"page\">\n\t\t\t\t<div class=\"elementor-element elementor-element-e764121 e-flex e-con-boxed e-con e-parent\" data-id=\"e764121\" data-element_type=\"container\">\n\t\t\t\t\t<div class=\"e-con-inner\">\n\t\t\t\t<div class=\"elementor-element elementor-element-f8f9e63 elementor-grid-3 elementor-grid-tablet-2 elementor-grid-mobile-1 elementor-posts--thumbnail-top elementor-widget elementor-widget-posts\" data-id=\"f8f9e63\" data-element_type=\"widget\" data-settings=\"{&quot;pagination_type&quot;:&quot;numbers_and_prev_next&quot;,&quot;classic_columns&quot;:&quot;3&quot;,&quot;classic_columns_tablet&quot;:&quot;2&quot;,&quot;classic_columns_mobile&quot;:&quot;1&quot;,&quot;classic_row_gap&quot;:{&quot;unit&quot;:&quot;px&quot;,&quot;size&quot;:35,&quot;sizes&quot;:[]},&quot;classic_row_gap_tablet&quot;:{&quot;unit&quot;:&quot;px&quot;,&quot;size&quot;:&quot;&quot;,&quot;sizes&quot;:[]},&quot;classic_row_gap_mobile&quot;:{&quot;unit&quot;:&quot;px&quot;,&quot;size&quot;:&quot;&quot;,&quot;sizes&quot;:[]}}\" data-widget_type=\"posts.classic\">\n\t\t\t\t<div class=\"elementor-widget-container\">\n\t\t\t\t\t\t\t<div class=\"elementor-posts-container elementor-posts elementor-posts--skin-classic elementor-grid\">\n\t\t\t\t<article class=\"elementor-post elementor-grid-item post-28305 post type-post status-publish format-standard has-post-thumbnail hentry category-fluechtlingshilfen category-spenden\">\n\t\t\t\t<a class=\"elementor-post__thumbnail__link\" href=\"https:\/\/engelgibtesueberall.de\/blog\/28305-2\/\" tabindex=\"-1\" >\n\t\t\t<div class=\"elementor-post__thumbnail\"><img decoding=\"async\" width=\"181\" height=\"240\" src=\"https:\/\/engelgibtesueberall.de\/wp-content\/uploads\/2024\/03\/IMG-20240105-WA0006-181x240.jpg\" class=\"attachment-medium size-medium wp-image-28306\" alt=\"\" srcset=\"https:\/\/engelgibtesueberall.de\/wp-content\/uploads\/2024\/03\/IMG-20240105-WA0006-181x240.jpg 181w, https:\/\/engelgibtesueberall.de\/wp-content\/uploads\/2024\/03\/IMG-20240105-WA0006-361x480.jpg 361w, https:\/\/engelgibtesueberall.de\/wp-content\/uploads\/2024\/03\/IMG-20240105-WA0006-768x1020.jpg 768w, https:\/\/engelgibtesueberall.de\/wp-content\/uploads\/2024\/03\/IMG-20240105-WA0006-1157x1536.jpg 1157w, https:\/\/engelgibtesueberall.de\/wp-content\/uploads\/2024\/03\/IMG-20240105-WA0006.jpg 1536w\" sizes=\"(max-width: 181px) 100vw, 181px\" \/><\/div>\n\t\t<\/a>\n\t\t\t\t<div class=\"elementor-post__text\">\n\t\t\t\t<h3 class=\"elementor-post__title\">\n\t\t\t<a href=\"https:\/\/engelgibtesueberall.de\/blog\/28305-2\/\" >\n\t\t\t\tDie gute Tat\t\t\t<\/a>\n\t\t<\/h3>\n\t\t\t\t<div class=\"elementor-post__meta-data\">\n\t\t\t\t\t<span class=\"elementor-post-date\">\n\t\t\t10. M\u00e4rz 2024\t\t<\/span>\n\t\t\t\t<\/div>\n\t\t\t\t<div class=\"elementor-post__excerpt\">\n\t\t\t<p>Spielzeug, Bettw\u00e4sche, Kinderkleidung und vieles mehr&#8230;.! All das hat eine liebe Bekannte bereits vor einiger Zeit f\u00fcr Fl\u00fcchtlingsfamilien gespendet. Wir freuen uns, dass wir den<\/p>\n\t\t<\/div>\n\t\t\t\t\t<div class=\"elementor-post__read-more-wrapper\">\n\t\t\n\t\t<a class=\"elementor-post__read-more\" href=\"https:\/\/engelgibtesueberall.de\/blog\/28305-2\/\" aria-label=\"Mehr \u00fcber Die gute Tat\" tabindex=\"-1\" >\n\t\t\tWeiterlesen \u00bb\t\t<\/a>\n\n\t\t\t\t\t<\/div>\n\t\t\t\t<\/div>\n\t\t\t\t<\/article>\n\t\t\t\t<article class=\"elementor-post elementor-grid-item post-28268 post type-post status-publish format-standard has-post-thumbnail hentry category-fluechtlingshilfen category-spenden\">\n\t\t\t\t<a class=\"elementor-post__thumbnail__link\" href=\"https:\/\/engelgibtesueberall.de\/blog\/28268-2\/\" tabindex=\"-1\" >\n\t\t\t<div class=\"elementor-post__thumbnail\"><img fetchpriority=\"high\" decoding=\"async\" width=\"320\" height=\"240\" src=\"https:\/\/engelgibtesueberall.de\/wp-content\/uploads\/2024\/02\/IMG-20240105-WA0003-320x240.jpg\" class=\"attachment-medium size-medium wp-image-28269\" alt=\"\" srcset=\"https:\/\/engelgibtesueberall.de\/wp-content\/uploads\/2024\/02\/IMG-20240105-WA0003-320x240.jpg 320w, https:\/\/engelgibtesueberall.de\/wp-content\/uploads\/2024\/02\/IMG-20240105-WA0003-640x480.jpg 640w, https:\/\/engelgibtesueberall.de\/wp-content\/uploads\/2024\/02\/IMG-20240105-WA0003-138x104.jpg 138w, https:\/\/engelgibtesueberall.de\/wp-content\/uploads\/2024\/02\/IMG-20240105-WA0003-768x576.jpg 768w, https:\/\/engelgibtesueberall.de\/wp-content\/uploads\/2024\/02\/IMG-20240105-WA0003-1536x1152.jpg 1536w, https:\/\/engelgibtesueberall.de\/wp-content\/uploads\/2024\/02\/IMG-20240105-WA0003.jpg 1600w\" sizes=\"(max-width: 320px) 100vw, 320px\" \/><\/div>\n\t\t<\/a>\n\t\t\t\t<div class=\"elementor-post__text\">\n\t\t\t\t<h3 class=\"elementor-post__title\">\n\t\t\t<a href=\"https:\/\/engelgibtesueberall.de\/blog\/28268-2\/\" >\n\t\t\t\tSportakademie Richter hilft umfangreich\t\t\t<\/a>\n\t\t<\/h3>\n\t\t\t\t<div class=\"elementor-post__meta-data\">\n\t\t\t\t\t<span class=\"elementor-post-date\">\n\t\t\t10. Februar 2024\t\t<\/span>\n\t\t\t\t<\/div>\n\t\t\t\t<div class=\"elementor-post__excerpt\">\n\t\t\t<p>Die Sportakademie Richter aus Kamp-Lintfort hilft gefl\u00fcchteten Menschen in Not. Eltern, sowie Inhaber und Trainer haben eine Menge Spenden gesammelt und konnten diese \u00fcbergeben. Vielen<\/p>\n\t\t<\/div>\n\t\t\t\t\t<div class=\"elementor-post__read-more-wrapper\">\n\t\t\n\t\t<a class=\"elementor-post__read-more\" href=\"https:\/\/engelgibtesueberall.de\/blog\/28268-2\/\" aria-label=\"Mehr \u00fcber Sportakademie Richter hilft umfangreich\" tabindex=\"-1\" >\n\t\t\tWeiterlesen \u00bb\t\t<\/a>\n\n\t\t\t\t\t<\/div>\n\t\t\t\t<\/div>\n\t\t\t\t<\/article>\n\t\t\t\t<article class=\"elementor-post elementor-grid-item post-28217 post type-post status-publish format-standard has-post-thumbnail hentry category-fluechtlingshilfen category-spenden\">\n\t\t\t\t<a class=\"elementor-post__thumbnail__link\" href=\"https:\/\/engelgibtesueberall.de\/blog\/freud-und-leid-liegen-bekanntlich-nah-beieinander\/\" tabindex=\"-1\" >\n\t\t\t<div class=\"elementor-post__thumbnail\"><img decoding=\"async\" width=\"320\" height=\"240\" src=\"https:\/\/engelgibtesueberall.de\/wp-content\/uploads\/2023\/12\/FB_IMG_1702330630411-320x240.jpg\" class=\"attachment-medium size-medium wp-image-28221\" alt=\"\" srcset=\"https:\/\/engelgibtesueberall.de\/wp-content\/uploads\/2023\/12\/FB_IMG_1702330630411-320x240.jpg 320w, https:\/\/engelgibtesueberall.de\/wp-content\/uploads\/2023\/12\/FB_IMG_1702330630411-640x480.jpg 640w, https:\/\/engelgibtesueberall.de\/wp-content\/uploads\/2023\/12\/FB_IMG_1702330630411-138x104.jpg 138w, https:\/\/engelgibtesueberall.de\/wp-content\/uploads\/2023\/12\/FB_IMG_1702330630411-768x576.jpg 768w, https:\/\/engelgibtesueberall.de\/wp-content\/uploads\/2023\/12\/FB_IMG_1702330630411.jpg 1024w\" sizes=\"(max-width: 320px) 100vw, 320px\" \/><\/div>\n\t\t<\/a>\n\t\t\t\t<div class=\"elementor-post__text\">\n\t\t\t\t<h3 class=\"elementor-post__title\">\n\t\t\t<a href=\"https:\/\/engelgibtesueberall.de\/blog\/freud-und-leid-liegen-bekanntlich-nah-beieinander\/\" >\n\t\t\t\tFreud und Leid liegen bekanntlich nah beieinander.\t\t\t<\/a>\n\t\t<\/h3>\n\t\t\t\t<div class=\"elementor-post__meta-data\">\n\t\t\t\t\t<span class=\"elementor-post-date\">\n\t\t\t11. Dezember 2023\t\t<\/span>\n\t\t\t\t<\/div>\n\t\t\t\t<div class=\"elementor-post__excerpt\">\n\t\t\t<p>Das kann unser Verein aus eigener Erfahrung nur best\u00e4tigen. Uns erreichte ein Hilferuf eines unserer ehrenamtlichen Engel , der seine ganze Freizeit und auch fast<\/p>\n\t\t<\/div>\n\t\t\t\t\t<div class=\"elementor-post__read-more-wrapper\">\n\t\t\n\t\t<a class=\"elementor-post__read-more\" href=\"https:\/\/engelgibtesueberall.de\/blog\/freud-und-leid-liegen-bekanntlich-nah-beieinander\/\" aria-label=\"Mehr \u00fcber Freud und Leid liegen bekanntlich nah beieinander.\" tabindex=\"-1\" >\n\t\t\tWeiterlesen \u00bb\t\t<\/a>\n\n\t\t\t\t\t<\/div>\n\t\t\t\t<\/div>\n\t\t\t\t<\/article>\n\t\t\t\t<article class=\"elementor-post elementor-grid-item post-28138 post type-post status-publish format-standard has-post-thumbnail hentry category-fluechtlingshilfen\">\n\t\t\t\t<a class=\"elementor-post__thumbnail__link\" href=\"https:\/\/engelgibtesueberall.de\/blog\/unterstuetzung-von-fluechtlingsfamilien-2\/\" tabindex=\"-1\" >\n\t\t\t<div class=\"elementor-post__thumbnail\"><img loading=\"lazy\" decoding=\"async\" width=\"320\" height=\"213\" src=\"https:\/\/engelgibtesueberall.de\/wp-content\/uploads\/2023\/10\/unnamed-file-320x213.jpg\" class=\"attachment-medium size-medium wp-image-28139\" alt=\"\" srcset=\"https:\/\/engelgibtesueberall.de\/wp-content\/uploads\/2023\/10\/unnamed-file-320x213.jpg 320w, https:\/\/engelgibtesueberall.de\/wp-content\/uploads\/2023\/10\/unnamed-file-640x426.jpg 640w, https:\/\/engelgibtesueberall.de\/wp-content\/uploads\/2023\/10\/unnamed-file-768x511.jpg 768w, https:\/\/engelgibtesueberall.de\/wp-content\/uploads\/2023\/10\/unnamed-file.jpg 1280w\" sizes=\"(max-width: 320px) 100vw, 320px\" \/><\/div>\n\t\t<\/a>\n\t\t\t\t<div class=\"elementor-post__text\">\n\t\t\t\t<h3 class=\"elementor-post__title\">\n\t\t\t<a href=\"https:\/\/engelgibtesueberall.de\/blog\/unterstuetzung-von-fluechtlingsfamilien-2\/\" >\n\t\t\t\tUnterst\u00fctzung von Fl\u00fcchtlingsfamilien\t\t\t<\/a>\n\t\t<\/h3>\n\t\t\t\t<div class=\"elementor-post__meta-data\">\n\t\t\t\t\t<span class=\"elementor-post-date\">\n\t\t\t7. Oktober 2023\t\t<\/span>\n\t\t\t\t<\/div>\n\t\t\t\t<div class=\"elementor-post__excerpt\">\n\t\t\t<p>Ein weiteres bereits &#8222;bekanntes Projekt&#8220; wird fortgef\u00fchrt, wo wir euch gerne \u00fcber den derzeitigen Stand berichten. Klaus-Uwe Dommert k\u00fcmmert sich mittlerweile um rund 24 Kinder\/Fl\u00fcchtlingsfamilien<\/p>\n\t\t<\/div>\n\t\t\t\t\t<div class=\"elementor-post__read-more-wrapper\">\n\t\t\n\t\t<a class=\"elementor-post__read-more\" href=\"https:\/\/engelgibtesueberall.de\/blog\/unterstuetzung-von-fluechtlingsfamilien-2\/\" aria-label=\"Mehr \u00fcber Unterst\u00fctzung von Fl\u00fcchtlingsfamilien\" tabindex=\"-1\" >\n\t\t\tWeiterlesen \u00bb\t\t<\/a>\n\n\t\t\t\t\t<\/div>\n\t\t\t\t<\/div>\n\t\t\t\t<\/article>\n\t\t\t\t<article class=\"elementor-post elementor-grid-item post-28018 post type-post status-publish format-standard has-post-thumbnail hentry category-fluechtlingshilfen\">\n\t\t\t\t<a class=\"elementor-post__thumbnail__link\" href=\"https:\/\/engelgibtesueberall.de\/blog\/unterstuetzung-von-fluechtlingsfamilien\/\" tabindex=\"-1\" >\n\t\t\t<div class=\"elementor-post__thumbnail\"><img loading=\"lazy\" decoding=\"async\" width=\"320\" height=\"213\" src=\"https:\/\/engelgibtesueberall.de\/wp-content\/uploads\/2022\/11\/gift-4669449__480-320x213.jpg\" class=\"attachment-medium size-medium wp-image-28019\" alt=\"\" srcset=\"https:\/\/engelgibtesueberall.de\/wp-content\/uploads\/2022\/11\/gift-4669449__480-320x213.jpg 320w, https:\/\/engelgibtesueberall.de\/wp-content\/uploads\/2022\/11\/gift-4669449__480-640x427.jpg 640w, https:\/\/engelgibtesueberall.de\/wp-content\/uploads\/2022\/11\/gift-4669449__480.jpg 720w\" sizes=\"(max-width: 320px) 100vw, 320px\" \/><\/div>\n\t\t<\/a>\n\t\t\t\t<div class=\"elementor-post__text\">\n\t\t\t\t<h3 class=\"elementor-post__title\">\n\t\t\t<a href=\"https:\/\/engelgibtesueberall.de\/blog\/unterstuetzung-von-fluechtlingsfamilien\/\" >\n\t\t\t\tUnterst\u00fctzung von Fl\u00fcchtlingsfamilien\t\t\t<\/a>\n\t\t<\/h3>\n\t\t\t\t<div class=\"elementor-post__meta-data\">\n\t\t\t\t\t<span class=\"elementor-post-date\">\n\t\t\t14. November 2022\t\t<\/span>\n\t\t\t\t<\/div>\n\t\t\t\t<div class=\"elementor-post__excerpt\">\n\t\t\t<p>F\u00fcr die Unterst\u00fctzung von unseren ukrainischen Fl\u00fcchtlingsfamilien haben wir vor Ort einige Weihnachtsgeschenke\u00a0gekauft. Dabei handelt es sich haupts\u00e4chlich um warme Bekleidung. Auch gespendete Sachspenden und<\/p>\n\t\t<\/div>\n\t\t\t\t\t<div class=\"elementor-post__read-more-wrapper\">\n\t\t\n\t\t<a class=\"elementor-post__read-more\" href=\"https:\/\/engelgibtesueberall.de\/blog\/unterstuetzung-von-fluechtlingsfamilien\/\" aria-label=\"Mehr \u00fcber Unterst\u00fctzung von Fl\u00fcchtlingsfamilien\" tabindex=\"-1\" >\n\t\t\tWeiterlesen \u00bb\t\t<\/a>\n\n\t\t\t\t\t<\/div>\n\t\t\t\t<\/div>\n\t\t\t\t<\/article>\n\t\t\t\t<article class=\"elementor-post elementor-grid-item post-27961 post type-post status-publish format-standard has-post-thumbnail hentry category-ehrungen category-fluechtlingshilfen\">\n\t\t\t\t<a class=\"elementor-post__thumbnail__link\" href=\"https:\/\/engelgibtesueberall.de\/blog\/unterstuetzung-fuer-unseren-silber-engel\/\" tabindex=\"-1\" >\n\t\t\t<div class=\"elementor-post__thumbnail\"><img loading=\"lazy\" decoding=\"async\" width=\"247\" height=\"240\" src=\"https:\/\/engelgibtesueberall.de\/wp-content\/uploads\/2022\/06\/FB_IMG_1655752810838-247x240.jpg\" class=\"attachment-medium size-medium wp-image-27962\" alt=\"\" srcset=\"https:\/\/engelgibtesueberall.de\/wp-content\/uploads\/2022\/06\/FB_IMG_1655752810838-247x240.jpg 247w, https:\/\/engelgibtesueberall.de\/wp-content\/uploads\/2022\/06\/FB_IMG_1655752810838-494x480.jpg 494w, https:\/\/engelgibtesueberall.de\/wp-content\/uploads\/2022\/06\/FB_IMG_1655752810838.jpg 639w\" sizes=\"(max-width: 247px) 100vw, 247px\" \/><\/div>\n\t\t<\/a>\n\t\t\t\t<div class=\"elementor-post__text\">\n\t\t\t\t<h3 class=\"elementor-post__title\">\n\t\t\t<a href=\"https:\/\/engelgibtesueberall.de\/blog\/unterstuetzung-fuer-unseren-silber-engel\/\" >\n\t\t\t\tUnterst\u00fctzung f\u00fcr unseren &#8222;Silber-Engel&#8220;\t\t\t<\/a>\n\t\t<\/h3>\n\t\t\t\t<div class=\"elementor-post__meta-data\">\n\t\t\t\t\t<span class=\"elementor-post-date\">\n\t\t\t20. Juni 2022\t\t<\/span>\n\t\t\t\t<\/div>\n\t\t\t\t<div class=\"elementor-post__excerpt\">\n\t\t\t<p>Klaus-Uwe Dommert hat bereits f\u00fcr sein besonderes Engagement einen &#8222;Silber-Engel&#8220; von uns verliehen bekommen. Dabei k\u00fcmmert er sich um Fl\u00fcchtlingsfamilien in Kevelaer und hilft ihnen,<\/p>\n\t\t<\/div>\n\t\t\t\t\t<div class=\"elementor-post__read-more-wrapper\">\n\t\t\n\t\t<a class=\"elementor-post__read-more\" href=\"https:\/\/engelgibtesueberall.de\/blog\/unterstuetzung-fuer-unseren-silber-engel\/\" aria-label=\"Mehr \u00fcber Unterst\u00fctzung f\u00fcr unseren &#8222;Silber-Engel&#8220;\" tabindex=\"-1\" >\n\t\t\tWeiterlesen \u00bb\t\t<\/a>\n\n\t\t\t\t\t<\/div>\n\t\t\t\t<\/div>\n\t\t\t\t<\/article>\n\t\t\t\t<\/div>\n\t\t\n\t\t\t\t\t\t<\/div>\n\t\t\t\t<\/div>\n\t\t\t\t\t<\/div>\n\t\t\t\t<\/div>\n\t\t\t\t<\/div>\n\t\t","protected":false},"excerpt":{"rendered":"","protected":false},"author":6,"featured_media":0,"parent":0,"menu_order":0,"comment_status":"closed","ping_status":"closed","template":"","meta":{"_exactmetrics_skip_tracking":false,"_exactmetrics_sitenote_active":false,"_exactmetrics_sitenote_note":"","_exactmetrics_sitenote_category":0,"footnotes":""},"class_list":["post-28993","page","type-page","status-publish","hentry"],"_links":{"self":[{"href":"https:\/\/engelgibtesueberall.de\/blog\/wp-json\/wp\/v2\/pages\/28993","targetHints":{"allow":["GET"]}}],"collection":[{"href":"https:\/\/engelgibtesueberall.de\/blog\/wp-json\/wp\/v2\/pages"}],"about":[{"href":"https:\/\/engelgibtesueberall.de\/blog\/wp-json\/wp\/v2\/types\/page"}],"author":[{"embeddable":true,"href":"https:\/\/engelgibtesueberall.de\/blog\/wp-json\/wp\/v2\/users\/6"}],"replies":[{"embeddable":true,"href":"https:\/\/engelgibtesueberall.de\/blog\/wp-json\/wp\/v2\/comments?post=28993"}],"version-history":[{"count":4,"href":"https:\/\/engelgibtesueberall.de\/blog\/wp-json\/wp\/v2\/pages\/28993\/revisions"}],"predecessor-version":[{"id":29003,"href":"https:\/\/engelgibtesueberall.de\/blog\/wp-json\/wp\/v2\/pages\/28993\/revisions\/29003"}],"wp:attachment":[{"href":"https:\/\/engelgibtesueberall.de\/blog\/wp-json\/wp\/v2\/media?parent=28993"}],"curies":[{"name":"wp","href":"https:\/\/api.w.org\/{rel}","templated":true}]}}