{"id":29045,"date":"2025-03-07T15:20:10","date_gmt":"2025-03-07T14:20:10","guid":{"rendered":"https:\/\/engelgibtesueberall.de\/blog\/?page_id=29045"},"modified":"2025-03-07T15:21:22","modified_gmt":"2025-03-07T14:21:22","slug":"kuschelbaeren-2023","status":"publish","type":"page","link":"https:\/\/engelgibtesueberall.de\/blog\/kuschelbaeren-2023\/","title":{"rendered":"Kuschelb\u00e4ren 2023"},"content":{"rendered":"\t\t<div data-elementor-type=\"wp-page\" data-elementor-id=\"29045\" class=\"elementor elementor-29045\" data-elementor-post-type=\"page\">\n\t\t\t\t<div class=\"elementor-element elementor-element-5af9bc0 e-flex e-con-boxed e-con e-parent\" data-id=\"5af9bc0\" data-element_type=\"container\">\n\t\t\t\t\t<div class=\"e-con-inner\">\n\t\t\t\t<div class=\"elementor-element elementor-element-525d3f7 elementor-grid-3 elementor-grid-tablet-2 elementor-grid-mobile-1 elementor-posts--thumbnail-top elementor-widget elementor-widget-posts\" data-id=\"525d3f7\" data-element_type=\"widget\" data-settings=\"{&quot;pagination_type&quot;:&quot;numbers_and_prev_next&quot;,&quot;classic_columns&quot;:&quot;3&quot;,&quot;classic_columns_tablet&quot;:&quot;2&quot;,&quot;classic_columns_mobile&quot;:&quot;1&quot;,&quot;classic_row_gap&quot;:{&quot;unit&quot;:&quot;px&quot;,&quot;size&quot;:35,&quot;sizes&quot;:[]},&quot;classic_row_gap_tablet&quot;:{&quot;unit&quot;:&quot;px&quot;,&quot;size&quot;:&quot;&quot;,&quot;sizes&quot;:[]},&quot;classic_row_gap_mobile&quot;:{&quot;unit&quot;:&quot;px&quot;,&quot;size&quot;:&quot;&quot;,&quot;sizes&quot;:[]}}\" data-widget_type=\"posts.classic\">\n\t\t\t\t<div class=\"elementor-widget-container\">\n\t\t\t\t\t\t\t<div class=\"elementor-posts-container elementor-posts elementor-posts--skin-classic elementor-grid\">\n\t\t\t\t<article class=\"elementor-post elementor-grid-item post-28203 post type-post status-publish format-standard has-post-thumbnail hentry category-kuschelbaeren-2023 category-spenden\">\n\t\t\t\t<a class=\"elementor-post__thumbnail__link\" href=\"https:\/\/engelgibtesueberall.de\/blog\/wir-brauchen-deine-unterstuetzung\/\" tabindex=\"-1\" >\n\t\t\t<div class=\"elementor-post__thumbnail\"><img fetchpriority=\"high\" decoding=\"async\" width=\"320\" height=\"240\" src=\"https:\/\/engelgibtesueberall.de\/wp-content\/uploads\/2023\/12\/FB_IMG_1701810474336-320x240.jpg\" class=\"attachment-medium size-medium wp-image-28204\" alt=\"\" srcset=\"https:\/\/engelgibtesueberall.de\/wp-content\/uploads\/2023\/12\/FB_IMG_1701810474336-320x240.jpg 320w, https:\/\/engelgibtesueberall.de\/wp-content\/uploads\/2023\/12\/FB_IMG_1701810474336-640x480.jpg 640w, https:\/\/engelgibtesueberall.de\/wp-content\/uploads\/2023\/12\/FB_IMG_1701810474336-138x104.jpg 138w, https:\/\/engelgibtesueberall.de\/wp-content\/uploads\/2023\/12\/FB_IMG_1701810474336-768x576.jpg 768w, https:\/\/engelgibtesueberall.de\/wp-content\/uploads\/2023\/12\/FB_IMG_1701810474336.jpg 1080w\" sizes=\"(max-width: 320px) 100vw, 320px\" \/><\/div>\n\t\t<\/a>\n\t\t\t\t<div class=\"elementor-post__text\">\n\t\t\t\t<h3 class=\"elementor-post__title\">\n\t\t\t<a href=\"https:\/\/engelgibtesueberall.de\/blog\/wir-brauchen-deine-unterstuetzung\/\" >\n\t\t\t\tWir brauchen deine Unterst\u00fctzung!\t\t\t<\/a>\n\t\t<\/h3>\n\t\t\t\t<div class=\"elementor-post__meta-data\">\n\t\t\t\t\t<span class=\"elementor-post-date\">\n\t\t\t5. Dezember 2023\t\t<\/span>\n\t\t\t\t<\/div>\n\t\t\t\t<div class=\"elementor-post__excerpt\">\n\t\t\t<p>Bringe Freude gegen Einsamkeit und unterst\u00fctze unser Herzensprojekt mit unserem &#8222;Kuschel&#8220; f\u00fcr Bewohnerinnen und Bewohner in Alten- und Pflegeheimen. Wir sind bei betterplace gelistet und<\/p>\n\t\t<\/div>\n\t\t\t\t\t<div class=\"elementor-post__read-more-wrapper\">\n\t\t\n\t\t<a class=\"elementor-post__read-more\" href=\"https:\/\/engelgibtesueberall.de\/blog\/wir-brauchen-deine-unterstuetzung\/\" aria-label=\"Mehr \u00fcber Wir brauchen deine Unterst\u00fctzung!\" tabindex=\"-1\" >\n\t\t\tWeiterlesen \u00bb\t\t<\/a>\n\n\t\t\t\t\t<\/div>\n\t\t\t\t<\/div>\n\t\t\t\t<\/article>\n\t\t\t\t<article class=\"elementor-post elementor-grid-item post-28199 post type-post status-publish format-standard has-post-thumbnail hentry category-kuschelbaeren-2023 category-spenden\">\n\t\t\t\t<a class=\"elementor-post__thumbnail__link\" href=\"https:\/\/engelgibtesueberall.de\/blog\/ein-grosses-danke\/\" tabindex=\"-1\" >\n\t\t\t<div class=\"elementor-post__thumbnail\"><img decoding=\"async\" width=\"236\" height=\"240\" src=\"https:\/\/engelgibtesueberall.de\/wp-content\/uploads\/2023\/12\/FB_IMG_1701537495065-236x240.jpg\" class=\"attachment-medium size-medium wp-image-28200\" alt=\"\" srcset=\"https:\/\/engelgibtesueberall.de\/wp-content\/uploads\/2023\/12\/FB_IMG_1701537495065-236x240.jpg 236w, https:\/\/engelgibtesueberall.de\/wp-content\/uploads\/2023\/12\/FB_IMG_1701537495065-472x480.jpg 472w, https:\/\/engelgibtesueberall.de\/wp-content\/uploads\/2023\/12\/FB_IMG_1701537495065-768x782.jpg 768w, https:\/\/engelgibtesueberall.de\/wp-content\/uploads\/2023\/12\/FB_IMG_1701537495065.jpg 966w\" sizes=\"(max-width: 236px) 100vw, 236px\" \/><\/div>\n\t\t<\/a>\n\t\t\t\t<div class=\"elementor-post__text\">\n\t\t\t\t<h3 class=\"elementor-post__title\">\n\t\t\t<a href=\"https:\/\/engelgibtesueberall.de\/blog\/ein-grosses-danke\/\" >\n\t\t\t\tEin gro\u00dfes DANKE!\t\t\t<\/a>\n\t\t<\/h3>\n\t\t\t\t<div class=\"elementor-post__meta-data\">\n\t\t\t\t\t<span class=\"elementor-post-date\">\n\t\t\t2. Dezember 2023\t\t<\/span>\n\t\t\t\t<\/div>\n\t\t\t\t<div class=\"elementor-post__excerpt\">\n\t\t\t<p>Ein herzliches Dankesch\u00f6n an alle, die unserer Bitte gefolgt sind und eine Patenschaft f\u00fcr unsere Kuschelb\u00e4ren \u00fcbernommen haben! Eure gro\u00dfz\u00fcgige Unterst\u00fctzung hat uns tief ber\u00fchrt.<\/p>\n\t\t<\/div>\n\t\t\t\t\t<div class=\"elementor-post__read-more-wrapper\">\n\t\t\n\t\t<a class=\"elementor-post__read-more\" href=\"https:\/\/engelgibtesueberall.de\/blog\/ein-grosses-danke\/\" aria-label=\"Mehr \u00fcber Ein gro\u00dfes DANKE!\" tabindex=\"-1\" >\n\t\t\tWeiterlesen \u00bb\t\t<\/a>\n\n\t\t\t\t\t<\/div>\n\t\t\t\t<\/div>\n\t\t\t\t<\/article>\n\t\t\t\t<article class=\"elementor-post elementor-grid-item post-28183 post type-post status-publish format-standard has-post-thumbnail hentry category-kuschelbaeren-2023\">\n\t\t\t\t<a class=\"elementor-post__thumbnail__link\" href=\"https:\/\/engelgibtesueberall.de\/blog\/erlebnisberichte-rund-um-unseren-kuschel\/\" tabindex=\"-1\" >\n\t\t\t<div class=\"elementor-post__thumbnail\"><img decoding=\"async\" width=\"240\" height=\"240\" src=\"https:\/\/engelgibtesueberall.de\/wp-content\/uploads\/2023\/11\/IMG_20231125_113539_7861-240x240.webp\" class=\"attachment-medium size-medium wp-image-28185\" alt=\"\" srcset=\"https:\/\/engelgibtesueberall.de\/wp-content\/uploads\/2023\/11\/IMG_20231125_113539_7861-240x240.webp 240w, https:\/\/engelgibtesueberall.de\/wp-content\/uploads\/2023\/11\/IMG_20231125_113539_7861-480x480.webp 480w, https:\/\/engelgibtesueberall.de\/wp-content\/uploads\/2023\/11\/IMG_20231125_113539_7861-768x768.webp 768w, https:\/\/engelgibtesueberall.de\/wp-content\/uploads\/2023\/11\/IMG_20231125_113539_7861.webp 920w\" sizes=\"(max-width: 240px) 100vw, 240px\" \/><\/div>\n\t\t<\/a>\n\t\t\t\t<div class=\"elementor-post__text\">\n\t\t\t\t<h3 class=\"elementor-post__title\">\n\t\t\t<a href=\"https:\/\/engelgibtesueberall.de\/blog\/erlebnisberichte-rund-um-unseren-kuschel\/\" >\n\t\t\t\tErlebnisberichte rund um unseren Kuschel\t\t\t<\/a>\n\t\t<\/h3>\n\t\t\t\t<div class=\"elementor-post__meta-data\">\n\t\t\t\t\t<span class=\"elementor-post-date\">\n\t\t\t25. November 2023\t\t<\/span>\n\t\t\t\t<\/div>\n\t\t\t\t<div class=\"elementor-post__excerpt\">\n\t\t\t<p>Da bin ich wieder mit den Erlebnisberichten rund um unsere Kuschel. Mein Auto gleicht einem &#8222;B\u00e4ren-Mobil&#8220;, vollbeladen war ich in den letzten Tagen wieder unterwegs<\/p>\n\t\t<\/div>\n\t\t\t\t\t<div class=\"elementor-post__read-more-wrapper\">\n\t\t\n\t\t<a class=\"elementor-post__read-more\" href=\"https:\/\/engelgibtesueberall.de\/blog\/erlebnisberichte-rund-um-unseren-kuschel\/\" aria-label=\"Mehr \u00fcber Erlebnisberichte rund um unseren Kuschel\" tabindex=\"-1\" >\n\t\t\tWeiterlesen \u00bb\t\t<\/a>\n\n\t\t\t\t\t<\/div>\n\t\t\t\t<\/div>\n\t\t\t\t<\/article>\n\t\t\t\t<article class=\"elementor-post elementor-grid-item post-28179 post type-post status-publish format-standard has-post-thumbnail hentry category-kuschelbaeren-2023\">\n\t\t\t\t<a class=\"elementor-post__thumbnail__link\" href=\"https:\/\/engelgibtesueberall.de\/blog\/vielen-dank-fuer-die-schoene-berichterstattung\/\" tabindex=\"-1\" >\n\t\t\t<div class=\"elementor-post__thumbnail\"><img loading=\"lazy\" decoding=\"async\" width=\"207\" height=\"240\" src=\"https:\/\/engelgibtesueberall.de\/wp-content\/uploads\/2023\/11\/Screenshot_20231119_184613_Facebook-207x240.jpg\" class=\"attachment-medium size-medium wp-image-28180\" alt=\"\" srcset=\"https:\/\/engelgibtesueberall.de\/wp-content\/uploads\/2023\/11\/Screenshot_20231119_184613_Facebook-207x240.jpg 207w, https:\/\/engelgibtesueberall.de\/wp-content\/uploads\/2023\/11\/Screenshot_20231119_184613_Facebook-415x480.jpg 415w, https:\/\/engelgibtesueberall.de\/wp-content\/uploads\/2023\/11\/Screenshot_20231119_184613_Facebook-768x889.jpg 768w, https:\/\/engelgibtesueberall.de\/wp-content\/uploads\/2023\/11\/Screenshot_20231119_184613_Facebook.jpg 1079w\" sizes=\"(max-width: 207px) 100vw, 207px\" \/><\/div>\n\t\t<\/a>\n\t\t\t\t<div class=\"elementor-post__text\">\n\t\t\t\t<h3 class=\"elementor-post__title\">\n\t\t\t<a href=\"https:\/\/engelgibtesueberall.de\/blog\/vielen-dank-fuer-die-schoene-berichterstattung\/\" >\n\t\t\t\tVielen Dank f\u00fcr die sch\u00f6ne Berichterstattung!\t\t\t<\/a>\n\t\t<\/h3>\n\t\t\t\t<div class=\"elementor-post__meta-data\">\n\t\t\t\t\t<span class=\"elementor-post-date\">\n\t\t\t19. November 2023\t\t<\/span>\n\t\t\t\t<\/div>\n\t\t\t\t<div class=\"elementor-post__excerpt\">\n\t\t\t<p>Im Extra-Tipp am Sonntag findet ihr hier diesen tollen Artikel \u00fcber unsere Kuschelb\u00e4ren f\u00fcr Senioren<\/p>\n\t\t<\/div>\n\t\t\t\t\t<div class=\"elementor-post__read-more-wrapper\">\n\t\t\n\t\t<a class=\"elementor-post__read-more\" href=\"https:\/\/engelgibtesueberall.de\/blog\/vielen-dank-fuer-die-schoene-berichterstattung\/\" aria-label=\"Mehr \u00fcber Vielen Dank f\u00fcr die sch\u00f6ne Berichterstattung!\" tabindex=\"-1\" >\n\t\t\tWeiterlesen \u00bb\t\t<\/a>\n\n\t\t\t\t\t<\/div>\n\t\t\t\t<\/div>\n\t\t\t\t<\/article>\n\t\t\t\t<article class=\"elementor-post elementor-grid-item post-28164 post type-post status-publish format-standard has-post-thumbnail hentry category-kuschelbaeren-2023\">\n\t\t\t\t<a class=\"elementor-post__thumbnail__link\" href=\"https:\/\/engelgibtesueberall.de\/blog\/die-reise-unserer-kuschel-geht-weiter\/\" tabindex=\"-1\" >\n\t\t\t<div class=\"elementor-post__thumbnail\"><img loading=\"lazy\" decoding=\"async\" width=\"240\" height=\"240\" src=\"https:\/\/engelgibtesueberall.de\/wp-content\/uploads\/2023\/11\/IMG_20231104_145844_942-240x240.webp\" class=\"attachment-medium size-medium wp-image-28173\" alt=\"\" srcset=\"https:\/\/engelgibtesueberall.de\/wp-content\/uploads\/2023\/11\/IMG_20231104_145844_942-240x240.webp 240w, https:\/\/engelgibtesueberall.de\/wp-content\/uploads\/2023\/11\/IMG_20231104_145844_942-480x480.webp 480w, https:\/\/engelgibtesueberall.de\/wp-content\/uploads\/2023\/11\/IMG_20231104_145844_942.webp 527w\" sizes=\"(max-width: 240px) 100vw, 240px\" \/><\/div>\n\t\t<\/a>\n\t\t\t\t<div class=\"elementor-post__text\">\n\t\t\t\t<h3 class=\"elementor-post__title\">\n\t\t\t<a href=\"https:\/\/engelgibtesueberall.de\/blog\/die-reise-unserer-kuschel-geht-weiter\/\" >\n\t\t\t\tDie Reise unserer Kuschel geht weiter!\t\t\t<\/a>\n\t\t<\/h3>\n\t\t\t\t<div class=\"elementor-post__meta-data\">\n\t\t\t\t\t<span class=\"elementor-post-date\">\n\t\t\t4. November 2023\t\t<\/span>\n\t\t\t\t<\/div>\n\t\t\t\t<div class=\"elementor-post__excerpt\">\n\t\t\t<p>Ein voll beladenes Auto mit vielen Kuschel als Insassen fanden eine neue Heimat bei den Seniorinnen der AWO cura Wohndorf Duisburg-Laar. Sandra Lambrecht, Pflegedienstleitung und<\/p>\n\t\t<\/div>\n\t\t\t\t\t<div class=\"elementor-post__read-more-wrapper\">\n\t\t\n\t\t<a class=\"elementor-post__read-more\" href=\"https:\/\/engelgibtesueberall.de\/blog\/die-reise-unserer-kuschel-geht-weiter\/\" aria-label=\"Mehr \u00fcber Die Reise unserer Kuschel geht weiter!\" tabindex=\"-1\" >\n\t\t\tWeiterlesen \u00bb\t\t<\/a>\n\n\t\t\t\t\t<\/div>\n\t\t\t\t<\/div>\n\t\t\t\t<\/article>\n\t\t\t\t<article class=\"elementor-post elementor-grid-item post-28159 post type-post status-publish format-standard has-post-thumbnail hentry category-kuschelbaeren-2023 category-presse\">\n\t\t\t\t<a class=\"elementor-post__thumbnail__link\" href=\"https:\/\/engelgibtesueberall.de\/blog\/radiobeitrag-ueber-unsere-teddybaeren-aktion\/\" tabindex=\"-1\" >\n\t\t\t<div class=\"elementor-post__thumbnail\"><img loading=\"lazy\" decoding=\"async\" width=\"240\" height=\"240\" src=\"https:\/\/engelgibtesueberall.de\/wp-content\/uploads\/2023\/10\/Screenshot_20231016_180754_Instagram-240x240.jpg\" class=\"attachment-medium size-medium wp-image-28162\" alt=\"\" srcset=\"https:\/\/engelgibtesueberall.de\/wp-content\/uploads\/2023\/10\/Screenshot_20231016_180754_Instagram-240x240.jpg 240w, https:\/\/engelgibtesueberall.de\/wp-content\/uploads\/2023\/10\/Screenshot_20231016_180754_Instagram-480x480.jpg 480w, https:\/\/engelgibtesueberall.de\/wp-content\/uploads\/2023\/10\/Screenshot_20231016_180754_Instagram-768x767.jpg 768w, https:\/\/engelgibtesueberall.de\/wp-content\/uploads\/2023\/10\/Screenshot_20231016_180754_Instagram.jpg 1080w\" sizes=\"(max-width: 240px) 100vw, 240px\" \/><\/div>\n\t\t<\/a>\n\t\t\t\t<div class=\"elementor-post__text\">\n\t\t\t\t<h3 class=\"elementor-post__title\">\n\t\t\t<a href=\"https:\/\/engelgibtesueberall.de\/blog\/radiobeitrag-ueber-unsere-teddybaeren-aktion\/\" >\n\t\t\t\tRadiobeitrag \u00fcber unsere Teddyb\u00e4ren-Aktion\t\t\t<\/a>\n\t\t<\/h3>\n\t\t\t\t<div class=\"elementor-post__meta-data\">\n\t\t\t\t\t<span class=\"elementor-post-date\">\n\t\t\t16. Oktober 2023\t\t<\/span>\n\t\t\t\t<\/div>\n\t\t\t\t<div class=\"elementor-post__excerpt\">\n\t\t\t<p>Habt ihr diesen tollen Radiobeitrag \u00fcber unsere Teddyb\u00e4ren-Aktion von Antenne Niederrhein geh\u00f6rt? Falls nicht, k\u00f6nnt ihr dies jetzt hier nachholen. H\u00f6rt rein, es lohnt sich!<\/p>\n\t\t<\/div>\n\t\t\t\t\t<div class=\"elementor-post__read-more-wrapper\">\n\t\t\n\t\t<a class=\"elementor-post__read-more\" href=\"https:\/\/engelgibtesueberall.de\/blog\/radiobeitrag-ueber-unsere-teddybaeren-aktion\/\" aria-label=\"Mehr \u00fcber Radiobeitrag \u00fcber unsere Teddyb\u00e4ren-Aktion\" tabindex=\"-1\" >\n\t\t\tWeiterlesen \u00bb\t\t<\/a>\n\n\t\t\t\t\t<\/div>\n\t\t\t\t<\/div>\n\t\t\t\t<\/article>\n\t\t\t\t<\/div>\n\t\t\n\t\t\t\t<div class=\"e-load-more-anchor\" data-page=\"1\" data-max-page=\"2\" data-next-page=\"https:\/\/engelgibtesueberall.de\/blog\/wp-json\/wp\/v2\/pages\/29045\/page\/2\/\"><\/div>\n\t\t\t\t<nav class=\"elementor-pagination\" aria-label=\"Seitennummerierung\">\n\t\t\t<span class=\"page-numbers prev\">&laquo; Voriger<\/span>\n<span aria-current=\"page\" class=\"page-numbers current\"><span class=\"elementor-screen-only\">Seite<\/span>1<\/span>\n<a class=\"page-numbers\" href=\"https:\/\/engelgibtesueberall.de\/blog\/wp-json\/wp\/v2\/pages\/29045\/page\/2\/\"><span class=\"elementor-screen-only\">Seite<\/span>2<\/a>\n<a class=\"page-numbers next\" href=\"https:\/\/engelgibtesueberall.de\/blog\/wp-json\/wp\/v2\/pages\/29045\/page\/2\/\">N\u00e4chster &raquo;<\/a>\t\t<\/nav>\n\t\t\t\t\t\t<\/div>\n\t\t\t\t<\/div>\n\t\t\t\t\t<\/div>\n\t\t\t\t<\/div>\n\t\t\t\t<\/div>\n\t\t","protected":false},"excerpt":{"rendered":"","protected":false},"author":6,"featured_media":0,"parent":0,"menu_order":0,"comment_status":"closed","ping_status":"closed","template":"","meta":{"_exactmetrics_skip_tracking":false,"_exactmetrics_sitenote_active":false,"_exactmetrics_sitenote_note":"","_exactmetrics_sitenote_category":0,"footnotes":""},"class_list":["post-29045","page","type-page","status-publish","hentry"],"_links":{"self":[{"href":"https:\/\/engelgibtesueberall.de\/blog\/wp-json\/wp\/v2\/pages\/29045","targetHints":{"allow":["GET"]}}],"collection":[{"href":"https:\/\/engelgibtesueberall.de\/blog\/wp-json\/wp\/v2\/pages"}],"about":[{"href":"https:\/\/engelgibtesueberall.de\/blog\/wp-json\/wp\/v2\/types\/page"}],"author":[{"embeddable":true,"href":"https:\/\/engelgibtesueberall.de\/blog\/wp-json\/wp\/v2\/users\/6"}],"replies":[{"embeddable":true,"href":"https:\/\/engelgibtesueberall.de\/blog\/wp-json\/wp\/v2\/comments?post=29045"}],"version-history":[{"count":3,"href":"https:\/\/engelgibtesueberall.de\/blog\/wp-json\/wp\/v2\/pages\/29045\/revisions"}],"predecessor-version":[{"id":29048,"href":"https:\/\/engelgibtesueberall.de\/blog\/wp-json\/wp\/v2\/pages\/29045\/revisions\/29048"}],"wp:attachment":[{"href":"https:\/\/engelgibtesueberall.de\/blog\/wp-json\/wp\/v2\/media?parent=29045"}],"curies":[{"name":"wp","href":"https:\/\/api.w.org\/{rel}","templated":true}]}}