{"id":29049,"date":"2025-03-07T15:21:51","date_gmt":"2025-03-07T14:21:51","guid":{"rendered":"https:\/\/engelgibtesueberall.de\/blog\/?page_id=29049"},"modified":"2025-03-07T15:22:50","modified_gmt":"2025-03-07T14:22:50","slug":"kuschelbaeren-2024","status":"publish","type":"page","link":"https:\/\/engelgibtesueberall.de\/blog\/kuschelbaeren-2024\/","title":{"rendered":"Kuschelb\u00e4ren 2024"},"content":{"rendered":"\t\t<div data-elementor-type=\"wp-page\" data-elementor-id=\"29049\" class=\"elementor elementor-29049\" data-elementor-post-type=\"page\">\n\t\t\t\t<div class=\"elementor-element elementor-element-7b3be24 e-flex e-con-boxed e-con e-parent\" data-id=\"7b3be24\" data-element_type=\"container\">\n\t\t\t\t\t<div class=\"e-con-inner\">\n\t\t\t\t<div class=\"elementor-element elementor-element-afa45f3 elementor-grid-3 elementor-grid-tablet-2 elementor-grid-mobile-1 elementor-posts--thumbnail-top elementor-widget elementor-widget-posts\" data-id=\"afa45f3\" data-element_type=\"widget\" data-settings=\"{&quot;pagination_type&quot;:&quot;numbers_and_prev_next&quot;,&quot;classic_columns&quot;:&quot;3&quot;,&quot;classic_columns_tablet&quot;:&quot;2&quot;,&quot;classic_columns_mobile&quot;:&quot;1&quot;,&quot;classic_row_gap&quot;:{&quot;unit&quot;:&quot;px&quot;,&quot;size&quot;:35,&quot;sizes&quot;:[]},&quot;classic_row_gap_tablet&quot;:{&quot;unit&quot;:&quot;px&quot;,&quot;size&quot;:&quot;&quot;,&quot;sizes&quot;:[]},&quot;classic_row_gap_mobile&quot;:{&quot;unit&quot;:&quot;px&quot;,&quot;size&quot;:&quot;&quot;,&quot;sizes&quot;:[]}}\" data-widget_type=\"posts.classic\">\n\t\t\t\t<div class=\"elementor-widget-container\">\n\t\t\t\t\t\t\t<div class=\"elementor-posts-container elementor-posts elementor-posts--skin-classic elementor-grid\">\n\t\t\t\t<article class=\"elementor-post elementor-grid-item post-28463 post type-post status-publish format-standard has-post-thumbnail hentry category-kuschelbaeren-2024\">\n\t\t\t\t<a class=\"elementor-post__thumbnail__link\" href=\"https:\/\/engelgibtesueberall.de\/blog\/dieser-schoene-und-bewegende-jahresabschluss\/\" tabindex=\"-1\" >\n\t\t\t<div class=\"elementor-post__thumbnail\"><img decoding=\"async\" width=\"140\" height=\"240\" src=\"https:\/\/engelgibtesueberall.de\/wp-content\/uploads\/2024\/12\/FB_IMG_1734797204673-140x240.jpg\" class=\"attachment-medium size-medium wp-image-28464\" alt=\"\" srcset=\"https:\/\/engelgibtesueberall.de\/wp-content\/uploads\/2024\/12\/FB_IMG_1734797204673-140x240.jpg 140w, https:\/\/engelgibtesueberall.de\/wp-content\/uploads\/2024\/12\/FB_IMG_1734797204673-281x480.jpg 281w, https:\/\/engelgibtesueberall.de\/wp-content\/uploads\/2024\/12\/FB_IMG_1734797204673.jpg 699w\" sizes=\"(max-width: 140px) 100vw, 140px\" \/><\/div>\n\t\t<\/a>\n\t\t\t\t<div class=\"elementor-post__text\">\n\t\t\t\t<h3 class=\"elementor-post__title\">\n\t\t\t<a href=\"https:\/\/engelgibtesueberall.de\/blog\/dieser-schoene-und-bewegende-jahresabschluss\/\" >\n\t\t\t\tDieser sch\u00f6ne und bewegende Jahresabschlu\u00df&#8230;\t\t\t<\/a>\n\t\t<\/h3>\n\t\t\t\t<div class=\"elementor-post__meta-data\">\n\t\t\t\t\t<span class=\"elementor-post-date\">\n\t\t\t21. Dezember 2024\t\t<\/span>\n\t\t\t\t<\/div>\n\t\t\t\t<div class=\"elementor-post__excerpt\">\n\t\t\t<p>Hallo meine lieben Engel-Freunde, kurz bevor wir die vierte Kerze anz\u00fcnden m\u00f6chte ich mich noch einmal bei euch melden. Das Jahr war turbulent, ereignisreich, bewegend,<\/p>\n\t\t<\/div>\n\t\t\t\t\t<div class=\"elementor-post__read-more-wrapper\">\n\t\t\n\t\t<a class=\"elementor-post__read-more\" href=\"https:\/\/engelgibtesueberall.de\/blog\/dieser-schoene-und-bewegende-jahresabschluss\/\" aria-label=\"Mehr \u00fcber Dieser sch\u00f6ne und bewegende Jahresabschlu\u00df&#8230;\" tabindex=\"-1\" >\n\t\t\tWeiterlesen \u00bb\t\t<\/a>\n\n\t\t\t\t\t<\/div>\n\t\t\t\t<\/div>\n\t\t\t\t<\/article>\n\t\t\t\t<article class=\"elementor-post elementor-grid-item post-28315 post type-post status-publish format-standard has-post-thumbnail hentry category-kuschelbaeren-2024\">\n\t\t\t\t<a class=\"elementor-post__thumbnail__link\" href=\"https:\/\/engelgibtesueberall.de\/blog\/50-kuschel-in-wachtendonk\/\" tabindex=\"-1\" >\n\t\t\t<div class=\"elementor-post__thumbnail\"><img decoding=\"async\" width=\"206\" height=\"240\" src=\"https:\/\/engelgibtesueberall.de\/wp-content\/uploads\/2024\/02\/FB_IMG_1706976516277-206x240.jpg\" class=\"attachment-medium size-medium wp-image-28262\" alt=\"\" srcset=\"https:\/\/engelgibtesueberall.de\/wp-content\/uploads\/2024\/02\/FB_IMG_1706976516277-206x240.jpg 206w, https:\/\/engelgibtesueberall.de\/wp-content\/uploads\/2024\/02\/FB_IMG_1706976516277-412x480.jpg 412w, https:\/\/engelgibtesueberall.de\/wp-content\/uploads\/2024\/02\/FB_IMG_1706976516277-768x895.jpg 768w, https:\/\/engelgibtesueberall.de\/wp-content\/uploads\/2024\/02\/FB_IMG_1706976516277.jpg 1080w\" sizes=\"(max-width: 206px) 100vw, 206px\" \/><\/div>\n\t\t<\/a>\n\t\t\t\t<div class=\"elementor-post__text\">\n\t\t\t\t<h3 class=\"elementor-post__title\">\n\t\t\t<a href=\"https:\/\/engelgibtesueberall.de\/blog\/50-kuschel-in-wachtendonk\/\" >\n\t\t\t\t50 Kuschel in Wachtendonk\t\t\t<\/a>\n\t\t<\/h3>\n\t\t\t\t<div class=\"elementor-post__meta-data\">\n\t\t\t\t\t<span class=\"elementor-post-date\">\n\t\t\t14. April 2024\t\t<\/span>\n\t\t\t\t<\/div>\n\t\t\t\t<div class=\"elementor-post__excerpt\">\n\t\t\t<p>Wir haben uns sehr gefreut miterleben zu d\u00fcrfen, wie sich die Senior*innen \u00fcber die 50 Kuschel in Wachtendonk gefreut haben. &nbsp; Hier dazu der Beitrag<\/p>\n\t\t<\/div>\n\t\t\t\t\t<div class=\"elementor-post__read-more-wrapper\">\n\t\t\n\t\t<a class=\"elementor-post__read-more\" href=\"https:\/\/engelgibtesueberall.de\/blog\/50-kuschel-in-wachtendonk\/\" aria-label=\"Mehr \u00fcber 50 Kuschel in Wachtendonk\" tabindex=\"-1\" >\n\t\t\tWeiterlesen \u00bb\t\t<\/a>\n\n\t\t\t\t\t<\/div>\n\t\t\t\t<\/div>\n\t\t\t\t<\/article>\n\t\t\t\t<article class=\"elementor-post elementor-grid-item post-28302 post type-post status-publish format-standard has-post-thumbnail hentry category-kuschelbaeren-2024 category-presse\">\n\t\t\t\t<a class=\"elementor-post__thumbnail__link\" href=\"https:\/\/engelgibtesueberall.de\/blog\/studio-47-begleitete-uns-bei-der-uebergabe-unserer-kuschel\/\" tabindex=\"-1\" >\n\t\t\t<div class=\"elementor-post__thumbnail\"><img fetchpriority=\"high\" decoding=\"async\" width=\"320\" height=\"213\" src=\"https:\/\/engelgibtesueberall.de\/wp-content\/uploads\/2024\/03\/camera-3633075_1280-320x213.jpg\" class=\"attachment-medium size-medium wp-image-28303\" alt=\"\" srcset=\"https:\/\/engelgibtesueberall.de\/wp-content\/uploads\/2024\/03\/camera-3633075_1280-320x213.jpg 320w, https:\/\/engelgibtesueberall.de\/wp-content\/uploads\/2024\/03\/camera-3633075_1280-640x427.jpg 640w, https:\/\/engelgibtesueberall.de\/wp-content\/uploads\/2024\/03\/camera-3633075_1280-768x512.jpg 768w, https:\/\/engelgibtesueberall.de\/wp-content\/uploads\/2024\/03\/camera-3633075_1280.jpg 1280w\" sizes=\"(max-width: 320px) 100vw, 320px\" \/><\/div>\n\t\t<\/a>\n\t\t\t\t<div class=\"elementor-post__text\">\n\t\t\t\t<h3 class=\"elementor-post__title\">\n\t\t\t<a href=\"https:\/\/engelgibtesueberall.de\/blog\/studio-47-begleitete-uns-bei-der-uebergabe-unserer-kuschel\/\" >\n\t\t\t\tSTUDIO 47 begleitete uns bei der \u00dcbergabe unserer Kuschel\t\t\t<\/a>\n\t\t<\/h3>\n\t\t\t\t<div class=\"elementor-post__meta-data\">\n\t\t\t\t\t<span class=\"elementor-post-date\">\n\t\t\t10. M\u00e4rz 2024\t\t<\/span>\n\t\t\t\t<\/div>\n\t\t\t\t<div class=\"elementor-post__excerpt\">\n\t\t\t<p>STUDIO 47 begleitete uns bei der \u00dcbergabe unserer Kuschel mit anschlie\u00dfem Interview im Studio. Herzlichen Dank f\u00fcr den sch\u00f6nen Beitrag! Schaut rein! Es lohnt sich,<\/p>\n\t\t<\/div>\n\t\t\t\t\t<div class=\"elementor-post__read-more-wrapper\">\n\t\t\n\t\t<a class=\"elementor-post__read-more\" href=\"https:\/\/engelgibtesueberall.de\/blog\/studio-47-begleitete-uns-bei-der-uebergabe-unserer-kuschel\/\" aria-label=\"Mehr \u00fcber STUDIO 47 begleitete uns bei der \u00dcbergabe unserer Kuschel\" tabindex=\"-1\" >\n\t\t\tWeiterlesen \u00bb\t\t<\/a>\n\n\t\t\t\t\t<\/div>\n\t\t\t\t<\/div>\n\t\t\t\t<\/article>\n\t\t\t\t<article class=\"elementor-post elementor-grid-item post-28291 post type-post status-publish format-standard has-post-thumbnail hentry category-kuschelbaeren-2024\">\n\t\t\t\t<a class=\"elementor-post__thumbnail__link\" href=\"https:\/\/engelgibtesueberall.de\/blog\/eine-neue-lieferung-kuschelbaeren\/\" tabindex=\"-1\" >\n\t\t\t<div class=\"elementor-post__thumbnail\"><img loading=\"lazy\" decoding=\"async\" width=\"320\" height=\"240\" src=\"https:\/\/engelgibtesueberall.de\/wp-content\/uploads\/2024\/02\/FB_IMG_1708981970816-320x240.jpg\" class=\"attachment-medium size-medium wp-image-28295\" alt=\"\" srcset=\"https:\/\/engelgibtesueberall.de\/wp-content\/uploads\/2024\/02\/FB_IMG_1708981970816-320x240.jpg 320w, https:\/\/engelgibtesueberall.de\/wp-content\/uploads\/2024\/02\/FB_IMG_1708981970816-640x480.jpg 640w, https:\/\/engelgibtesueberall.de\/wp-content\/uploads\/2024\/02\/FB_IMG_1708981970816-138x104.jpg 138w, https:\/\/engelgibtesueberall.de\/wp-content\/uploads\/2024\/02\/FB_IMG_1708981970816-768x576.jpg 768w, https:\/\/engelgibtesueberall.de\/wp-content\/uploads\/2024\/02\/FB_IMG_1708981970816.jpg 1080w\" sizes=\"(max-width: 320px) 100vw, 320px\" \/><\/div>\n\t\t<\/a>\n\t\t\t\t<div class=\"elementor-post__text\">\n\t\t\t\t<h3 class=\"elementor-post__title\">\n\t\t\t<a href=\"https:\/\/engelgibtesueberall.de\/blog\/eine-neue-lieferung-kuschelbaeren\/\" >\n\t\t\t\tEine neue Lieferung Kuschelb\u00e4ren\t\t\t<\/a>\n\t\t<\/h3>\n\t\t\t\t<div class=\"elementor-post__meta-data\">\n\t\t\t\t\t<span class=\"elementor-post-date\">\n\t\t\t26. Februar 2024\t\t<\/span>\n\t\t\t\t<\/div>\n\t\t\t\t<div class=\"elementor-post__excerpt\">\n\t\t\t<p>Eine neue Lieferung Kuschelb\u00e4ren ist angekommen und wurde zur Auslieferung vorbereitet. Heute war es dann soweit. In zwei Alten- und Pflegeeinrichtungen in Duisburg fanden die<\/p>\n\t\t<\/div>\n\t\t\t\t\t<div class=\"elementor-post__read-more-wrapper\">\n\t\t\n\t\t<a class=\"elementor-post__read-more\" href=\"https:\/\/engelgibtesueberall.de\/blog\/eine-neue-lieferung-kuschelbaeren\/\" aria-label=\"Mehr \u00fcber Eine neue Lieferung Kuschelb\u00e4ren\" tabindex=\"-1\" >\n\t\t\tWeiterlesen \u00bb\t\t<\/a>\n\n\t\t\t\t\t<\/div>\n\t\t\t\t<\/div>\n\t\t\t\t<\/article>\n\t\t\t\t<article class=\"elementor-post elementor-grid-item post-28274 post type-post status-publish format-standard has-post-thumbnail hentry category-kuschelbaeren-2024\">\n\t\t\t\t<a class=\"elementor-post__thumbnail__link\" href=\"https:\/\/engelgibtesueberall.de\/blog\/neue-heimat-fuer-kuschelbaeren\/\" tabindex=\"-1\" >\n\t\t\t<div class=\"elementor-post__thumbnail\"><img loading=\"lazy\" decoding=\"async\" width=\"320\" height=\"191\" src=\"https:\/\/engelgibtesueberall.de\/wp-content\/uploads\/2024\/02\/FB_IMG_1707646175836-320x191.jpg\" class=\"attachment-medium size-medium wp-image-28288\" alt=\"\" srcset=\"https:\/\/engelgibtesueberall.de\/wp-content\/uploads\/2024\/02\/FB_IMG_1707646175836-320x191.jpg 320w, https:\/\/engelgibtesueberall.de\/wp-content\/uploads\/2024\/02\/FB_IMG_1707646175836-640x382.jpg 640w, https:\/\/engelgibtesueberall.de\/wp-content\/uploads\/2024\/02\/FB_IMG_1707646175836-768x459.jpg 768w, https:\/\/engelgibtesueberall.de\/wp-content\/uploads\/2024\/02\/FB_IMG_1707646175836.jpg 1080w\" sizes=\"(max-width: 320px) 100vw, 320px\" \/><\/div>\n\t\t<\/a>\n\t\t\t\t<div class=\"elementor-post__text\">\n\t\t\t\t<h3 class=\"elementor-post__title\">\n\t\t\t<a href=\"https:\/\/engelgibtesueberall.de\/blog\/neue-heimat-fuer-kuschelbaeren\/\" >\n\t\t\t\tNeue Heimat f\u00fcr Kuschelb\u00e4ren\t\t\t<\/a>\n\t\t<\/h3>\n\t\t\t\t<div class=\"elementor-post__meta-data\">\n\t\t\t\t\t<span class=\"elementor-post-date\">\n\t\t\t11. Februar 2024\t\t<\/span>\n\t\t\t\t<\/div>\n\t\t\t\t<div class=\"elementor-post__excerpt\">\n\t\t\t<p>In der vergangenen Woche haben viele Kuschelb\u00e4ren eine neue Heimat mit liebevollen Freunden\/Freundinnen gefunden. Bewohner*innen der Altenheimat Vluyn, St. Peter in Kempen und St. Josef<\/p>\n\t\t<\/div>\n\t\t\t\t\t<div class=\"elementor-post__read-more-wrapper\">\n\t\t\n\t\t<a class=\"elementor-post__read-more\" href=\"https:\/\/engelgibtesueberall.de\/blog\/neue-heimat-fuer-kuschelbaeren\/\" aria-label=\"Mehr \u00fcber Neue Heimat f\u00fcr Kuschelb\u00e4ren\" tabindex=\"-1\" >\n\t\t\tWeiterlesen \u00bb\t\t<\/a>\n\n\t\t\t\t\t<\/div>\n\t\t\t\t<\/div>\n\t\t\t\t<\/article>\n\t\t\t\t<article class=\"elementor-post elementor-grid-item post-28258 post type-post status-publish format-standard has-post-thumbnail hentry category-kuschelbaeren-2024\">\n\t\t\t\t<a class=\"elementor-post__thumbnail__link\" href=\"https:\/\/engelgibtesueberall.de\/blog\/28258-2\/\" tabindex=\"-1\" >\n\t\t\t<div class=\"elementor-post__thumbnail\"><img loading=\"lazy\" decoding=\"async\" width=\"180\" height=\"240\" src=\"https:\/\/engelgibtesueberall.de\/wp-content\/uploads\/2024\/02\/FB_IMG_1706976511975-180x240.jpg\" class=\"attachment-medium size-medium wp-image-28259\" alt=\"\" srcset=\"https:\/\/engelgibtesueberall.de\/wp-content\/uploads\/2024\/02\/FB_IMG_1706976511975-180x240.jpg 180w, https:\/\/engelgibtesueberall.de\/wp-content\/uploads\/2024\/02\/FB_IMG_1706976511975-360x480.jpg 360w, https:\/\/engelgibtesueberall.de\/wp-content\/uploads\/2024\/02\/FB_IMG_1706976511975-768x1024.jpg 768w, https:\/\/engelgibtesueberall.de\/wp-content\/uploads\/2024\/02\/FB_IMG_1706976511975.jpg 1080w\" sizes=\"(max-width: 180px) 100vw, 180px\" \/><\/div>\n\t\t<\/a>\n\t\t\t\t<div class=\"elementor-post__text\">\n\t\t\t\t<h3 class=\"elementor-post__title\">\n\t\t\t<a href=\"https:\/\/engelgibtesueberall.de\/blog\/28258-2\/\" >\n\t\t\t\tNeues von den Kuschelb\u00e4ren&#8230;\t\t\t<\/a>\n\t\t<\/h3>\n\t\t\t\t<div class=\"elementor-post__meta-data\">\n\t\t\t\t\t<span class=\"elementor-post-date\">\n\t\t\t3. Februar 2024\t\t<\/span>\n\t\t\t\t<\/div>\n\t\t\t\t<div class=\"elementor-post__excerpt\">\n\t\t\t<p>Unsere Kuschelb\u00e4ren sind bereit f\u00fcr einen Umzug und freuen sich auf ihre neue Besitzer*innen. Der Artikel im extra-Tipp am Wochenende hat uns eine Vielzahl von<\/p>\n\t\t<\/div>\n\t\t\t\t\t<div class=\"elementor-post__read-more-wrapper\">\n\t\t\n\t\t<a class=\"elementor-post__read-more\" href=\"https:\/\/engelgibtesueberall.de\/blog\/28258-2\/\" aria-label=\"Mehr \u00fcber Neues von den Kuschelb\u00e4ren&#8230;\" tabindex=\"-1\" >\n\t\t\tWeiterlesen \u00bb\t\t<\/a>\n\n\t\t\t\t\t<\/div>\n\t\t\t\t<\/div>\n\t\t\t\t<\/article>\n\t\t\t\t<\/div>\n\t\t\n\t\t\t\t<div class=\"e-load-more-anchor\" data-page=\"1\" data-max-page=\"2\" data-next-page=\"https:\/\/engelgibtesueberall.de\/blog\/wp-json\/wp\/v2\/pages\/29049\/page\/2\/\"><\/div>\n\t\t\t\t<nav class=\"elementor-pagination\" aria-label=\"Seitennummerierung\">\n\t\t\t<span class=\"page-numbers prev\">&laquo; Voriger<\/span>\n<span aria-current=\"page\" class=\"page-numbers current\"><span class=\"elementor-screen-only\">Seite<\/span>1<\/span>\n<a class=\"page-numbers\" href=\"https:\/\/engelgibtesueberall.de\/blog\/wp-json\/wp\/v2\/pages\/29049\/page\/2\/\"><span class=\"elementor-screen-only\">Seite<\/span>2<\/a>\n<a class=\"page-numbers next\" href=\"https:\/\/engelgibtesueberall.de\/blog\/wp-json\/wp\/v2\/pages\/29049\/page\/2\/\">N\u00e4chster &raquo;<\/a>\t\t<\/nav>\n\t\t\t\t\t\t<\/div>\n\t\t\t\t<\/div>\n\t\t\t\t\t<\/div>\n\t\t\t\t<\/div>\n\t\t\t\t<\/div>\n\t\t","protected":false},"excerpt":{"rendered":"","protected":false},"author":6,"featured_media":0,"parent":0,"menu_order":0,"comment_status":"closed","ping_status":"closed","template":"","meta":{"_exactmetrics_skip_tracking":false,"_exactmetrics_sitenote_active":false,"_exactmetrics_sitenote_note":"","_exactmetrics_sitenote_category":0,"footnotes":""},"class_list":["post-29049","page","type-page","status-publish","hentry"],"_links":{"self":[{"href":"https:\/\/engelgibtesueberall.de\/blog\/wp-json\/wp\/v2\/pages\/29049","targetHints":{"allow":["GET"]}}],"collection":[{"href":"https:\/\/engelgibtesueberall.de\/blog\/wp-json\/wp\/v2\/pages"}],"about":[{"href":"https:\/\/engelgibtesueberall.de\/blog\/wp-json\/wp\/v2\/types\/page"}],"author":[{"embeddable":true,"href":"https:\/\/engelgibtesueberall.de\/blog\/wp-json\/wp\/v2\/users\/6"}],"replies":[{"embeddable":true,"href":"https:\/\/engelgibtesueberall.de\/blog\/wp-json\/wp\/v2\/comments?post=29049"}],"version-history":[{"count":3,"href":"https:\/\/engelgibtesueberall.de\/blog\/wp-json\/wp\/v2\/pages\/29049\/revisions"}],"predecessor-version":[{"id":29052,"href":"https:\/\/engelgibtesueberall.de\/blog\/wp-json\/wp\/v2\/pages\/29049\/revisions\/29052"}],"wp:attachment":[{"href":"https:\/\/engelgibtesueberall.de\/blog\/wp-json\/wp\/v2\/media?parent=29049"}],"curies":[{"name":"wp","href":"https:\/\/api.w.org\/{rel}","templated":true}]}}