{"id":29074,"date":"2025-03-07T15:35:44","date_gmt":"2025-03-07T14:35:44","guid":{"rendered":"https:\/\/engelgibtesueberall.de\/blog\/?page_id=29074"},"modified":"2025-03-07T15:36:38","modified_gmt":"2025-03-07T14:36:38","slug":"weihnachten-2015","status":"publish","type":"page","link":"https:\/\/engelgibtesueberall.de\/blog\/weihnachten-2015\/","title":{"rendered":"Weihnachten 2015"},"content":{"rendered":"\t\t<div data-elementor-type=\"wp-page\" data-elementor-id=\"29074\" class=\"elementor elementor-29074\" data-elementor-post-type=\"page\">\n\t\t\t\t<div class=\"elementor-element elementor-element-1b570cf e-flex e-con-boxed e-con e-parent\" data-id=\"1b570cf\" data-element_type=\"container\">\n\t\t\t\t\t<div class=\"e-con-inner\">\n\t\t\t\t<div class=\"elementor-element elementor-element-9221212 elementor-grid-3 elementor-grid-tablet-2 elementor-grid-mobile-1 elementor-posts--thumbnail-top elementor-widget elementor-widget-posts\" data-id=\"9221212\" data-element_type=\"widget\" data-settings=\"{&quot;pagination_type&quot;:&quot;numbers_and_prev_next&quot;,&quot;classic_columns&quot;:&quot;3&quot;,&quot;classic_columns_tablet&quot;:&quot;2&quot;,&quot;classic_columns_mobile&quot;:&quot;1&quot;,&quot;classic_row_gap&quot;:{&quot;unit&quot;:&quot;px&quot;,&quot;size&quot;:35,&quot;sizes&quot;:[]},&quot;classic_row_gap_tablet&quot;:{&quot;unit&quot;:&quot;px&quot;,&quot;size&quot;:&quot;&quot;,&quot;sizes&quot;:[]},&quot;classic_row_gap_mobile&quot;:{&quot;unit&quot;:&quot;px&quot;,&quot;size&quot;:&quot;&quot;,&quot;sizes&quot;:[]}}\" data-widget_type=\"posts.classic\">\n\t\t\t\t<div class=\"elementor-widget-container\">\n\t\t\t\t\t\t\t<div class=\"elementor-posts-container elementor-posts elementor-posts--skin-classic elementor-grid\">\n\t\t\t\t<article class=\"elementor-post elementor-grid-item post-3948 post type-post status-publish format-standard hentry category-weihnachten-2015 tag-engel tag-helfer tag-weihnachtsgeschenkereise\">\n\t\t\t\t<div class=\"elementor-post__text\">\n\t\t\t\t<h3 class=\"elementor-post__title\">\n\t\t\t<a href=\"https:\/\/engelgibtesueberall.de\/blog\/die-reise-an-die-familien-hat-begonnen\/\" >\n\t\t\t\tDie Reise an die Familien hat begonnen.\t\t\t<\/a>\n\t\t<\/h3>\n\t\t\t\t<div class=\"elementor-post__meta-data\">\n\t\t\t\t\t<span class=\"elementor-post-date\">\n\t\t\t9. Dezember 2015\t\t<\/span>\n\t\t\t\t<\/div>\n\t\t\t\t<div class=\"elementor-post__excerpt\">\n\t\t\t<p>Die Reise hat begonnen &#8230;. 11 Fahrer haben ihre Fahrzeuge voll beladen und sind auf dem Weg um 350 Geschenke zu verteilen. Mitte n\u00e4chster Woche<\/p>\n\t\t<\/div>\n\t\t\t\t\t<div class=\"elementor-post__read-more-wrapper\">\n\t\t\n\t\t<a class=\"elementor-post__read-more\" href=\"https:\/\/engelgibtesueberall.de\/blog\/die-reise-an-die-familien-hat-begonnen\/\" aria-label=\"Mehr \u00fcber Die Reise an die Familien hat begonnen.\" tabindex=\"-1\" >\n\t\t\tWeiterlesen \u00bb\t\t<\/a>\n\n\t\t\t\t\t<\/div>\n\t\t\t\t<\/div>\n\t\t\t\t<\/article>\n\t\t\t\t<article class=\"elementor-post elementor-grid-item post-3928 post type-post status-publish format-standard hentry category-weihnachten-2015\">\n\t\t\t\t<div class=\"elementor-post__text\">\n\t\t\t\t<h3 class=\"elementor-post__title\">\n\t\t\t<a href=\"https:\/\/engelgibtesueberall.de\/blog\/engel-im-verpackungsrausch\/\" >\n\t\t\t\tEngel im Verpackungsrausch\t\t\t<\/a>\n\t\t<\/h3>\n\t\t\t\t<div class=\"elementor-post__meta-data\">\n\t\t\t\t\t<span class=\"elementor-post-date\">\n\t\t\t9. Dezember 2015\t\t<\/span>\n\t\t\t\t<\/div>\n\t\t\t\t<div class=\"elementor-post__excerpt\">\n\t\t\t<p>Die Engel sind so im Verpackungsrausch, dass wir es nicht eher geschafft haben, die Bilder einzustellen. Also seht her, wie flei\u00dfig irdische Engel sein k\u00f6nnen.<\/p>\n\t\t<\/div>\n\t\t\t\t\t<div class=\"elementor-post__read-more-wrapper\">\n\t\t\n\t\t<a class=\"elementor-post__read-more\" href=\"https:\/\/engelgibtesueberall.de\/blog\/engel-im-verpackungsrausch\/\" aria-label=\"Mehr \u00fcber Engel im Verpackungsrausch\" tabindex=\"-1\" >\n\t\t\tWeiterlesen \u00bb\t\t<\/a>\n\n\t\t\t\t\t<\/div>\n\t\t\t\t<\/div>\n\t\t\t\t<\/article>\n\t\t\t\t<article class=\"elementor-post elementor-grid-item post-3917 post type-post status-publish format-standard has-post-thumbnail hentry category-weihnachten-2015 tag-ehrenamtliche-helfer tag-engel tag-hilfe tag-kinder tag-weihnachtsgeschenke tag-weihnachtswunsche\">\n\t\t\t\t<a class=\"elementor-post__thumbnail__link\" href=\"https:\/\/engelgibtesueberall.de\/blog\/teil-1-der-packaktion-fur-weihnachtsgeschenke-heute-erfolgreich-gemeistert\/\" tabindex=\"-1\" >\n\t\t\t<div class=\"elementor-post__thumbnail\"><img fetchpriority=\"high\" decoding=\"async\" width=\"320\" height=\"240\" src=\"https:\/\/engelgibtesueberall.de\/wp-content\/uploads\/2015\/11\/Engel-bei-der-Arbeit-3-320x240.jpg\" class=\"attachment-medium size-medium wp-image-3920\" alt=\"\" srcset=\"https:\/\/engelgibtesueberall.de\/wp-content\/uploads\/2015\/11\/Engel-bei-der-Arbeit-3-320x240.jpg 320w, https:\/\/engelgibtesueberall.de\/wp-content\/uploads\/2015\/11\/Engel-bei-der-Arbeit-3-138x104.jpg 138w, https:\/\/engelgibtesueberall.de\/wp-content\/uploads\/2015\/11\/Engel-bei-der-Arbeit-3.jpg 640w\" sizes=\"(max-width: 320px) 100vw, 320px\" \/><\/div>\n\t\t<\/a>\n\t\t\t\t<div class=\"elementor-post__text\">\n\t\t\t\t<h3 class=\"elementor-post__title\">\n\t\t\t<a href=\"https:\/\/engelgibtesueberall.de\/blog\/teil-1-der-packaktion-fur-weihnachtsgeschenke-heute-erfolgreich-gemeistert\/\" >\n\t\t\t\tTeil 1 der &#8222;Packaktion&#8220; f\u00fcr Weihnachtsgeschenke heute erfolgreich gemeistert\t\t\t<\/a>\n\t\t<\/h3>\n\t\t\t\t<div class=\"elementor-post__meta-data\">\n\t\t\t\t\t<span class=\"elementor-post-date\">\n\t\t\t19. November 2015\t\t<\/span>\n\t\t\t\t<\/div>\n\t\t\t\t<div class=\"elementor-post__excerpt\">\n\t\t\t<p>Viele flei\u00dfige Engelh\u00e4nde haben heute dazu beigetragen, dass wir die ca. 100 Geschenke zu Weihnachten, die bislang gekauft und angeliefert wurden, liebevoll verpackt haben. Die<\/p>\n\t\t<\/div>\n\t\t\t\t\t<div class=\"elementor-post__read-more-wrapper\">\n\t\t\n\t\t<a class=\"elementor-post__read-more\" href=\"https:\/\/engelgibtesueberall.de\/blog\/teil-1-der-packaktion-fur-weihnachtsgeschenke-heute-erfolgreich-gemeistert\/\" aria-label=\"Mehr \u00fcber Teil 1 der &#8222;Packaktion&#8220; f\u00fcr Weihnachtsgeschenke heute erfolgreich gemeistert\" tabindex=\"-1\" >\n\t\t\tWeiterlesen \u00bb\t\t<\/a>\n\n\t\t\t\t\t<\/div>\n\t\t\t\t<\/div>\n\t\t\t\t<\/article>\n\t\t\t\t<article class=\"elementor-post elementor-grid-item post-3885 post type-post status-publish format-standard hentry category-weihnachten-2015 tag-walther-faltbox tag-walther-faltsysteme\">\n\t\t\t\t<div class=\"elementor-post__text\">\n\t\t\t\t<h3 class=\"elementor-post__title\">\n\t\t\t<a href=\"https:\/\/engelgibtesueberall.de\/blog\/was-waren-wir-ohne-unsere-sponsoren\/\" >\n\t\t\t\tWas w\u00e4ren wir ohne unsere Sponsoren &#8230;..\t\t\t<\/a>\n\t\t<\/h3>\n\t\t\t\t<div class=\"elementor-post__meta-data\">\n\t\t\t\t\t<span class=\"elementor-post-date\">\n\t\t\t6. November 2015\t\t<\/span>\n\t\t\t\t<\/div>\n\t\t\t\t<div class=\"elementor-post__excerpt\">\n\t\t\t<p>&#8230;..diese beiden Herren sind u.a. daf\u00fcr mit verantwortlich, dass wir immer mehr Jugendliche bei ihrem Start ins eigene Leben f\u00f6rdern und ihnen helfen k\u00f6nnen. Auch<\/p>\n\t\t<\/div>\n\t\t\t\t\t<div class=\"elementor-post__read-more-wrapper\">\n\t\t\n\t\t<a class=\"elementor-post__read-more\" href=\"https:\/\/engelgibtesueberall.de\/blog\/was-waren-wir-ohne-unsere-sponsoren\/\" aria-label=\"Mehr \u00fcber Was w\u00e4ren wir ohne unsere Sponsoren &#8230;..\" tabindex=\"-1\" >\n\t\t\tWeiterlesen \u00bb\t\t<\/a>\n\n\t\t\t\t\t<\/div>\n\t\t\t\t<\/div>\n\t\t\t\t<\/article>\n\t\t\t\t<article class=\"elementor-post elementor-grid-item post-3877 post type-post status-publish format-standard hentry category-weihnachten-2015\">\n\t\t\t\t<div class=\"elementor-post__text\">\n\t\t\t\t<h3 class=\"elementor-post__title\">\n\t\t\t<a href=\"https:\/\/engelgibtesueberall.de\/blog\/das-ist-wahnsinn\/\" >\n\t\t\t\tDas ist Wahnsinn &#8230;.\t\t\t<\/a>\n\t\t<\/h3>\n\t\t\t\t<div class=\"elementor-post__meta-data\">\n\t\t\t\t\t<span class=\"elementor-post-date\">\n\t\t\t6. November 2015\t\t<\/span>\n\t\t\t\t<\/div>\n\t\t\t\t<div class=\"elementor-post__excerpt\">\n\t\t\t<p>&#8230;. kaum haben wir den Malwettbewerb und die Chartiy-Kunstausstellung erfolgreich gemeistert, sind wir auch schon mitten in der Weihnachtsaktion. Ich gebe euch mal einen kleinen<\/p>\n\t\t<\/div>\n\t\t\t\t\t<div class=\"elementor-post__read-more-wrapper\">\n\t\t\n\t\t<a class=\"elementor-post__read-more\" href=\"https:\/\/engelgibtesueberall.de\/blog\/das-ist-wahnsinn\/\" aria-label=\"Mehr \u00fcber Das ist Wahnsinn &#8230;.\" tabindex=\"-1\" >\n\t\t\tWeiterlesen \u00bb\t\t<\/a>\n\n\t\t\t\t\t<\/div>\n\t\t\t\t<\/div>\n\t\t\t\t<\/article>\n\t\t\t\t<article class=\"elementor-post elementor-grid-item post-3606 post type-post status-publish format-standard hentry category-weihnachten-2015\">\n\t\t\t\t<div class=\"elementor-post__text\">\n\t\t\t\t<h3 class=\"elementor-post__title\">\n\t\t\t<a href=\"https:\/\/engelgibtesueberall.de\/blog\/unser-feedback-fur-die-weihnachtsaktion-im-telegrammstil\/\" >\n\t\t\t\tUnser Feedback f\u00fcr die Weihnachtsaktion im Telegrammstil:\t\t\t<\/a>\n\t\t<\/h3>\n\t\t\t\t<div class=\"elementor-post__meta-data\">\n\t\t\t\t\t<span class=\"elementor-post-date\">\n\t\t\t20. Januar 2015\t\t<\/span>\n\t\t\t\t<\/div>\n\t\t\t\t<div class=\"elementor-post__excerpt\">\n\t\t\t<p>Alle Helfer waren sprichw\u00f6rtlich geschafft. Alle Familien waren gl\u00fccklich. Fast alle Anfragen f\u00fcr Geschenke wurden gepr\u00fcft. Circa 10 Anfragen wurden unsererseits abgelehnt. Insgesamt waren es<\/p>\n\t\t<\/div>\n\t\t\t\t\t<div class=\"elementor-post__read-more-wrapper\">\n\t\t\n\t\t<a class=\"elementor-post__read-more\" href=\"https:\/\/engelgibtesueberall.de\/blog\/unser-feedback-fur-die-weihnachtsaktion-im-telegrammstil\/\" aria-label=\"Mehr \u00fcber Unser Feedback f\u00fcr die Weihnachtsaktion im Telegrammstil:\" tabindex=\"-1\" >\n\t\t\tWeiterlesen \u00bb\t\t<\/a>\n\n\t\t\t\t\t<\/div>\n\t\t\t\t<\/div>\n\t\t\t\t<\/article>\n\t\t\t\t<\/div>\n\t\t\n\t\t\t\t\t\t<\/div>\n\t\t\t\t<\/div>\n\t\t\t\t\t<\/div>\n\t\t\t\t<\/div>\n\t\t\t\t<\/div>\n\t\t","protected":false},"excerpt":{"rendered":"","protected":false},"author":6,"featured_media":0,"parent":0,"menu_order":0,"comment_status":"closed","ping_status":"closed","template":"","meta":{"_exactmetrics_skip_tracking":false,"_exactmetrics_sitenote_active":false,"_exactmetrics_sitenote_note":"","_exactmetrics_sitenote_category":0,"footnotes":""},"class_list":["post-29074","page","type-page","status-publish","hentry"],"_links":{"self":[{"href":"https:\/\/engelgibtesueberall.de\/blog\/wp-json\/wp\/v2\/pages\/29074","targetHints":{"allow":["GET"]}}],"collection":[{"href":"https:\/\/engelgibtesueberall.de\/blog\/wp-json\/wp\/v2\/pages"}],"about":[{"href":"https:\/\/engelgibtesueberall.de\/blog\/wp-json\/wp\/v2\/types\/page"}],"author":[{"embeddable":true,"href":"https:\/\/engelgibtesueberall.de\/blog\/wp-json\/wp\/v2\/users\/6"}],"replies":[{"embeddable":true,"href":"https:\/\/engelgibtesueberall.de\/blog\/wp-json\/wp\/v2\/comments?post=29074"}],"version-history":[{"count":3,"href":"https:\/\/engelgibtesueberall.de\/blog\/wp-json\/wp\/v2\/pages\/29074\/revisions"}],"predecessor-version":[{"id":29077,"href":"https:\/\/engelgibtesueberall.de\/blog\/wp-json\/wp\/v2\/pages\/29074\/revisions\/29077"}],"wp:attachment":[{"href":"https:\/\/engelgibtesueberall.de\/blog\/wp-json\/wp\/v2\/media?parent=29074"}],"curies":[{"name":"wp","href":"https:\/\/api.w.org\/{rel}","templated":true}]}}