{"id":29078,"date":"2025-03-07T15:37:17","date_gmt":"2025-03-07T14:37:17","guid":{"rendered":"https:\/\/engelgibtesueberall.de\/blog\/?page_id=29078"},"modified":"2025-03-07T15:38:04","modified_gmt":"2025-03-07T14:38:04","slug":"weihnachten-2016","status":"publish","type":"page","link":"https:\/\/engelgibtesueberall.de\/blog\/weihnachten-2016\/","title":{"rendered":"Weihnachten 2016"},"content":{"rendered":"\t\t<div data-elementor-type=\"wp-page\" data-elementor-id=\"29078\" class=\"elementor elementor-29078\" data-elementor-post-type=\"page\">\n\t\t\t\t<div class=\"elementor-element elementor-element-adc87dc e-flex e-con-boxed e-con e-parent\" data-id=\"adc87dc\" data-element_type=\"container\">\n\t\t\t\t\t<div class=\"e-con-inner\">\n\t\t\t\t<div class=\"elementor-element elementor-element-188bf51 elementor-grid-3 elementor-grid-tablet-2 elementor-grid-mobile-1 elementor-posts--thumbnail-top elementor-widget elementor-widget-posts\" data-id=\"188bf51\" data-element_type=\"widget\" data-settings=\"{&quot;pagination_type&quot;:&quot;numbers_and_prev_next&quot;,&quot;classic_columns&quot;:&quot;3&quot;,&quot;classic_columns_tablet&quot;:&quot;2&quot;,&quot;classic_columns_mobile&quot;:&quot;1&quot;,&quot;classic_row_gap&quot;:{&quot;unit&quot;:&quot;px&quot;,&quot;size&quot;:35,&quot;sizes&quot;:[]},&quot;classic_row_gap_tablet&quot;:{&quot;unit&quot;:&quot;px&quot;,&quot;size&quot;:&quot;&quot;,&quot;sizes&quot;:[]},&quot;classic_row_gap_mobile&quot;:{&quot;unit&quot;:&quot;px&quot;,&quot;size&quot;:&quot;&quot;,&quot;sizes&quot;:[]}}\" data-widget_type=\"posts.classic\">\n\t\t\t\t<div class=\"elementor-widget-container\">\n\t\t\t\t\t\t\t<div class=\"elementor-posts-container elementor-posts elementor-posts--skin-classic elementor-grid\">\n\t\t\t\t<article class=\"elementor-post elementor-grid-item post-4250 post type-post status-publish format-standard has-post-thumbnail hentry category-weihnachten-2016\">\n\t\t\t\t<a class=\"elementor-post__thumbnail__link\" href=\"https:\/\/engelgibtesueberall.de\/blog\/es-ist-vollbracht\/\" tabindex=\"-1\" >\n\t\t\t<div class=\"elementor-post__thumbnail\"><img fetchpriority=\"high\" decoding=\"async\" width=\"320\" height=\"240\" src=\"https:\/\/engelgibtesueberall.de\/wp-content\/uploads\/2016\/12\/kGruppenbild2-320x240.jpg\" class=\"attachment-medium size-medium wp-image-4263\" alt=\"\" srcset=\"https:\/\/engelgibtesueberall.de\/wp-content\/uploads\/2016\/12\/kGruppenbild2-320x240.jpg 320w, https:\/\/engelgibtesueberall.de\/wp-content\/uploads\/2016\/12\/kGruppenbild2-138x104.jpg 138w, https:\/\/engelgibtesueberall.de\/wp-content\/uploads\/2016\/12\/kGruppenbild2.jpg 640w\" sizes=\"(max-width: 320px) 100vw, 320px\" \/><\/div>\n\t\t<\/a>\n\t\t\t\t<div class=\"elementor-post__text\">\n\t\t\t\t<h3 class=\"elementor-post__title\">\n\t\t\t<a href=\"https:\/\/engelgibtesueberall.de\/blog\/es-ist-vollbracht\/\" >\n\t\t\t\tEs ist vollbracht!!\t\t\t<\/a>\n\t\t<\/h3>\n\t\t\t\t<div class=\"elementor-post__meta-data\">\n\t\t\t\t\t<span class=\"elementor-post-date\">\n\t\t\t17. Dezember 2016\t\t<\/span>\n\t\t\t\t<\/div>\n\t\t\t\t<div class=\"elementor-post__excerpt\">\n\t\t\t<p>Nun steht dem Weihnachtsfest in vielen Familien\u00a0 nichts mehr im Wege. Insgesamt haben wir 467 Geschenke an fast 130 Familien ausgeliefert. Eine gro\u00dfartige Arbeit, bei<\/p>\n\t\t<\/div>\n\t\t\t\t\t<div class=\"elementor-post__read-more-wrapper\">\n\t\t\n\t\t<a class=\"elementor-post__read-more\" href=\"https:\/\/engelgibtesueberall.de\/blog\/es-ist-vollbracht\/\" aria-label=\"Mehr \u00fcber Es ist vollbracht!!\" tabindex=\"-1\" >\n\t\t\tWeiterlesen \u00bb\t\t<\/a>\n\n\t\t\t\t\t<\/div>\n\t\t\t\t<\/div>\n\t\t\t\t<\/article>\n\t\t\t\t<article class=\"elementor-post elementor-grid-item post-4239 post type-post status-publish format-standard has-post-thumbnail hentry category-spenden category-weihnachten-2016\">\n\t\t\t\t<a class=\"elementor-post__thumbnail__link\" href=\"https:\/\/engelgibtesueberall.de\/blog\/vielen-dank-der-spenderin\/\" tabindex=\"-1\" >\n\t\t\t<div class=\"elementor-post__thumbnail\"><img decoding=\"async\" width=\"180\" height=\"240\" src=\"https:\/\/engelgibtesueberall.de\/wp-content\/uploads\/2016\/11\/Danke-der-freundlichen-Spenderin-180x240.jpg\" class=\"attachment-medium size-medium wp-image-4241\" alt=\"\" srcset=\"https:\/\/engelgibtesueberall.de\/wp-content\/uploads\/2016\/11\/Danke-der-freundlichen-Spenderin-180x240.jpg 180w, https:\/\/engelgibtesueberall.de\/wp-content\/uploads\/2016\/11\/Danke-der-freundlichen-Spenderin-360x480.jpg 360w, https:\/\/engelgibtesueberall.de\/wp-content\/uploads\/2016\/11\/Danke-der-freundlichen-Spenderin.jpg 1548w\" sizes=\"(max-width: 180px) 100vw, 180px\" \/><\/div>\n\t\t<\/a>\n\t\t\t\t<div class=\"elementor-post__text\">\n\t\t\t\t<h3 class=\"elementor-post__title\">\n\t\t\t<a href=\"https:\/\/engelgibtesueberall.de\/blog\/vielen-dank-der-spenderin\/\" >\n\t\t\t\tVielen Dank der Spenderin\t\t\t<\/a>\n\t\t<\/h3>\n\t\t\t\t<div class=\"elementor-post__meta-data\">\n\t\t\t\t\t<span class=\"elementor-post-date\">\n\t\t\t18. November 2016\t\t<\/span>\n\t\t\t\t<\/div>\n\t\t\t\t<div class=\"elementor-post__excerpt\">\n\t\t\t<p>Als ich heute in der Gesch&auml;ftsstelle der Volksbank an der Niers in Kevelaer an der Kasse stand und wartete, beobachtete ich eine freundliche Dame, die<\/p>\n\t\t<\/div>\n\t\t\t\t\t<div class=\"elementor-post__read-more-wrapper\">\n\t\t\n\t\t<a class=\"elementor-post__read-more\" href=\"https:\/\/engelgibtesueberall.de\/blog\/vielen-dank-der-spenderin\/\" aria-label=\"Mehr \u00fcber Vielen Dank der Spenderin\" tabindex=\"-1\" >\n\t\t\tWeiterlesen \u00bb\t\t<\/a>\n\n\t\t\t\t\t<\/div>\n\t\t\t\t<\/div>\n\t\t\t\t<\/article>\n\t\t\t\t<article class=\"elementor-post elementor-grid-item post-4228 post type-post status-publish format-standard has-post-thumbnail hentry category-weihnachten-2016\">\n\t\t\t\t<a class=\"elementor-post__thumbnail__link\" href=\"https:\/\/engelgibtesueberall.de\/blog\/habmeinen-wagen-voll-geladen\/\" tabindex=\"-1\" >\n\t\t\t<div class=\"elementor-post__thumbnail\"><img decoding=\"async\" width=\"320\" height=\"240\" src=\"https:\/\/engelgibtesueberall.de\/wp-content\/uploads\/2016\/12\/kFahrzeug4-320x240.jpg\" class=\"attachment-medium size-medium wp-image-4256\" alt=\"\" srcset=\"https:\/\/engelgibtesueberall.de\/wp-content\/uploads\/2016\/12\/kFahrzeug4-320x240.jpg 320w, https:\/\/engelgibtesueberall.de\/wp-content\/uploads\/2016\/12\/kFahrzeug4-138x104.jpg 138w, https:\/\/engelgibtesueberall.de\/wp-content\/uploads\/2016\/12\/kFahrzeug4.jpg 640w\" sizes=\"(max-width: 320px) 100vw, 320px\" \/><\/div>\n\t\t<\/a>\n\t\t\t\t<div class=\"elementor-post__text\">\n\t\t\t\t<h3 class=\"elementor-post__title\">\n\t\t\t<a href=\"https:\/\/engelgibtesueberall.de\/blog\/habmeinen-wagen-voll-geladen\/\" >\n\t\t\t\tHab`meinen Wagen voll geladen &#8230;..\t\t\t<\/a>\n\t\t<\/h3>\n\t\t\t\t<div class=\"elementor-post__meta-data\">\n\t\t\t\t\t<span class=\"elementor-post-date\">\n\t\t\t18. November 2016\t\t<\/span>\n\t\t\t\t<\/div>\n\t\t\t\t<div class=\"elementor-post__excerpt\">\n\t\t\t<p>Die erste Verpackungsaktion der Weihnachtsgeschenke steht an und ich habe dem Weihnachtsmann alle Ehre gemacht, was das Einkaufen, sortieren, katalogisieren etc. angeht. Die ersten Wagenladungen<\/p>\n\t\t<\/div>\n\t\t\t\t\t<div class=\"elementor-post__read-more-wrapper\">\n\t\t\n\t\t<a class=\"elementor-post__read-more\" href=\"https:\/\/engelgibtesueberall.de\/blog\/habmeinen-wagen-voll-geladen\/\" aria-label=\"Mehr \u00fcber Hab`meinen Wagen voll geladen &#8230;..\" tabindex=\"-1\" >\n\t\t\tWeiterlesen \u00bb\t\t<\/a>\n\n\t\t\t\t\t<\/div>\n\t\t\t\t<\/div>\n\t\t\t\t<\/article>\n\t\t\t\t<article class=\"elementor-post elementor-grid-item post-4178 post type-post status-publish format-standard hentry category-weihnachten-2016\">\n\t\t\t\t<div class=\"elementor-post__text\">\n\t\t\t\t<h3 class=\"elementor-post__title\">\n\t\t\t<a href=\"https:\/\/engelgibtesueberall.de\/blog\/aus-einer-hilfesuchenden-mutter-und-ehefrau-wird-ein-helfender-engel\/\" >\n\t\t\t\tAus einer hilfesuchenden Mutter und Ehefrau wird ein helfender Engel\t\t\t<\/a>\n\t\t<\/h3>\n\t\t\t\t<div class=\"elementor-post__meta-data\">\n\t\t\t\t\t<span class=\"elementor-post-date\">\n\t\t\t22. September 2016\t\t<\/span>\n\t\t\t\t<\/div>\n\t\t\t\t<div class=\"elementor-post__excerpt\">\n\t\t\t<p>Einen Beitrag, den ich aufgrund der Presseberichte erhalten habe, m\u00f6chte ich hier explizit mit dem Einverst\u00e4ndnis der Absenderin ver\u00f6ffentlichen. &#8222;Guten Abend Frau Stermann! Zun\u00e4chst m\u00f6chte<\/p>\n\t\t<\/div>\n\t\t\t\t\t<div class=\"elementor-post__read-more-wrapper\">\n\t\t\n\t\t<a class=\"elementor-post__read-more\" href=\"https:\/\/engelgibtesueberall.de\/blog\/aus-einer-hilfesuchenden-mutter-und-ehefrau-wird-ein-helfender-engel\/\" aria-label=\"Mehr \u00fcber Aus einer hilfesuchenden Mutter und Ehefrau wird ein helfender Engel\" tabindex=\"-1\" >\n\t\t\tWeiterlesen \u00bb\t\t<\/a>\n\n\t\t\t\t\t<\/div>\n\t\t\t\t<\/div>\n\t\t\t\t<\/article>\n\t\t\t\t<\/div>\n\t\t\n\t\t\t\t\t\t<\/div>\n\t\t\t\t<\/div>\n\t\t\t\t\t<\/div>\n\t\t\t\t<\/div>\n\t\t\t\t<\/div>\n\t\t","protected":false},"excerpt":{"rendered":"","protected":false},"author":6,"featured_media":0,"parent":0,"menu_order":0,"comment_status":"closed","ping_status":"closed","template":"","meta":{"_exactmetrics_skip_tracking":false,"_exactmetrics_sitenote_active":false,"_exactmetrics_sitenote_note":"","_exactmetrics_sitenote_category":0,"footnotes":""},"class_list":["post-29078","page","type-page","status-publish","hentry"],"_links":{"self":[{"href":"https:\/\/engelgibtesueberall.de\/blog\/wp-json\/wp\/v2\/pages\/29078","targetHints":{"allow":["GET"]}}],"collection":[{"href":"https:\/\/engelgibtesueberall.de\/blog\/wp-json\/wp\/v2\/pages"}],"about":[{"href":"https:\/\/engelgibtesueberall.de\/blog\/wp-json\/wp\/v2\/types\/page"}],"author":[{"embeddable":true,"href":"https:\/\/engelgibtesueberall.de\/blog\/wp-json\/wp\/v2\/users\/6"}],"replies":[{"embeddable":true,"href":"https:\/\/engelgibtesueberall.de\/blog\/wp-json\/wp\/v2\/comments?post=29078"}],"version-history":[{"count":3,"href":"https:\/\/engelgibtesueberall.de\/blog\/wp-json\/wp\/v2\/pages\/29078\/revisions"}],"predecessor-version":[{"id":29081,"href":"https:\/\/engelgibtesueberall.de\/blog\/wp-json\/wp\/v2\/pages\/29078\/revisions\/29081"}],"wp:attachment":[{"href":"https:\/\/engelgibtesueberall.de\/blog\/wp-json\/wp\/v2\/media?parent=29078"}],"curies":[{"name":"wp","href":"https:\/\/api.w.org\/{rel}","templated":true}]}}