{"id":29107,"date":"2025-03-07T15:59:33","date_gmt":"2025-03-07T14:59:33","guid":{"rendered":"https:\/\/engelgibtesueberall.de\/blog\/?page_id=29107"},"modified":"2025-03-07T16:00:27","modified_gmt":"2025-03-07T15:00:27","slug":"sonstige-hilfen","status":"publish","type":"page","link":"https:\/\/engelgibtesueberall.de\/blog\/sonstige-hilfen\/","title":{"rendered":"sonstige Hilfen"},"content":{"rendered":"\t\t<div data-elementor-type=\"wp-page\" data-elementor-id=\"29107\" class=\"elementor elementor-29107\" data-elementor-post-type=\"page\">\n\t\t\t\t<div class=\"elementor-element elementor-element-06ccc1c e-flex e-con-boxed e-con e-parent\" data-id=\"06ccc1c\" data-element_type=\"container\">\n\t\t\t\t\t<div class=\"e-con-inner\">\n\t\t\t\t<div class=\"elementor-element elementor-element-d50ba97 elementor-grid-3 elementor-grid-tablet-2 elementor-grid-mobile-1 elementor-posts--thumbnail-top elementor-widget elementor-widget-posts\" data-id=\"d50ba97\" data-element_type=\"widget\" data-settings=\"{&quot;pagination_type&quot;:&quot;numbers_and_prev_next&quot;,&quot;classic_columns&quot;:&quot;3&quot;,&quot;classic_columns_tablet&quot;:&quot;2&quot;,&quot;classic_columns_mobile&quot;:&quot;1&quot;,&quot;classic_row_gap&quot;:{&quot;unit&quot;:&quot;px&quot;,&quot;size&quot;:35,&quot;sizes&quot;:[]},&quot;classic_row_gap_tablet&quot;:{&quot;unit&quot;:&quot;px&quot;,&quot;size&quot;:&quot;&quot;,&quot;sizes&quot;:[]},&quot;classic_row_gap_mobile&quot;:{&quot;unit&quot;:&quot;px&quot;,&quot;size&quot;:&quot;&quot;,&quot;sizes&quot;:[]}}\" data-widget_type=\"posts.classic\">\n\t\t\t\t<div class=\"elementor-widget-container\">\n\t\t\t\t\t\t\t<div class=\"elementor-posts-container elementor-posts elementor-posts--skin-classic elementor-grid\">\n\t\t\t\t<article class=\"elementor-post elementor-grid-item post-29177 post type-post status-publish format-standard has-post-thumbnail hentry category-allgemein category-neues category-sonstige-hilfen\">\n\t\t\t\t<a class=\"elementor-post__thumbnail__link\" href=\"https:\/\/engelgibtesueberall.de\/blog\/teil-zwei-der-ehrung-der-kuenstler\/\" tabindex=\"-1\" >\n\t\t\t<div class=\"elementor-post__thumbnail\"><img fetchpriority=\"high\" decoding=\"async\" width=\"320\" height=\"240\" src=\"https:\/\/engelgibtesueberall.de\/wp-content\/uploads\/2025\/11\/IMG-20251117-WA0001-320x240.jpg\" class=\"attachment-medium size-medium wp-image-29178\" alt=\"\" srcset=\"https:\/\/engelgibtesueberall.de\/wp-content\/uploads\/2025\/11\/IMG-20251117-WA0001-320x240.jpg 320w, https:\/\/engelgibtesueberall.de\/wp-content\/uploads\/2025\/11\/IMG-20251117-WA0001-640x480.jpg 640w, https:\/\/engelgibtesueberall.de\/wp-content\/uploads\/2025\/11\/IMG-20251117-WA0001-138x104.jpg 138w, https:\/\/engelgibtesueberall.de\/wp-content\/uploads\/2025\/11\/IMG-20251117-WA0001-768x576.jpg 768w, https:\/\/engelgibtesueberall.de\/wp-content\/uploads\/2025\/11\/IMG-20251117-WA0001-1536x1152.jpg 1536w, https:\/\/engelgibtesueberall.de\/wp-content\/uploads\/2025\/11\/IMG-20251117-WA0001.jpg 2048w\" sizes=\"(max-width: 320px) 100vw, 320px\" \/><\/div>\n\t\t<\/a>\n\t\t\t\t<div class=\"elementor-post__text\">\n\t\t\t\t<h3 class=\"elementor-post__title\">\n\t\t\t<a href=\"https:\/\/engelgibtesueberall.de\/blog\/teil-zwei-der-ehrung-der-kuenstler\/\" >\n\t\t\t\tTeil zwei der Ehrung der K\u00fcnstler\t\t\t<\/a>\n\t\t<\/h3>\n\t\t\t\t<div class=\"elementor-post__meta-data\">\n\t\t\t\t\t<span class=\"elementor-post-date\">\n\t\t\t20. November 2025\t\t<\/span>\n\t\t\t\t<\/div>\n\t\t\t\t<div class=\"elementor-post__excerpt\">\n\t\t\t<p>Vergangenen Montag war Teil zwei der Ehrung der K\u00fcnstler von den Heilp\u00e4dagogischen Werkst\u00e4tten. Eine sehr sch\u00f6ne Feier mit vielen stolzen und gl\u00fccklichen Gesichtern.<\/p>\n\t\t<\/div>\n\t\t\t\t\t<div class=\"elementor-post__read-more-wrapper\">\n\t\t\n\t\t<a class=\"elementor-post__read-more\" href=\"https:\/\/engelgibtesueberall.de\/blog\/teil-zwei-der-ehrung-der-kuenstler\/\" aria-label=\"Mehr \u00fcber Teil zwei der Ehrung der K\u00fcnstler\" tabindex=\"-1\" >\n\t\t\tWeiterlesen \u00bb\t\t<\/a>\n\n\t\t\t\t\t<\/div>\n\t\t\t\t<\/div>\n\t\t\t\t<\/article>\n\t\t\t\t<article class=\"elementor-post elementor-grid-item post-29171 post type-post status-publish format-standard has-post-thumbnail hentry category-allgemein category-neues category-sonstige-hilfen\">\n\t\t\t\t<a class=\"elementor-post__thumbnail__link\" href=\"https:\/\/engelgibtesueberall.de\/blog\/berichterstattung-extra-tipp-am-sonntag\/\" tabindex=\"-1\" >\n\t\t\t<div class=\"elementor-post__thumbnail\"><img decoding=\"async\" width=\"240\" height=\"240\" src=\"https:\/\/engelgibtesueberall.de\/wp-content\/uploads\/2025\/11\/bdd6c670-c2d4-11f0-8129-bf13e20c31a1-240x240.jpg\" class=\"attachment-medium size-medium wp-image-29172\" alt=\"\" srcset=\"https:\/\/engelgibtesueberall.de\/wp-content\/uploads\/2025\/11\/bdd6c670-c2d4-11f0-8129-bf13e20c31a1-240x240.jpg 240w, https:\/\/engelgibtesueberall.de\/wp-content\/uploads\/2025\/11\/bdd6c670-c2d4-11f0-8129-bf13e20c31a1-480x480.jpg 480w, https:\/\/engelgibtesueberall.de\/wp-content\/uploads\/2025\/11\/bdd6c670-c2d4-11f0-8129-bf13e20c31a1-768x768.jpg 768w, https:\/\/engelgibtesueberall.de\/wp-content\/uploads\/2025\/11\/bdd6c670-c2d4-11f0-8129-bf13e20c31a1-1536x1536.jpg 1536w, https:\/\/engelgibtesueberall.de\/wp-content\/uploads\/2025\/11\/bdd6c670-c2d4-11f0-8129-bf13e20c31a1.jpg 1662w\" sizes=\"(max-width: 240px) 100vw, 240px\" \/><\/div>\n\t\t<\/a>\n\t\t\t\t<div class=\"elementor-post__text\">\n\t\t\t\t<h3 class=\"elementor-post__title\">\n\t\t\t<a href=\"https:\/\/engelgibtesueberall.de\/blog\/berichterstattung-extra-tipp-am-sonntag\/\" >\n\t\t\t\tBerichterstattung &#8222;Extra Tipp am Sonntag&#8220;\t\t\t<\/a>\n\t\t<\/h3>\n\t\t\t\t<div class=\"elementor-post__meta-data\">\n\t\t\t\t\t<span class=\"elementor-post-date\">\n\t\t\t16. November 2025\t\t<\/span>\n\t\t\t\t<\/div>\n\t\t\t\t<div class=\"elementor-post__excerpt\">\n\t\t\t<p>Vielen Dank an &#8222;Extra Tipp am Sonntag&#8220; f\u00fcr den herzlichen Bericht! &nbsp; Den Artikel k\u00f6nnt ihr zudem unter diesem Link finden: https:\/\/www.extra-tipp-am-sonntag.de\/moers-niederrhein\/kunstpreis-fuer-menschen-mit-behinderung-inklusion-mal-andersherum_aid-138910673<\/p>\n\t\t<\/div>\n\t\t\t\t\t<div class=\"elementor-post__read-more-wrapper\">\n\t\t\n\t\t<a class=\"elementor-post__read-more\" href=\"https:\/\/engelgibtesueberall.de\/blog\/berichterstattung-extra-tipp-am-sonntag\/\" aria-label=\"Mehr \u00fcber Berichterstattung &#8222;Extra Tipp am Sonntag&#8220;\" tabindex=\"-1\" >\n\t\t\tWeiterlesen \u00bb\t\t<\/a>\n\n\t\t\t\t\t<\/div>\n\t\t\t\t<\/div>\n\t\t\t\t<\/article>\n\t\t\t\t<article class=\"elementor-post elementor-grid-item post-29168 post type-post status-publish format-standard has-post-thumbnail hentry category-allgemein category-neues category-sonstige-hilfen\">\n\t\t\t\t<a class=\"elementor-post__thumbnail__link\" href=\"https:\/\/engelgibtesueberall.de\/blog\/29168-2\/\" tabindex=\"-1\" >\n\t\t\t<div class=\"elementor-post__thumbnail\"><img decoding=\"async\" width=\"320\" height=\"213\" src=\"https:\/\/engelgibtesueberall.de\/wp-content\/uploads\/2025\/11\/EMHA1851-320x213.jpg\" class=\"attachment-medium size-medium wp-image-29169\" alt=\"\" srcset=\"https:\/\/engelgibtesueberall.de\/wp-content\/uploads\/2025\/11\/EMHA1851-320x213.jpg 320w, https:\/\/engelgibtesueberall.de\/wp-content\/uploads\/2025\/11\/EMHA1851-640x427.jpg 640w, https:\/\/engelgibtesueberall.de\/wp-content\/uploads\/2025\/11\/EMHA1851-768x512.jpg 768w, https:\/\/engelgibtesueberall.de\/wp-content\/uploads\/2025\/11\/EMHA1851-1536x1024.jpg 1536w, https:\/\/engelgibtesueberall.de\/wp-content\/uploads\/2025\/11\/EMHA1851-2048x1365.jpg 2048w\" sizes=\"(max-width: 320px) 100vw, 320px\" \/><\/div>\n\t\t<\/a>\n\t\t\t\t<div class=\"elementor-post__text\">\n\t\t\t\t<h3 class=\"elementor-post__title\">\n\t\t\t<a href=\"https:\/\/engelgibtesueberall.de\/blog\/29168-2\/\" >\n\t\t\t\tBerichterstattung &#8222;WZ Krefeld&#8220;\t\t\t<\/a>\n\t\t<\/h3>\n\t\t\t\t<div class=\"elementor-post__meta-data\">\n\t\t\t\t\t<span class=\"elementor-post-date\">\n\t\t\t16. November 2025\t\t<\/span>\n\t\t\t\t<\/div>\n\t\t\t\t<div class=\"elementor-post__excerpt\">\n\t\t\t<p>Ein so sch\u00f6ner Beitrag der WZ Krefeld zu unserem Kunstpreis f\u00fcr Menschen mit Behinderungen. Vielen Dank f\u00fcr die Berichterstattung!? &nbsp; http:\/\/www.wz.de\/nrw\/krefeld\/basilisken-drachen-und-dinosaurier-zu-besuch-in-krefeld_aid-138422323 &nbsp; ? Emilian Hahn<\/p>\n\t\t<\/div>\n\t\t\t\t\t<div class=\"elementor-post__read-more-wrapper\">\n\t\t\n\t\t<a class=\"elementor-post__read-more\" href=\"https:\/\/engelgibtesueberall.de\/blog\/29168-2\/\" aria-label=\"Mehr \u00fcber Berichterstattung &#8222;WZ Krefeld&#8220;\" tabindex=\"-1\" >\n\t\t\tWeiterlesen \u00bb\t\t<\/a>\n\n\t\t\t\t\t<\/div>\n\t\t\t\t<\/div>\n\t\t\t\t<\/article>\n\t\t\t\t<article class=\"elementor-post elementor-grid-item post-29162 post type-post status-publish format-standard has-post-thumbnail hentry category-allgemein category-neues category-sonstige-hilfen\">\n\t\t\t\t<a class=\"elementor-post__thumbnail__link\" href=\"https:\/\/engelgibtesueberall.de\/blog\/kunstpreis-fuer-menschen-mit-behinderungen\/\" tabindex=\"-1\" >\n\t\t\t<div class=\"elementor-post__thumbnail\"><img loading=\"lazy\" decoding=\"async\" width=\"320\" height=\"240\" src=\"https:\/\/engelgibtesueberall.de\/wp-content\/uploads\/2025\/11\/IMG-20251111-WA0012-320x240.jpg\" class=\"attachment-medium size-medium wp-image-29164\" alt=\"\" srcset=\"https:\/\/engelgibtesueberall.de\/wp-content\/uploads\/2025\/11\/IMG-20251111-WA0012-320x240.jpg 320w, https:\/\/engelgibtesueberall.de\/wp-content\/uploads\/2025\/11\/IMG-20251111-WA0012-640x480.jpg 640w, https:\/\/engelgibtesueberall.de\/wp-content\/uploads\/2025\/11\/IMG-20251111-WA0012-138x104.jpg 138w, https:\/\/engelgibtesueberall.de\/wp-content\/uploads\/2025\/11\/IMG-20251111-WA0012-768x576.jpg 768w, https:\/\/engelgibtesueberall.de\/wp-content\/uploads\/2025\/11\/IMG-20251111-WA0012-1536x1152.jpg 1536w, https:\/\/engelgibtesueberall.de\/wp-content\/uploads\/2025\/11\/IMG-20251111-WA0012.jpg 1600w\" sizes=\"(max-width: 320px) 100vw, 320px\" \/><\/div>\n\t\t<\/a>\n\t\t\t\t<div class=\"elementor-post__text\">\n\t\t\t\t<h3 class=\"elementor-post__title\">\n\t\t\t<a href=\"https:\/\/engelgibtesueberall.de\/blog\/kunstpreis-fuer-menschen-mit-behinderungen\/\" >\n\t\t\t\tKunstpreis f\u00fcr Menschen mit Behinderungen\t\t\t<\/a>\n\t\t<\/h3>\n\t\t\t\t<div class=\"elementor-post__meta-data\">\n\t\t\t\t\t<span class=\"elementor-post-date\">\n\t\t\t11. November 2025\t\t<\/span>\n\t\t\t\t<\/div>\n\t\t\t\t<div class=\"elementor-post__excerpt\">\n\t\t\t<p>Ausstellungser\u00f6ffnung und Preisverleihung des Kunstpreises f\u00fcr Menschen mit Behinderungen Am Abend der feierlichen Ausstellungser\u00f6ffnung und Preisverleihung des Kunstpreises f\u00fcr Menschen mit Behinderungen fanden sich insgesamt<\/p>\n\t\t<\/div>\n\t\t\t\t\t<div class=\"elementor-post__read-more-wrapper\">\n\t\t\n\t\t<a class=\"elementor-post__read-more\" href=\"https:\/\/engelgibtesueberall.de\/blog\/kunstpreis-fuer-menschen-mit-behinderungen\/\" aria-label=\"Mehr \u00fcber Kunstpreis f\u00fcr Menschen mit Behinderungen\" tabindex=\"-1\" >\n\t\t\tWeiterlesen \u00bb\t\t<\/a>\n\n\t\t\t\t\t<\/div>\n\t\t\t\t<\/div>\n\t\t\t\t<\/article>\n\t\t\t\t<article class=\"elementor-post elementor-grid-item post-29145 post type-post status-publish format-standard has-post-thumbnail hentry category-neues category-sonstige-hilfen\">\n\t\t\t\t<a class=\"elementor-post__thumbnail__link\" href=\"https:\/\/engelgibtesueberall.de\/blog\/kunstpreis-2025-fuer-junge-menschen-mit-behinderung\/\" tabindex=\"-1\" >\n\t\t\t<div class=\"elementor-post__thumbnail\"><img loading=\"lazy\" decoding=\"async\" width=\"160\" height=\"240\" src=\"https:\/\/engelgibtesueberall.de\/wp-content\/uploads\/2025\/07\/artist-7250697_1280-160x240.jpg\" class=\"attachment-medium size-medium wp-image-29146\" alt=\"\" srcset=\"https:\/\/engelgibtesueberall.de\/wp-content\/uploads\/2025\/07\/artist-7250697_1280-160x240.jpg 160w, https:\/\/engelgibtesueberall.de\/wp-content\/uploads\/2025\/07\/artist-7250697_1280-320x480.jpg 320w, https:\/\/engelgibtesueberall.de\/wp-content\/uploads\/2025\/07\/artist-7250697_1280-768x1152.jpg 768w, https:\/\/engelgibtesueberall.de\/wp-content\/uploads\/2025\/07\/artist-7250697_1280.jpg 853w\" sizes=\"(max-width: 160px) 100vw, 160px\" \/><\/div>\n\t\t<\/a>\n\t\t\t\t<div class=\"elementor-post__text\">\n\t\t\t\t<h3 class=\"elementor-post__title\">\n\t\t\t<a href=\"https:\/\/engelgibtesueberall.de\/blog\/kunstpreis-2025-fuer-junge-menschen-mit-behinderung\/\" >\n\t\t\t\tKunstpreis 2025 f\u00fcr junge Menschen mit Behinderung\t\t\t<\/a>\n\t\t<\/h3>\n\t\t\t\t<div class=\"elementor-post__meta-data\">\n\t\t\t\t\t<span class=\"elementor-post-date\">\n\t\t\t14. Juli 2025\t\t<\/span>\n\t\t\t\t<\/div>\n\t\t\t\t<div class=\"elementor-post__excerpt\">\n\t\t\t<p>Hallo zusammen, habt ihr schon Nachrichten \u00fcber unser Tun und Handeln vermisst? Richtig, es war lange Zeit still um uns. Das hei\u00dft aber nicht, dass<\/p>\n\t\t<\/div>\n\t\t\t\t\t<div class=\"elementor-post__read-more-wrapper\">\n\t\t\n\t\t<a class=\"elementor-post__read-more\" href=\"https:\/\/engelgibtesueberall.de\/blog\/kunstpreis-2025-fuer-junge-menschen-mit-behinderung\/\" aria-label=\"Mehr \u00fcber Kunstpreis 2025 f\u00fcr junge Menschen mit Behinderung\" tabindex=\"-1\" >\n\t\t\tWeiterlesen \u00bb\t\t<\/a>\n\n\t\t\t\t\t<\/div>\n\t\t\t\t<\/div>\n\t\t\t\t<\/article>\n\t\t\t\t<article class=\"elementor-post elementor-grid-item post-29134 post type-post status-publish format-standard has-post-thumbnail hentry category-kinder-und-familienhilfe category-neues category-sonstige-hilfen\">\n\t\t\t\t<a class=\"elementor-post__thumbnail__link\" href=\"https:\/\/engelgibtesueberall.de\/blog\/projekt-theater-petersilie\/\" tabindex=\"-1\" >\n\t\t\t<div class=\"elementor-post__thumbnail\"><img loading=\"lazy\" decoding=\"async\" width=\"320\" height=\"160\" src=\"https:\/\/engelgibtesueberall.de\/wp-content\/uploads\/2025\/04\/day-care-center-7355022_1280-320x160.jpg\" class=\"attachment-medium size-medium wp-image-29135\" alt=\"\" srcset=\"https:\/\/engelgibtesueberall.de\/wp-content\/uploads\/2025\/04\/day-care-center-7355022_1280-320x160.jpg 320w, https:\/\/engelgibtesueberall.de\/wp-content\/uploads\/2025\/04\/day-care-center-7355022_1280-640x320.jpg 640w, https:\/\/engelgibtesueberall.de\/wp-content\/uploads\/2025\/04\/day-care-center-7355022_1280-768x384.jpg 768w, https:\/\/engelgibtesueberall.de\/wp-content\/uploads\/2025\/04\/day-care-center-7355022_1280.jpg 1280w\" sizes=\"(max-width: 320px) 100vw, 320px\" \/><\/div>\n\t\t<\/a>\n\t\t\t\t<div class=\"elementor-post__text\">\n\t\t\t\t<h3 class=\"elementor-post__title\">\n\t\t\t<a href=\"https:\/\/engelgibtesueberall.de\/blog\/projekt-theater-petersilie\/\" >\n\t\t\t\tProjekt Theater Petersilie\t\t\t<\/a>\n\t\t<\/h3>\n\t\t\t\t<div class=\"elementor-post__meta-data\">\n\t\t\t\t\t<span class=\"elementor-post-date\">\n\t\t\t10. April 2025\t\t<\/span>\n\t\t\t\t<\/div>\n\t\t\t\t<div class=\"elementor-post__excerpt\">\n\t\t\t<p>&nbsp; Ein weiteres tolles Projekt, welches wir in und mit Kinderg\u00e4rten umsetzen, wollen wir euch nat\u00fcrlich nicht vorenthalten! &nbsp; Das Theater Petersilie spielt Geschichten, die<\/p>\n\t\t<\/div>\n\t\t\t\t\t<div class=\"elementor-post__read-more-wrapper\">\n\t\t\n\t\t<a class=\"elementor-post__read-more\" href=\"https:\/\/engelgibtesueberall.de\/blog\/projekt-theater-petersilie\/\" aria-label=\"Mehr \u00fcber Projekt Theater Petersilie\" tabindex=\"-1\" >\n\t\t\tWeiterlesen \u00bb\t\t<\/a>\n\n\t\t\t\t\t<\/div>\n\t\t\t\t<\/div>\n\t\t\t\t<\/article>\n\t\t\t\t<\/div>\n\t\t\n\t\t\t\t<div class=\"e-load-more-anchor\" data-page=\"1\" data-max-page=\"5\" data-next-page=\"https:\/\/engelgibtesueberall.de\/blog\/wp-json\/wp\/v2\/pages\/29107\/page\/2\/\"><\/div>\n\t\t\t\t<nav class=\"elementor-pagination\" aria-label=\"Seitennummerierung\">\n\t\t\t<span class=\"page-numbers prev\">&laquo; Voriger<\/span>\n<span aria-current=\"page\" class=\"page-numbers current\"><span class=\"elementor-screen-only\">Seite<\/span>1<\/span>\n<a class=\"page-numbers\" href=\"https:\/\/engelgibtesueberall.de\/blog\/wp-json\/wp\/v2\/pages\/29107\/page\/2\/\"><span class=\"elementor-screen-only\">Seite<\/span>2<\/a>\n<a class=\"page-numbers\" href=\"https:\/\/engelgibtesueberall.de\/blog\/wp-json\/wp\/v2\/pages\/29107\/page\/3\/\"><span class=\"elementor-screen-only\">Seite<\/span>3<\/a>\n<a class=\"page-numbers\" href=\"https:\/\/engelgibtesueberall.de\/blog\/wp-json\/wp\/v2\/pages\/29107\/page\/4\/\"><span class=\"elementor-screen-only\">Seite<\/span>4<\/a>\n<a class=\"page-numbers\" href=\"https:\/\/engelgibtesueberall.de\/blog\/wp-json\/wp\/v2\/pages\/29107\/page\/5\/\"><span class=\"elementor-screen-only\">Seite<\/span>5<\/a>\n<a class=\"page-numbers next\" href=\"https:\/\/engelgibtesueberall.de\/blog\/wp-json\/wp\/v2\/pages\/29107\/page\/2\/\">N\u00e4chster &raquo;<\/a>\t\t<\/nav>\n\t\t\t\t\t\t<\/div>\n\t\t\t\t<\/div>\n\t\t\t\t\t<\/div>\n\t\t\t\t<\/div>\n\t\t\t\t<\/div>\n\t\t","protected":false},"excerpt":{"rendered":"","protected":false},"author":6,"featured_media":0,"parent":0,"menu_order":0,"comment_status":"closed","ping_status":"closed","template":"","meta":{"_exactmetrics_skip_tracking":false,"_exactmetrics_sitenote_active":false,"_exactmetrics_sitenote_note":"","_exactmetrics_sitenote_category":0,"footnotes":""},"class_list":["post-29107","page","type-page","status-publish","hentry"],"_links":{"self":[{"href":"https:\/\/engelgibtesueberall.de\/blog\/wp-json\/wp\/v2\/pages\/29107","targetHints":{"allow":["GET"]}}],"collection":[{"href":"https:\/\/engelgibtesueberall.de\/blog\/wp-json\/wp\/v2\/pages"}],"about":[{"href":"https:\/\/engelgibtesueberall.de\/blog\/wp-json\/wp\/v2\/types\/page"}],"author":[{"embeddable":true,"href":"https:\/\/engelgibtesueberall.de\/blog\/wp-json\/wp\/v2\/users\/6"}],"replies":[{"embeddable":true,"href":"https:\/\/engelgibtesueberall.de\/blog\/wp-json\/wp\/v2\/comments?post=29107"}],"version-history":[{"count":3,"href":"https:\/\/engelgibtesueberall.de\/blog\/wp-json\/wp\/v2\/pages\/29107\/revisions"}],"predecessor-version":[{"id":29110,"href":"https:\/\/engelgibtesueberall.de\/blog\/wp-json\/wp\/v2\/pages\/29107\/revisions\/29110"}],"wp:attachment":[{"href":"https:\/\/engelgibtesueberall.de\/blog\/wp-json\/wp\/v2\/media?parent=29107"}],"curies":[{"name":"wp","href":"https:\/\/api.w.org\/{rel}","templated":true}]}}