{"id":29128,"date":"2025-03-25T13:38:11","date_gmt":"2025-03-25T12:38:11","guid":{"rendered":"https:\/\/engelgibtesueberall.de\/blog\/?page_id=29128"},"modified":"2025-03-25T14:00:00","modified_gmt":"2025-03-25T13:00:00","slug":"ferien-freizeitangebote","status":"publish","type":"page","link":"https:\/\/engelgibtesueberall.de\/blog\/ferien-freizeitangebote\/","title":{"rendered":"Ferien-\/Freizeitangebote"},"content":{"rendered":"\t\t<div data-elementor-type=\"wp-page\" data-elementor-id=\"29128\" class=\"elementor elementor-29128\" data-elementor-post-type=\"page\">\n\t\t\t\t<div class=\"elementor-element elementor-element-548a7ec e-flex e-con-boxed e-con e-parent\" data-id=\"548a7ec\" data-element_type=\"container\">\n\t\t\t\t\t<div class=\"e-con-inner\">\n\t\t\t\t<div class=\"elementor-element elementor-element-097c8c2 elementor-grid-3 elementor-grid-tablet-2 elementor-grid-mobile-1 elementor-posts--thumbnail-top elementor-widget elementor-widget-posts\" data-id=\"097c8c2\" data-element_type=\"widget\" data-settings=\"{&quot;pagination_type&quot;:&quot;numbers_and_prev_next&quot;,&quot;classic_columns&quot;:&quot;3&quot;,&quot;classic_columns_tablet&quot;:&quot;2&quot;,&quot;classic_columns_mobile&quot;:&quot;1&quot;,&quot;classic_row_gap&quot;:{&quot;unit&quot;:&quot;px&quot;,&quot;size&quot;:35,&quot;sizes&quot;:[]},&quot;classic_row_gap_tablet&quot;:{&quot;unit&quot;:&quot;px&quot;,&quot;size&quot;:&quot;&quot;,&quot;sizes&quot;:[]},&quot;classic_row_gap_mobile&quot;:{&quot;unit&quot;:&quot;px&quot;,&quot;size&quot;:&quot;&quot;,&quot;sizes&quot;:[]}}\" data-widget_type=\"posts.classic\">\n\t\t\t\t<div class=\"elementor-widget-container\">\n\t\t\t\t\t\t\t<div class=\"elementor-posts-container elementor-posts elementor-posts--skin-classic elementor-grid\">\n\t\t\t\t<article class=\"elementor-post elementor-grid-item post-29150 post type-post status-publish format-standard has-post-thumbnail hentry category-ferien-freizeitangebote category-kinder-und-familienhilfe category-neues category-spenden\">\n\t\t\t\t<a class=\"elementor-post__thumbnail__link\" href=\"https:\/\/engelgibtesueberall.de\/blog\/mit-respekt-ins-leben-starten\/\" tabindex=\"-1\" >\n\t\t\t<div class=\"elementor-post__thumbnail\"><img fetchpriority=\"high\" decoding=\"async\" width=\"320\" height=\"167\" src=\"https:\/\/engelgibtesueberall.de\/wp-content\/uploads\/2025\/08\/limit_1240x646_6fd69d35-1600-4fb9-ac8d-84c5261ac560-320x167.jpg\" class=\"attachment-medium size-medium wp-image-29151\" alt=\"\" srcset=\"https:\/\/engelgibtesueberall.de\/wp-content\/uploads\/2025\/08\/limit_1240x646_6fd69d35-1600-4fb9-ac8d-84c5261ac560-320x167.jpg 320w, https:\/\/engelgibtesueberall.de\/wp-content\/uploads\/2025\/08\/limit_1240x646_6fd69d35-1600-4fb9-ac8d-84c5261ac560-640x333.jpg 640w, https:\/\/engelgibtesueberall.de\/wp-content\/uploads\/2025\/08\/limit_1240x646_6fd69d35-1600-4fb9-ac8d-84c5261ac560-768x400.jpg 768w, https:\/\/engelgibtesueberall.de\/wp-content\/uploads\/2025\/08\/limit_1240x646_6fd69d35-1600-4fb9-ac8d-84c5261ac560.jpg 1240w\" sizes=\"(max-width: 320px) 100vw, 320px\" \/><\/div>\n\t\t<\/a>\n\t\t\t\t<div class=\"elementor-post__text\">\n\t\t\t\t<h3 class=\"elementor-post__title\">\n\t\t\t<a href=\"https:\/\/engelgibtesueberall.de\/blog\/mit-respekt-ins-leben-starten\/\" >\n\t\t\t\tMit Respekt ins Leben starten.\t\t\t<\/a>\n\t\t<\/h3>\n\t\t\t\t<div class=\"elementor-post__meta-data\">\n\t\t\t\t\t<span class=\"elementor-post-date\">\n\t\t\t19. August 2025\t\t<\/span>\n\t\t\t\t<\/div>\n\t\t\t\t<div class=\"elementor-post__excerpt\">\n\t\t\t<p>Mit gro\u00dfer Freuede wollen wir euch hier unser neues Projekt vorstellen: &#8222;Mit Respekt ins Leben starten.&#8220; Wir schenken Jugendlichen aus Familien ohne Ressourcen die Chance,<\/p>\n\t\t<\/div>\n\t\t\n\t\t<a class=\"elementor-post__read-more\" href=\"https:\/\/engelgibtesueberall.de\/blog\/mit-respekt-ins-leben-starten\/\" aria-label=\"Mehr \u00fcber Mit Respekt ins Leben starten.\" tabindex=\"-1\" >\n\t\t\tWeiterlesen \u00bb\t\t<\/a>\n\n\t\t\t\t<\/div>\n\t\t\t\t<\/article>\n\t\t\t\t<article class=\"elementor-post elementor-grid-item post-27840 post type-post status-publish format-standard has-post-thumbnail hentry category-ferien-freizeitangebote category-spenden\">\n\t\t\t\t<a class=\"elementor-post__thumbnail__link\" href=\"https:\/\/engelgibtesueberall.de\/blog\/27840-2\/\" tabindex=\"-1\" >\n\t\t\t<div class=\"elementor-post__thumbnail\"><img decoding=\"async\" width=\"320\" height=\"180\" src=\"https:\/\/engelgibtesueberall.de\/wp-content\/uploads\/2021\/10\/247434879_4552107854832643_5320933965365739317_n-320x180.jpg\" class=\"attachment-medium size-medium wp-image-27842\" alt=\"\" srcset=\"https:\/\/engelgibtesueberall.de\/wp-content\/uploads\/2021\/10\/247434879_4552107854832643_5320933965365739317_n-320x180.jpg 320w, https:\/\/engelgibtesueberall.de\/wp-content\/uploads\/2021\/10\/247434879_4552107854832643_5320933965365739317_n-640x359.jpg 640w, https:\/\/engelgibtesueberall.de\/wp-content\/uploads\/2021\/10\/247434879_4552107854832643_5320933965365739317_n-768x431.jpg 768w, https:\/\/engelgibtesueberall.de\/wp-content\/uploads\/2021\/10\/247434879_4552107854832643_5320933965365739317_n.jpg 960w\" sizes=\"(max-width: 320px) 100vw, 320px\" \/><\/div>\n\t\t<\/a>\n\t\t\t\t<div class=\"elementor-post__text\">\n\t\t\t\t<h3 class=\"elementor-post__title\">\n\t\t\t<a href=\"https:\/\/engelgibtesueberall.de\/blog\/27840-2\/\" >\n\t\t\t\tStreetdance und Hip-Hop Workshop haben stattgefunden!\t\t\t<\/a>\n\t\t<\/h3>\n\t\t\t\t<div class=\"elementor-post__meta-data\">\n\t\t\t\t\t<span class=\"elementor-post-date\">\n\t\t\t23. Oktober 2021\t\t<\/span>\n\t\t\t\t<\/div>\n\t\t\t\t<div class=\"elementor-post__excerpt\">\n\t\t\t<p>Vergangenes Wochenende fand unser Streetdance und Hip-Hop Workshop statt. Wichtige Info vorweg: Bei den hier gezeigten Personen handelt es sich NICHT um von uns unterst\u00fctzte<\/p>\n\t\t<\/div>\n\t\t\n\t\t<a class=\"elementor-post__read-more\" href=\"https:\/\/engelgibtesueberall.de\/blog\/27840-2\/\" aria-label=\"Mehr \u00fcber Streetdance und Hip-Hop Workshop haben stattgefunden!\" tabindex=\"-1\" >\n\t\t\tWeiterlesen \u00bb\t\t<\/a>\n\n\t\t\t\t<\/div>\n\t\t\t\t<\/article>\n\t\t\t\t<article class=\"elementor-post elementor-grid-item post-27835 post type-post status-publish format-standard has-post-thumbnail hentry category-ferien-freizeitangebote category-spenden\">\n\t\t\t\t<a class=\"elementor-post__thumbnail__link\" href=\"https:\/\/engelgibtesueberall.de\/blog\/baldiger-anmeldeschluss-fuer-unsere-kostenfreien-hip-hop-und-streetdance-workshops\/\" tabindex=\"-1\" >\n\t\t\t<div class=\"elementor-post__thumbnail\"><img decoding=\"async\" width=\"320\" height=\"216\" src=\"https:\/\/engelgibtesueberall.de\/wp-content\/uploads\/2021\/10\/baldiger-320x216.jpg\" class=\"attachment-medium size-medium wp-image-27836\" alt=\"\" srcset=\"https:\/\/engelgibtesueberall.de\/wp-content\/uploads\/2021\/10\/baldiger-320x216.jpg 320w, https:\/\/engelgibtesueberall.de\/wp-content\/uploads\/2021\/10\/baldiger-640x431.jpg 640w, https:\/\/engelgibtesueberall.de\/wp-content\/uploads\/2021\/10\/baldiger-768x518.jpg 768w, https:\/\/engelgibtesueberall.de\/wp-content\/uploads\/2021\/10\/baldiger.jpg 954w\" sizes=\"(max-width: 320px) 100vw, 320px\" \/><\/div>\n\t\t<\/a>\n\t\t\t\t<div class=\"elementor-post__text\">\n\t\t\t\t<h3 class=\"elementor-post__title\">\n\t\t\t<a href=\"https:\/\/engelgibtesueberall.de\/blog\/baldiger-anmeldeschluss-fuer-unsere-kostenfreien-hip-hop-und-streetdance-workshops\/\" >\n\t\t\t\tBaldiger Anmeldeschluss f\u00fcr unsere kostenfreien Hip-Hop und Streetdance Workshops!\t\t\t<\/a>\n\t\t<\/h3>\n\t\t\t\t<div class=\"elementor-post__meta-data\">\n\t\t\t\t\t<span class=\"elementor-post-date\">\n\t\t\t7. Oktober 2021\t\t<\/span>\n\t\t\t\t<\/div>\n\t\t\t\t<div class=\"elementor-post__excerpt\">\n\t\t\t<p>Liebe Interessentinnen und Interessenten, die Anmeldefrist f\u00fcr unsere kostenfreien Hip-Hop und Streetdance Workshops r\u00fcckt n\u00e4her&#8230;. falls jemand noch sich selbst oder sein Kind f\u00fcr den<\/p>\n\t\t<\/div>\n\t\t\n\t\t<a class=\"elementor-post__read-more\" href=\"https:\/\/engelgibtesueberall.de\/blog\/baldiger-anmeldeschluss-fuer-unsere-kostenfreien-hip-hop-und-streetdance-workshops\/\" aria-label=\"Mehr \u00fcber Baldiger Anmeldeschluss f\u00fcr unsere kostenfreien Hip-Hop und Streetdance Workshops!\" tabindex=\"-1\" >\n\t\t\tWeiterlesen \u00bb\t\t<\/a>\n\n\t\t\t\t<\/div>\n\t\t\t\t<\/article>\n\t\t\t\t<article class=\"elementor-post elementor-grid-item post-27827 post type-post status-publish format-standard has-post-thumbnail hentry category-ferien-freizeitangebote category-spenden\">\n\t\t\t\t<a class=\"elementor-post__thumbnail__link\" href=\"https:\/\/engelgibtesueberall.de\/blog\/kostenfreier-hip-hop-und-streetdance-workshop\/\" tabindex=\"-1\" >\n\t\t\t<div class=\"elementor-post__thumbnail\"><img loading=\"lazy\" decoding=\"async\" width=\"320\" height=\"215\" src=\"https:\/\/engelgibtesueberall.de\/wp-content\/uploads\/2021\/09\/Thomas-im-Kurs-320x215.jpg\" class=\"attachment-medium size-medium wp-image-27828\" alt=\"\" srcset=\"https:\/\/engelgibtesueberall.de\/wp-content\/uploads\/2021\/09\/Thomas-im-Kurs-320x215.jpg 320w, https:\/\/engelgibtesueberall.de\/wp-content\/uploads\/2021\/09\/Thomas-im-Kurs-640x429.jpg 640w, https:\/\/engelgibtesueberall.de\/wp-content\/uploads\/2021\/09\/Thomas-im-Kurs-768x515.jpg 768w, https:\/\/engelgibtesueberall.de\/wp-content\/uploads\/2021\/09\/Thomas-im-Kurs.jpg 960w\" sizes=\"(max-width: 320px) 100vw, 320px\" \/><\/div>\n\t\t<\/a>\n\t\t\t\t<div class=\"elementor-post__text\">\n\t\t\t\t<h3 class=\"elementor-post__title\">\n\t\t\t<a href=\"https:\/\/engelgibtesueberall.de\/blog\/kostenfreier-hip-hop-und-streetdance-workshop\/\" >\n\t\t\t\tKostenfreier Hip-Hop und Streetdance Workshop\t\t\t<\/a>\n\t\t<\/h3>\n\t\t\t\t<div class=\"elementor-post__meta-data\">\n\t\t\t\t\t<span class=\"elementor-post-date\">\n\t\t\t12. September 2021\t\t<\/span>\n\t\t\t\t<\/div>\n\t\t\t\t<div class=\"elementor-post__excerpt\">\n\t\t\t<p>Der Verein \u201eEngel gibt es \u00fcberall e.V.\u201c feiert in diesem Jahr sein 10 j\u00e4hriges Jubil\u00e4um. Solch ein Ereignis sollte gefeiert werden.\u00a0 Nicht einfach eine Feier<\/p>\n\t\t<\/div>\n\t\t\n\t\t<a class=\"elementor-post__read-more\" href=\"https:\/\/engelgibtesueberall.de\/blog\/kostenfreier-hip-hop-und-streetdance-workshop\/\" aria-label=\"Mehr \u00fcber Kostenfreier Hip-Hop und Streetdance Workshop\" tabindex=\"-1\" >\n\t\t\tWeiterlesen \u00bb\t\t<\/a>\n\n\t\t\t\t<\/div>\n\t\t\t\t<\/article>\n\t\t\t\t<article class=\"elementor-post elementor-grid-item post-27817 post type-post status-publish format-standard has-post-thumbnail hentry category-ferien-freizeitangebote\">\n\t\t\t\t<a class=\"elementor-post__thumbnail__link\" href=\"https:\/\/engelgibtesueberall.de\/blog\/lass-die-show-beginnen\/\" tabindex=\"-1\" >\n\t\t\t<div class=\"elementor-post__thumbnail\"><img loading=\"lazy\" decoding=\"async\" width=\"320\" height=\"240\" src=\"https:\/\/engelgibtesueberall.de\/wp-content\/uploads\/2021\/09\/HPIMG_20210813_150457-320x240.jpg\" class=\"attachment-medium size-medium wp-image-27818\" alt=\"\" srcset=\"https:\/\/engelgibtesueberall.de\/wp-content\/uploads\/2021\/09\/HPIMG_20210813_150457-320x240.jpg 320w, https:\/\/engelgibtesueberall.de\/wp-content\/uploads\/2021\/09\/HPIMG_20210813_150457-138x104.jpg 138w, https:\/\/engelgibtesueberall.de\/wp-content\/uploads\/2021\/09\/HPIMG_20210813_150457.jpg 640w\" sizes=\"(max-width: 320px) 100vw, 320px\" \/><\/div>\n\t\t<\/a>\n\t\t\t\t<div class=\"elementor-post__text\">\n\t\t\t\t<h3 class=\"elementor-post__title\">\n\t\t\t<a href=\"https:\/\/engelgibtesueberall.de\/blog\/lass-die-show-beginnen\/\" >\n\t\t\t\tLass die Show beginnen!\t\t\t<\/a>\n\t\t<\/h3>\n\t\t\t\t<div class=\"elementor-post__meta-data\">\n\t\t\t\t\t<span class=\"elementor-post-date\">\n\t\t\t9. September 2021\t\t<\/span>\n\t\t\t\t<\/div>\n\t\t\t\t<div class=\"elementor-post__excerpt\">\n\t\t\t<p>Im Rahmen unserer \u201e10 x 10 Pl\u00e4tze\u201c Aktion, bei denen jeweils 10 Kinder und Jugendliche an 10 unterschiedlichen Unternehmungen teilnehmen k\u00f6nnen, konnten die Kinder nun<\/p>\n\t\t<\/div>\n\t\t\n\t\t<a class=\"elementor-post__read-more\" href=\"https:\/\/engelgibtesueberall.de\/blog\/lass-die-show-beginnen\/\" aria-label=\"Mehr \u00fcber Lass die Show beginnen!\" tabindex=\"-1\" >\n\t\t\tWeiterlesen \u00bb\t\t<\/a>\n\n\t\t\t\t<\/div>\n\t\t\t\t<\/article>\n\t\t\t\t<article class=\"elementor-post elementor-grid-item post-27812 post type-post status-publish format-standard has-post-thumbnail hentry category-ferien-freizeitangebote\">\n\t\t\t\t<a class=\"elementor-post__thumbnail__link\" href=\"https:\/\/engelgibtesueberall.de\/blog\/10-jahre-engel-gibt-es-ueberall-e-v-jubilaeumsaktion\/\" tabindex=\"-1\" >\n\t\t\t<div class=\"elementor-post__thumbnail\"><img loading=\"lazy\" decoding=\"async\" width=\"309\" height=\"240\" src=\"https:\/\/engelgibtesueberall.de\/wp-content\/uploads\/2021\/07\/Folie2-1-309x240.jpg\" class=\"attachment-medium size-medium wp-image-27814\" alt=\"\" srcset=\"https:\/\/engelgibtesueberall.de\/wp-content\/uploads\/2021\/07\/Folie2-1-309x240.jpg 309w, https:\/\/engelgibtesueberall.de\/wp-content\/uploads\/2021\/07\/Folie2-1-618x480.jpg 618w, https:\/\/engelgibtesueberall.de\/wp-content\/uploads\/2021\/07\/Folie2-1-768x597.jpg 768w, https:\/\/engelgibtesueberall.de\/wp-content\/uploads\/2021\/07\/Folie2-1.jpg 927w\" sizes=\"(max-width: 309px) 100vw, 309px\" \/><\/div>\n\t\t<\/a>\n\t\t\t\t<div class=\"elementor-post__text\">\n\t\t\t\t<h3 class=\"elementor-post__title\">\n\t\t\t<a href=\"https:\/\/engelgibtesueberall.de\/blog\/10-jahre-engel-gibt-es-ueberall-e-v-jubilaeumsaktion\/\" >\n\t\t\t\t10 Jahre \u201eEngel gibt es \u00fcberall e.V.\u201c &#8211; Jubil\u00e4umsaktion\t\t\t<\/a>\n\t\t<\/h3>\n\t\t\t\t<div class=\"elementor-post__meta-data\">\n\t\t\t\t\t<span class=\"elementor-post-date\">\n\t\t\t27. Juli 2021\t\t<\/span>\n\t\t\t\t<\/div>\n\t\t\t\t<div class=\"elementor-post__excerpt\">\n\t\t\t<p>Wie schnell doch die Zeit vergeht! In diesem Jahr kann der Verein \u201eEngel gibt es \u00fcberall e.V.\u201c sein 10-j\u00e4hriges Bestehen feiern. Leider macht Corona dabei<\/p>\n\t\t<\/div>\n\t\t\n\t\t<a class=\"elementor-post__read-more\" href=\"https:\/\/engelgibtesueberall.de\/blog\/10-jahre-engel-gibt-es-ueberall-e-v-jubilaeumsaktion\/\" aria-label=\"Mehr \u00fcber 10 Jahre \u201eEngel gibt es \u00fcberall e.V.\u201c &#8211; Jubil\u00e4umsaktion\" tabindex=\"-1\" >\n\t\t\tWeiterlesen \u00bb\t\t<\/a>\n\n\t\t\t\t<\/div>\n\t\t\t\t<\/article>\n\t\t\t\t<\/div>\n\t\t\n\t\t\t\t<div class=\"e-load-more-anchor\" data-page=\"1\" data-max-page=\"2\" data-next-page=\"https:\/\/engelgibtesueberall.de\/blog\/wp-json\/wp\/v2\/pages\/29128\/page\/2\/\"><\/div>\n\t\t\t\t<nav class=\"elementor-pagination\" aria-label=\"Seitennummerierung\">\n\t\t\t<span class=\"page-numbers prev\">&laquo; Voriger<\/span>\n<span aria-current=\"page\" class=\"page-numbers current\"><span class=\"elementor-screen-only\">Seite<\/span>1<\/span>\n<a class=\"page-numbers\" href=\"https:\/\/engelgibtesueberall.de\/blog\/wp-json\/wp\/v2\/pages\/29128\/page\/2\/\"><span class=\"elementor-screen-only\">Seite<\/span>2<\/a>\n<a class=\"page-numbers next\" href=\"https:\/\/engelgibtesueberall.de\/blog\/wp-json\/wp\/v2\/pages\/29128\/page\/2\/\">N\u00e4chster &raquo;<\/a>\t\t<\/nav>\n\t\t\t\t\t\t<\/div>\n\t\t\t\t<\/div>\n\t\t\t\t\t<\/div>\n\t\t\t\t<\/div>\n\t\t\t\t<\/div>\n\t\t","protected":false},"excerpt":{"rendered":"","protected":false},"author":6,"featured_media":0,"parent":0,"menu_order":0,"comment_status":"closed","ping_status":"closed","template":"","meta":{"_exactmetrics_skip_tracking":false,"_exactmetrics_sitenote_active":false,"_exactmetrics_sitenote_note":"","_exactmetrics_sitenote_category":0,"footnotes":""},"class_list":["post-29128","page","type-page","status-publish","hentry"],"_links":{"self":[{"href":"https:\/\/engelgibtesueberall.de\/blog\/wp-json\/wp\/v2\/pages\/29128","targetHints":{"allow":["GET"]}}],"collection":[{"href":"https:\/\/engelgibtesueberall.de\/blog\/wp-json\/wp\/v2\/pages"}],"about":[{"href":"https:\/\/engelgibtesueberall.de\/blog\/wp-json\/wp\/v2\/types\/page"}],"author":[{"embeddable":true,"href":"https:\/\/engelgibtesueberall.de\/blog\/wp-json\/wp\/v2\/users\/6"}],"replies":[{"embeddable":true,"href":"https:\/\/engelgibtesueberall.de\/blog\/wp-json\/wp\/v2\/comments?post=29128"}],"version-history":[{"count":3,"href":"https:\/\/engelgibtesueberall.de\/blog\/wp-json\/wp\/v2\/pages\/29128\/revisions"}],"predecessor-version":[{"id":29131,"href":"https:\/\/engelgibtesueberall.de\/blog\/wp-json\/wp\/v2\/pages\/29128\/revisions\/29131"}],"wp:attachment":[{"href":"https:\/\/engelgibtesueberall.de\/blog\/wp-json\/wp\/v2\/media?parent=29128"}],"curies":[{"name":"wp","href":"https:\/\/api.w.org\/{rel}","templated":true}]}}