{"id":4547,"date":"2019-02-20T00:00:06","date_gmt":"2019-02-19T23:00:06","guid":{"rendered":"http:\/\/engelgibtesueberall.de\/blog\/?page_id=4547"},"modified":"2024-05-04T20:26:19","modified_gmt":"2024-05-04T19:26:19","slug":"spendenkonten","status":"publish","type":"page","link":"https:\/\/engelgibtesueberall.de\/blog\/spendenkonten\/","title":{"rendered":"Spendenkonten"},"content":{"rendered":"<p>Volksbank an der Niers eG<\/p>\n<p>IBAN: DE27320613844504540010<\/p>\n<p>BIC: GENODED1GDL<\/p>\n<p>&nbsp;<\/p>\n<p>Sparkasse Krefeld<\/p>\n<p>IBAN: DE27320500000000082206<\/p>\n<p>BIC: SPKRDE33XXX<\/p>\n<p>&nbsp;<\/p>\n<p>Sparkasse Duisburg<\/p>\n<p>IBAN: \u00a0DE85 3505 0000 0200 4527 12<\/p>\n<p>BIC: DUISDE33XXX<\/p>\n<p>&nbsp;<\/p>\n<p>Wenn Sie eine <span style=\"color: #0000ff;\">Spendenbescheinigung<\/span> m\u00f6chten\/ben\u00f6tigen, schreiben Sie bitte auf den \u00dcberweisungstr\u00e4ger Ihre vollst\u00e4ndige Adresse. Nach Zahlungseingang schicken wir Ihnen die Spendenbescheinigung zu.<\/p>\n","protected":false},"excerpt":{"rendered":"<p>Volksbank an der Niers eG IBAN: DE27320613844504540010 BIC: GENODED1GDL &nbsp; Sparkasse Krefeld IBAN: DE27320500000000082206 BIC: SPKRDE33XXX &nbsp; Sparkasse Duisburg IBAN: \u00a0DE85 3505 0000 0200 4527 12 BIC: DUISDE33XXX &nbsp; Wenn Sie eine Spendenbescheinigung m\u00f6chten\/ben\u00f6tigen, schreiben Sie bitte auf den \u00dcberweisungstr\u00e4ger Ihre vollst\u00e4ndige Adresse. Nach Zahlungseingang schicken wir Ihnen die Spendenbescheinigung zu.<\/p>\n","protected":false},"author":6,"featured_media":0,"parent":0,"menu_order":0,"comment_status":"closed","ping_status":"closed","template":"","meta":{"_exactmetrics_skip_tracking":false,"_exactmetrics_sitenote_active":false,"_exactmetrics_sitenote_note":"","_exactmetrics_sitenote_category":0,"footnotes":""},"class_list":["post-4547","page","type-page","status-publish","hentry"],"_links":{"self":[{"href":"https:\/\/engelgibtesueberall.de\/blog\/wp-json\/wp\/v2\/pages\/4547","targetHints":{"allow":["GET"]}}],"collection":[{"href":"https:\/\/engelgibtesueberall.de\/blog\/wp-json\/wp\/v2\/pages"}],"about":[{"href":"https:\/\/engelgibtesueberall.de\/blog\/wp-json\/wp\/v2\/types\/page"}],"author":[{"embeddable":true,"href":"https:\/\/engelgibtesueberall.de\/blog\/wp-json\/wp\/v2\/users\/6"}],"replies":[{"embeddable":true,"href":"https:\/\/engelgibtesueberall.de\/blog\/wp-json\/wp\/v2\/comments?post=4547"}],"version-history":[{"count":6,"href":"https:\/\/engelgibtesueberall.de\/blog\/wp-json\/wp\/v2\/pages\/4547\/revisions"}],"predecessor-version":[{"id":28322,"href":"https:\/\/engelgibtesueberall.de\/blog\/wp-json\/wp\/v2\/pages\/4547\/revisions\/28322"}],"wp:attachment":[{"href":"https:\/\/engelgibtesueberall.de\/blog\/wp-json\/wp\/v2\/media?parent=4547"}],"curies":[{"name":"wp","href":"https:\/\/api.w.org\/{rel}","templated":true}]}}