{"id":648,"date":"2012-04-16T11:56:23","date_gmt":"2012-04-16T10:56:23","guid":{"rendered":"http:\/\/engelgibtesueberall.de\/blog\/?page_id=648"},"modified":"2025-03-07T15:17:48","modified_gmt":"2025-03-07T14:17:48","slug":"kindermalwettbewerb","status":"publish","type":"page","link":"https:\/\/engelgibtesueberall.de\/blog\/kindermalwettbewerb\/","title":{"rendered":"Kindermalwettbewerbe 2010 &#8211; 2017"},"content":{"rendered":"\t\t<div data-elementor-type=\"wp-page\" data-elementor-id=\"648\" class=\"elementor elementor-648\" data-elementor-post-type=\"page\">\n\t\t\t\t<div class=\"elementor-element elementor-element-2b819070 e-flex e-con-boxed e-con e-parent\" data-id=\"2b819070\" data-element_type=\"container\">\n\t\t\t\t\t<div class=\"e-con-inner\">\n\t\t\t\t<div class=\"elementor-element elementor-element-4ca8c1b5 elementor-widget elementor-widget-text-editor\" data-id=\"4ca8c1b5\" data-element_type=\"widget\" data-widget_type=\"text-editor.default\">\n\t\t\t\t<div class=\"elementor-widget-container\">\n\t\t\t\t\t\t\t\t\tAls Sonderprogramm haben wir \u00fcber einen Zeitrahmen von 6 Jahren Kindergartenkinder jeweils aus 4-6 Kitas eingeladen, an\u00a0 Malwettbewerben teilzunehmen.\r\n\r\nEigens daf\u00fcr angefertigte bunte Malstaffeleien luden neben professioneller Ausstattung von K\u00fcnstlermaterialien zum Mitmachen ein.\r\n\r\n<img decoding=\"async\" class=\"wp-image-21192 aligncenter\" src=\"https:\/\/engelgibtesueberall.de\/wp-content\/uploads\/2019\/11\/Inspiration-f\u00fcr-Malwettbewerb-scaled.jpg\" alt=\"\" width=\"163\" height=\"122\" srcset=\"https:\/\/engelgibtesueberall.de\/wp-content\/uploads\/2019\/11\/Inspiration-f\u00fcr-Malwettbewerb-scaled.jpg 2560w, https:\/\/engelgibtesueberall.de\/wp-content\/uploads\/2019\/11\/Inspiration-f\u00fcr-Malwettbewerb-320x240.jpg 320w, https:\/\/engelgibtesueberall.de\/wp-content\/uploads\/2019\/11\/Inspiration-f\u00fcr-Malwettbewerb-640x480.jpg 640w, https:\/\/engelgibtesueberall.de\/wp-content\/uploads\/2019\/11\/Inspiration-f\u00fcr-Malwettbewerb-138x104.jpg 138w, https:\/\/engelgibtesueberall.de\/wp-content\/uploads\/2019\/11\/Inspiration-f\u00fcr-Malwettbewerb-768x576.jpg 768w, https:\/\/engelgibtesueberall.de\/wp-content\/uploads\/2019\/11\/Inspiration-f\u00fcr-Malwettbewerb-1536x1152.jpg 1536w, https:\/\/engelgibtesueberall.de\/wp-content\/uploads\/2019\/11\/Inspiration-f\u00fcr-Malwettbewerb-2048x1536.jpg 2048w\" sizes=\"(max-width: 163px) 100vw, 163px\" \/>\r\n\r\nDamit f\u00fcr alle &#8222;jungen K\u00fcnstler&#8220; eine faire Chance bestand, haben wir den Wettbewerb in unterschiedliche Altersgruppen eingeteilt.\r\n\r\nJedes Jahr wurden aus jeder Altersgruppe die sch\u00f6nsten 3 Bilder pr\u00e4miert. Entweder in eigenen Ausstellungen oder angelehnt an unsere gro\u00dfe Kunstausstellung wurden die Bilder ausgestellt. Die kleinen K\u00fcnstler waren nat\u00fcrlich mit ihren Angeh\u00f6rigen und Besuchern anwesend und fanden einen ad\u00e4quaten Rahmen vor, hier ihre Platzierung zu erfahren.\r\n\r\nDie Siegerbilder aller Altersklassen fanden Eingang in unsere Jahreskalender. Diese Kalender verkauften wir zugunsten von &#8222;Engel gibt es \u00fcberall e.V.&#8220; unter dem Titel &#8222;Kinder helfen Kindern&#8220;\r\n\r\n<img decoding=\"async\" class=\"alignnone wp-image-21193\" src=\"https:\/\/engelgibtesueberall.de\/wp-content\/uploads\/2019\/11\/Kalender-2010.jpg\" alt=\"\" width=\"107\" height=\"157\" srcset=\"https:\/\/engelgibtesueberall.de\/wp-content\/uploads\/2019\/11\/Kalender-2010.jpg 699w, https:\/\/engelgibtesueberall.de\/wp-content\/uploads\/2019\/11\/Kalender-2010-164x240.jpg 164w, https:\/\/engelgibtesueberall.de\/wp-content\/uploads\/2019\/11\/Kalender-2010-328x480.jpg 328w\" sizes=\"(max-width: 107px) 100vw, 107px\" \/><img decoding=\"async\" class=\"alignnone wp-image-21194\" src=\"https:\/\/engelgibtesueberall.de\/wp-content\/uploads\/2019\/11\/Kalender-2011.jpg\" alt=\"\" width=\"107\" height=\"157\" srcset=\"https:\/\/engelgibtesueberall.de\/wp-content\/uploads\/2019\/11\/Kalender-2011.jpg 699w, https:\/\/engelgibtesueberall.de\/wp-content\/uploads\/2019\/11\/Kalender-2011-164x240.jpg 164w, https:\/\/engelgibtesueberall.de\/wp-content\/uploads\/2019\/11\/Kalender-2011-328x480.jpg 328w\" sizes=\"(max-width: 107px) 100vw, 107px\" \/>\u00a0 <img loading=\"lazy\" decoding=\"async\" class=\"alignnone wp-image-21188\" src=\"https:\/\/engelgibtesueberall.de\/wp-content\/uploads\/2019\/11\/Deckblatt-Kalender-2012.jpg\" alt=\"\" width=\"107\" height=\"150\" srcset=\"https:\/\/engelgibtesueberall.de\/wp-content\/uploads\/2019\/11\/Deckblatt-Kalender-2012.jpg 595w, https:\/\/engelgibtesueberall.de\/wp-content\/uploads\/2019\/11\/Deckblatt-Kalender-2012-171x240.jpg 171w, https:\/\/engelgibtesueberall.de\/wp-content\/uploads\/2019\/11\/Deckblatt-Kalender-2012-341x480.jpg 341w\" sizes=\"(max-width: 107px) 100vw, 107px\" \/> <img loading=\"lazy\" decoding=\"async\" class=\"alignnone wp-image-21189\" src=\"https:\/\/engelgibtesueberall.de\/wp-content\/uploads\/2019\/11\/Deckblatt-Kalender-2015.jpg\" alt=\"\" width=\"124\" height=\"124\" srcset=\"https:\/\/engelgibtesueberall.de\/wp-content\/uploads\/2019\/11\/Deckblatt-Kalender-2015.jpg 1772w, https:\/\/engelgibtesueberall.de\/wp-content\/uploads\/2019\/11\/Deckblatt-Kalender-2015-240x240.jpg 240w, https:\/\/engelgibtesueberall.de\/wp-content\/uploads\/2019\/11\/Deckblatt-Kalender-2015-480x480.jpg 480w, https:\/\/engelgibtesueberall.de\/wp-content\/uploads\/2019\/11\/Deckblatt-Kalender-2015-768x768.jpg 768w, https:\/\/engelgibtesueberall.de\/wp-content\/uploads\/2019\/11\/Deckblatt-Kalender-2015-1536x1536.jpg 1536w\" sizes=\"(max-width: 124px) 100vw, 124px\" \/> <img loading=\"lazy\" decoding=\"async\" class=\"alignnone wp-image-21190\" src=\"https:\/\/engelgibtesueberall.de\/wp-content\/uploads\/2019\/11\/Deckblatt-Kalender-2016.jpg\" alt=\"\" width=\"123\" height=\"121\" srcset=\"https:\/\/engelgibtesueberall.de\/wp-content\/uploads\/2019\/11\/Deckblatt-Kalender-2016.jpg 2221w, https:\/\/engelgibtesueberall.de\/wp-content\/uploads\/2019\/11\/Deckblatt-Kalender-2016-244x240.jpg 244w, https:\/\/engelgibtesueberall.de\/wp-content\/uploads\/2019\/11\/Deckblatt-Kalender-2016-487x480.jpg 487w, https:\/\/engelgibtesueberall.de\/wp-content\/uploads\/2019\/11\/Deckblatt-Kalender-2016-768x757.jpg 768w, https:\/\/engelgibtesueberall.de\/wp-content\/uploads\/2019\/11\/Deckblatt-Kalender-2016-1536x1514.jpg 1536w, https:\/\/engelgibtesueberall.de\/wp-content\/uploads\/2019\/11\/Deckblatt-Kalender-2016-2048x2018.jpg 2048w\" sizes=\"(max-width: 123px) 100vw, 123px\" \/> <img loading=\"lazy\" decoding=\"async\" class=\"alignnone wp-image-21191\" src=\"https:\/\/engelgibtesueberall.de\/wp-content\/uploads\/2019\/11\/Deckblatt-Kalender-2017.jpg\" alt=\"\" width=\"124\" height=\"123\" srcset=\"https:\/\/engelgibtesueberall.de\/wp-content\/uploads\/2019\/11\/Deckblatt-Kalender-2017.jpg 2169w, https:\/\/engelgibtesueberall.de\/wp-content\/uploads\/2019\/11\/Deckblatt-Kalender-2017-242x240.jpg 242w, https:\/\/engelgibtesueberall.de\/wp-content\/uploads\/2019\/11\/Deckblatt-Kalender-2017-483x480.jpg 483w, https:\/\/engelgibtesueberall.de\/wp-content\/uploads\/2019\/11\/Deckblatt-Kalender-2017-768x763.jpg 768w, https:\/\/engelgibtesueberall.de\/wp-content\/uploads\/2019\/11\/Deckblatt-Kalender-2017-1536x1525.jpg 1536w, https:\/\/engelgibtesueberall.de\/wp-content\/uploads\/2019\/11\/Deckblatt-Kalender-2017-2048x2034.jpg 2048w\" sizes=\"(max-width: 124px) 100vw, 124px\" \/>\r\n\r\nAlle am Wettbewerb teilnehmenden Kinder und Jugendliche erhielten als Dank sch\u00f6ne Pr\u00e4sente.\r\n\r\n&nbsp;\r\n\r\n<a href=\"https:\/\/engelgibtesueberall.de\/blog\/kindermalwettbewerb\/kinderbilder\/\">\u00a0Hier klicken um zu den Kinderbildern zu kommen.<\/a>\r\n\r\n&nbsp;\t\t\t\t\t\t\t\t<\/div>\n\t\t\t\t<\/div>\n\t\t\t\t\t<\/div>\n\t\t\t\t<\/div>\n\t\t<div class=\"elementor-element elementor-element-0cadedf e-flex e-con-boxed e-con e-parent\" data-id=\"0cadedf\" data-element_type=\"container\">\n\t\t\t\t\t<div class=\"e-con-inner\">\n\t\t\t\t<div class=\"elementor-element elementor-element-b53d5b6 elementor-widget-divider--view-line elementor-widget elementor-widget-divider\" data-id=\"b53d5b6\" data-element_type=\"widget\" data-widget_type=\"divider.default\">\n\t\t\t\t<div class=\"elementor-widget-container\">\n\t\t\t\t\t\t\t<div class=\"elementor-divider\">\n\t\t\t<span class=\"elementor-divider-separator\">\n\t\t\t\t\t\t<\/span>\n\t\t<\/div>\n\t\t\t\t\t\t<\/div>\n\t\t\t\t<\/div>\n\t\t\t\t\t<\/div>\n\t\t\t\t<\/div>\n\t\t<div class=\"elementor-element elementor-element-f42715c e-flex e-con-boxed e-con e-parent\" data-id=\"f42715c\" data-element_type=\"container\">\n\t\t\t\t\t<div class=\"e-con-inner\">\n\t\t\t\t<div class=\"elementor-element elementor-element-8cdaea0 elementor-grid-3 elementor-grid-tablet-2 elementor-grid-mobile-1 elementor-posts--thumbnail-top elementor-widget elementor-widget-posts\" data-id=\"8cdaea0\" data-element_type=\"widget\" data-settings=\"{&quot;pagination_type&quot;:&quot;numbers_and_prev_next&quot;,&quot;classic_columns&quot;:&quot;3&quot;,&quot;classic_columns_tablet&quot;:&quot;2&quot;,&quot;classic_columns_mobile&quot;:&quot;1&quot;,&quot;classic_row_gap&quot;:{&quot;unit&quot;:&quot;px&quot;,&quot;size&quot;:35,&quot;sizes&quot;:[]},&quot;classic_row_gap_tablet&quot;:{&quot;unit&quot;:&quot;px&quot;,&quot;size&quot;:&quot;&quot;,&quot;sizes&quot;:[]},&quot;classic_row_gap_mobile&quot;:{&quot;unit&quot;:&quot;px&quot;,&quot;size&quot;:&quot;&quot;,&quot;sizes&quot;:[]}}\" data-widget_type=\"posts.classic\">\n\t\t\t\t<div class=\"elementor-widget-container\">\n\t\t\t\t\t\t\t<div class=\"elementor-posts-container elementor-posts elementor-posts--skin-classic elementor-grid\">\n\t\t\t\t<article class=\"elementor-post elementor-grid-item post-4208 post type-post status-publish format-standard has-post-thumbnail hentry category-kindermalwettbewerb\">\n\t\t\t\t<a class=\"elementor-post__thumbnail__link\" href=\"https:\/\/engelgibtesueberall.de\/blog\/die-sieger-des-malwettbewerbs-wurden-am-sonntag-bekannt-gegeben\/\" tabindex=\"-1\" >\n\t\t\t<div class=\"elementor-post__thumbnail\"><img loading=\"lazy\" decoding=\"async\" width=\"320\" height=\"123\" src=\"https:\/\/engelgibtesueberall.de\/wp-content\/uploads\/2016\/11\/Vorstellung-der-12-Gewinnerbilder-und-K\u00fcnstler-320x123.jpg\" class=\"attachment-medium size-medium wp-image-4220\" alt=\"\" srcset=\"https:\/\/engelgibtesueberall.de\/wp-content\/uploads\/2016\/11\/Vorstellung-der-12-Gewinnerbilder-und-K\u00fcnstler-320x123.jpg 320w, https:\/\/engelgibtesueberall.de\/wp-content\/uploads\/2016\/11\/Vorstellung-der-12-Gewinnerbilder-und-K\u00fcnstler.jpg 623w\" sizes=\"(max-width: 320px) 100vw, 320px\" \/><\/div>\n\t\t<\/a>\n\t\t\t\t<div class=\"elementor-post__text\">\n\t\t\t\t<h3 class=\"elementor-post__title\">\n\t\t\t<a href=\"https:\/\/engelgibtesueberall.de\/blog\/die-sieger-des-malwettbewerbs-wurden-am-sonntag-bekannt-gegeben\/\" >\n\t\t\t\tDie Sieger des Malwettbewerbs wurden am Sonntag bekannt gegeben\t\t\t<\/a>\n\t\t<\/h3>\n\t\t\t\t<div class=\"elementor-post__meta-data\">\n\t\t\t\t\t<span class=\"elementor-post-date\">\n\t\t\t9. November 2016\t\t<\/span>\n\t\t\t\t<\/div>\n\t\t\t\t<div class=\"elementor-post__excerpt\">\n\t\t\t<p>Der Saal der Mensa von der Kita Wirbelwind in Kamp-Lintfort war bis auf den letzten Platz gef\u00fcllt. Gespannt lauschten die Kinder und Erwachsenen dem kunterbunten<\/p>\n\t\t<\/div>\n\t\t\t\t\t<div class=\"elementor-post__read-more-wrapper\">\n\t\t\n\t\t<a class=\"elementor-post__read-more\" href=\"https:\/\/engelgibtesueberall.de\/blog\/die-sieger-des-malwettbewerbs-wurden-am-sonntag-bekannt-gegeben\/\" aria-label=\"Mehr \u00fcber Die Sieger des Malwettbewerbs wurden am Sonntag bekannt gegeben\" tabindex=\"-1\" >\n\t\t\tWeiterlesen \u00bb\t\t<\/a>\n\n\t\t\t\t\t<\/div>\n\t\t\t\t<\/div>\n\t\t\t\t<\/article>\n\t\t\t\t<article class=\"elementor-post elementor-grid-item post-4059 post type-post status-publish format-standard has-post-thumbnail hentry category-kindermalwettbewerb\">\n\t\t\t\t<a class=\"elementor-post__thumbnail__link\" href=\"https:\/\/engelgibtesueberall.de\/blog\/helfen-sie-uns-bei-der-abstimmung-uber-die-schonsten-bilder\/\" tabindex=\"-1\" >\n\t\t\t<div class=\"elementor-post__thumbnail\"><img loading=\"lazy\" decoding=\"async\" width=\"1\" height=\"1\" src=\"https:\/\/engelgibtesueberall.de\/wp-content\/uploads\/2016\/08\/Artikelbild.jpg\" class=\"attachment-medium size-medium wp-image-4150\" alt=\"\" \/><\/div>\n\t\t<\/a>\n\t\t\t\t<div class=\"elementor-post__text\">\n\t\t\t\t<h3 class=\"elementor-post__title\">\n\t\t\t<a href=\"https:\/\/engelgibtesueberall.de\/blog\/helfen-sie-uns-bei-der-abstimmung-uber-die-schonsten-bilder\/\" >\n\t\t\t\tHelfen Sie uns bei der Abstimmung \u00fcber die sch\u00f6nsten Bilder\t\t\t<\/a>\n\t\t<\/h3>\n\t\t\t\t<div class=\"elementor-post__meta-data\">\n\t\t\t\t\t<span class=\"elementor-post-date\">\n\t\t\t17. August 2016\t\t<\/span>\n\t\t\t\t<\/div>\n\t\t\t\t<div class=\"elementor-post__excerpt\">\n\t\t\t<p>Mit vielen Artikeln haben wir Sie auf unseren Malwettbewerb aufmerksam gemacht und auf dem Laufenden gehalten. Nun geht es um die sprichw\u00f6rtliche &#8222;Wurst&#8220;. Helfen Sie<\/p>\n\t\t<\/div>\n\t\t\t\t\t<div class=\"elementor-post__read-more-wrapper\">\n\t\t\n\t\t<a class=\"elementor-post__read-more\" href=\"https:\/\/engelgibtesueberall.de\/blog\/helfen-sie-uns-bei-der-abstimmung-uber-die-schonsten-bilder\/\" aria-label=\"Mehr \u00fcber Helfen Sie uns bei der Abstimmung \u00fcber die sch\u00f6nsten Bilder\" tabindex=\"-1\" >\n\t\t\tWeiterlesen \u00bb\t\t<\/a>\n\n\t\t\t\t\t<\/div>\n\t\t\t\t<\/div>\n\t\t\t\t<\/article>\n\t\t\t\t<article class=\"elementor-post elementor-grid-item post-4054 post type-post status-publish format-standard hentry category-kindermalwettbewerb\">\n\t\t\t\t<div class=\"elementor-post__text\">\n\t\t\t\t<h3 class=\"elementor-post__title\">\n\t\t\t<a href=\"https:\/\/engelgibtesueberall.de\/blog\/die-jury-hat-getagt\/\" >\n\t\t\t\tDie Jury hat getagt\t\t\t<\/a>\n\t\t<\/h3>\n\t\t\t\t<div class=\"elementor-post__meta-data\">\n\t\t\t\t\t<span class=\"elementor-post-date\">\n\t\t\t11. August 2016\t\t<\/span>\n\t\t\t\t<\/div>\n\t\t\t\t<div class=\"elementor-post__excerpt\">\n\t\t\t<p>Aus \u00fcber 100 Bildern hat eine 5-k\u00f6pfige Jury 40 Bilder ausgew\u00e4hlt, die in der Zwischenzeit in einer kleinen Brosch\u00fcre zur Abstimmung durch die B\u00fcrgerinnen und<\/p>\n\t\t<\/div>\n\t\t\t\t\t<div class=\"elementor-post__read-more-wrapper\">\n\t\t\n\t\t<a class=\"elementor-post__read-more\" href=\"https:\/\/engelgibtesueberall.de\/blog\/die-jury-hat-getagt\/\" aria-label=\"Mehr \u00fcber Die Jury hat getagt\" tabindex=\"-1\" >\n\t\t\tWeiterlesen \u00bb\t\t<\/a>\n\n\t\t\t\t\t<\/div>\n\t\t\t\t<\/div>\n\t\t\t\t<\/article>\n\t\t\t\t<article class=\"elementor-post elementor-grid-item post-4042 post type-post status-publish format-standard has-post-thumbnail hentry category-kindermalwettbewerb\">\n\t\t\t\t<a class=\"elementor-post__thumbnail__link\" href=\"https:\/\/engelgibtesueberall.de\/blog\/die-arche-im-kamp-lintfort-schliest-den-pool-der-bilder-zum-malwettbewerb\/\" tabindex=\"-1\" >\n\t\t\t<div class=\"elementor-post__thumbnail\"><img loading=\"lazy\" decoding=\"async\" width=\"1\" height=\"1\" src=\"https:\/\/engelgibtesueberall.de\/wp-content\/uploads\/2016\/07\/Artikelbild5.jpg\" class=\"attachment-medium size-medium wp-image-4045\" alt=\"\" \/><\/div>\n\t\t<\/a>\n\t\t\t\t<div class=\"elementor-post__text\">\n\t\t\t\t<h3 class=\"elementor-post__title\">\n\t\t\t<a href=\"https:\/\/engelgibtesueberall.de\/blog\/die-arche-im-kamp-lintfort-schliest-den-pool-der-bilder-zum-malwettbewerb\/\" >\n\t\t\t\tDie Arche im Kamp-Lintfort schlie\u00dft den Pool der Bilder zum Malwettbewerb\t\t\t<\/a>\n\t\t<\/h3>\n\t\t\t\t<div class=\"elementor-post__meta-data\">\n\t\t\t\t\t<span class=\"elementor-post-date\">\n\t\t\t22. Juli 2016\t\t<\/span>\n\t\t\t\t<\/div>\n\t\t\t\t<div class=\"elementor-post__excerpt\">\n\t\t\t<p>Nun ist die Gruppe der teilnehmenden Kitas an dem Malwettbewerb geschlossen. Mit der Abgabe der Bilder des ev. Familienzentrums Arche k\u00f6nnen wir uns \u00fcber weitere<\/p>\n\t\t<\/div>\n\t\t\t\t\t<div class=\"elementor-post__read-more-wrapper\">\n\t\t\n\t\t<a class=\"elementor-post__read-more\" href=\"https:\/\/engelgibtesueberall.de\/blog\/die-arche-im-kamp-lintfort-schliest-den-pool-der-bilder-zum-malwettbewerb\/\" aria-label=\"Mehr \u00fcber Die Arche im Kamp-Lintfort schlie\u00dft den Pool der Bilder zum Malwettbewerb\" tabindex=\"-1\" >\n\t\t\tWeiterlesen \u00bb\t\t<\/a>\n\n\t\t\t\t\t<\/div>\n\t\t\t\t<\/div>\n\t\t\t\t<\/article>\n\t\t\t\t<article class=\"elementor-post elementor-grid-item post-4031 post type-post status-publish format-standard has-post-thumbnail hentry category-kindermalwettbewerb\">\n\t\t\t\t<a class=\"elementor-post__thumbnail__link\" href=\"https:\/\/engelgibtesueberall.de\/blog\/awo-kirchenkampstrasse-ist-mit-im-rennen\/\" tabindex=\"-1\" >\n\t\t\t<div class=\"elementor-post__thumbnail\"><img loading=\"lazy\" decoding=\"async\" width=\"1\" height=\"1\" src=\"https:\/\/engelgibtesueberall.de\/wp-content\/uploads\/2016\/07\/Artikelbild4.jpg\" class=\"attachment-medium size-medium wp-image-4032\" alt=\"\" \/><\/div>\n\t\t<\/a>\n\t\t\t\t<div class=\"elementor-post__text\">\n\t\t\t\t<h3 class=\"elementor-post__title\">\n\t\t\t<a href=\"https:\/\/engelgibtesueberall.de\/blog\/awo-kirchenkampstrasse-ist-mit-im-rennen\/\" >\n\t\t\t\tAWO Kirchenkampstrasse ist mit im Rennen\t\t\t<\/a>\n\t\t<\/h3>\n\t\t\t\t<div class=\"elementor-post__meta-data\">\n\t\t\t\t\t<span class=\"elementor-post-date\">\n\t\t\t22. Juli 2016\t\t<\/span>\n\t\t\t\t<\/div>\n\t\t\t\t<div class=\"elementor-post__excerpt\">\n\t\t\t<p>Die Kinder der AWO Kirchenkampstrasse haben sich ebenfalls m&auml;chtig ins Zeug gelegt, um ein sch&ouml;nes Bild f&uuml;r den Wettbewerb zu erstellen. Die Ergebnisse kann man<\/p>\n\t\t<\/div>\n\t\t\t\t\t<div class=\"elementor-post__read-more-wrapper\">\n\t\t\n\t\t<a class=\"elementor-post__read-more\" href=\"https:\/\/engelgibtesueberall.de\/blog\/awo-kirchenkampstrasse-ist-mit-im-rennen\/\" aria-label=\"Mehr \u00fcber AWO Kirchenkampstrasse ist mit im Rennen\" tabindex=\"-1\" >\n\t\t\tWeiterlesen \u00bb\t\t<\/a>\n\n\t\t\t\t\t<\/div>\n\t\t\t\t<\/div>\n\t\t\t\t<\/article>\n\t\t\t\t<article class=\"elementor-post elementor-grid-item post-4021 post type-post status-publish format-standard has-post-thumbnail hentry category-kindermalwettbewerb\">\n\t\t\t\t<a class=\"elementor-post__thumbnail__link\" href=\"https:\/\/engelgibtesueberall.de\/blog\/begeisterte-kinder-der-awo-moerser-strase-gaben-ihre-bilder-ab\/\" tabindex=\"-1\" >\n\t\t\t<div class=\"elementor-post__thumbnail\"><img loading=\"lazy\" decoding=\"async\" width=\"1\" height=\"1\" src=\"https:\/\/engelgibtesueberall.de\/wp-content\/uploads\/2016\/07\/Artikelbild3.jpg\" class=\"attachment-medium size-medium wp-image-4023\" alt=\"\" \/><\/div>\n\t\t<\/a>\n\t\t\t\t<div class=\"elementor-post__text\">\n\t\t\t\t<h3 class=\"elementor-post__title\">\n\t\t\t<a href=\"https:\/\/engelgibtesueberall.de\/blog\/begeisterte-kinder-der-awo-moerser-strase-gaben-ihre-bilder-ab\/\" >\n\t\t\t\tBegeisterte Kinder der AWO Moerser Stra\u00dfe gaben ihre Bilder ab\t\t\t<\/a>\n\t\t<\/h3>\n\t\t\t\t<div class=\"elementor-post__meta-data\">\n\t\t\t\t\t<span class=\"elementor-post-date\">\n\t\t\t20. Juli 2016\t\t<\/span>\n\t\t\t\t<\/div>\n\t\t\t\t<div class=\"elementor-post__excerpt\">\n\t\t\t<p>Die Leiterin der AWO Moerser Strasse, Frau Brigitte Hirtz, konnte aus Krankheitsgr\u00fcnden leider nicht bei der Bild\u00fcbergabe anwesend sein. Sie wurde aber geb\u00fchrend vertreten durch<\/p>\n\t\t<\/div>\n\t\t\t\t\t<div class=\"elementor-post__read-more-wrapper\">\n\t\t\n\t\t<a class=\"elementor-post__read-more\" href=\"https:\/\/engelgibtesueberall.de\/blog\/begeisterte-kinder-der-awo-moerser-strase-gaben-ihre-bilder-ab\/\" aria-label=\"Mehr \u00fcber Begeisterte Kinder der AWO Moerser Stra\u00dfe gaben ihre Bilder ab\" tabindex=\"-1\" >\n\t\t\tWeiterlesen \u00bb\t\t<\/a>\n\n\t\t\t\t\t<\/div>\n\t\t\t\t<\/div>\n\t\t\t\t<\/article>\n\t\t\t\t<\/div>\n\t\t\n\t\t\t\t<div class=\"e-load-more-anchor\" data-page=\"1\" data-max-page=\"4\" data-next-page=\"https:\/\/engelgibtesueberall.de\/blog\/wp-json\/wp\/v2\/pages\/648\/page\/2\/\"><\/div>\n\t\t\t\t<nav class=\"elementor-pagination\" aria-label=\"Seitennummerierung\">\n\t\t\t<span class=\"page-numbers prev\">&laquo; Voriger<\/span>\n<span aria-current=\"page\" class=\"page-numbers current\"><span class=\"elementor-screen-only\">Seite<\/span>1<\/span>\n<a class=\"page-numbers\" href=\"https:\/\/engelgibtesueberall.de\/blog\/wp-json\/wp\/v2\/pages\/648\/page\/2\/\"><span class=\"elementor-screen-only\">Seite<\/span>2<\/a>\n<a class=\"page-numbers\" href=\"https:\/\/engelgibtesueberall.de\/blog\/wp-json\/wp\/v2\/pages\/648\/page\/3\/\"><span class=\"elementor-screen-only\">Seite<\/span>3<\/a>\n<a class=\"page-numbers\" href=\"https:\/\/engelgibtesueberall.de\/blog\/wp-json\/wp\/v2\/pages\/648\/page\/4\/\"><span class=\"elementor-screen-only\">Seite<\/span>4<\/a>\n<a class=\"page-numbers next\" href=\"https:\/\/engelgibtesueberall.de\/blog\/wp-json\/wp\/v2\/pages\/648\/page\/2\/\">N\u00e4chster &raquo;<\/a>\t\t<\/nav>\n\t\t\t\t\t\t<\/div>\n\t\t\t\t<\/div>\n\t\t\t\t\t<\/div>\n\t\t\t\t<\/div>\n\t\t\t\t<\/div>\n\t\t","protected":false},"excerpt":{"rendered":"<p>Als Sonderprogramm haben wir \u00fcber einen Zeitrahmen von 6 Jahren Kindergartenkinder jeweils aus 4-6 Kitas eingeladen, an\u00a0 Malwettbewerben teilzunehmen. Eigens daf\u00fcr angefertigte bunte Malstaffeleien luden neben professioneller Ausstattung von K\u00fcnstlermaterialien zum Mitmachen ein. Damit f\u00fcr alle &#8222;jungen K\u00fcnstler&#8220; eine faire Chance bestand, haben wir den Wettbewerb in unterschiedliche Altersgruppen eingeteilt. Jedes Jahr wurden aus jeder [&hellip;]<\/p>\n","protected":false},"author":1,"featured_media":0,"parent":0,"menu_order":0,"comment_status":"closed","ping_status":"closed","template":"","meta":{"_exactmetrics_skip_tracking":false,"_exactmetrics_sitenote_active":false,"_exactmetrics_sitenote_note":"","_exactmetrics_sitenote_category":0,"footnotes":""},"class_list":["post-648","page","type-page","status-publish","hentry"],"_links":{"self":[{"href":"https:\/\/engelgibtesueberall.de\/blog\/wp-json\/wp\/v2\/pages\/648","targetHints":{"allow":["GET"]}}],"collection":[{"href":"https:\/\/engelgibtesueberall.de\/blog\/wp-json\/wp\/v2\/pages"}],"about":[{"href":"https:\/\/engelgibtesueberall.de\/blog\/wp-json\/wp\/v2\/types\/page"}],"author":[{"embeddable":true,"href":"https:\/\/engelgibtesueberall.de\/blog\/wp-json\/wp\/v2\/users\/1"}],"replies":[{"embeddable":true,"href":"https:\/\/engelgibtesueberall.de\/blog\/wp-json\/wp\/v2\/comments?post=648"}],"version-history":[{"count":23,"href":"https:\/\/engelgibtesueberall.de\/blog\/wp-json\/wp\/v2\/pages\/648\/revisions"}],"predecessor-version":[{"id":29044,"href":"https:\/\/engelgibtesueberall.de\/blog\/wp-json\/wp\/v2\/pages\/648\/revisions\/29044"}],"wp:attachment":[{"href":"https:\/\/engelgibtesueberall.de\/blog\/wp-json\/wp\/v2\/media?parent=648"}],"curies":[{"name":"wp","href":"https:\/\/api.w.org\/{rel}","templated":true}]}}