{"id":68,"date":"2012-02-23T18:09:59","date_gmt":"2012-02-23T17:09:59","guid":{"rendered":"http:\/\/engelgibtesueberall.de\/blog\/?page_id=68"},"modified":"2025-03-03T12:39:17","modified_gmt":"2025-03-03T11:39:17","slug":"ueber-uns","status":"publish","type":"page","link":"https:\/\/engelgibtesueberall.de\/blog\/ueber-uns\/","title":{"rendered":"\u00dcber uns"},"content":{"rendered":"\t\t<div data-elementor-type=\"wp-page\" data-elementor-id=\"68\" class=\"elementor elementor-68\" data-elementor-post-type=\"page\">\n\t\t\t\t<div class=\"elementor-element elementor-element-94e670b e-flex e-con-boxed e-con e-parent\" data-id=\"94e670b\" data-element_type=\"container\">\n\t\t\t\t\t<div class=\"e-con-inner\">\n\t\t<div class=\"elementor-element elementor-element-4a11000 e-con-full e-flex e-con e-child\" data-id=\"4a11000\" data-element_type=\"container\" data-settings=\"{&quot;background_background&quot;:&quot;classic&quot;}\">\n\t\t\t\t<div class=\"elementor-element elementor-element-86f99c1 elementor-widget elementor-widget-heading\" data-id=\"86f99c1\" data-element_type=\"widget\" data-widget_type=\"heading.default\">\n\t\t\t\t<div class=\"elementor-widget-container\">\n\t\t\t\t\t<h2 class=\"elementor-heading-title elementor-size-default\">Seit 2008...<\/h2>\t\t\t\t<\/div>\n\t\t\t\t<\/div>\n\t\t\t\t<\/div>\n\t\t<div class=\"elementor-element elementor-element-5a11890 e-con-full e-flex e-con e-child\" data-id=\"5a11890\" data-element_type=\"container\">\n\t\t\t\t<div class=\"elementor-element elementor-element-daedb20 elementor-widget elementor-widget-text-editor\" data-id=\"daedb20\" data-element_type=\"widget\" data-widget_type=\"text-editor.default\">\n\t\t\t\t<div class=\"elementor-widget-container\">\n\t\t\t\t\t\t\t\t\t<p>Der Verein wurde 2008 ins Leben gerufen und im Jahr 2011 als e.V. in das Vereinsregister beim Amtsgericht Kleve eingetragen. Ab diesem Zeitpunkt ist der Verein berechtigt Spendenbescheinigungen auszustellen.\u00a0<\/p><p>Seit \u00fcber 30 Jahren ist es mir und meinem Mann ein besonderes Anliegen Kindern zu helfen. Zun\u00e4chst als private Einzelinitiative haben wir zum Beispiel Kinderg\u00e4rten, Kinder- und Jugendgruppen, sexuell missbrauchte Kinder sowie Frauenkaffees mit anderen Hilfsorganisationen unterst\u00fctzt.<\/p><p>Unser Schwerpunkt ist nach wie vor die pers\u00f6nliche Ansprache und Unterst\u00fctzung der Eltern f\u00fcr ihre Kinder. Da alle Aktivit\u00e4ten kostenfrei von uns eingebracht werden, fand sich eine Vielzahl von Engeln, die unsere Ma\u00dfnahme f\u00f6rderten und wie wir besonderen Wert darauf legen, dass alle F\u00f6rdermittel und Leistungen ohne Abzug direkt den Kindern und Jugendlichen zugutekommen. Da ich selber als K\u00fcnstlerin t\u00e4tig bin, konnte ich andere K\u00fcnstler dazu gewinnen, dass wir gemeinsame Kunstausstellungen mit unseren Exponaten organisieren und einen Gro\u00dfteil der Verkaufserl\u00f6se f\u00fcr die Initiative &#8222;Engel gibt es \u00fcberall&#8220; dem Projekt zuf\u00fchren.<\/p><p>Seit 2023 haben wir einen weiteren Fokus auf Seniorinnen und Senioren gelegt, die in Alten- und Pflegeheimen leben. Speziell sprechen wir hier Personen an, die keinen Kontakt au\u00dferhalb der Einrichtung haben.<\/p><p>Diskretion und Seriosit\u00e4t sind bei all unseren Arbeiten und Hilfe f\u00fcr uns das oberste Gebot.<\/p><p>Die Inhalte unserer Arbeit sowie der zu 100 % ehrenamtliche Einsatz bleiben unver\u00e4ndert.<\/p>\t\t\t\t\t\t\t\t<\/div>\n\t\t\t\t<\/div>\n\t\t\t\t<\/div>\n\t\t\t\t\t<\/div>\n\t\t\t\t<\/div>\n\t\t<div class=\"elementor-element elementor-element-c3dd9d4 e-flex e-con-boxed e-con e-parent\" data-id=\"c3dd9d4\" data-element_type=\"container\">\n\t\t\t\t\t<div class=\"e-con-inner\">\n\t\t\t\t<div class=\"elementor-element elementor-element-b81c107 elementor-widget-divider--view-line elementor-widget elementor-widget-divider\" data-id=\"b81c107\" data-element_type=\"widget\" data-widget_type=\"divider.default\">\n\t\t\t\t<div class=\"elementor-widget-container\">\n\t\t\t\t\t\t\t<div class=\"elementor-divider\">\n\t\t\t<span class=\"elementor-divider-separator\">\n\t\t\t\t\t\t<\/span>\n\t\t<\/div>\n\t\t\t\t\t\t<\/div>\n\t\t\t\t<\/div>\n\t\t\t\t\t<\/div>\n\t\t\t\t<\/div>\n\t\t<div class=\"elementor-element elementor-element-c60633c e-flex e-con-boxed e-con e-parent\" data-id=\"c60633c\" data-element_type=\"container\">\n\t\t\t\t\t<div class=\"e-con-inner\">\n\t\t<div class=\"elementor-element elementor-element-ed4d13a e-con-full e-flex e-con e-child\" data-id=\"ed4d13a\" data-element_type=\"container\" data-settings=\"{&quot;background_background&quot;:&quot;classic&quot;}\">\n\t\t\t\t<div class=\"elementor-element elementor-element-3142043 elementor-widget elementor-widget-heading\" data-id=\"3142043\" data-element_type=\"widget\" data-widget_type=\"heading.default\">\n\t\t\t\t<div class=\"elementor-widget-container\">\n\t\t\t\t\t<h2 class=\"elementor-heading-title elementor-size-default\">Worum es uns geht<\/h2>\t\t\t\t<\/div>\n\t\t\t\t<\/div>\n\t\t\t\t<\/div>\n\t\t<div class=\"elementor-element elementor-element-4a2a3b2 e-con-full e-flex e-con e-child\" data-id=\"4a2a3b2\" data-element_type=\"container\">\n\t\t\t\t<div class=\"elementor-element elementor-element-f52a591 elementor-widget elementor-widget-text-editor\" data-id=\"f52a591\" data-element_type=\"widget\" data-widget_type=\"text-editor.default\">\n\t\t\t\t<div class=\"elementor-widget-container\">\n\t\t\t\t\t\t\t\t\t<p>Uns geht es insbesondere um die F\u00f6rderung brach liegender schulischer, k\u00fcnstlerischer, musischer und sportlicher Talente von bed\u00fcrftigen und jugendlichen, die mangels finanzieller Mittel der Familien nicht genutzt werden.<\/p><p>Unsere vielf\u00e4ltige, zielgerichtete und individuelle Unterst\u00fctzung erg\u00e4nzt die h\u00e4ufig nicht ausreichenden staatlichen Hilfen.<\/p><p>Im Dialog und pers\u00f6nlichen Kontakt mit den Familien erarbeiten wir nachhaltige, durchdachte Ma\u00dfnahmen zur gezielten F\u00f6rderung und begleiten diese von Anfang bis Ende. Hierdurch geben wir Familien, Kindern und Jugendlichen neue Chancen, bieten Perspektiven und schenken Hoffnung.\u00a0<\/p><p>\u00a0<\/p>\t\t\t\t\t\t\t\t<\/div>\n\t\t\t\t<\/div>\n\t\t\t\t<\/div>\n\t\t\t\t\t<\/div>\n\t\t\t\t<\/div>\n\t\t<div class=\"elementor-element elementor-element-e70a824 e-flex e-con-boxed e-con e-parent\" data-id=\"e70a824\" data-element_type=\"container\">\n\t\t\t\t\t<div class=\"e-con-inner\">\n\t\t\t\t<div class=\"elementor-element elementor-element-ba11304 elementor-widget-divider--view-line elementor-widget elementor-widget-divider\" data-id=\"ba11304\" data-element_type=\"widget\" data-widget_type=\"divider.default\">\n\t\t\t\t<div class=\"elementor-widget-container\">\n\t\t\t\t\t\t\t<div class=\"elementor-divider\">\n\t\t\t<span class=\"elementor-divider-separator\">\n\t\t\t\t\t\t<\/span>\n\t\t<\/div>\n\t\t\t\t\t\t<\/div>\n\t\t\t\t<\/div>\n\t\t\t\t\t<\/div>\n\t\t\t\t<\/div>\n\t\t<div class=\"elementor-element elementor-element-3d0cd03 e-flex e-con-boxed e-con e-parent\" data-id=\"3d0cd03\" data-element_type=\"container\">\n\t\t\t\t\t<div class=\"e-con-inner\">\n\t\t<div class=\"elementor-element elementor-element-56fdab7 e-con-full e-flex e-con e-child\" data-id=\"56fdab7\" data-element_type=\"container\" data-settings=\"{&quot;background_background&quot;:&quot;classic&quot;}\">\n\t\t\t\t<div class=\"elementor-element elementor-element-ffb9072 elementor-widget elementor-widget-heading\" data-id=\"ffb9072\" data-element_type=\"widget\" data-widget_type=\"heading.default\">\n\t\t\t\t<div class=\"elementor-widget-container\">\n\t\t\t\t\t<h2 class=\"elementor-heading-title elementor-size-default\">Was ist uns wichtig?<\/h2>\t\t\t\t<\/div>\n\t\t\t\t<\/div>\n\t\t\t\t<\/div>\n\t\t<div class=\"elementor-element elementor-element-afe4e00 e-con-full e-flex e-con e-child\" data-id=\"afe4e00\" data-element_type=\"container\">\n\t\t\t\t<div class=\"elementor-element elementor-element-7eca0a5 elementor-widget elementor-widget-text-editor\" data-id=\"7eca0a5\" data-element_type=\"widget\" data-widget_type=\"text-editor.default\">\n\t\t\t\t<div class=\"elementor-widget-container\">\n\t\t\t\t\t\t\t\t\t<p>Seit 2012 unterst\u00fctzen, f\u00f6rdern und begleiten wir gezielt und h\u00f6chst individuell bed\u00fcrftige und\/oder talentierte Kinder und Jugendliche sowie deren Familien aus der Region mit Sachleistungen (keine Geldleistungen) &#8211; dazu z\u00e4hlen beispielsweise Kleidung, Schulbedarf, Nachhilfeunterricht, Begabtenf\u00f6rderung, Renovierungsarbeiten, beh\u00f6rdliche Angelegenheiten, Praktika- und Lehrstellensuche.<\/p>\n<p>Engel gibt es \u00fcberall e.V. zeichnet sich durch eine extrem niedrige Kostenquote, eine gewissenhafte Pr\u00fcfung der F\u00f6rderungsw\u00fcrdigkeit und pers\u00f6nliches Engagement der ehrenamtlichen Mitarbeiter und Mitarbeiterinnen aus.&nbsp;<\/p>\t\t\t\t\t\t\t\t<\/div>\n\t\t\t\t<\/div>\n\t\t\t\t<\/div>\n\t\t\t\t\t<\/div>\n\t\t\t\t<\/div>\n\t\t<div class=\"elementor-element elementor-element-1eed6b0 e-flex e-con-boxed e-con e-parent\" data-id=\"1eed6b0\" data-element_type=\"container\">\n\t\t\t\t\t<div class=\"e-con-inner\">\n\t\t\t\t<div class=\"elementor-element elementor-element-61558b5 elementor-widget-divider--view-line elementor-widget elementor-widget-divider\" data-id=\"61558b5\" data-element_type=\"widget\" data-widget_type=\"divider.default\">\n\t\t\t\t<div class=\"elementor-widget-container\">\n\t\t\t\t\t\t\t<div class=\"elementor-divider\">\n\t\t\t<span class=\"elementor-divider-separator\">\n\t\t\t\t\t\t<\/span>\n\t\t<\/div>\n\t\t\t\t\t\t<\/div>\n\t\t\t\t<\/div>\n\t\t\t\t\t<\/div>\n\t\t\t\t<\/div>\n\t\t<div class=\"elementor-element elementor-element-c4427bd e-flex e-con-boxed e-con e-parent\" data-id=\"c4427bd\" data-element_type=\"container\" data-settings=\"{&quot;background_background&quot;:&quot;classic&quot;}\">\n\t\t\t\t\t<div class=\"e-con-inner\">\n\t\t\t\t<div class=\"elementor-element elementor-element-44189f6 elementor-widget elementor-widget-heading\" data-id=\"44189f6\" data-element_type=\"widget\" data-widget_type=\"heading.default\">\n\t\t\t\t<div class=\"elementor-widget-container\">\n\t\t\t\t\t<h2 class=\"elementor-heading-title elementor-size-default\">Wer sind wir?<\/h2>\t\t\t\t<\/div>\n\t\t\t\t<\/div>\n\t\t\t\t\t<\/div>\n\t\t\t\t<\/div>\n\t\t<div class=\"elementor-element elementor-element-821fab9 e-flex e-con-boxed e-con e-parent\" data-id=\"821fab9\" data-element_type=\"container\">\n\t\t\t\t\t<div class=\"e-con-inner\">\n\t\t\t\t<div class=\"elementor-element elementor-element-a27ac7c elementor-widget elementor-widget-text-editor\" data-id=\"a27ac7c\" data-element_type=\"widget\" data-widget_type=\"text-editor.default\">\n\t\t\t\t<div class=\"elementor-widget-container\">\n\t\t\t\t\t\t\t\t\t<p>Vertretungsberechtigt f\u00fcr den Verein ist der Vorstand, der sich aus den nachfolgenden Personen zusammensetzt:<\/p>\t\t\t\t\t\t\t\t<\/div>\n\t\t\t\t<\/div>\n\t\t\t\t\t<\/div>\n\t\t\t\t<\/div>\n\t\t<div class=\"elementor-element elementor-element-676ef2d e-flex e-con-boxed e-con e-parent\" data-id=\"676ef2d\" data-element_type=\"container\">\n\t\t\t\t\t<div class=\"e-con-inner\">\n\t\t<div class=\"elementor-element elementor-element-0d1db67 e-con-full e-flex e-con e-child\" data-id=\"0d1db67\" data-element_type=\"container\">\n\t\t\t\t<div class=\"elementor-element elementor-element-213f279 elementor-widget elementor-widget-image\" data-id=\"213f279\" data-element_type=\"widget\" data-widget_type=\"image.default\">\n\t\t\t\t<div class=\"elementor-widget-container\">\n\t\t\t\t\t\t\t\t\t\t\t\t<figure class=\"wp-caption\">\n\t\t\t\t\t\t\t\t\t\t<img fetchpriority=\"high\" decoding=\"async\" width=\"768\" height=\"1226\" src=\"https:\/\/engelgibtesueberall.de\/wp-content\/uploads\/2019\/11\/Ingrid-2019-768x1226.jpg\" class=\"attachment-medium_large size-medium_large wp-image-20828\" alt=\"\" srcset=\"https:\/\/engelgibtesueberall.de\/wp-content\/uploads\/2019\/11\/Ingrid-2019-768x1226.jpg 768w, https:\/\/engelgibtesueberall.de\/wp-content\/uploads\/2019\/11\/Ingrid-2019-150x240.jpg 150w, https:\/\/engelgibtesueberall.de\/wp-content\/uploads\/2019\/11\/Ingrid-2019-301x480.jpg 301w, https:\/\/engelgibtesueberall.de\/wp-content\/uploads\/2019\/11\/Ingrid-2019.jpg 1228w\" sizes=\"(max-width: 768px) 100vw, 768px\" \/>\t\t\t\t\t\t\t\t\t\t\t<figcaption class=\"widget-image-caption wp-caption-text\">Ingrid Stermann, 1. Vorsitzende<\/figcaption>\n\t\t\t\t\t\t\t\t\t\t<\/figure>\n\t\t\t\t\t\t\t\t\t<\/div>\n\t\t\t\t<\/div>\n\t\t\t\t<\/div>\n\t\t<div class=\"elementor-element elementor-element-9112aff e-con-full e-flex e-con e-child\" data-id=\"9112aff\" data-element_type=\"container\">\n\t\t<div class=\"elementor-element elementor-element-a783667 e-con-full e-flex e-con e-child\" data-id=\"a783667\" data-element_type=\"container\">\n\t\t\t\t<div class=\"elementor-element elementor-element-80a9dc6 elementor-widget elementor-widget-image\" data-id=\"80a9dc6\" data-element_type=\"widget\" data-widget_type=\"image.default\">\n\t\t\t\t<div class=\"elementor-widget-container\">\n\t\t\t\t\t\t\t\t\t\t\t\t<figure class=\"wp-caption\">\n\t\t\t\t\t\t\t\t\t\t<img decoding=\"async\" width=\"186\" height=\"293\" src=\"https:\/\/engelgibtesueberall.de\/wp-content\/uploads\/2018\/01\/Lutz-Stermann.png\" class=\"attachment-large size-large wp-image-9632\" alt=\"\" srcset=\"https:\/\/engelgibtesueberall.de\/wp-content\/uploads\/2018\/01\/Lutz-Stermann.png 186w, https:\/\/engelgibtesueberall.de\/wp-content\/uploads\/2018\/01\/Lutz-Stermann-152x240.png 152w\" sizes=\"(max-width: 186px) 100vw, 186px\" \/>\t\t\t\t\t\t\t\t\t\t\t<figcaption class=\"widget-image-caption wp-caption-text\">Lutz Stermann, 2. Vorsitzender<\/figcaption>\n\t\t\t\t\t\t\t\t\t\t<\/figure>\n\t\t\t\t\t\t\t\t\t<\/div>\n\t\t\t\t<\/div>\n\t\t\t\t<\/div>\n\t\t<div class=\"elementor-element elementor-element-e70b29a e-con-full e-flex e-con e-child\" data-id=\"e70b29a\" data-element_type=\"container\">\n\t\t\t\t<div class=\"elementor-element elementor-element-0a79088 elementor-widget elementor-widget-image\" data-id=\"0a79088\" data-element_type=\"widget\" data-widget_type=\"image.default\">\n\t\t\t\t<div class=\"elementor-widget-container\">\n\t\t\t\t\t\t\t\t\t\t\t\t<figure class=\"wp-caption\">\n\t\t\t\t\t\t\t\t\t\t<img decoding=\"async\" width=\"100\" height=\"150\" src=\"https:\/\/engelgibtesueberall.de\/wp-content\/uploads\/2019\/11\/h_pudell.jpg\" class=\"attachment-large size-large wp-image-20826\" alt=\"\" \/>\t\t\t\t\t\t\t\t\t\t\t<figcaption class=\"widget-image-caption wp-caption-text\">Heinz Pudell, Schatzmeister<\/figcaption>\n\t\t\t\t\t\t\t\t\t\t<\/figure>\n\t\t\t\t\t\t\t\t\t<\/div>\n\t\t\t\t<\/div>\n\t\t\t\t<\/div>\n\t\t\t\t<\/div>\n\t\t\t\t\t<\/div>\n\t\t\t\t<\/div>\n\t\t<div class=\"elementor-element elementor-element-bd0d49c e-flex e-con-boxed e-con e-parent\" data-id=\"bd0d49c\" data-element_type=\"container\">\n\t\t\t\t\t<div class=\"e-con-inner\">\n\t\t\t\t<div class=\"elementor-element elementor-element-e4d4ca9 elementor-widget-divider--view-line elementor-widget elementor-widget-divider\" data-id=\"e4d4ca9\" data-element_type=\"widget\" data-widget_type=\"divider.default\">\n\t\t\t\t<div class=\"elementor-widget-container\">\n\t\t\t\t\t\t\t<div class=\"elementor-divider\">\n\t\t\t<span class=\"elementor-divider-separator\">\n\t\t\t\t\t\t<\/span>\n\t\t<\/div>\n\t\t\t\t\t\t<\/div>\n\t\t\t\t<\/div>\n\t\t\t\t\t<\/div>\n\t\t\t\t<\/div>\n\t\t<div class=\"elementor-element elementor-element-8f5f661 e-flex e-con-boxed e-con e-parent\" data-id=\"8f5f661\" data-element_type=\"container\">\n\t\t\t\t\t<div class=\"e-con-inner\">\n\t\t<div class=\"elementor-element elementor-element-992c4e2 e-con-full e-flex e-con e-child\" data-id=\"992c4e2\" data-element_type=\"container\" data-settings=\"{&quot;background_background&quot;:&quot;classic&quot;}\">\n\t\t\t\t<div class=\"elementor-element elementor-element-bfdd655 elementor-widget elementor-widget-heading\" data-id=\"bfdd655\" data-element_type=\"widget\" data-widget_type=\"heading.default\">\n\t\t\t\t<div class=\"elementor-widget-container\">\n\t\t\t\t\t<h2 class=\"elementor-heading-title elementor-size-default\">Wie viele Engel sind beteiligt?<\/h2>\t\t\t\t<\/div>\n\t\t\t\t<\/div>\n\t\t\t\t<\/div>\n\t\t<div class=\"elementor-element elementor-element-0d80d25 e-con-full e-flex e-con e-child\" data-id=\"0d80d25\" data-element_type=\"container\">\n\t\t\t\t<div class=\"elementor-element elementor-element-84ce926 elementor-widget elementor-widget-text-editor\" data-id=\"84ce926\" data-element_type=\"widget\" data-widget_type=\"text-editor.default\">\n\t\t\t\t<div class=\"elementor-widget-container\">\n\t\t\t\t\t\t\t\t\t<p><em>Tagesgesch\u00e4ft:<\/em> 1 Person<\/p><p><em>Social Media:<\/em> 1 Person<\/p><p><em>Weihnachtsaktionen bis 2013:<\/em> 1 Person<\/p><p><em>Weihnachtsaktionen ab 2014 bis 2017:<\/em> ca. 20 Personen<\/p><p><em>Konfektionieren der Tombola Ostereier \u00a0ab 2017:<\/em> ca. 25 Personen<br \/>ab <em>2018\/2019:<\/em> mehr als 35 Personen<\/p><p><em>Kunstausstellungen (f\u00fcr komplette Organisation):<\/em> \u00a01 Person,<br \/>30 Helfer (am Er\u00f6ffnungsabend) plus beteiligte K\u00fcnstler \u00fcber gesamte \u00a0Ausstellungsdauer<\/p><p><u>Das Kompetenzteam trifft Entscheidungen \u00fcber die Hilfe und F\u00f6rderungen von Anfragen:<\/u><\/p><p>5 Personen, bestehend aus:<\/p><ul><li>Redakteurin\/Moderation,<\/li><li>Leiter Amt f\u00fcr Arbeit und Soziales,<\/li><li>Diplompsychologe und ehemaliger Schulpsychologe<\/li><li>Pensionierter Gymnasiumslehrer<\/li><li>Verhaltenstrainerin<ul><li style=\"list-style-type: none;\"><ul><li style=\"list-style-type: none;\">\u00a0<\/li><\/ul><\/li><\/ul><\/li><\/ul><p>Es ist immer wieder sch\u00f6n zu wissen, dass es &#8222;Engel&#8220; gibt, auf die 100%ig Verlass ist.<br \/>Nach dem Motto <strong><span style=\"color: #000000;\">&#8222;Gemeinsam sind wir stark&#8220; <\/span><\/strong>haben wir in der Gemeinschaft bewiesen, wieviel Kindern und Jugendlichen man helfen kann und dabei\u00a0 Achtung, Respekt und Anerkennung\u00a0 nicht nur untereinander sondern auch in der \u00d6ffentlichkeit findet.<\/p><p>Ich danke allen beteiligten &#8222;Engeln&#8220; herzlichst f\u00fcr das Engagement, das Herzblut und die Energie, die Sie bisher zum Wohl der Kinder und Jugendlichen eingebracht haben und zuk\u00fcnftig einbringen werden.<\/p><hr \/>\t\t\t\t\t\t\t\t<\/div>\n\t\t\t\t<\/div>\n\t\t\t\t<\/div>\n\t\t\t\t\t<\/div>\n\t\t\t\t<\/div>\n\t\t<div class=\"elementor-element elementor-element-39be10a7 e-flex e-con-boxed e-con e-parent\" data-id=\"39be10a7\" data-element_type=\"container\">\n\t\t\t\t\t<div class=\"e-con-inner\">\n\t\t\t\t\t<\/div>\n\t\t\t\t<\/div>\n\t\t\t\t<\/div>\n\t\t","protected":false},"excerpt":{"rendered":"<p>Seit 2008&#8230; Der Verein wurde 2008 ins Leben gerufen und im Jahr 2011 als e.V. in das Vereinsregister beim Amtsgericht Kleve eingetragen. Ab diesem Zeitpunkt ist der Verein berechtigt Spendenbescheinigungen auszustellen.\u00a0 Seit \u00fcber 30 Jahren ist es mir und meinem Mann ein besonderes Anliegen Kindern zu helfen. Zun\u00e4chst als private Einzelinitiative haben wir zum Beispiel [&hellip;]<\/p>\n","protected":false},"author":1,"featured_media":0,"parent":0,"menu_order":1,"comment_status":"closed","ping_status":"closed","template":"","meta":{"_exactmetrics_skip_tracking":false,"_exactmetrics_sitenote_active":false,"_exactmetrics_sitenote_note":"","_exactmetrics_sitenote_category":0,"footnotes":""},"class_list":["post-68","page","type-page","status-publish","hentry"],"_links":{"self":[{"href":"https:\/\/engelgibtesueberall.de\/blog\/wp-json\/wp\/v2\/pages\/68","targetHints":{"allow":["GET"]}}],"collection":[{"href":"https:\/\/engelgibtesueberall.de\/blog\/wp-json\/wp\/v2\/pages"}],"about":[{"href":"https:\/\/engelgibtesueberall.de\/blog\/wp-json\/wp\/v2\/types\/page"}],"author":[{"embeddable":true,"href":"https:\/\/engelgibtesueberall.de\/blog\/wp-json\/wp\/v2\/users\/1"}],"replies":[{"embeddable":true,"href":"https:\/\/engelgibtesueberall.de\/blog\/wp-json\/wp\/v2\/comments?post=68"}],"version-history":[{"count":45,"href":"https:\/\/engelgibtesueberall.de\/blog\/wp-json\/wp\/v2\/pages\/68\/revisions"}],"predecessor-version":[{"id":28912,"href":"https:\/\/engelgibtesueberall.de\/blog\/wp-json\/wp\/v2\/pages\/68\/revisions\/28912"}],"wp:attachment":[{"href":"https:\/\/engelgibtesueberall.de\/blog\/wp-json\/wp\/v2\/media?parent=68"}],"curies":[{"name":"wp","href":"https:\/\/api.w.org\/{rel}","templated":true}]}}