{"id":703,"date":"2012-04-16T14:01:23","date_gmt":"2012-04-16T13:01:23","guid":{"rendered":"http:\/\/engelgibtesueberall.de\/blog\/?page_id=703"},"modified":"2025-03-07T14:59:07","modified_gmt":"2025-03-07T13:59:07","slug":"charrity-ausstellungen","status":"publish","type":"page","link":"https:\/\/engelgibtesueberall.de\/blog\/charrity-ausstellungen\/","title":{"rendered":"Kunst hilft Kindern"},"content":{"rendered":"\t\t<div data-elementor-type=\"wp-page\" data-elementor-id=\"703\" class=\"elementor elementor-703\" data-elementor-post-type=\"page\">\n\t\t\t\t<div class=\"elementor-element elementor-element-29c321c e-flex e-con-boxed e-con e-parent\" data-id=\"29c321c\" data-element_type=\"container\">\n\t\t\t\t\t<div class=\"e-con-inner\">\n\t\t<div class=\"elementor-element elementor-element-8bfc785 e-con-full e-flex e-con e-child\" data-id=\"8bfc785\" data-element_type=\"container\">\n\t\t\t\t<div class=\"elementor-element elementor-element-9a250ad elementor-widget elementor-widget-image\" data-id=\"9a250ad\" data-element_type=\"widget\" data-widget_type=\"image.default\">\n\t\t\t\t<div class=\"elementor-widget-container\">\n\t\t\t\t\t\t\t\t\t\t\t\t\t\t\t<img decoding=\"async\" width=\"250\" height=\"187\" src=\"https:\/\/engelgibtesueberall.de\/wp-content\/uploads\/2012\/04\/Logo_KunsthilftKindern1-250x187.jpg\" class=\"attachment-medium size-medium wp-image-1710\" alt=\"\" srcset=\"https:\/\/engelgibtesueberall.de\/wp-content\/uploads\/2012\/04\/Logo_KunsthilftKindern1-250x187.jpg 250w, https:\/\/engelgibtesueberall.de\/wp-content\/uploads\/2012\/04\/Logo_KunsthilftKindern1-138x104.jpg 138w, https:\/\/engelgibtesueberall.de\/wp-content\/uploads\/2012\/04\/Logo_KunsthilftKindern1.jpg 640w\" sizes=\"(max-width: 250px) 100vw, 250px\" \/>\t\t\t\t\t\t\t\t\t\t\t\t\t\t\t<\/div>\n\t\t\t\t<\/div>\n\t\t\t\t<\/div>\n\t\t<div class=\"elementor-element elementor-element-794537b e-con-full e-flex e-con e-child\" data-id=\"794537b\" data-element_type=\"container\">\n\t\t\t\t<div class=\"elementor-element elementor-element-c7821bd elementor-widget elementor-widget-text-editor\" data-id=\"c7821bd\" data-element_type=\"widget\" data-widget_type=\"text-editor.default\">\n\t\t\t\t<div class=\"elementor-widget-container\">\n\t\t\t\t\t\t\t\t\t<p>Unter diesem Titel veranstalten wir unsere Charity-Kunstausstellungen. Alle teilnehmenden K\u00fcnstlerinnen und K\u00fcnstler verpflichten sich, 50 % der Verkaufserl\u00f6se der Intititave &#8222;Engel gibt es \u00fcberall e.V.&#8220;\u00a0 zur Verf\u00fcgung zu stellen. Diese Betr\u00e4ge flie\u00dfen wiederum zu 100 % in den Hilfsfond f\u00fcr Kinder und Jugendliche ein.<\/p>\t\t\t\t\t\t\t\t<\/div>\n\t\t\t\t<\/div>\n\t\t\t\t<\/div>\n\t\t\t\t\t<\/div>\n\t\t\t\t<\/div>\n\t\t<div class=\"elementor-element elementor-element-55cecd3 e-flex e-con-boxed e-con e-parent\" data-id=\"55cecd3\" data-element_type=\"container\">\n\t\t\t\t\t<div class=\"e-con-inner\">\n\t\t\t\t<div class=\"elementor-element elementor-element-bd097a9 elementor-widget-divider--view-line elementor-widget elementor-widget-divider\" data-id=\"bd097a9\" data-element_type=\"widget\" data-widget_type=\"divider.default\">\n\t\t\t\t<div class=\"elementor-widget-container\">\n\t\t\t\t\t\t\t<div class=\"elementor-divider\">\n\t\t\t<span class=\"elementor-divider-separator\">\n\t\t\t\t\t\t<\/span>\n\t\t<\/div>\n\t\t\t\t\t\t<\/div>\n\t\t\t\t<\/div>\n\t\t\t\t\t<\/div>\n\t\t\t\t<\/div>\n\t\t<div class=\"elementor-element elementor-element-385f8b4 e-flex e-con-boxed e-con e-parent\" data-id=\"385f8b4\" data-element_type=\"container\">\n\t\t\t\t\t<div class=\"e-con-inner\">\n\t\t\t\t<div class=\"elementor-element elementor-element-f54a152 elementor-widget elementor-widget-heading\" data-id=\"f54a152\" data-element_type=\"widget\" data-widget_type=\"heading.default\">\n\t\t\t\t<div class=\"elementor-widget-container\">\n\t\t\t\t\t<h2 class=\"elementor-heading-title elementor-size-default\">Hier finden Sie eine \u00dcbersicht unserer Austellungen \"Kunst hilft Kindern\":<\/h2>\t\t\t\t<\/div>\n\t\t\t\t<\/div>\n\t\t\t\t\t<\/div>\n\t\t\t\t<\/div>\n\t\t<div class=\"elementor-element elementor-element-09e572b e-flex e-con-boxed e-con e-parent\" data-id=\"09e572b\" data-element_type=\"container\">\n\t\t\t\t\t<div class=\"e-con-inner\">\n\t\t\t\t<div class=\"elementor-element elementor-element-64b4f13 elementor-widget elementor-widget-text-editor\" data-id=\"64b4f13\" data-element_type=\"widget\" data-widget_type=\"text-editor.default\">\n\t\t\t\t<div class=\"elementor-widget-container\">\n\t\t\t\t\t\t\t\t\t<p><a href=\"https:\/\/engelgibtesueberall.de\/blog\/charrity-ausstellungen\/kulturkirche-liebfrauen-duisburg\/\">2024 &#8211; Kulturkirche Liebfrauen Duisburg<\/a><\/p><p><a href=\"https:\/\/engelgibtesueberall.de\/blog\/charrity-ausstellungen\/greiffenhorst-krefeld-2023\/\">2023 &#8211; Greiffenhorst Krefeld<\/a><\/p><p><a href=\"https:\/\/engelgibtesueberall.de\/blog\/charrity-ausstellungen\/schirrhof-kamp-lintfort-2021\/\">2021 &#8211; Schirrhof Kamp-Lintfort<\/a><\/p><p><a href=\"https:\/\/engelgibtesueberall.de\/blog\/charrity-ausstellungen\/greiffenhorst-krefeld-2020\/\">2020 &#8211; Greiffenhorst Krefeld<\/a><\/p><p><a href=\"https:\/\/engelgibtesueberall.de\/blog\/charrity-ausstellungen\/greiffenhorst-krefeld-2018\/\">2018 &#8211; Greiffenhorst Krefeld<\/a><\/p><p><a href=\"https:\/\/engelgibtesueberall.de\/blog\/charrity-ausstellungen\/greiffenhorst-krefeld-2015\/\">2015 &#8211; Greiffenhorst Krefeld<\/a><\/p><p><a href=\"https:\/\/engelgibtesueberall.de\/blog\/greiffenforst-krefeld-2012\/\">2012 &#8211; Greiffenhorst Krefeld<\/a><\/p><p><a href=\"https:\/\/engelgibtesueberall.de\/blog\/greifenhorst-krefeld-2010\/\">2011 &#8211; Greiffenhorst Krefeld<\/a><\/p><p><a href=\"https:\/\/engelgibtesueberall.de\/blog\/muhlenhof\/\">2009 &#8211; M\u00fchlenhof Kalkar<\/a><\/p><p><a href=\"https:\/\/engelgibtesueberall.de\/blog\/kindermalwettbewerb\/\">Kindermalwettwerbe<\/a><\/p>\t\t\t\t\t\t\t\t<\/div>\n\t\t\t\t<\/div>\n\t\t\t\t\t<\/div>\n\t\t\t\t<\/div>\n\t\t\t\t<\/div>\n\t\t","protected":false},"excerpt":{"rendered":"<p>Unter diesem Titel veranstalten wir unsere Charity-Kunstausstellungen. Alle teilnehmenden K\u00fcnstlerinnen und K\u00fcnstler verpflichten sich, 50 % der Verkaufserl\u00f6se der Intititave &#8222;Engel gibt es \u00fcberall e.V.&#8220;\u00a0 zur Verf\u00fcgung zu stellen. Diese Betr\u00e4ge flie\u00dfen wiederum zu 100 % in den Hilfsfond f\u00fcr Kinder und Jugendliche ein. Hier finden Sie eine \u00dcbersicht unserer Austellungen &#8222;Kunst hilft Kindern&#8220;: 2024 [&hellip;]<\/p>\n","protected":false},"author":1,"featured_media":0,"parent":0,"menu_order":0,"comment_status":"closed","ping_status":"closed","template":"","meta":{"_exactmetrics_skip_tracking":false,"_exactmetrics_sitenote_active":false,"_exactmetrics_sitenote_note":"","_exactmetrics_sitenote_category":0,"footnotes":""},"class_list":["post-703","page","type-page","status-publish","hentry"],"_links":{"self":[{"href":"https:\/\/engelgibtesueberall.de\/blog\/wp-json\/wp\/v2\/pages\/703","targetHints":{"allow":["GET"]}}],"collection":[{"href":"https:\/\/engelgibtesueberall.de\/blog\/wp-json\/wp\/v2\/pages"}],"about":[{"href":"https:\/\/engelgibtesueberall.de\/blog\/wp-json\/wp\/v2\/types\/page"}],"author":[{"embeddable":true,"href":"https:\/\/engelgibtesueberall.de\/blog\/wp-json\/wp\/v2\/users\/1"}],"replies":[{"embeddable":true,"href":"https:\/\/engelgibtesueberall.de\/blog\/wp-json\/wp\/v2\/comments?post=703"}],"version-history":[{"count":88,"href":"https:\/\/engelgibtesueberall.de\/blog\/wp-json\/wp\/v2\/pages\/703\/revisions"}],"predecessor-version":[{"id":29022,"href":"https:\/\/engelgibtesueberall.de\/blog\/wp-json\/wp\/v2\/pages\/703\/revisions\/29022"}],"wp:attachment":[{"href":"https:\/\/engelgibtesueberall.de\/blog\/wp-json\/wp\/v2\/media?parent=703"}],"curies":[{"name":"wp","href":"https:\/\/api.w.org\/{rel}","templated":true}]}}