{"id":722,"date":"2012-04-16T14:37:31","date_gmt":"2012-04-16T13:37:31","guid":{"rendered":"http:\/\/engelgibtesueberall.de\/blog\/?page_id=722"},"modified":"2025-03-03T12:42:59","modified_gmt":"2025-03-03T11:42:59","slug":"muhlenhof","status":"publish","type":"page","link":"https:\/\/engelgibtesueberall.de\/blog\/muhlenhof\/","title":{"rendered":"M\u00fchlenhof Kalkar 2009"},"content":{"rendered":"<p>&nbsp;<\/p>\n<p>F\u00fcr unsere allererste Charitiy Vernissage von<\/p>\n<p>&#8222;Engel gibt es \u00fcberall&#8220; \u00f6ffneten wir die\u00a0 Pforten<\/p>\n<p>auf dem Golfplatz M\u00fchlenhof in Kalkar\u00a0 f\u00fcr unsere<\/p>\n<p>G\u00e4ste und Besucher vom<\/p>\n<p>27. bis 29. November 2009.<\/p>\n<p>&nbsp;<\/p>\n<p>&nbsp;<\/p>\n<p>Nachfolgend zeigen wir Ihnen einige Impressionen von dieser Ausstellung:<\/p>\n<p>&nbsp;<\/p>\n<div id='gallery-1' class='gallery galleryid-722 gallery-columns-2 gallery-size-thumbnail'><figure class='gallery-item'>\n\t\t\t<div class='gallery-icon landscape'>\n\t\t\t\t<a href='https:\/\/engelgibtesueberall.de\/wp-content\/uploads\/2012\/04\/engel-gibt-es-ueberall-Besucher1.jpg'><img decoding=\"async\" width=\"138\" height=\"104\" src=\"https:\/\/engelgibtesueberall.de\/wp-content\/uploads\/2012\/04\/engel-gibt-es-ueberall-Besucher1-138x104.jpg\" class=\"attachment-thumbnail size-thumbnail\" alt=\"\" srcset=\"https:\/\/engelgibtesueberall.de\/wp-content\/uploads\/2012\/04\/engel-gibt-es-ueberall-Besucher1-138x104.jpg 138w, https:\/\/engelgibtesueberall.de\/wp-content\/uploads\/2012\/04\/engel-gibt-es-ueberall-Besucher1-320x240.jpg 320w, https:\/\/engelgibtesueberall.de\/wp-content\/uploads\/2012\/04\/engel-gibt-es-ueberall-Besucher1.jpg 640w\" sizes=\"(max-width: 138px) 100vw, 138px\" \/><\/a>\n\t\t\t<\/div><\/figure><figure class='gallery-item'>\n\t\t\t<div class='gallery-icon landscape'>\n\t\t\t\t<a href='https:\/\/engelgibtesueberall.de\/wp-content\/uploads\/2012\/04\/engel-gibt-es-ueberall-Collage-Amerika1.jpg'><img decoding=\"async\" width=\"138\" height=\"104\" src=\"https:\/\/engelgibtesueberall.de\/wp-content\/uploads\/2012\/04\/engel-gibt-es-ueberall-Collage-Amerika1-138x104.jpg\" class=\"attachment-thumbnail size-thumbnail\" alt=\"\" srcset=\"https:\/\/engelgibtesueberall.de\/wp-content\/uploads\/2012\/04\/engel-gibt-es-ueberall-Collage-Amerika1-138x104.jpg 138w, https:\/\/engelgibtesueberall.de\/wp-content\/uploads\/2012\/04\/engel-gibt-es-ueberall-Collage-Amerika1-320x240.jpg 320w, https:\/\/engelgibtesueberall.de\/wp-content\/uploads\/2012\/04\/engel-gibt-es-ueberall-Collage-Amerika1.jpg 640w\" sizes=\"(max-width: 138px) 100vw, 138px\" \/><\/a>\n\t\t\t<\/div><\/figure><figure class='gallery-item'>\n\t\t\t<div class='gallery-icon landscape'>\n\t\t\t\t<a href='https:\/\/engelgibtesueberall.de\/wp-content\/uploads\/2012\/04\/engel-gibt-es-ueberall-Innenansicht51.jpg'><img decoding=\"async\" width=\"138\" height=\"104\" src=\"https:\/\/engelgibtesueberall.de\/wp-content\/uploads\/2012\/04\/engel-gibt-es-ueberall-Innenansicht51-138x104.jpg\" class=\"attachment-thumbnail size-thumbnail\" alt=\"\" srcset=\"https:\/\/engelgibtesueberall.de\/wp-content\/uploads\/2012\/04\/engel-gibt-es-ueberall-Innenansicht51-138x104.jpg 138w, https:\/\/engelgibtesueberall.de\/wp-content\/uploads\/2012\/04\/engel-gibt-es-ueberall-Innenansicht51-320x240.jpg 320w, https:\/\/engelgibtesueberall.de\/wp-content\/uploads\/2012\/04\/engel-gibt-es-ueberall-Innenansicht51.jpg 640w\" sizes=\"(max-width: 138px) 100vw, 138px\" \/><\/a>\n\t\t\t<\/div><\/figure><figure class='gallery-item'>\n\t\t\t<div class='gallery-icon landscape'>\n\t\t\t\t<a href='https:\/\/engelgibtesueberall.de\/wp-content\/uploads\/2012\/04\/engel-gibt-es-ueberall-Innenansicht41.jpg'><img loading=\"lazy\" decoding=\"async\" width=\"138\" height=\"104\" src=\"https:\/\/engelgibtesueberall.de\/wp-content\/uploads\/2012\/04\/engel-gibt-es-ueberall-Innenansicht41-138x104.jpg\" class=\"attachment-thumbnail size-thumbnail\" alt=\"\" srcset=\"https:\/\/engelgibtesueberall.de\/wp-content\/uploads\/2012\/04\/engel-gibt-es-ueberall-Innenansicht41-138x104.jpg 138w, https:\/\/engelgibtesueberall.de\/wp-content\/uploads\/2012\/04\/engel-gibt-es-ueberall-Innenansicht41-320x240.jpg 320w, https:\/\/engelgibtesueberall.de\/wp-content\/uploads\/2012\/04\/engel-gibt-es-ueberall-Innenansicht41.jpg 640w\" sizes=\"(max-width: 138px) 100vw, 138px\" \/><\/a>\n\t\t\t<\/div><\/figure><figure class='gallery-item'>\n\t\t\t<div class='gallery-icon landscape'>\n\t\t\t\t<a href='https:\/\/engelgibtesueberall.de\/wp-content\/uploads\/2012\/04\/engel-gibt-es-ueberall-Innenansicht31.jpg'><img loading=\"lazy\" decoding=\"async\" width=\"138\" height=\"104\" src=\"https:\/\/engelgibtesueberall.de\/wp-content\/uploads\/2012\/04\/engel-gibt-es-ueberall-Innenansicht31-138x104.jpg\" class=\"attachment-thumbnail size-thumbnail\" alt=\"\" srcset=\"https:\/\/engelgibtesueberall.de\/wp-content\/uploads\/2012\/04\/engel-gibt-es-ueberall-Innenansicht31-138x104.jpg 138w, https:\/\/engelgibtesueberall.de\/wp-content\/uploads\/2012\/04\/engel-gibt-es-ueberall-Innenansicht31-320x240.jpg 320w, https:\/\/engelgibtesueberall.de\/wp-content\/uploads\/2012\/04\/engel-gibt-es-ueberall-Innenansicht31.jpg 640w\" sizes=\"(max-width: 138px) 100vw, 138px\" \/><\/a>\n\t\t\t<\/div><\/figure><figure class='gallery-item'>\n\t\t\t<div class='gallery-icon landscape'>\n\t\t\t\t<a href='https:\/\/engelgibtesueberall.de\/wp-content\/uploads\/2012\/04\/engel-gibt-es-ueberall-Innenansicht21.jpg'><img loading=\"lazy\" decoding=\"async\" width=\"138\" height=\"104\" src=\"https:\/\/engelgibtesueberall.de\/wp-content\/uploads\/2012\/04\/engel-gibt-es-ueberall-Innenansicht21-138x104.jpg\" class=\"attachment-thumbnail size-thumbnail\" alt=\"\" srcset=\"https:\/\/engelgibtesueberall.de\/wp-content\/uploads\/2012\/04\/engel-gibt-es-ueberall-Innenansicht21-138x104.jpg 138w, https:\/\/engelgibtesueberall.de\/wp-content\/uploads\/2012\/04\/engel-gibt-es-ueberall-Innenansicht21-320x240.jpg 320w, https:\/\/engelgibtesueberall.de\/wp-content\/uploads\/2012\/04\/engel-gibt-es-ueberall-Innenansicht21.jpg 640w\" sizes=\"(max-width: 138px) 100vw, 138px\" \/><\/a>\n\t\t\t<\/div><\/figure><figure class='gallery-item'>\n\t\t\t<div class='gallery-icon landscape'>\n\t\t\t\t<a href='https:\/\/engelgibtesueberall.de\/wp-content\/uploads\/2012\/04\/engel-gibt-es-ueberall-Innenansicht11.jpg'><img loading=\"lazy\" decoding=\"async\" width=\"138\" height=\"104\" src=\"https:\/\/engelgibtesueberall.de\/wp-content\/uploads\/2012\/04\/engel-gibt-es-ueberall-Innenansicht11-138x104.jpg\" class=\"attachment-thumbnail size-thumbnail\" alt=\"\" srcset=\"https:\/\/engelgibtesueberall.de\/wp-content\/uploads\/2012\/04\/engel-gibt-es-ueberall-Innenansicht11-138x104.jpg 138w, https:\/\/engelgibtesueberall.de\/wp-content\/uploads\/2012\/04\/engel-gibt-es-ueberall-Innenansicht11-320x240.jpg 320w, https:\/\/engelgibtesueberall.de\/wp-content\/uploads\/2012\/04\/engel-gibt-es-ueberall-Innenansicht11.jpg 640w\" sizes=\"(max-width: 138px) 100vw, 138px\" \/><\/a>\n\t\t\t<\/div><\/figure><figure class='gallery-item'>\n\t\t\t<div class='gallery-icon landscape'>\n\t\t\t\t<a href='https:\/\/engelgibtesueberall.de\/wp-content\/uploads\/2012\/04\/engel-gibt-es-ueberall-Er\u00f6ffnung.jpg'><img loading=\"lazy\" decoding=\"async\" width=\"138\" height=\"104\" src=\"https:\/\/engelgibtesueberall.de\/wp-content\/uploads\/2012\/04\/engel-gibt-es-ueberall-Er\u00f6ffnung-138x104.jpg\" class=\"attachment-thumbnail size-thumbnail\" alt=\"\" srcset=\"https:\/\/engelgibtesueberall.de\/wp-content\/uploads\/2012\/04\/engel-gibt-es-ueberall-Er\u00f6ffnung-138x104.jpg 138w, https:\/\/engelgibtesueberall.de\/wp-content\/uploads\/2012\/04\/engel-gibt-es-ueberall-Er\u00f6ffnung-320x240.jpg 320w, https:\/\/engelgibtesueberall.de\/wp-content\/uploads\/2012\/04\/engel-gibt-es-ueberall-Er\u00f6ffnung.jpg 640w\" sizes=\"(max-width: 138px) 100vw, 138px\" \/><\/a>\n\t\t\t<\/div><\/figure><figure class='gallery-item'>\n\t\t\t<div class='gallery-icon landscape'>\n\t\t\t\t<a href='https:\/\/engelgibtesueberall.de\/wp-content\/uploads\/2012\/04\/engel-gibt-es-ueberall-Ausstellungser\u00f6ffnung1.jpg'><img loading=\"lazy\" decoding=\"async\" width=\"138\" height=\"104\" src=\"https:\/\/engelgibtesueberall.de\/wp-content\/uploads\/2012\/04\/engel-gibt-es-ueberall-Ausstellungser\u00f6ffnung1-138x104.jpg\" class=\"attachment-thumbnail size-thumbnail\" alt=\"\" srcset=\"https:\/\/engelgibtesueberall.de\/wp-content\/uploads\/2012\/04\/engel-gibt-es-ueberall-Ausstellungser\u00f6ffnung1-138x104.jpg 138w, https:\/\/engelgibtesueberall.de\/wp-content\/uploads\/2012\/04\/engel-gibt-es-ueberall-Ausstellungser\u00f6ffnung1-320x240.jpg 320w, https:\/\/engelgibtesueberall.de\/wp-content\/uploads\/2012\/04\/engel-gibt-es-ueberall-Ausstellungser\u00f6ffnung1.jpg 640w\" sizes=\"(max-width: 138px) 100vw, 138px\" \/><\/a>\n\t\t\t<\/div><\/figure><figure class='gallery-item'>\n\t\t\t<div class='gallery-icon portrait'>\n\t\t\t\t<a href='https:\/\/engelgibtesueberall.de\/wp-content\/uploads\/2012\/04\/engel-gibt-es-ueberall-Besucherempfang1.jpg'><img loading=\"lazy\" decoding=\"async\" width=\"138\" height=\"104\" src=\"https:\/\/engelgibtesueberall.de\/wp-content\/uploads\/2012\/04\/engel-gibt-es-ueberall-Besucherempfang1-138x104.jpg\" class=\"attachment-thumbnail size-thumbnail\" alt=\"\" \/><\/a>\n\t\t\t<\/div><\/figure><figure class='gallery-item'>\n\t\t\t<div class='gallery-icon landscape'>\n\t\t\t\t<a href='https:\/\/engelgibtesueberall.de\/wp-content\/uploads\/2012\/04\/engel-gibt-es-ueberall-M\u00fchlenhof-Kalkar1.jpg'><img loading=\"lazy\" decoding=\"async\" width=\"138\" height=\"104\" src=\"https:\/\/engelgibtesueberall.de\/wp-content\/uploads\/2012\/04\/engel-gibt-es-ueberall-M\u00fchlenhof-Kalkar1-138x104.jpg\" class=\"attachment-thumbnail size-thumbnail\" alt=\"\" srcset=\"https:\/\/engelgibtesueberall.de\/wp-content\/uploads\/2012\/04\/engel-gibt-es-ueberall-M\u00fchlenhof-Kalkar1-138x104.jpg 138w, https:\/\/engelgibtesueberall.de\/wp-content\/uploads\/2012\/04\/engel-gibt-es-ueberall-M\u00fchlenhof-Kalkar1-320x240.jpg 320w, https:\/\/engelgibtesueberall.de\/wp-content\/uploads\/2012\/04\/engel-gibt-es-ueberall-M\u00fchlenhof-Kalkar1.jpg 640w\" sizes=\"(max-width: 138px) 100vw, 138px\" \/><\/a>\n\t\t\t<\/div><\/figure>\n\t\t<\/div>\n\n","protected":false},"excerpt":{"rendered":"<p>&nbsp; F\u00fcr unsere allererste Charitiy Vernissage von &#8222;Engel gibt es \u00fcberall&#8220; \u00f6ffneten wir die\u00a0 Pforten auf dem Golfplatz M\u00fchlenhof in Kalkar\u00a0 f\u00fcr unsere G\u00e4ste und Besucher vom 27. bis 29. November 2009. &nbsp; &nbsp; Nachfolgend zeigen wir Ihnen einige Impressionen von dieser Ausstellung: &nbsp;<\/p>\n","protected":false},"author":1,"featured_media":0,"parent":0,"menu_order":0,"comment_status":"closed","ping_status":"closed","template":"","meta":{"_exactmetrics_skip_tracking":false,"_exactmetrics_sitenote_active":false,"_exactmetrics_sitenote_note":"","_exactmetrics_sitenote_category":0,"footnotes":""},"class_list":["post-722","page","type-page","status-publish","hentry"],"_links":{"self":[{"href":"https:\/\/engelgibtesueberall.de\/blog\/wp-json\/wp\/v2\/pages\/722","targetHints":{"allow":["GET"]}}],"collection":[{"href":"https:\/\/engelgibtesueberall.de\/blog\/wp-json\/wp\/v2\/pages"}],"about":[{"href":"https:\/\/engelgibtesueberall.de\/blog\/wp-json\/wp\/v2\/types\/page"}],"author":[{"embeddable":true,"href":"https:\/\/engelgibtesueberall.de\/blog\/wp-json\/wp\/v2\/users\/1"}],"replies":[{"embeddable":true,"href":"https:\/\/engelgibtesueberall.de\/blog\/wp-json\/wp\/v2\/comments?post=722"}],"version-history":[{"count":25,"href":"https:\/\/engelgibtesueberall.de\/blog\/wp-json\/wp\/v2\/pages\/722\/revisions"}],"predecessor-version":[{"id":28915,"href":"https:\/\/engelgibtesueberall.de\/blog\/wp-json\/wp\/v2\/pages\/722\/revisions\/28915"}],"wp:attachment":[{"href":"https:\/\/engelgibtesueberall.de\/blog\/wp-json\/wp\/v2\/media?parent=722"}],"curies":[{"name":"wp","href":"https:\/\/api.w.org\/{rel}","templated":true}]}}